{"id":9198,"date":"2024-03-19T13:15:16","date_gmt":"2024-03-19T11:15:16","guid":{"rendered":"https:\/\/wirtznv.com\/full-project-list\/"},"modified":"2024-10-21T10:57:34","modified_gmt":"2024-10-21T08:57:34","slug":"projectlijst","status":"publish","type":"page","link":"https:\/\/wirtznv.com\/nl\/projectlijst\/","title":{"rendered":"Projectlijst"},"content":{"rendered":"<div class=\"wpb-content-wrapper\"><p>[vc_row][vc_column][vc_empty_space height=&#8221;50px&#8221;][vc_raw_html]JTVCd3BnbXphJTIwaWQlM0QlMjIxNiUyMiU1RA==[\/vc_raw_html][vc_column_text]<\/p>\n<h1>Projectenlijst<\/h1>\n<p>[\/vc_column_text][\/vc_column][\/vc_row][vc_row el_class=&#8221;link300&#8243;][vc_column width=&#8221;1\/2&#8243;][vc_column_text]<\/p>\n<h3><strong>#<\/strong><\/h3>\n<p><a href=\"https:\/\/wirtznv.com\/nl\/project\/7even-tuinen-leuven\"><strong>7even Tuinen |<\/strong> Leuven, Belgi\u00eb<\/a><br \/>\n<a href=\"https:\/\/wirtznv.com\/nl\/project\/albert-ii-laan\"><strong>Albert II-laan | <\/strong>Brussel, Belgi\u00eb<\/a><\/p>\n<h3><strong>A<\/strong><\/h3>\n<p><a href=\"https:\/\/wirtznv.com\/nl\/project\/art-center-hugo-voeten\"><strong>Art Center Hugo Voeten | <\/strong>Herentals, Belgi\u00eb<\/a><\/p>\n<h3><strong>B<\/strong><\/h3>\n<p><a href=\"https:\/\/wirtznv.com\/nl\/project\/bgl-bnp-paribas\"><strong>BGL BNP Paribas<\/strong> | Kirchberg, Luxemburg<\/a><br \/>\nBGL BNP Paribas | Luxemburg, Luxemburg<br \/>\n<a href=\"https:\/\/wirtznv.com\/nl\/project\/bmw-belux\"><strong>BMW Belux<\/strong> |\u00a0Bornem, Belgi\u00eb<\/a><br \/>\n<a href=\"https:\/\/wirtznv.com\/nl\/project\/bolivarplaats-nieuwe-justitiepaleis\"><strong>Bolivarplaats \u2013 Nieuwe Justitiepaleis<\/strong> | Antwerpen, Belgi\u00eb<\/a><br \/>\nB\u00f6tzow Berlin GmbH | Berlijn, Duitsland<\/p>\n<h3><strong>C<\/strong><\/h3>\n<p>Chateau d&#8217;Yquem | Sauternes, Frankrijk<br \/>\nCh\u00e2teau de Saran Mo\u00ebt &amp; Chandon | Epernay, Frankrijk<br \/>\n<a href=\"https:\/\/wirtznv.com\/nl\/project\/christian-dior-haute-couture-modeshow-lente-zomer\"><strong>Christian Dior haute-couture modeshow lente\/zomer 2013 | <\/strong>Parijs, Frankrijk<\/a><br \/>\n<a href=\"https:\/\/wirtznv.com\/nl\/project\/city-of-justice-barcelona\/\"><strong>City of Justice | <\/strong>Barcelona, Spanje<\/a><\/p>\n<h3><strong>D<\/strong><\/h3>\n<p>David Chipperfield Architecten | Berlijn, Duitsland<br \/>\n<a href=\"https:\/\/wirtznv.com\/nl\/project\/stadstuin-ronse\"><strong>De Stadstuin |<\/strong> Ronse, Belgi\u00eb<\/a><br \/>\nDior Flagship | Paris, Frankrijk<br \/>\nDior Flagship Rodeo Dr. | Los Angeles City, CA, USA<\/p>\n<h3><strong>E<\/strong><\/h3>\n<p><a href=\"https:\/\/wirtznv.com\/nl\/project\/ernstings-family-campus\"><strong>Ernsting\u2019s Family Campus | <\/strong>Coesfeld, Duitsland<\/a><br \/>\n<a href=\"https:\/\/wirtznv.com\/nl\/project\/espace-jacqmotte\"><strong>Espace Jacqmotte | <\/strong>Brussel, Belgi\u00eb<\/a><\/p>\n<h3><strong>F<\/strong><\/h3>\n<p>Four Seasons | Gstaad, Zwitserland<\/p>\n<h3><strong>G<\/strong><\/h3>\n<p><a href=\"https:\/\/wirtznv.com\/nl\/project\/guesthouse-cabosse\"><strong>Guesthouse Cabosse | <\/strong>Antwerpen, Belgi\u00eb<\/a><\/p>\n<h3><strong>H<\/strong><\/h3>\n<p>Harbour Quay Gardens Wood Wharf, Canary Wharf | Londen, UK<br \/>\n<a href=\"https:\/\/wirtznv.com\/nl\/project\/het-plein\"><strong>Het Plein | <\/strong>Kortrijk, Belgi\u00eb<\/a><br \/>\nHotel Son Ginard | Mallorca, Spanje<br \/>\n<a href=\"https:\/\/wirtznv.com\/nl\/project\/hufkens-art-gallery-Brussel-be\"><strong>Hufkens Art Gallery | <\/strong>Brussel, Belgi\u00eb<\/a><\/p>\n<h3><strong>J<\/strong><\/h3>\n<p>Jacoby Studio | Paderborn, Duitsland<br \/>\n<a href=\"https:\/\/wirtznv.com\/nl\/project\/jubilee-park-londen-gb\"><strong>Jubilee Park |<\/strong> Londen, UK<\/a><\/p>\n<h3><strong>K<\/strong><\/h3>\n<p>Knorr Bremse, Masterplan | Berlijn, Duitsland<br \/>\n<a href=\"https:\/\/wirtznv.com\/nl\/project\/kunstgalerij-de-ziener\"><strong>Kunstgalerij \u2018De Ziener\u2019 | <\/strong>Asse, Belgi\u00eb<\/a><br \/>\nKunsthaus Z\u00fcrich | Z\u00fcrich, Zwitserland<\/p>\n<h3><strong>L<\/strong><\/h3>\n<p><a href=\"https:\/\/wirtznv.com\/nl\/project\/lhoist\"><strong>L\u2019Hoist |\u00a0<\/strong>Brussel, Belgi\u00eb<\/a><br \/>\nLa Confluence Residenties | Lyon , Frankrijk<br \/>\nLa Samaritaine | Paris, Frankrijk<br \/>\n<a href=\"https:\/\/wirtznv.com\/nl\/project\/leopoldplein-kantorenpark\"><strong>Leopoldplein Kantorenpark | <\/strong>Brussel, Belgi\u00eb<\/a><br \/>\n<a href=\"https:\/\/wirtznv.com\/nl\/project\/les-jardins-du-carrousel-fr\"><strong>Les Jardins du Carrousel<\/strong> | Parijs, Frankrijk<\/a><\/p>\n<h3><strong>M<\/strong><\/h3>\n<p><a href=\"https:\/\/wirtznv.com\/nl\/project\/mg-tower\"><strong>MG Toren |\u00a0<\/strong>Gent, Belgi\u00eb<\/a><br \/>\nMinisterie van Justitie en Binnenlandse Zaken | Den Haag, Netherlands<\/p>\n<h3><strong>N<\/strong><\/h3>\n<p>NAM Museum | Athens, Griekenland<br \/>\nNational Trust Ascott | Leighton Buzzard, Buckinghamshire, UK<br \/>\n<a href=\"https:\/\/wirtznv.com\/nl\/project\/novartis-ch\"><strong>Novartis | <\/strong>Bazel, Zwitserland<\/a>[\/vc_column_text][\/vc_column][vc_column width=&#8221;1\/2&#8243;][vc_column_text]<\/p>\n<h3><strong>P<\/strong><\/h3>\n<p><a href=\"https:\/\/wirtznv.com\/nl\/project\/parc-romantique-esplanade-ath-be\"><strong>Parc Romantique &amp; Esplanade | <\/strong>Ath, Belgi\u00eb<\/a><br \/>\n<a href=\"https:\/\/wirtznv.com\/nl\/project\/plac-europejski-warsaw-spire-pl\"><strong>Plac Europejski \u2013 Warsaw Spire | <\/strong>Warschau, Polen<\/a><br \/>\nPollmeier Massivholz GmbH | Eisenach, Duitsland<br \/>\n<a href=\"https:\/\/wirtznv.com\/nl\/project\/private-tuin-schilde\"><strong>Private tuin | <\/strong>Schilde, Belgi\u00eb<\/a><br \/>\nPriv\u00e9tuin | Antibes, Frankrijk<br \/>\n<a href=\"https:\/\/wirtznv.com\/nl\/project\/privetuin-antwerpen\"><strong>Priv\u00e9tuin | <\/strong>Antwerpen, Belgi\u00eb<\/a><br \/>\nPriv\u00e9tuin | Arcangues, Frankrijk<br \/>\nPriv\u00e9tuin | Aubonne, Zwitserland<br \/>\nPriv\u00e9tuin | Bal Harbour, FL, USA<br \/>\nPriv\u00e9tuin | Basel, Zwitserland<br \/>\nPriv\u00e9tuin | Beaulieu-sur-mer, Frankrijk<br \/>\n<a href=\"https:\/\/wirtznv.com\/nl\/project\/privetuin-berlaar\"><strong>Priv\u00e9tuin |<\/strong> Berlaar, Belgi\u00eb<\/a><br \/>\nPriv\u00e9tuin | Berlijn, Duitsland<br \/>\nPriv\u00e9tuin | Beverly Hills Los Angeles, CA, USA<br \/>\nPriv\u00e9tuin | Blaricum, Nederland<br \/>\n<a href=\"https:\/\/wirtznv.com\/nl\/project\/privetuin-boechout-be\"><strong>Priv\u00e9tuin | <\/strong>Boechout, Belgi\u00eb<\/a><br \/>\nPriv\u00e9tuin | Braunschweig, Duitsland<br \/>\nPriv\u00e9tuin | Brens, Frankrijk<br \/>\nPriv\u00e9tuin | Brescia, Itali\u00eb<br \/>\nPriv\u00e9tuin | Bridel, Luxemburg<br \/>\n<a href=\"https:\/\/wirtznv.com\/nl\/project\/privetuin-brugge\"><strong>Priv\u00e9tuin |<\/strong> Brugge, Belgi\u00eb<\/a><br \/>\n<a href=\"https:\/\/wirtznv.com\/nl\/project\/privetuin-californie-vs\"><strong>Priv\u00e9tuin |<\/strong> Santa Monica Los Angeles, CA, USA<\/a><br \/>\nPriv\u00e9tuin | Cany, Normandie, Frankrijk<br \/>\nPriv\u00e9tuin | Casatenovo Milan, Itali\u00eb<br \/>\nPriv\u00e9tuin | Cologny, Zwitserland<br \/>\nPriv\u00e9tuin | Corsica, Frankrijk<br \/>\nPriv\u00e9tuin | Crans Montana, Zwitserland<br \/>\nPriv\u00e9tuin | Dallas, TX, USA<br \/>\nPriv\u00e9tuin | Darmstadt, Duitsland<br \/>\nPriv\u00e9tuin | Den Dolder, Nederland<br \/>\nPriv\u00e9tuin | D\u00fcsseldorf, Duitsland<br \/>\nPriv\u00e9tuin | Easthampton, Long Island, NY, USA<br \/>\nPriv\u00e9tuin | Eleofito, Griekenland<br \/>\nPriv\u00e9tuin | Far Hills, NJ, USA<br \/>\nPriv\u00e9tuin | Gasperich, Luxemburg<br \/>\nPriv\u00e9tuin | Geneva, Zwitserland<br \/>\n<a href=\"https:\/\/wirtznv.com\/nl\/project\/privetuin-gent\"><strong>Priv\u00e9tuin | <\/strong>Gent, Belgi\u00eb<\/a><br \/>\nPriv\u00e9tuin | Gland, Zwitserland<br \/>\nPriv\u00e9tuin | Gorssel, Nederland<br \/>\nPriv\u00e9tuin | Goult, Provence, Frankrijk<br \/>\nPriv\u00e9tuin | Grimaud, Frankrijk<br \/>\nPriv\u00e9tuin | Gstaad, Zwitserland<br \/>\nPriv\u00e9tuin | Haller, Luxemburg<br \/>\nPriv\u00e9tuin | Hamburg, Duitsland<br \/>\nPriv\u00e9tuin | Hannover, Duitsland<br \/>\nPriv\u00e9tuin | Heisdorf, Luxemburg<br \/>\nPriv\u00e9tuin | Hidden Hills, Los Angeles, CA, USA<br \/>\nPriv\u00e9tuin | Ibiza, Spanje<br \/>\nPriv\u00e9tuin | Ile d&#8217;Yeu, Frankrijk<br \/>\nPriv\u00e9tuin | Indian Creek, FL, USA<br \/>\nPriv\u00e9tuin | Ionic Islands, Griekenland<br \/>\n<a href=\"https:\/\/wirtznv.com\/nl\/project\/privetuin-kapellen\"><strong>Priv\u00e9tuin |<\/strong> Kapellen, Belgi\u00eb<\/a><br \/>\n<a href=\"https:\/\/wirtznv.com\/nl\/project\/privetuin-knokke\"><strong>Priv\u00e9tuin | <\/strong>Knokke, Belgi\u00eb<\/a><br \/>\nPriv\u00e9tuin | K\u00f6ln, Duitsland<br \/>\nPriv\u00e9tuin | La Baule, Frankrijk<br \/>\nPriv\u00e9tuin | Lake Bluff, IL, USA<br \/>\nPriv\u00e9tuin | Lake Forest, IL, USA<br \/>\nPriv\u00e9tuin | Lausanne, Zwitserland<br \/>\nPriv\u00e9tuin | London, UK<br \/>\nPriv\u00e9tuin | Luxemburg, Luxemburg<br \/>\nPriv\u00e9tuin | Malibu, Los Angeles ,CA, USA<br \/>\nPriv\u00e9tuin | Mallorca, Spanje<br \/>\nPriv\u00e9tuin | Marly, Frankrijk<br \/>\nPriv\u00e9tuin | Miami Beach, FL, USA<br \/>\nPriv\u00e9tuin | Milan, Itali\u00eb<br \/>\nPriv\u00e9tuin | Miramar, Frankrijk<br \/>\nPriv\u00e9tuin | Morcote, Zwitserland<br \/>\nPriv\u00e9tuin | M\u00fcnchen, Duitsland<br \/>\nPriv\u00e9tuin | M\u00fcnster, Duitsland<br \/>\nPriv\u00e9tuin | Neuilly, Frankrijk<br \/>\n<a href=\"https:\/\/wirtznv.com\/nl\/project\/privetuin-new-jersey-vs\"><strong>Priv\u00e9tuin | <\/strong>New Jersey, NJ, USA<\/a><br \/>\n<a href=\"https:\/\/wirtznv.com\/nl\/project\/privetuin-new-york\"><strong>Priv\u00e9tuin | <\/strong>Southampton New York, NY, USA<\/a><br \/>\nPriv\u00e9tuin | Oisterwijk, Nederland<br \/>\nPriv\u00e9tuin | Oxford, UK<br \/>\nPriv\u00e9tuin | Paderborn, Duitsland<br \/>\nPriv\u00e9tuin | Palm Beach, FL, USA<br \/>\nPriv\u00e9tuin | Palo Alto, CA, USA<br \/>\nPriv\u00e9tuin | Paris, Frankrijk<br \/>\nPriv\u00e9tuin | Prague, Czech<br \/>\nPriv\u00e9tuin | Prangins, Zwitserland<br \/>\nPriv\u00e9tuin | Rambouillet, Frankrijk<br \/>\nPriv\u00e9tuin | R\u00fcgen, Duitsland<br \/>\nPriv\u00e9tuin | Saint-R\u00e9my-de-Provence, Frankrijk<br \/>\nPriv\u00e9tuin | San Francisco, CA, USA<br \/>\nPriv\u00e9tuin | Sankt Gallen, Zwitserland<br \/>\nPriv\u00e9tuin | Savigny, Zwitserland<br \/>\n<a href=\"https:\/\/wirtznv.com\/nl\/project\/privetuin-schilde\"><strong>Priv\u00e9tuin | <\/strong>Schilde, Belgi\u00eb<\/a><br \/>\n<a href=\"https:\/\/wirtznv.com\/nl\/project\/privetuin-schoten-belgie\"><strong>Priv\u00e9tuin | <\/strong>Schoten, Belgi\u00eb<\/a><br \/>\nPriv\u00e9tuin | Seattle, WA, USA<br \/>\nPriv\u00e9tuin | s-Hertogenbosch, Nederland<br \/>\nPriv\u00e9tuin | South Dartmouth, MA, USA<br \/>\nPriv\u00e9tuin | Southampton, Long Island, NY, USA<br \/>\nPriv\u00e9tuin | St Tropez, Frankrijk<br \/>\nPriv\u00e9tuin | Sutton, West Sussex, UK<br \/>\nPriv\u00e9tuin | Treviso, Itali\u00eb<br \/>\nPriv\u00e9tuin | Verbier, Zwitserland<br \/>\nPriv\u00e9tuin | Versailles, Frankrijk<br \/>\nPriv\u00e9tuin | Vught, Nederland<br \/>\nPriv\u00e9tuin | Water Mill, Long Island, NY, USA<\/p>\n<h3><strong>R<\/strong><\/h3>\n<p>Rechtbank | Amsterdam, Nederland<br \/>\n<a href=\"https:\/\/wirtznv.com\/nl\/project\/anco\"><strong>Residentie Aan de Kaai (ANCO) | <\/strong>Turnhout, Belgi\u00eb<\/a><br \/>\nResidenties | Surfside Development, FL, USA<br \/>\n<a href=\"https:\/\/wirtznv.com\/nl\/project\/rheinblick-residences-bonn-de\"><strong>Residenties Rheinblick Palais<\/strong> | Bonn, Duitsland<\/a><br \/>\nResidenties, 11 Jane Str Development | New York City, NY, USA<br \/>\nResidenties, 609 Fifth Av Development| New York City, NY, USA<\/p>\n<h3><strong>S<\/strong><\/h3>\n<p>Sammlung Wemh\u00f6ner | Berlijn, Duitsland<br \/>\nSevenoaks School | Sevenoaks, Kent, UK<br \/>\nShida Garden in Botanic Garden | Chicago, IL, USA<br \/>\nSICPA | Geneva, Zwitserland<br \/>\nSignal Iduna Quartier | Hamburg, Duitsland<\/p>\n<h3><strong>T<\/strong><\/h3>\n<p>TECE GmbH | Emsdetten, Duitsland<br \/>\n<a href=\"https:\/\/wirtznv.com\/nl\/project\/alnwick-garden-vk\"><strong>The Alnwick Garden |<\/strong> Alnwick, UK<\/a><\/p>\n<h3><strong>U<\/strong><\/h3>\n<p><a href=\"https:\/\/wirtznv.com\/nl\/project\/universiteit-van-antwerpen-campus-wilrijk\"><strong>Universiteit van Antwerpen \u2013 Campus Wilrijk |<\/strong> Antwerpen, Belgi\u00eb<\/a><br \/>\n<a href=\"https:\/\/wirtznv.com\/nl\/project\/universiteit-van-antwerpen-stadscampus\"><strong>Universiteit van Antwerpen \u2013 Stadscampus | <\/strong>Antwerpen, Belgi\u00eb<\/a><\/p>\n<h3><strong>V<\/strong><\/h3>\n<p><a href=\"https:\/\/wirtznv.com\/nl\/project\/vinkenhof\"><strong>Vinkenhof | <\/strong>Antwerpen, Belgi\u00eb<\/a>[\/vc_column_text][\/vc_column][\/vc_row]<\/p>\n<\/div>","protected":false},"excerpt":{"rendered":"<p>[vc_row][vc_column][vc_empty_space height=&#8221;50px&#8221;][vc_raw_html]JTVCd3BnbXphJTIwaWQlM0QlMjIxNiUyMiU1RA==[\/vc_raw_html][vc_column_text] Projectenlijst [\/vc_column_text][\/vc_column][\/vc_row][vc_row el_class=&#8221;link300&#8243;][vc_column width=&#8221;1\/2&#8243;][vc_column_text] # 7even Tuinen | Leuven, Belgi\u00eb Albert II-laan | Brussel, Belgi\u00eb A Art Center Hugo Voeten | Herentals, Belgi\u00eb B BGL BNP Paribas | Kirchberg, Luxemburg BGL BNP Paribas | Luxemburg, Luxemburg BMW Belux [&hellip;]<\/p>\n","protected":false},"author":1,"featured_media":0,"parent":0,"menu_order":0,"comment_status":"closed","ping_status":"closed","template":"","meta":{"_acf_changed":false,"footnotes":""},"categories":[],"tags":[],"class_list":["post-9198","page","type-page","status-publish","hentry"],"acf":[],"yoast_head":"<!-- This site is optimized with the Yoast SEO plugin v26.4 - https:\/\/yoast.com\/wordpress\/plugins\/seo\/ -->\n<title>Projectlijst | Wirtz International Landscape Architects<\/title>\n<meta name=\"description\" content=\"Bekijk onze hele projectlijst. Gerealiseerde projecten in Belgi\u00eb en in het buitenland telkens met een focus op design en duurzaamheid.\" \/>\n<meta name=\"robots\" content=\"noindex, follow\" \/>\n<meta property=\"og:locale\" content=\"nl_NL\" \/>\n<meta property=\"og:type\" content=\"article\" \/>\n<meta property=\"og:title\" content=\"Projectlijst | Wirtz International Landscape Architects\" \/>\n<meta property=\"og:description\" content=\"Bekijk onze hele projectlijst. Gerealiseerde projecten in Belgi\u00eb en in het buitenland telkens met een focus op design en duurzaamheid.\" \/>\n<meta property=\"og:url\" content=\"https:\/\/wirtznv.com\/nl\/projectlijst\/\" \/>\n<meta property=\"og:site_name\" content=\"Wirtz NV\" \/>\n<meta property=\"article:modified_time\" content=\"2024-10-21T08:57:34+00:00\" \/>\n<meta name=\"twitter:card\" content=\"summary_large_image\" \/>\n<meta name=\"twitter:label1\" content=\"Geschatte leestijd\" \/>\n\t<meta name=\"twitter:data1\" content=\"4 minuten\" \/>\n<script type=\"application\/ld+json\" class=\"yoast-schema-graph\">{\"@context\":\"https:\/\/schema.org\",\"@graph\":[{\"@type\":\"WebPage\",\"@id\":\"https:\/\/wirtznv.com\/nl\/projectlijst\/\",\"url\":\"https:\/\/wirtznv.com\/nl\/projectlijst\/\",\"name\":\"Projectlijst | Wirtz International Landscape Architects\",\"isPartOf\":{\"@id\":\"https:\/\/wirtznv.com\/nl\/#website\"},\"datePublished\":\"2024-03-19T11:15:16+00:00\",\"dateModified\":\"2024-10-21T08:57:34+00:00\",\"description\":\"Bekijk onze hele projectlijst. Gerealiseerde projecten in Belgi\u00eb en in het buitenland telkens met een focus op design en duurzaamheid.\",\"breadcrumb\":{\"@id\":\"https:\/\/wirtznv.com\/nl\/projectlijst\/#breadcrumb\"},\"inLanguage\":\"nl-NL\",\"potentialAction\":[{\"@type\":\"ReadAction\",\"target\":[\"https:\/\/wirtznv.com\/nl\/projectlijst\/\"]}]},{\"@type\":\"BreadcrumbList\",\"@id\":\"https:\/\/wirtznv.com\/nl\/projectlijst\/#breadcrumb\",\"itemListElement\":[{\"@type\":\"ListItem\",\"position\":1,\"name\":\"Home\",\"item\":\"https:\/\/wirtznv.com\/nl\/\"},{\"@type\":\"ListItem\",\"position\":2,\"name\":\"Projectlijst\"}]},{\"@type\":\"WebSite\",\"@id\":\"https:\/\/wirtznv.com\/nl\/#website\",\"url\":\"https:\/\/wirtznv.com\/nl\/\",\"name\":\"Wirtz NV\",\"description\":\"\",\"publisher\":{\"@id\":\"https:\/\/wirtznv.com\/nl\/#organization\"},\"potentialAction\":[{\"@type\":\"SearchAction\",\"target\":{\"@type\":\"EntryPoint\",\"urlTemplate\":\"https:\/\/wirtznv.com\/nl\/?s={search_term_string}\"},\"query-input\":{\"@type\":\"PropertyValueSpecification\",\"valueRequired\":true,\"valueName\":\"search_term_string\"}}],\"inLanguage\":\"nl-NL\"},{\"@type\":\"Organization\",\"@id\":\"https:\/\/wirtznv.com\/nl\/#organization\",\"name\":\"Wirtz NV\",\"url\":\"https:\/\/wirtznv.com\/nl\/\",\"logo\":{\"@type\":\"ImageObject\",\"inLanguage\":\"nl-NL\",\"@id\":\"https:\/\/wirtznv.com\/nl\/#\/schema\/logo\/image\/\",\"url\":\"https:\/\/mk0wirtznvw3r6n59kw4.kinstacdn.com\/wp-content\/uploads\/2021\/03\/logo_header@2x-1.png\",\"contentUrl\":\"https:\/\/mk0wirtznvw3r6n59kw4.kinstacdn.com\/wp-content\/uploads\/2021\/03\/logo_header@2x-1.png\",\"width\":177,\"height\":161,\"caption\":\"Wirtz NV\"},\"image\":{\"@id\":\"https:\/\/wirtznv.com\/nl\/#\/schema\/logo\/image\/\"}}]}<\/script>\n<!-- \/ Yoast SEO plugin. -->","yoast_head_json":{"title":"Projectlijst | Wirtz International Landscape Architects","description":"Bekijk onze hele projectlijst. Gerealiseerde projecten in Belgi\u00eb en in het buitenland telkens met een focus op design en duurzaamheid.","robots":{"index":"noindex","follow":"follow"},"og_locale":"nl_NL","og_type":"article","og_title":"Projectlijst | Wirtz International Landscape Architects","og_description":"Bekijk onze hele projectlijst. Gerealiseerde projecten in Belgi\u00eb en in het buitenland telkens met een focus op design en duurzaamheid.","og_url":"https:\/\/wirtznv.com\/nl\/projectlijst\/","og_site_name":"Wirtz NV","article_modified_time":"2024-10-21T08:57:34+00:00","twitter_card":"summary_large_image","twitter_misc":{"Geschatte leestijd":"4 minuten"},"schema":{"@context":"https:\/\/schema.org","@graph":[{"@type":"WebPage","@id":"https:\/\/wirtznv.com\/nl\/projectlijst\/","url":"https:\/\/wirtznv.com\/nl\/projectlijst\/","name":"Projectlijst | Wirtz International Landscape Architects","isPartOf":{"@id":"https:\/\/wirtznv.com\/nl\/#website"},"datePublished":"2024-03-19T11:15:16+00:00","dateModified":"2024-10-21T08:57:34+00:00","description":"Bekijk onze hele projectlijst. Gerealiseerde projecten in Belgi\u00eb en in het buitenland telkens met een focus op design en duurzaamheid.","breadcrumb":{"@id":"https:\/\/wirtznv.com\/nl\/projectlijst\/#breadcrumb"},"inLanguage":"nl-NL","potentialAction":[{"@type":"ReadAction","target":["https:\/\/wirtznv.com\/nl\/projectlijst\/"]}]},{"@type":"BreadcrumbList","@id":"https:\/\/wirtznv.com\/nl\/projectlijst\/#breadcrumb","itemListElement":[{"@type":"ListItem","position":1,"name":"Home","item":"https:\/\/wirtznv.com\/nl\/"},{"@type":"ListItem","position":2,"name":"Projectlijst"}]},{"@type":"WebSite","@id":"https:\/\/wirtznv.com\/nl\/#website","url":"https:\/\/wirtznv.com\/nl\/","name":"Wirtz NV","description":"","publisher":{"@id":"https:\/\/wirtznv.com\/nl\/#organization"},"potentialAction":[{"@type":"SearchAction","target":{"@type":"EntryPoint","urlTemplate":"https:\/\/wirtznv.com\/nl\/?s={search_term_string}"},"query-input":{"@type":"PropertyValueSpecification","valueRequired":true,"valueName":"search_term_string"}}],"inLanguage":"nl-NL"},{"@type":"Organization","@id":"https:\/\/wirtznv.com\/nl\/#organization","name":"Wirtz NV","url":"https:\/\/wirtznv.com\/nl\/","logo":{"@type":"ImageObject","inLanguage":"nl-NL","@id":"https:\/\/wirtznv.com\/nl\/#\/schema\/logo\/image\/","url":"https:\/\/mk0wirtznvw3r6n59kw4.kinstacdn.com\/wp-content\/uploads\/2021\/03\/logo_header@2x-1.png","contentUrl":"https:\/\/mk0wirtznvw3r6n59kw4.kinstacdn.com\/wp-content\/uploads\/2021\/03\/logo_header@2x-1.png","width":177,"height":161,"caption":"Wirtz NV"},"image":{"@id":"https:\/\/wirtznv.com\/nl\/#\/schema\/logo\/image\/"}}]}},"_links":{"self":[{"href":"https:\/\/wirtznv.com\/nl\/wp-json\/wp\/v2\/pages\/9198","targetHints":{"allow":["GET"]}}],"collection":[{"href":"https:\/\/wirtznv.com\/nl\/wp-json\/wp\/v2\/pages"}],"about":[{"href":"https:\/\/wirtznv.com\/nl\/wp-json\/wp\/v2\/types\/page"}],"author":[{"embeddable":true,"href":"https:\/\/wirtznv.com\/nl\/wp-json\/wp\/v2\/users\/1"}],"replies":[{"embeddable":true,"href":"https:\/\/wirtznv.com\/nl\/wp-json\/wp\/v2\/comments?post=9198"}],"version-history":[{"count":52,"href":"https:\/\/wirtznv.com\/nl\/wp-json\/wp\/v2\/pages\/9198\/revisions"}],"predecessor-version":[{"id":9608,"href":"https:\/\/wirtznv.com\/nl\/wp-json\/wp\/v2\/pages\/9198\/revisions\/9608"}],"wp:attachment":[{"href":"https:\/\/wirtznv.com\/nl\/wp-json\/wp\/v2\/media?parent=9198"}],"wp:term":[{"taxonomy":"category","embeddable":true,"href":"https:\/\/wirtznv.com\/nl\/wp-json\/wp\/v2\/categories?post=9198"},{"taxonomy":"post_tag","embeddable":true,"href":"https:\/\/wirtznv.com\/nl\/wp-json\/wp\/v2\/tags?post=9198"}],"curies":[{"name":"wp","href":"https:\/\/api.w.org\/{rel}","templated":true}]}}