{"id":9390,"date":"2024-06-04T10:33:32","date_gmt":"2024-06-04T08:33:32","guid":{"rendered":"https:\/\/wirtznv.com\/?page_id=9390"},"modified":"2024-06-04T10:33:32","modified_gmt":"2024-06-04T08:33:32","slug":"privacy-policy","status":"publish","type":"page","link":"https:\/\/wirtznv.com\/fr\/privacy-policy\/","title":{"rendered":"Privacy policy"},"content":{"rendered":"<div class=\"wpb-content-wrapper\"><p>[vc_row][vc_column][vc_column_text]La pr\u00e9sente Politique de confidentialit\u00e9 s\u2019applique \u00e0 tous les services que nous fournissons (ou qui nous sont fournis) et, d\u2019une mani\u00e8re g\u00e9n\u00e9rale, \u00e0 toutes les activit\u00e9s que nous effectuons.<\/p>\n<p>Le site web est la propri\u00e9t\u00e9 de Wirtz International SA, dont le si\u00e8ge social est \u00e9tabli Botermelkdijk 464, 2900 Schoten, inscrite \u00e0 la BCE sous le num\u00e9ro 0438.287.273, exer\u00e7ant ses activit\u00e9s commerciales sous la d\u00e9nomination commerciale \u00ab\u00a0Wirtz\u00a0\u00bb, \u00ab\u00a0Wirtz International\u00a0\u00bb ou encore \u00ab\u00a0Wirtz International Landscape Architects\u00a0\u00bb, ci-apr\u00e8s d\u00e9nomm\u00e9e \u00ab\u00a0Wirtz International\u00a0\u00bb.<\/p>\n<p>Veuillez lire attentivement la pr\u00e9sente Politique de confidentialit\u00e9, car elle contient des informations essentielles sur la fa\u00e7on dont vos donn\u00e9es \u00e0 caract\u00e8re personnel sont trait\u00e9es.<\/p>\n<p>En communiquant vos donn\u00e9es \u00e0 caract\u00e8re personnel, vous d\u00e9clarez express\u00e9ment avoir pris connaissance de notre Politique de confidentialit\u00e9 et l\u2019accepter, ainsi que le traitement en lui-m\u00eame.<\/p>\n<h2><strong>1. G\u00c9N\u00c9RALIT\u00c9S<\/strong><\/h2>\n<ol>\n<li>Le responsable du traitement des donn\u00e9es \u00e0 caract\u00e8re personnel par le biais du site web est\u00a0: Wirtz International SA., Botermelkdijk 464, 2900 Schoten, BCE 0438.287.273.<\/li>\n<li>Wirtz International n\u2019a pas de d\u00e9l\u00e9gu\u00e9 \u00e0 la protection des donn\u00e9es (\u00ab\u00a0DPD\u00a0\u00bb) et n\u2019est pas tenue d\u2019en d\u00e9signer un. Pour toutes questions et demandes concernant le traitement des donn\u00e9es \u00e0 caract\u00e8re personnel, nous vous invitons \u00e0 prendre contact avec nous, plus particuli\u00e8rement avec madame Kelly Camps. Vous pouvez le faire par courrier \u00e0 l\u2019adresse ci-dessus ou envoyer un courriel \u00e0 <strong><u>info@wirtznv.<\/u><\/strong><strong><u>be<\/u><\/strong> ou t\u00e9l\u00e9phoner au +32 3 680 13 22.<\/li>\n<li>Wirtz International respecte toutes les r\u00e8gles du r\u00e8glement europ\u00e9en 2016\/679 du 27\u00a0avril 2016 relatif \u00e0 la protection des donn\u00e9es \u00e0 caract\u00e8re personnel (ci-apr\u00e8s\u00a0: \u00ab\u00a0RGPD\u00a0\u00bb), de la l\u00e9gislation belge relative \u00e0 la protection de la vie priv\u00e9e et de la directive europ\u00e9enne 2002\/58\/CE du 12 juillet 2002 concernant le traitement des donn\u00e9es \u00e0 caract\u00e8re personnel et la protection de la vie priv\u00e9e dans le secteur des communications \u00e9lectroniques (ci-apr\u00e8s\u00a0: \u00ab\u00a0directive vie priv\u00e9e et communications \u00e9lectroniques\u00a0\u00bb), conjointement : \u00ab\u00a0L\u00e9gislation sur la vie priv\u00e9e\u00a0\u00bb.<\/li>\n<\/ol>\n<h2><strong>2. ACTIVIT\u00c9S DE TRAITEMENT<\/strong><\/h2>\n<p>Dans le cadre de ses activit\u00e9s, Wirtz international exerce les activit\u00e9s de traitement suivantes\u00a0:<\/p>\n<ol>\n<li><strong>Clients\u00a0:<\/strong><br \/>\n<em>Quelles donn\u00e9es\u00a0?<\/em> Les donn\u00e9es d\u2019identification personnelles de nos clients et, le cas \u00e9ch\u00e9ant, de leurs repr\u00e9sentants (entre autres noms, forme juridique, sexe), leurs coordonn\u00e9es (entre autres, les adresses du si\u00e8ge social ou du domicile, les num\u00e9ros de t\u00e9l\u00e9phone, de GSM et\/ou de fax, l\u2019adresse \u00e9lectronique), les donn\u00e9es d\u2019identification financi\u00e8res (entre autres, le num\u00e9ro de TVA et autres donn\u00e9es de facturation), les informations relatives \u00e0 l\u2019ex\u00e9cution du pr\u00e9sent contrat (entre autres, notre correspondance, les plans, projets et autres cr\u00e9ations), le num\u00e9ro personnel de r\u00e9f\u00e9rence chez Wirtz.<\/li>\n<\/ol>\n<p><em>Finalit\u00e9s\u00a0?<\/em> Nous traitons ces donn\u00e9es pour vous identifier et vous individualiser, pour l\u2019administration, la facilit\u00e9 de communication, le suivi et l\u2019ex\u00e9cution du contrat, le retour d\u2019informations et la tenue de la comptabilit\u00e9.<\/p>\n<p><em>Fondement l\u00e9gal\u00a0?<\/em> Le traitement est \u00e9galement n\u00e9cessaire pour pouvoir vous fournir les services que vous avez demand\u00e9s et pour pouvoir ex\u00e9cuter le contrat \u00e0 votre demande (art. 6, 1, b RGPD). Le traitement repose \u00e9galement en partie sur nos obligations l\u00e9gales (art. 6, 1, c RGPD).<\/p>\n<p><em>D\u00e9lai de conservation\u00a0?<\/em> Nous conservons ces donn\u00e9es d\u00e8s que vous nous contactez, aussi longtemps que le march\u00e9 est en cours d\u2019ex\u00e9cution. Nous conservons ensuite toutes les donn\u00e9es pendant dix ans, conform\u00e9ment \u00e0 la responsabilit\u00e9 l\u00e9gale des architectes pour les vices structurels.<\/p>\n<ol start=\"2\">\n<li><strong> R\u00e9f\u00e9rences\u00a0:<\/strong><br \/>\n<em>Quelles donn\u00e9es\u00a0?<\/em> La d\u00e9nomination des clients, la description du projet et les illustrations, photographies, projets et plans du projet.<\/li>\n<\/ol>\n<p><em>Finalit\u00e9s\u00a0?<\/em> La publication sur le site web d\u2019exemples de projets ant\u00e9rieurs \u00e0 titre de r\u00e9f\u00e9rence.<\/p>\n<p><em>Fondement l\u00e9gal\u00a0?<\/em> Le traitement repose sur un consentement (art. 6, 1, a RGPD).<\/p>\n<p><em>D\u00e9lai de conservation\u00a0?<\/em> Nous conservons ces donn\u00e9es pendant dix ans apr\u00e8s la fin du march\u00e9, \u00e0 moins que le consentement donn\u00e9 ait \u00e9t\u00e9 retir\u00e9 plus t\u00f4t.<\/p>\n<ol start=\"3\">\n<li><strong>Fournisseurs :<\/strong><br \/>\n<em>Quelles donn\u00e9es\u00a0?<\/em> Les donn\u00e9es d\u2019identification personnelles de nos fournisseurs et, le cas \u00e9ch\u00e9ant, de leurs repr\u00e9sentants (entre autres noms, forme juridique, sexe), leurs coordonn\u00e9es (entre autres, les adresses du si\u00e8ge social ou du domicile, les num\u00e9ros de t\u00e9l\u00e9phone, de GSM et\/ou de fax, l\u2019adresse \u00e9lectronique), les donn\u00e9es d\u2019identification financi\u00e8res (entre autres, le num\u00e9ro de TVA et autres donn\u00e9es de facturation), les informations relatives \u00e0 l\u2019ex\u00e9cution du pr\u00e9sent contrat (entre autres, notre correspondance, une description des biens ou services fournis.<\/li>\n<\/ol>\n<p><em>Finalit\u00e9s\u00a0?<\/em> Nous traitons ces donn\u00e9es pour vous identifier et vous individualiser, pour l\u2019administration, la facilit\u00e9 de communication, le suivi et l\u2019ex\u00e9cution du contrat, le retour d\u2019informations et la tenue de la comptabilit\u00e9.<\/p>\n<p><em>Fondement l\u00e9gal\u00a0?<\/em> Le traitement est \u00e9galement n\u00e9cessaire pour passer des commandes et fournir les biens ou services (art. 6, 1, b RGPD). Le traitement repose \u00e9galement en partie sur nos obligations l\u00e9gales (art. 6, 1, c RGPD).<\/p>\n<p><em>D\u00e9lai de conservation\u00a0?<\/em> Nous conservons ces donn\u00e9es pendant dix ans apr\u00e8s la fin du contrat, pour pouvoir nous acquitter de notre obligation de conservation comptable.<\/p>\n<ol start=\"4\">\n<li><strong>Prospects\u00a0:<\/strong><br \/>\n<em>Quelles donn\u00e9es\u00a0?<\/em> Noms, coordonn\u00e9es, illustrations et autres donn\u00e9es que vous nous communiquez.<\/li>\n<\/ol>\n<p><em>Finalit\u00e9s\u00a0?<\/em> Nous entretenons des contacts avec des professionnels et d\u2019autres parties int\u00e9ress\u00e9es que nous rencontrons lors de conf\u00e9rences, de s\u00e9minaires, de salons professionnels et d\u2019\u00e9v\u00e9nements, et qui nous fournissent leurs coordonn\u00e9es.<\/p>\n<p><em>Fondement l\u00e9gal\u00a0?<\/em> La communication des informations peut \u00eatre consid\u00e9r\u00e9e comme un consentement sans \u00e9quivoque au traitement (art. 6, 1, a RGPD). En outre, il est dans l\u2019int\u00e9r\u00eat l\u00e9gitime de Wirtz International de maintenir un solide r\u00e9seau pour ses activit\u00e9s (art. 6, 1, f RGPD).<\/p>\n<p><em>D\u00e9lai de conservation\u00a0?<\/em> Nous conservons les donn\u00e9es jusqu\u2019\u00e0 ce que la personne concern\u00e9e retire son consentement et dans tous les cas pas plus de dix ans.<\/p>\n<ol start=\"5\">\n<li><strong>Candidatures\u00a0:<\/strong><br \/>\n<em>Quelles donn\u00e9es\u00a0?<\/em> Noms, coordonn\u00e9es (entre autres, adresse de r\u00e9sidence, adresse \u00e9lectronique, num\u00e9ros de t\u00e9l\u00e9phone et de GSM, <em>curriculum vitae<\/em> avec toutes les donn\u00e9es que le candidat renseigne, lettre de motivation, \u00e9ventuellement notes d\u2019entretiens ou d\u2019\u00e9valuations, correspondance et autres donn\u00e9es que le candidat a communiqu\u00e9es \u00e0 Wirtz International dans le cadre d\u2019une candidature.<\/li>\n<\/ol>\n<p><em>Finalit\u00e9s\u00a0?<\/em> Nous traitons ces informations \u00e0 votre demande et sur votre initiative afin d\u2019examiner votre candidature en vue d\u2019un \u00e9ventuel recrutement ou d\u2019une \u00e9ventuelle association.<\/p>\n<p><em>Fondement l\u00e9gal\u00a0?<\/em> Le traitement est indispensable pour prendre les mesures n\u00e9cessaires \u00e0 la conclusion d\u2019un contrat (art. 6, 1, b RGPD) et dans l\u2019int\u00e9r\u00eat l\u00e9gitime de Wirtz International d\u2019\u00e9valuer votre candidature (art. 6 1 f RGPD).<\/p>\n<p><em>D\u00e9lai de conservation\u00a0?<\/em> Nous conservons ces informations aussi longtemps que la proc\u00e9dure de candidature est en cours d\u2019ex\u00e9cution. Si une candidature n\u2019est pas retenue, nous supprimons toutes les donn\u00e9es imm\u00e9diatement apr\u00e8s la fin de la proc\u00e9dure de candidature, sauf si vous avez explicitement donn\u00e9 votre consentement pour que vos donn\u00e9es \u00e0 caract\u00e8re personnel soient conserv\u00e9es plus longtemps. Dans ce cas, vos donn\u00e9es seront conserv\u00e9es pendant cinq ans apr\u00e8s la fin de la proc\u00e9dure de candidature..<\/p>\n<ol start=\"6\">\n<li><strong>Tiers nous contactant\u00a0:<\/strong><br \/>\n<em>Quelles donn\u00e9es\u00a0?<\/em> Nom, adresse \u00e9lectronique, contenu du message et correspondance ult\u00e9rieure.<\/li>\n<\/ol>\n<p><em>Finalit\u00e9\u00a0? <\/em>\u00a0Les parties int\u00e9ress\u00e9es peuvent toujours nous envoyer un courriel ou utiliser notre formulaire de contact. Les donn\u00e9es sont trait\u00e9es pour pouvoir r\u00e9pondre efficacement aux messages entrants.<\/p>\n<p><em>Fondement l\u00e9gal ?<\/em>\u00a0Le traitement est n\u00e9cessaire pour pouvoir fournir le service que vous avez demand\u00e9 (r\u00e9pondre \u00e0 votre message) (art. 6, 1, b RGPD) pour traiter ces donn\u00e9es.<\/p>\n<p><em>D\u00e9lai de conservation\u00a0?<\/em> Apr\u00e8s avoir r\u00e9pondu \u00e0 vos questions ou r\u00e9agi \u00e0 vos remarques ou messages, nous supprimons toutes les donn\u00e9es apr\u00e8s cinq ans.<\/p>\n<h2><strong>3. TRANSFERT<\/strong><\/h2>\n<ol>\n<li>Nous prot\u00e9geons vos donn\u00e9es \u00e0 caract\u00e8re personnel du monde ext\u00e9rieur. \u00c0 certaines fins, nous transmettons vos donn\u00e9es \u00e0 caract\u00e8re personnel \u00e0 des tiers qui nous fournissent des services, tels qu\u2019un comptable pour la comptabilit\u00e9, un avocat pour les proc\u00e9dures, un d\u00e9veloppeur web pour la maintenance de notre site web, des fournisseurs informatiques pour l\u2019utilisation de certains <em>cookies<\/em>, etc.<\/li>\n<li>Sauf aux fins de leur traitement technique, nous ne transmettons pas de donn\u00e9es \u00e0 des tiers. Vos informations ne sont certainement pas vendues ou transmises \u00e0 des fins commerciales.<\/li>\n<li>Un transfert est possible en cas de r\u00e9organisation ou de faillite de Wirtz International, ou de transfert de tout ou partie des activit\u00e9s de Wirtz International. Dans ce cas, nous mettons tout en \u0153uvre pour vous informer dans les meilleurs d\u00e9lais.<\/li>\n<li>Dans de rares cas, nous pouvons \u00eatre amen\u00e9s \u00e0 divulguer ou \u00e0 transmettre vos donn\u00e9es en vertu d\u2019une d\u00e9cision judiciaire ou pour nous conformer \u00e0 d\u2019autres lois ou r\u00e9glementations imp\u00e9ratives. Nous mettrons tout en \u0153uvre pour vous en informer en temps utile, sauf restrictions l\u00e9gales.<\/li>\n<li>Par contre, les donn\u00e9es que nous collectons et traitons avec les cookies de Google Analytics sont transf\u00e9r\u00e9es aux \u00c9tats-Unis. Google Inc. est soumise au EU-US Data Privacy Framework et la transmission devrait donc \u00eatre s\u00e9curis\u00e9e. De plus, vos donn\u00e9es ne quittent jamais le territoire de l\u2019Union europ\u00e9enne.<\/li>\n<\/ol>\n<h2><strong>4. VOS DROITS<\/strong><\/h2>\n<ol>\n<li><strong>Droit d\u2019acc\u00e8s et de consultation\u00a0:<\/strong><br \/>\nVous avez \u00e0 tout moment le droit de prendre connaissance gratuitement de vos donn\u00e9es \u00e0 caract\u00e8re personnel, ainsi que de l\u2019utilisation que nous faisons de vos donn\u00e9es \u00e0 caract\u00e8re personnel.<\/li>\n<li><strong>Droit de rectification, de suppression et de limitation\u00a0:<\/strong><br \/>\nVous \u00eates libre de nous communiquer ou non vos donn\u00e9es \u00e0 caract\u00e8re personnel, mais sans Donn\u00e9es de compte, l\u2019utilisation du Site Web n\u2019est pas possible. Vous avez \u00e9galement le droit de nous demander de rectifier, compl\u00e9ter ou supprimer vos donn\u00e9es. Vous comprendrez qu\u2019en cas de refus de communiquer ou de demande de suppression des donn\u00e9es \u00e0 caract\u00e8re personnel, certains produits ne sont pas livrables et certains services ne peuvent \u00eatre prest\u00e9s.<\/li>\n<\/ol>\n<p>Vous pouvez \u00e9galement demander la limitation du traitement de vos donn\u00e9es \u00e0 caract\u00e8re personnel.<\/p>\n<ol start=\"3\">\n<li><strong>Droit d\u2019opposition\u00a0:<\/strong><br \/>\nVous disposez \u00e9galement d\u2019un droit d\u2019opposition au traitement de vos donn\u00e9es \u00e0 caract\u00e8re personnel pour motifs graves et l\u00e9gitimes.<\/li>\n<li><strong>Droit de libre transfert de donn\u00e9es\u00a0:<\/strong><br \/>\nVous avez le droit d\u2019obtenir vos donn\u00e9es \u00e0 caract\u00e8re personnel sous une forme structur\u00e9e, courante et lisible par machine et\/ou de les transf\u00e9rer \u00e0 d\u2019autres responsables de traitement.<\/li>\n<li><strong>Droit de retrait de votre consentement\u00a0:<\/strong><br \/>\nDans la mesure o\u00f9 le traitement repose sur votre consentement pr\u00e9alable, vous disposez du droit de retirer ce consentement.<\/li>\n<li><strong>Exercice de vos droits\u00a0:<\/strong><br \/>\nVous pouvez exercer vos droits en prenant contact avec nous par l\u2019un des canaux suivants :<br \/>\nWirtz International n.v.<br \/>\nPrivacy \u2013 Kelly Camps<br \/>\nBotermelkdijk 464<br \/>\n2900 Schoten<br \/>\n<strong><u>info@wirtznv.<\/u><\/strong><strong><u>be<\/u><\/strong><\/li>\n<\/ol>\n<p>Vous pouvez \u00e9galement utiliser le formulaire de contact sur notre site web.<\/p>\n<p>Veuillez vous identifier clairement et, le cas \u00e9ch\u00e9ant, indiquer votre num\u00e9ro de client. En cas de doute sur votre identit\u00e9, nous pouvons vous demander de vous identifier \u00e0 l\u2019aide de votre carte d\u2019identit\u00e9.<\/p>\n<ol start=\"7\">\n<li><strong>D\u00e9cisions automatiques et profilage\u00a0:<\/strong><br \/>\nLe traitement de vos donn\u00e9es n\u2019inclut pas de profilage et vous ne serez pas soumis davantage \u00e0 des d\u00e9cisions automatis\u00e9es de notre part.<\/li>\n<li><strong>Droit de d\u00e9poser une plainte\u00a0:<\/strong><br \/>\nSi vous estimez que vos droits \u00e0 la vie priv\u00e9e ont \u00e9t\u00e9 viol\u00e9s, vous avez toujours le droit de porter plainte aupr\u00e8s de l\u2019autorit\u00e9 belge de protection des donn\u00e9es\u00a0:<\/li>\n<\/ol>\n<p>Autorit\u00e9 de protection des donn\u00e9es<br \/>\nRue de la Presse 35<br \/>\n1000 Bruxelles<\/p>\n<p>T\u00e9l : +32 (0)2 274 48 00<br \/>\nFax : +32 (0)2 274 48 35<br \/>\nE-mail:\u00a0<a href=\"https:\/\/web.archive.org\/web\/20200921144823\/mailto:contact@apd-gba.be\"><strong>contact@apd-gba.be<\/strong><\/a><\/p>\n<p>Cela ne vous emp\u00eache pas de saisir un tribunal civil.<\/p>\n<p>Si vous subissez des dommages en raison du traitement de vos donn\u00e9es \u00e0 caract\u00e8re personnel, vous pouvez introduire une demande d\u2019indemnisation aupr\u00e8s d\u2019un tribunal civil.<\/p>\n<h2><strong>5. S\u00c9CURIT\u00c9 ET CONFIDENTIALIT\u00c9<\/strong><\/h2>\n<ol>\n<li>Nous avons mis au point des mesures de s\u00e9curit\u00e9, adapt\u00e9es sur le plan technique et organisationnel, pour \u00e9viter la destruction, la perte, la falsification, la modification, l\u2019acc\u00e8s non autoris\u00e9 \u00e0 des donn\u00e9es \u00e0 caract\u00e8re personnel collect\u00e9es ou leur notification par erreur \u00e0 des tiers, ainsi que tout autre traitement non autoris\u00e9 de ces donn\u00e9es.<\/li>\n<li>Wirtz International d\u00e9cline toute responsabilit\u00e9 en cas de dommages directs ou indirects r\u00e9sultant d\u2019une utilisation fautive ou illicite des donn\u00e9es \u00e0 caract\u00e8re personnel par un tiers.<\/li>\n<\/ol>\n<h2><strong>6<\/strong><strong>.\u00a0QUESTIONS<\/strong><\/h2>\n<p>Nous voulons que vous vous sentiez tout \u00e0 fait \u00e0 l\u2019aise lorsque vous utilisez le site web. Si vous avez encore des questions, des doutes ou des remarques au sujet du traitement de vos donn\u00e9es \u00e0 caract\u00e8re personnel sur le site web, n\u2019h\u00e9sitez pas \u00e0 nous contacter. Vous pouvez toujours vous adresser \u00e0 notre interlocutrice d\u00e9sign\u00e9e\u00a0:<\/p>\n<p>Kelly Camps<br \/>\n<strong><u>info@wirtznv.<\/u><\/strong><strong><u>be<\/u><\/strong><br \/>\n+32 3 680 13 22[\/vc_column_text][\/vc_column][\/vc_row]<\/p>\n<\/div>","protected":false},"excerpt":{"rendered":"<p>[vc_row][vc_column][vc_column_text]La pr\u00e9sente Politique de confidentialit\u00e9 s\u2019applique \u00e0 tous les services que nous fournissons (ou qui nous sont fournis) et, d\u2019une mani\u00e8re g\u00e9n\u00e9rale, \u00e0 toutes les activit\u00e9s que nous effectuons. Le site web est la propri\u00e9t\u00e9 de Wirtz International SA, dont [&hellip;]<\/p>\n","protected":false},"author":1,"featured_media":0,"parent":0,"menu_order":0,"comment_status":"closed","ping_status":"closed","template":"","meta":{"_acf_changed":false,"footnotes":""},"categories":[],"tags":[],"class_list":["post-9390","page","type-page","status-publish","hentry"],"acf":[],"yoast_head":"<!-- This site is optimized with the Yoast SEO plugin v26.4 - https:\/\/yoast.com\/wordpress\/plugins\/seo\/ -->\n<title>Privacy policy | Wirtz NV<\/title>\n<meta name=\"robots\" content=\"index, follow, max-snippet:-1, max-image-preview:large, max-video-preview:-1\" \/>\n<link rel=\"canonical\" href=\"https:\/\/wirtznv.com\/fr\/privacy-policy\/\" \/>\n<meta property=\"og:locale\" content=\"fr_FR\" \/>\n<meta property=\"og:type\" content=\"article\" \/>\n<meta property=\"og:title\" content=\"Privacy policy | Wirtz NV\" \/>\n<meta property=\"og:description\" content=\"[vc_row][vc_column][vc_column_text]La pr\u00e9sente Politique de confidentialit\u00e9 s\u2019applique \u00e0 tous les services que nous fournissons (ou qui nous sont fournis) et, d\u2019une mani\u00e8re g\u00e9n\u00e9rale, \u00e0 toutes les activit\u00e9s que nous effectuons. Le site web est la propri\u00e9t\u00e9 de Wirtz International SA, dont [&hellip;]\" \/>\n<meta property=\"og:url\" content=\"https:\/\/wirtznv.com\/fr\/privacy-policy\/\" \/>\n<meta property=\"og:site_name\" content=\"Wirtz NV\" \/>\n<meta name=\"twitter:card\" content=\"summary_large_image\" \/>\n<meta name=\"twitter:label1\" content=\"Dur\u00e9e de lecture estim\u00e9e\" \/>\n\t<meta name=\"twitter:data1\" content=\"8 minutes\" \/>\n<script type=\"application\/ld+json\" class=\"yoast-schema-graph\">{\"@context\":\"https:\/\/schema.org\",\"@graph\":[{\"@type\":\"WebPage\",\"@id\":\"https:\/\/wirtznv.com\/fr\/privacy-policy\/\",\"url\":\"https:\/\/wirtznv.com\/fr\/privacy-policy\/\",\"name\":\"Privacy policy | Wirtz NV\",\"isPartOf\":{\"@id\":\"https:\/\/wirtznv.com\/fr\/#website\"},\"datePublished\":\"2024-06-04T08:33:32+00:00\",\"breadcrumb\":{\"@id\":\"https:\/\/wirtznv.com\/fr\/privacy-policy\/#breadcrumb\"},\"inLanguage\":\"fr-FR\",\"potentialAction\":[{\"@type\":\"ReadAction\",\"target\":[\"https:\/\/wirtznv.com\/fr\/privacy-policy\/\"]}]},{\"@type\":\"BreadcrumbList\",\"@id\":\"https:\/\/wirtznv.com\/fr\/privacy-policy\/#breadcrumb\",\"itemListElement\":[{\"@type\":\"ListItem\",\"position\":1,\"name\":\"Home\",\"item\":\"https:\/\/wirtznv.com\/fr\/\"},{\"@type\":\"ListItem\",\"position\":2,\"name\":\"Privacy policy\"}]},{\"@type\":\"WebSite\",\"@id\":\"https:\/\/wirtznv.com\/fr\/#website\",\"url\":\"https:\/\/wirtznv.com\/fr\/\",\"name\":\"Wirtz NV\",\"description\":\"\",\"publisher\":{\"@id\":\"https:\/\/wirtznv.com\/fr\/#organization\"},\"potentialAction\":[{\"@type\":\"SearchAction\",\"target\":{\"@type\":\"EntryPoint\",\"urlTemplate\":\"https:\/\/wirtznv.com\/fr\/?s={search_term_string}\"},\"query-input\":{\"@type\":\"PropertyValueSpecification\",\"valueRequired\":true,\"valueName\":\"search_term_string\"}}],\"inLanguage\":\"fr-FR\"},{\"@type\":\"Organization\",\"@id\":\"https:\/\/wirtznv.com\/fr\/#organization\",\"name\":\"Wirtz NV\",\"url\":\"https:\/\/wirtznv.com\/fr\/\",\"logo\":{\"@type\":\"ImageObject\",\"inLanguage\":\"fr-FR\",\"@id\":\"https:\/\/wirtznv.com\/fr\/#\/schema\/logo\/image\/\",\"url\":\"https:\/\/mk0wirtznvw3r6n59kw4.kinstacdn.com\/wp-content\/uploads\/2021\/03\/logo_header@2x-1.png\",\"contentUrl\":\"https:\/\/mk0wirtznvw3r6n59kw4.kinstacdn.com\/wp-content\/uploads\/2021\/03\/logo_header@2x-1.png\",\"width\":177,\"height\":161,\"caption\":\"Wirtz NV\"},\"image\":{\"@id\":\"https:\/\/wirtznv.com\/fr\/#\/schema\/logo\/image\/\"}}]}<\/script>\n<!-- \/ Yoast SEO plugin. -->","yoast_head_json":{"title":"Privacy policy | Wirtz NV","robots":{"index":"index","follow":"follow","max-snippet":"max-snippet:-1","max-image-preview":"max-image-preview:large","max-video-preview":"max-video-preview:-1"},"canonical":"https:\/\/wirtznv.com\/fr\/privacy-policy\/","og_locale":"fr_FR","og_type":"article","og_title":"Privacy policy | Wirtz NV","og_description":"[vc_row][vc_column][vc_column_text]La pr\u00e9sente Politique de confidentialit\u00e9 s\u2019applique \u00e0 tous les services que nous fournissons (ou qui nous sont fournis) et, d\u2019une mani\u00e8re g\u00e9n\u00e9rale, \u00e0 toutes les activit\u00e9s que nous effectuons. Le site web est la propri\u00e9t\u00e9 de Wirtz International SA, dont [&hellip;]","og_url":"https:\/\/wirtznv.com\/fr\/privacy-policy\/","og_site_name":"Wirtz NV","twitter_card":"summary_large_image","twitter_misc":{"Dur\u00e9e de lecture estim\u00e9e":"8 minutes"},"schema":{"@context":"https:\/\/schema.org","@graph":[{"@type":"WebPage","@id":"https:\/\/wirtznv.com\/fr\/privacy-policy\/","url":"https:\/\/wirtznv.com\/fr\/privacy-policy\/","name":"Privacy policy | Wirtz NV","isPartOf":{"@id":"https:\/\/wirtznv.com\/fr\/#website"},"datePublished":"2024-06-04T08:33:32+00:00","breadcrumb":{"@id":"https:\/\/wirtznv.com\/fr\/privacy-policy\/#breadcrumb"},"inLanguage":"fr-FR","potentialAction":[{"@type":"ReadAction","target":["https:\/\/wirtznv.com\/fr\/privacy-policy\/"]}]},{"@type":"BreadcrumbList","@id":"https:\/\/wirtznv.com\/fr\/privacy-policy\/#breadcrumb","itemListElement":[{"@type":"ListItem","position":1,"name":"Home","item":"https:\/\/wirtznv.com\/fr\/"},{"@type":"ListItem","position":2,"name":"Privacy policy"}]},{"@type":"WebSite","@id":"https:\/\/wirtznv.com\/fr\/#website","url":"https:\/\/wirtznv.com\/fr\/","name":"Wirtz NV","description":"","publisher":{"@id":"https:\/\/wirtznv.com\/fr\/#organization"},"potentialAction":[{"@type":"SearchAction","target":{"@type":"EntryPoint","urlTemplate":"https:\/\/wirtznv.com\/fr\/?s={search_term_string}"},"query-input":{"@type":"PropertyValueSpecification","valueRequired":true,"valueName":"search_term_string"}}],"inLanguage":"fr-FR"},{"@type":"Organization","@id":"https:\/\/wirtznv.com\/fr\/#organization","name":"Wirtz NV","url":"https:\/\/wirtznv.com\/fr\/","logo":{"@type":"ImageObject","inLanguage":"fr-FR","@id":"https:\/\/wirtznv.com\/fr\/#\/schema\/logo\/image\/","url":"https:\/\/mk0wirtznvw3r6n59kw4.kinstacdn.com\/wp-content\/uploads\/2021\/03\/logo_header@2x-1.png","contentUrl":"https:\/\/mk0wirtznvw3r6n59kw4.kinstacdn.com\/wp-content\/uploads\/2021\/03\/logo_header@2x-1.png","width":177,"height":161,"caption":"Wirtz NV"},"image":{"@id":"https:\/\/wirtznv.com\/fr\/#\/schema\/logo\/image\/"}}]}},"_links":{"self":[{"href":"https:\/\/wirtznv.com\/fr\/wp-json\/wp\/v2\/pages\/9390","targetHints":{"allow":["GET"]}}],"collection":[{"href":"https:\/\/wirtznv.com\/fr\/wp-json\/wp\/v2\/pages"}],"about":[{"href":"https:\/\/wirtznv.com\/fr\/wp-json\/wp\/v2\/types\/page"}],"author":[{"embeddable":true,"href":"https:\/\/wirtznv.com\/fr\/wp-json\/wp\/v2\/users\/1"}],"replies":[{"embeddable":true,"href":"https:\/\/wirtznv.com\/fr\/wp-json\/wp\/v2\/comments?post=9390"}],"version-history":[{"count":0,"href":"https:\/\/wirtznv.com\/fr\/wp-json\/wp\/v2\/pages\/9390\/revisions"}],"wp:attachment":[{"href":"https:\/\/wirtznv.com\/fr\/wp-json\/wp\/v2\/media?parent=9390"}],"wp:term":[{"taxonomy":"category","embeddable":true,"href":"https:\/\/wirtznv.com\/fr\/wp-json\/wp\/v2\/categories?post=9390"},{"taxonomy":"post_tag","embeddable":true,"href":"https:\/\/wirtznv.com\/fr\/wp-json\/wp\/v2\/tags?post=9390"}],"curies":[{"name":"wp","href":"https:\/\/api.w.org\/{rel}","templated":true}]}}