{"id":9199,"date":"2024-03-19T13:15:16","date_gmt":"2024-03-19T11:15:16","guid":{"rendered":"https:\/\/wirtznv.com\/full-project-list\/"},"modified":"2024-06-21T14:48:09","modified_gmt":"2024-06-21T12:48:09","slug":"liste-de-projets","status":"publish","type":"page","link":"https:\/\/wirtznv.com\/fr\/liste-de-projets\/","title":{"rendered":"Liste de projets"},"content":{"rendered":"<div class=\"wpb-content-wrapper\"><p>[vc_row][vc_column][vc_empty_space height=\u00a0\u00bb50px\u00a0\u00bb][vc_raw_html]JTVCd3BnbXphJTIwaWQlM0QlMjIxNiUyMiU1RA==[\/vc_raw_html][vc_column_text]<\/p>\n<h1>Liste de projets<\/h1>\n<p>[\/vc_column_text][\/vc_column][\/vc_row][vc_row el_class=\u00a0\u00bblink300&Prime;][vc_column width=\u00a0\u00bb1\/2&Prime;][vc_column_text]<\/p>\n<h3><strong>#<\/strong><\/h3>\n<p><a href=\"https:\/\/wirtznv.com\/fr\/project\/7even-tuinen-louvain\"><strong>7even Tuinen |<\/strong> Louvain, Belgique<\/a><\/p>\n<h3><strong>A<\/strong><\/h3>\n<p><a href=\"https:\/\/wirtznv.com\/fr\/project\/anco\"><strong>Anco | <\/strong>Turnhout, Belgique<\/a><\/p>\n<h3><strong>B<\/strong><\/h3>\n<p><a href=\"https:\/\/wirtznv.com\/fr\/project\/bgl-bnp-paribas\"><strong>BGL BNP Paribas | <\/strong>Kirchberg, Luxembourg<\/a><br \/>\nBGL BNP Paribas | Luxembourg, Luxembourg<br \/>\n<a href=\"https:\/\/wirtznv.com\/fr\/project\/bmw-belux\"><strong>BMW Belux | <\/strong>Bornem, Belgique<\/a><br \/>\n<a href=\"https:\/\/wirtznv.com\/fr\/project\/boulevard-du-roi-albert-ii\"><strong>Boulevard du Roi Albert II | <\/strong>Bruxelles, Belgique<\/a><br \/>\nB\u00f6tzow Berlin GmbH | Berlin, France<\/p>\n<h3><strong>C<\/strong><\/h3>\n<p><a href=\"https:\/\/wirtznv.com\/fr\/project\/centre-dart-hugo-voeten\"><strong>Centre d\u2019art Hugo Voeten | <\/strong>Herentals, Belgique<\/a><br \/>\nChateau d&rsquo;Yquem | Sauternes, France<br \/>\nCh\u00e2teau de Saran Mo\u00ebt &amp; Chandon | Epernay, France<br \/>\n<a href=\"https:\/\/wirtznv.com\/fr\/project\/city-of-justice-barcelone-es\"><strong>City of Justice | <\/strong>Barcelone, Espagne<\/a><br \/>\nCour | Amsterdam, Pays-Bas<\/p>\n<h3><strong>D<\/strong><\/h3>\n<p>David Chipperfield Architects | Berlin, Allemagne<br \/>\n<a href=\"https:\/\/wirtznv.com\/fr\/project\/stadstuin-renaix\"><strong>De Stadstuin | <\/strong>Renaix, Belgique<\/a><br \/>\n<a href=\"https:\/\/wirtznv.com\/fr\/project\/defile-de-mode-christian-dior-haute-couture-printemps-ete\"><strong>D\u00e9fil\u00e9 de mode Christian Dior Haute Couture Printemps-\u00c9t\u00e9 2013 | <\/strong>Paris, France<\/a><br \/>\nDior Flagship | Paris, France<br \/>\nDior Flagship Rodeo Dr. | Los Angeles City, CA, USA<\/p>\n<h3><strong>E<\/strong><\/h3>\n<p><a href=\"https:\/\/wirtznv.com\/fr\/project\/ernstings-family-campus\"><strong>Ernsting\u2019s Family Campus | <\/strong>Coesfeld, Allemagne<\/a><br \/>\n<a href=\"https:\/\/wirtznv.com\/fr\/project\/espace-jacqmotte\"><strong>Espace Jacqmotte |<\/strong> Bruxelles, Belgique<\/a><\/p>\n<h3><strong>F<\/strong><\/h3>\n<p>Four Seasons | Gstaad, Suisse<\/p>\n<h3><strong>G<\/strong><\/h3>\n<p><a href=\"https:\/\/wirtznv.com\/fr\/project\/galerie-dart-de-ziener\"><strong>Galerie d\u2019art \u00ab De Ziener \u00bb | <\/strong>Asse, Belgique<\/a><br \/>\n<a href=\"https:\/\/wirtznv.com\/fr\/project\/guesthouse-cabosse\"><strong>Guesthouse Cabosse | <\/strong>Anvers, Belgique<\/a><\/p>\n<h3><strong>H<\/strong><\/h3>\n<p>Harbour Quay Gardens Wood Wharf, Canary Wharf | Londres, UK<br \/>\n<a href=\"https:\/\/wirtznv.com\/fr\/project\/het-plein-courtrai\"><strong>Het Plein | <\/strong>Courtrai, Belgique<\/a><br \/>\nH\u00f4tel\u00a0Son Ginard | Mallorca, Espagna<br \/>\n<a href=\"https:\/\/wirtznv.com\/fr\/project\/hufkens-art-gallery-bruxelles\"><strong>Hufkens Art Gallery | <\/strong>Bruxelles, Belgique<\/a>[\/vc_column_text][\/vc_column][vc_column width=\u00a0\u00bb1\/2&Prime;][vc_column_text]<\/p>\n<h3><strong>J<\/strong><\/h3>\n<p>Jacoby Studio | Paderborn, Allemagne<br \/>\nJardin priv\u00e9 | Antibes, France<br \/>\n<a href=\"https:\/\/wirtznv.com\/fr\/project\/jardin-prive-anvers\"><strong>Jardin priv\u00e9 |<\/strong> Anvers, Belgique<\/a><br \/>\nJardin priv\u00e9 | Arcangues, France<br \/>\nJardin priv\u00e9 | Aubonne, Suisse<br \/>\nJardin priv\u00e9 | Bal Harbour, FL, USA<br \/>\nJardin priv\u00e9 | Basel, Suisse<br \/>\nJardin priv\u00e9 | Beaulieu-sur-mer, France<br \/>\n<a href=\"https:\/\/wirtznv.com\/fr\/project\/jardin-prive-berlaar\"><strong>Jardin priv\u00e9 | <\/strong>Berlaar, Belgique<\/a><br \/>\nJardin priv\u00e9 | Berlin, Allemagne<br \/>\nJardin priv\u00e9 | Beverly Hills Los Angeles, CA, USA<br \/>\nJardin priv\u00e9 | Blaricum, Pays-Bas<br \/>\n<a href=\"https:\/\/wirtznv.com\/fr\/project\/jardin-prive-boechout\"><strong>Jardin priv\u00e9 |<\/strong> Boechout, Belgique<\/a><br \/>\nJardin priv\u00e9 | Braunschweig, Allemagne<br \/>\nJardin priv\u00e9 | Brens, France<br \/>\nJardin priv\u00e9 | Brescia, Italy<br \/>\nJardin priv\u00e9 | Bridel, Luxembourg<br \/>\n<a href=\"https:\/\/wirtznv.com\/fr\/project\/jardin-prive-bruges\"><strong>Jardin priv\u00e9 | <\/strong>Bruges, Belgique<\/a><br \/>\n<a href=\"https:\/\/wirtznv.com\/fr\/project\/jardin-prive-californie\"><strong>Jardin priv\u00e9 | <\/strong>Santa Monica Los Angeles, CA, USA<\/a><br \/>\nJardin priv\u00e9 | Cany, Normandie, France<br \/>\nJardin priv\u00e9 | Casatenovo Milan, Italy<br \/>\nJardin priv\u00e9 | Cologny, Suisse<br \/>\nJardin priv\u00e9 | Corsica, France<br \/>\nJardin priv\u00e9 | Crans Montana, Suisse<br \/>\nJardin priv\u00e9 | Dallas, TX, USA<br \/>\nJardin priv\u00e9 | Darmstadt, Allemagne<br \/>\nJardin priv\u00e9 | Den Dolder, Pays-Bas<br \/>\nJardin priv\u00e9 | D\u00fcsseldorf, Allemagne<br \/>\nJardin priv\u00e9 | Easthampton, Long Island, NY, USA<br \/>\nJardin priv\u00e9 | Eleofito, Gr\u00e8ce<br \/>\nJardin priv\u00e9 | Far Hills, NJ, USA<br \/>\n<a href=\"https:\/\/wirtznv.com\/fr\/project\/jardin-prive-gand\"><strong>Jardin priv\u00e9 | <\/strong>Gand, Belgique<\/a><br \/>\nJardin priv\u00e9 | Gasperich, Luxembourg<br \/>\nJardin priv\u00e9 | Geneva, Suisse<br \/>\nJardin priv\u00e9 | Gland, Suisse<br \/>\nJardin priv\u00e9 | Goult, Provence, France<br \/>\nJardin priv\u00e9 | Gorssel, Pays-Bas<br \/>\nJardin priv\u00e9 | Grimaud, France<br \/>\nJardin priv\u00e9 | Gstaad, Suisse<br \/>\nJardin priv\u00e9 | Haller, Luxembourg<br \/>\nJardin priv\u00e9 | Hamburg, Allemagne<br \/>\nJardin priv\u00e9 | Hannover, Allemagne<br \/>\nJardin priv\u00e9 | Heisdorf, Luxembourg<br \/>\nJardin priv\u00e9 | Hidden Hills, Los Angeles, CA, USA<br \/>\nJardin priv\u00e9 | Ibiza, Espagna<br \/>\nJardin priv\u00e9 | Ile d&rsquo;Yeu, France<br \/>\nJardin priv\u00e9 | Indian Creek, FL, USA<br \/>\nJardin priv\u00e9 | Ionic Islands, Gr\u00e8ce<br \/>\n<a href=\"https:\/\/wirtznv.com\/fr\/project\/jardin-prive-kapellen\"><strong>Jardin priv\u00e9 |\u00a0<\/strong>Kapellen, Belgique<\/a><br \/>\n<a href=\"https:\/\/wirtznv.com\/fr\/project\/jardin-prive-knokke\"><strong>Jardin priv\u00e9 | <\/strong>Knokke, Belgique<\/a><br \/>\nJardin priv\u00e9 | K\u00f6ln, Allemagne<br \/>\nJardin priv\u00e9 | La Baule, France<br \/>\nJardin priv\u00e9 | Lake Bluff, IL, USA<br \/>\nJardin priv\u00e9 | Lake Forest, IL, USA<br \/>\nJardin priv\u00e9 | Lausanne, Suisse<br \/>\nJardin priv\u00e9 | London, UK<br \/>\nJardin priv\u00e9 | Luxembourg, Luxembourg<br \/>\nJardin priv\u00e9 | Malibu, Los Angeles ,CA, USA<br \/>\nJardin priv\u00e9 | Mallorca, Espagna<br \/>\nJardin priv\u00e9 | Marly, France<br \/>\nJardin priv\u00e9 | Miami Beach, FL, USA<br \/>\nJardin priv\u00e9 | Milan, Italy<br \/>\nJardin priv\u00e9 | Miramar, France<br \/>\nJardin priv\u00e9 | Morcote, Suisse<br \/>\nJardin priv\u00e9 | M\u00fcnchen, Allemagne<br \/>\nJardin priv\u00e9 | M\u00fcnster, Allemagne<br \/>\nJardin priv\u00e9 | Neuilly, France<br \/>\n<a href=\"https:\/\/wirtznv.com\/fr\/project\/jardin-prive-new-jersey\"><strong>Jardin priv\u00e9 |<\/strong> New Jersey, NJ, USA<\/a><br \/>\nJardin priv\u00e9 | Oisterwijk, Pays-Bas<br \/>\nJardin priv\u00e9 | Oxford, UK<br \/>\nJardin priv\u00e9 | Paderborn, Allemagne<br \/>\nJardin priv\u00e9 | Palm Beach, FL, USA<br \/>\nJardin priv\u00e9 | Palo Alto, CA, USA<br \/>\nJardin priv\u00e9 | Paris, France<br \/>\nJardin priv\u00e9 | Prague, Czech<br \/>\nJardin priv\u00e9 | Prangins, Suisse<br \/>\nJardin priv\u00e9 | Rambouillet, France<br \/>\nJardin priv\u00e9 | R\u00fcgen, Allemagne<br \/>\nJardin priv\u00e9 | Saint-R\u00e9my-de-Provence, France<br \/>\nJardin priv\u00e9 | San Francisco, CA, USA<br \/>\nJardin priv\u00e9 | Sankt Gallen, Suisse<br \/>\nJardin priv\u00e9 | Savigny, Suisse<br \/>\n<a href=\"https:\/\/wirtznv.com\/fr\/project\/jardin-prive-schilde-2\"><strong>Jardin priv\u00e9 | <\/strong>Schilde, Belgique<\/a><br \/>\n<a href=\"https:\/\/wirtznv.com\/fr\/project\/jardin-prive-schoten-belgique\"><strong>Jardin priv\u00e9 | <\/strong>Schoten, Belgique<\/a><br \/>\nJardin priv\u00e9 | Seattle, WA, USA<br \/>\nJardin priv\u00e9 | s-Hertogenbosch, Pays-Bas<br \/>\nJardin priv\u00e9 | South Dartmouth, MA, USA<br \/>\nJardin priv\u00e9 | Southampton, Long Island, NY, USA<br \/>\nJardin priv\u00e9 | St Tropez, France<br \/>\nJardin priv\u00e9 | Sutton, West Sussex, UK<br \/>\nJardin priv\u00e9 | Treviso, Italy<br \/>\nJardin priv\u00e9 | Verbier, Suisse<br \/>\nJardin priv\u00e9 | Versailles, France<br \/>\nJardin priv\u00e9 | Vught, Pays-Bas<br \/>\nJardin priv\u00e9 | Water Mill, Long Island, NY, USA<br \/>\n<a href=\"https:\/\/wirtznv.com\/fr\/project\/jardin-prive-new-york\"><strong>Jardin priv\u00e9 | <\/strong>Southampton New York, NY, USA<\/a><br \/>\n<a href=\"https:\/\/wirtznv.com\/fr\/project\/jubilee-park-londres-royaume-uni\"><strong>Jubilee Park | <\/strong>Londres, UK<\/a><\/p>\n<h3><strong>K<\/strong><\/h3>\n<p>Knorr Bremse, Masterplan | Berlin, Allemagne<br \/>\nKunsthaus Z\u00fcrich | Z\u00fcrich, Suisse<\/p>\n<h3><strong>L<\/strong><\/h3>\n<p><a href=\"https:\/\/wirtznv.com\/fr\/project\/lhoist\"><strong>L\u2019Hoist |<\/strong> Bruxelles, Belgique<\/a><br \/>\nLa Confluence Logement | Lyon , France<br \/>\nLa Samaritaine | Paris, France<br \/>\n<a href=\"https:\/\/wirtznv.com\/fr\/project\/les-jardins-du-carrousel-fr\"><strong>Les Jardins du Carrousel | <\/strong>Paris, France<\/a><br \/>\nLogement | Surfside Development, FL, USA<br \/>\n<a href=\"https:\/\/wirtznv.com\/fr\/project\/rheinblick-residences-bonn-de\"><strong>Logement Rheinblick Palais<\/strong> | Bonn, Allemagne<\/a><br \/>\nLogement, 11 Jane Str Development | New York City, NY, USA<br \/>\nLogement, 609 Fifth Av Development | New York City, NY, USA<\/p>\n<h3><strong>M<\/strong><\/h3>\n<p><a href=\"https:\/\/wirtznv.com\/fr\/project\/mg-tower\"><strong>MG Toren |\u00a0<\/strong>Gand, Belgique<\/a><br \/>\nMinist\u00e8re de la justice et des affaires int\u00e9rieures | Den Haag, Pays-Bas<br \/>\n<a href=\"https:\/\/wirtznv.com\/fr\/project\/musee-prive-t-kristallijn\"><strong>Mus\u00e9e priv\u00e9 \u2018t Kristallijn |\u00a0<\/strong>Mol, Belgique<\/a><\/p>\n<h3><strong>N<\/strong><\/h3>\n<p>NAM Museum | Athens, Gr\u00e8ce<br \/>\nNational Trust Ascott | Leighton Buzzard, Buckinghamshire, UK<br \/>\n<a href=\"https:\/\/wirtznv.com\/fr\/project\/novartis-ch\"><strong>Novartis | <\/strong>B\u00e2le, Suisse<\/a><\/p>\n<h3><strong>P<\/strong><\/h3>\n<p><a href=\"https:\/\/wirtznv.com\/fr\/project\/parc-des-entreprises-de-la-place-leopold\"><strong>Parc des entreprises de la place L\u00e9opold | <\/strong>Bruxelles, Belgique<\/a><br \/>\n<a href=\"https:\/\/wirtznv.com\/fr\/project\/parc-romantique-et-esplanade-dath-be\"><strong>Parc Romantique et Esplanade | <\/strong>Ath, Belgique<\/a><br \/>\n<a href=\"https:\/\/wirtznv.com\/fr\/project\/place-bolivar-nouveau-palais-de-justice\"><strong>Place Bolivar \u2013 Nouveau Palais de Justice | <\/strong>Anvers, Belgique<\/a><br \/>\n<a href=\"https:\/\/wirtznv.com\/fr\/project\/place-de-leurope-fleche-de-varsovie-pl\"><strong>Place de l\u2019Europe \u2013 Fl\u00e8che de Varsovie | <\/strong>Varsovie, Pologne<\/a><br \/>\nPollmeier Massivholz GmbH | Eisenach, Allemagne<\/p>\n<h3><strong>S<\/strong><\/h3>\n<p>Sammlung Wemh\u00f6ner | Berlin, Allemagne<br \/>\nSevenoaks School | Sevenoaks, Kent, UK<br \/>\nShida Garden in Botanic Garden | Chicago, IL, USA<br \/>\nSICPA | Geneva, Suisse<br \/>\nSignal Iduna Quartier | Hamburg, Allemagne<\/p>\n<h3><strong>T<\/strong><\/h3>\n<p>TECE GmbH | Emsdetten, Allemagne<br \/>\n<a href=\"https:\/\/wirtznv.com\/fr\/project\/alnwick-garden-royaume-uni\"><strong>The Alnwick Garden | <\/strong>Alnwick, UK<\/a><\/p>\n<h3><strong>U<\/strong><\/h3>\n<p><a href=\"https:\/\/wirtznv.com\/fr\/project\/universite-danvers-campus-urbain\"><strong>Universit\u00e9 d\u2019Anvers \u2013 Campus urbain | <\/strong>Anvers, Belgique<\/a><br \/>\n<a href=\"https:\/\/wirtznv.com\/fr\/project\/universite-danvers-campus-wilrijk\"><strong>Universit\u00e9 d\u2019Anvers \u2013 Campus Wilrijk | <\/strong>Anvers, Belgique<\/a><\/p>\n<h3><strong>V<\/strong><\/h3>\n<p><a href=\"https:\/\/wirtznv.com\/fr\/project\/vinkenhof-anvers\"><strong>Vinkenhof | <\/strong>Anvers, Belgique<\/a>[\/vc_column_text][\/vc_column][\/vc_row]<\/p>\n<\/div>","protected":false},"excerpt":{"rendered":"<p>[vc_row][vc_column][vc_empty_space height=\u00a0\u00bb50px\u00a0\u00bb][vc_raw_html]JTVCd3BnbXphJTIwaWQlM0QlMjIxNiUyMiU1RA==[\/vc_raw_html][vc_column_text] Liste de projets [\/vc_column_text][\/vc_column][\/vc_row][vc_row el_class=\u00a0\u00bblink300&Prime;][vc_column width=\u00a0\u00bb1\/2&Prime;][vc_column_text] # 7even Tuinen | Louvain, Belgique A Anco | Turnhout, Belgique B BGL BNP Paribas | Kirchberg, Luxembourg BGL BNP Paribas | Luxembourg, Luxembourg BMW Belux | Bornem, Belgique Boulevard du Roi [&hellip;]<\/p>\n","protected":false},"author":1,"featured_media":0,"parent":0,"menu_order":0,"comment_status":"closed","ping_status":"closed","template":"","meta":{"_acf_changed":false,"footnotes":""},"categories":[],"tags":[],"class_list":["post-9199","page","type-page","status-publish","hentry"],"acf":[],"yoast_head":"<!-- This site is optimized with the Yoast SEO plugin v27.4 - https:\/\/yoast.com\/product\/yoast-seo-wordpress\/ -->\n<title>Liste de projets | Wirtz International Landscape Architects<\/title>\n<meta name=\"description\" content=\"Consultez notre liste de projets. Wirtz International Landscape Architects conceptualise des jardins de haut niveau.\" \/>\n<meta name=\"robots\" content=\"noindex, follow\" \/>\n<meta property=\"og:locale\" content=\"fr_FR\" \/>\n<meta property=\"og:type\" content=\"article\" \/>\n<meta property=\"og:title\" content=\"Liste de projets | Wirtz International Landscape Architects\" \/>\n<meta property=\"og:description\" content=\"Consultez notre liste de projets. Wirtz International Landscape Architects conceptualise des jardins de haut niveau.\" \/>\n<meta property=\"og:url\" content=\"https:\/\/wirtznv.com\/fr\/liste-de-projets\/\" \/>\n<meta property=\"og:site_name\" content=\"Wirtz NV\" \/>\n<meta property=\"article:modified_time\" content=\"2024-06-21T12:48:09+00:00\" \/>\n<meta name=\"twitter:card\" content=\"summary_large_image\" \/>\n<meta name=\"twitter:label1\" content=\"Dur\u00e9e de lecture estim\u00e9e\" \/>\n\t<meta name=\"twitter:data1\" content=\"5 minutes\" \/>\n<script type=\"application\/ld+json\" class=\"yoast-schema-graph\">{\"@context\":\"https:\\\/\\\/schema.org\",\"@graph\":[{\"@type\":\"WebPage\",\"@id\":\"https:\\\/\\\/wirtznv.com\\\/fr\\\/liste-de-projets\\\/\",\"url\":\"https:\\\/\\\/wirtznv.com\\\/fr\\\/liste-de-projets\\\/\",\"name\":\"Liste de projets | Wirtz International Landscape Architects\",\"isPartOf\":{\"@id\":\"https:\\\/\\\/wirtznv.com\\\/fr\\\/#website\"},\"datePublished\":\"2024-03-19T11:15:16+00:00\",\"dateModified\":\"2024-06-21T12:48:09+00:00\",\"description\":\"Consultez notre liste de projets. Wirtz International Landscape Architects conceptualise des jardins de haut niveau.\",\"breadcrumb\":{\"@id\":\"https:\\\/\\\/wirtznv.com\\\/fr\\\/liste-de-projets\\\/#breadcrumb\"},\"inLanguage\":\"fr-FR\",\"potentialAction\":[{\"@type\":\"ReadAction\",\"target\":[\"https:\\\/\\\/wirtznv.com\\\/fr\\\/liste-de-projets\\\/\"]}]},{\"@type\":\"BreadcrumbList\",\"@id\":\"https:\\\/\\\/wirtznv.com\\\/fr\\\/liste-de-projets\\\/#breadcrumb\",\"itemListElement\":[{\"@type\":\"ListItem\",\"position\":1,\"name\":\"Home\",\"item\":\"https:\\\/\\\/wirtznv.com\\\/fr\\\/\"},{\"@type\":\"ListItem\",\"position\":2,\"name\":\"Liste de projets\"}]},{\"@type\":\"WebSite\",\"@id\":\"https:\\\/\\\/wirtznv.com\\\/fr\\\/#website\",\"url\":\"https:\\\/\\\/wirtznv.com\\\/fr\\\/\",\"name\":\"Wirtz NV\",\"description\":\"\",\"publisher\":{\"@id\":\"https:\\\/\\\/wirtznv.com\\\/fr\\\/#organization\"},\"potentialAction\":[{\"@type\":\"SearchAction\",\"target\":{\"@type\":\"EntryPoint\",\"urlTemplate\":\"https:\\\/\\\/wirtznv.com\\\/fr\\\/?s={search_term_string}\"},\"query-input\":{\"@type\":\"PropertyValueSpecification\",\"valueRequired\":true,\"valueName\":\"search_term_string\"}}],\"inLanguage\":\"fr-FR\"},{\"@type\":\"Organization\",\"@id\":\"https:\\\/\\\/wirtznv.com\\\/fr\\\/#organization\",\"name\":\"Wirtz NV\",\"url\":\"https:\\\/\\\/wirtznv.com\\\/fr\\\/\",\"logo\":{\"@type\":\"ImageObject\",\"inLanguage\":\"fr-FR\",\"@id\":\"https:\\\/\\\/wirtznv.com\\\/fr\\\/#\\\/schema\\\/logo\\\/image\\\/\",\"url\":\"https:\\\/\\\/mk0wirtznvw3r6n59kw4.kinstacdn.com\\\/wp-content\\\/uploads\\\/2021\\\/03\\\/logo_header@2x-1.png\",\"contentUrl\":\"https:\\\/\\\/mk0wirtznvw3r6n59kw4.kinstacdn.com\\\/wp-content\\\/uploads\\\/2021\\\/03\\\/logo_header@2x-1.png\",\"width\":177,\"height\":161,\"caption\":\"Wirtz NV\"},\"image\":{\"@id\":\"https:\\\/\\\/wirtznv.com\\\/fr\\\/#\\\/schema\\\/logo\\\/image\\\/\"}}]}<\/script>\n<!-- \/ Yoast SEO plugin. -->","yoast_head_json":{"title":"Liste de projets | Wirtz International Landscape Architects","description":"Consultez notre liste de projets. Wirtz International Landscape Architects conceptualise des jardins de haut niveau.","robots":{"index":"noindex","follow":"follow"},"og_locale":"fr_FR","og_type":"article","og_title":"Liste de projets | Wirtz International Landscape Architects","og_description":"Consultez notre liste de projets. Wirtz International Landscape Architects conceptualise des jardins de haut niveau.","og_url":"https:\/\/wirtznv.com\/fr\/liste-de-projets\/","og_site_name":"Wirtz NV","article_modified_time":"2024-06-21T12:48:09+00:00","twitter_card":"summary_large_image","twitter_misc":{"Dur\u00e9e de lecture estim\u00e9e":"5 minutes"},"schema":{"@context":"https:\/\/schema.org","@graph":[{"@type":"WebPage","@id":"https:\/\/wirtznv.com\/fr\/liste-de-projets\/","url":"https:\/\/wirtznv.com\/fr\/liste-de-projets\/","name":"Liste de projets | Wirtz International Landscape Architects","isPartOf":{"@id":"https:\/\/wirtznv.com\/fr\/#website"},"datePublished":"2024-03-19T11:15:16+00:00","dateModified":"2024-06-21T12:48:09+00:00","description":"Consultez notre liste de projets. Wirtz International Landscape Architects conceptualise des jardins de haut niveau.","breadcrumb":{"@id":"https:\/\/wirtznv.com\/fr\/liste-de-projets\/#breadcrumb"},"inLanguage":"fr-FR","potentialAction":[{"@type":"ReadAction","target":["https:\/\/wirtznv.com\/fr\/liste-de-projets\/"]}]},{"@type":"BreadcrumbList","@id":"https:\/\/wirtznv.com\/fr\/liste-de-projets\/#breadcrumb","itemListElement":[{"@type":"ListItem","position":1,"name":"Home","item":"https:\/\/wirtznv.com\/fr\/"},{"@type":"ListItem","position":2,"name":"Liste de projets"}]},{"@type":"WebSite","@id":"https:\/\/wirtznv.com\/fr\/#website","url":"https:\/\/wirtznv.com\/fr\/","name":"Wirtz NV","description":"","publisher":{"@id":"https:\/\/wirtznv.com\/fr\/#organization"},"potentialAction":[{"@type":"SearchAction","target":{"@type":"EntryPoint","urlTemplate":"https:\/\/wirtznv.com\/fr\/?s={search_term_string}"},"query-input":{"@type":"PropertyValueSpecification","valueRequired":true,"valueName":"search_term_string"}}],"inLanguage":"fr-FR"},{"@type":"Organization","@id":"https:\/\/wirtznv.com\/fr\/#organization","name":"Wirtz NV","url":"https:\/\/wirtznv.com\/fr\/","logo":{"@type":"ImageObject","inLanguage":"fr-FR","@id":"https:\/\/wirtznv.com\/fr\/#\/schema\/logo\/image\/","url":"https:\/\/mk0wirtznvw3r6n59kw4.kinstacdn.com\/wp-content\/uploads\/2021\/03\/logo_header@2x-1.png","contentUrl":"https:\/\/mk0wirtznvw3r6n59kw4.kinstacdn.com\/wp-content\/uploads\/2021\/03\/logo_header@2x-1.png","width":177,"height":161,"caption":"Wirtz NV"},"image":{"@id":"https:\/\/wirtznv.com\/fr\/#\/schema\/logo\/image\/"}}]}},"_links":{"self":[{"href":"https:\/\/wirtznv.com\/fr\/wp-json\/wp\/v2\/pages\/9199","targetHints":{"allow":["GET"]}}],"collection":[{"href":"https:\/\/wirtznv.com\/fr\/wp-json\/wp\/v2\/pages"}],"about":[{"href":"https:\/\/wirtznv.com\/fr\/wp-json\/wp\/v2\/types\/page"}],"author":[{"embeddable":true,"href":"https:\/\/wirtznv.com\/fr\/wp-json\/wp\/v2\/users\/1"}],"replies":[{"embeddable":true,"href":"https:\/\/wirtznv.com\/fr\/wp-json\/wp\/v2\/comments?post=9199"}],"version-history":[{"count":48,"href":"https:\/\/wirtznv.com\/fr\/wp-json\/wp\/v2\/pages\/9199\/revisions"}],"predecessor-version":[{"id":9602,"href":"https:\/\/wirtznv.com\/fr\/wp-json\/wp\/v2\/pages\/9199\/revisions\/9602"}],"wp:attachment":[{"href":"https:\/\/wirtznv.com\/fr\/wp-json\/wp\/v2\/media?parent=9199"}],"wp:term":[{"taxonomy":"category","embeddable":true,"href":"https:\/\/wirtznv.com\/fr\/wp-json\/wp\/v2\/categories?post=9199"},{"taxonomy":"post_tag","embeddable":true,"href":"https:\/\/wirtznv.com\/fr\/wp-json\/wp\/v2\/tags?post=9199"}],"curies":[{"name":"wp","href":"https:\/\/api.w.org\/{rel}","templated":true}]}}