{"id":7807,"date":"2022-04-27T10:00:22","date_gmt":"2022-04-27T10:00:22","guid":{"rendered":"https:\/\/wirtznv.com\/?page_id=7807"},"modified":"2023-03-15T16:30:19","modified_gmt":"2023-03-15T14:30:19","slug":"jardins-urbains","status":"publish","type":"page","link":"https:\/\/wirtznv.com\/fr\/projets\/jardins-urbains\/","title":{"rendered":"Jardins urbains"},"content":{"rendered":"<div class=\"wpb-content-wrapper\"><p>[vc_row css=\u00a0\u00bb.vc_custom_1616406220785{padding-top: 50px !important;padding-bottom: 50px !important;}\u00a0\u00bb][vc_column][vc_raw_html el_class=\u00a0\u00bbbreadcrumb\u00a0\u00bb]JTVCd3BzZW9fYnJlYWRjcnVtYiU1RA==[\/vc_raw_html][\/vc_column][\/vc_row][vc_row gap=\u00a0\u00bb35&Prime; equal_height=\u00a0\u00bbyes\u00a0\u00bb][vc_column width=\u00a0\u00bb1\/12&Prime;][\/vc_column][vc_column width=\u00a0\u00bb5\/12&Prime;][vc_column_text el_class=\u00a0\u00bbseoh1&Prime;]<\/p>\n<h1>Jardins urbains<\/h1>\n<p>[\/vc_column_text][\/vc_column][vc_column width=\u00a0\u00bb5\/12&Prime; el_class=\u00a0\u00bblineleft\u00a0\u00bb][vc_column_text]Les <strong>jardins urbains<\/strong> poss\u00e8dent un caract\u00e8re \u00e9cologique, coh\u00e9rent et rassurant. Ces jardins relativement petits et compacts, situ\u00e9s \u00e0 proximit\u00e9 ou en plein c\u0153ur de la ville, sont souvent enclav\u00e9s entre de hauts murs de pierre. Il s\u2019agit d\u2019oasis vertes cach\u00e9es en plein milieu d\u2019un environnement urbain tr\u00e9pidant, o\u00f9 les habitants peuvent se ressourcer. Nous utilisons donc l\u2019espace disponible de mani\u00e8re cr\u00e9ative. Des <strong>haies<\/strong>, <strong>buissons<\/strong> et <strong>arbres fleurissants<\/strong> garantissent l\u2019intimit\u00e9 et conf\u00e8rent \u00e0 ces jardins leur caract\u00e8re privatif et rassurant. La coh\u00e9sion claire, les grandes lignes de force et la s\u00e9lection \u00e9quilibr\u00e9e des plantes choisies am\u00e9liorent sensiblement l\u2019agr\u00e9ment de chaque jardin public ![\/vc_column_text][\/vc_column][vc_column width=\u00a0\u00bb1\/12&Prime;][\/vc_column][\/vc_row][vc_row el_class=\u00a0\u00bbseoprojectenrow\u00a0\u00bb][vc_column]<div class=\"edgtf-portfolio-slider-holder\"><div class=\"edgtf-portfolio-list-holder edgtf-grid-list edgtf-disable-bottom-space edgtf-pl-gallery edgtf-three-columns edgtf-medium-space edgtf-pl-gallery-overlay    edgtf-pl-pag-no-pagination      edgtf-pag-below-slider \"  data-type=gallery data-number-of-columns=three data-lower-even-columns=no data-space-between-items=medium data-additional-spacing=no data-number-of-items=-1 data-image-proportions=large data-enable-fixed-proportions=no data-enable-image-shadow=no data-category=jardins-urbains data-orderby=date data-order=ASC data-item-style=gallery-overlay data-advanced-hover=no data-enable-title=yes data-title-tag=h4 data-enable-category=no data-enable-count-images=yes data-enable-excerpt=no data-excerpt-length=20 data-pagination-type=no-pagination data-filter=no data-filter-order-by=name data-enable-article-animation=no data-portfolio-slider-on=yes data-enable-loop=yes data-enable-autoplay=yes data-slider-speed=3000 data-slider-speed-animation=600 data-enable-navigation=yes data-enable-pagination=yes data-pagination-position=below-slider data-title-skin=light data-enable-article-parallax=no data-max-num-pages=0 data-next-page=2>\n\t\t<div class=\"edgtf-pl-inner edgtf-outer-space edgtf-owl-slider edgtf-list-is-slider clearfix\">\n\t\t<article class=\"edgtf-pl-item edgtf-item-space  post-6506 portfolio-item type-portfolio-item status-publish has-post-thumbnail hentry portfolio-category-jardins-prives portfolio-category-jardins-urbains\" >\n\t<div class=\"edgtf-pl-item-inner\">\n        <div class=\"edgtf-pl-inner-content\">\n            \n\n\t\n    <div class=\"edgtf-pli-image\" data-src=\"https:\/\/wirtznv.com\/wp-content\/uploads\/2021\/04\/Wirtz_Prive\u0301tuinen-Prive\u0301tuin-Boechout-scaled.jpg\" data-height=\"2560\" data-width=\"1930\">\n\n\t\t<img decoding=\"async\" width=\"772\" height=\"1024\" data-src=\"https:\/\/wirtznv.com\/wp-content\/uploads\/2021\/04\/Wirtz_Prive\u0301tuinen-Prive\u0301tuin-Boechout-772x1024.jpg\" class=\"attachment-large size-large wp-post-image lazyload\" alt=\"\" data-srcset=\"https:\/\/wirtznv.com\/wp-content\/uploads\/2021\/04\/Wirtz_Prive\u0301tuinen-Prive\u0301tuin-Boechout-772x1024.jpg 772w, https:\/\/wirtznv.com\/wp-content\/uploads\/2021\/04\/Wirtz_Prive\u0301tuinen-Prive\u0301tuin-Boechout-226x300.jpg 226w, https:\/\/wirtznv.com\/wp-content\/uploads\/2021\/04\/Wirtz_Prive\u0301tuinen-Prive\u0301tuin-Boechout-768x1019.jpg 768w, https:\/\/wirtznv.com\/wp-content\/uploads\/2021\/04\/Wirtz_Prive\u0301tuinen-Prive\u0301tuin-Boechout-1158x1536.jpg 1158w, https:\/\/wirtznv.com\/wp-content\/uploads\/2021\/04\/Wirtz_Prive\u0301tuinen-Prive\u0301tuin-Boechout-1544x2048.jpg 1544w\" data-sizes=\"(max-width: 772px) 100vw, 772px\" src=\"data:image\/svg+xml;base64,PHN2ZyB3aWR0aD0iMSIgaGVpZ2h0PSIxIiB4bWxucz0iaHR0cDovL3d3dy53My5vcmcvMjAwMC9zdmciPjwvc3ZnPg==\" style=\"--smush-placeholder-width: 772px; --smush-placeholder-aspect-ratio: 772\/1024;\" \/>    <\/div>\n\t\t\n\n<div class=\"edgtf-pli-text-holder\" >\n\t<div class=\"edgtf-pli-text-wrapper\">\n\t\t<div class=\"edgtf-pli-text\">\n\t\t\t\t<h4 itemprop=\"name\" class=\"edgtf-pli-title entry-title\" >\n        \t\t    Jardin priv\u00e9 Boechout        \t<\/h4>\n                <div class=\"edgtf-hspl-item-title-holder locatie\">\n            Boechout (BE)            <\/div>\n\n\t\t\t\n\t\t\t\t\t\t\n\t\t\t\t\t<\/div>\n\t<\/div>\n<\/div>\n            <a itemprop=\"url\" class=\"edgtf-pli-link edgtf-block-drag-link\" href=\"https:\/\/wirtznv.com\/fr\/projet\/jardin-prive-boechout\/\" target=\"_self\"><\/a>\n\n        <\/div>\n    <\/div>\n<\/article><article class=\"edgtf-pl-item edgtf-item-space  post-6352 portfolio-item type-portfolio-item status-publish has-post-thumbnail hentry portfolio-category-jardins-prives portfolio-category-jardins-urbains\" >\n\t<div class=\"edgtf-pl-item-inner\">\n        <div class=\"edgtf-pl-inner-content\">\n            \n\n\t\n    <div class=\"edgtf-pli-image\" data-src=\"https:\/\/wirtznv.com\/wp-content\/uploads\/2021\/04\/6.-Privetuin-Brugge-Belgie-VanDamme-scaled.jpg\" data-height=\"1920\" data-width=\"2560\">\n\n\t\t<img decoding=\"async\" width=\"1024\" height=\"768\" data-src=\"https:\/\/wirtznv.com\/wp-content\/uploads\/2021\/04\/6.-Privetuin-Brugge-Belgie-VanDamme-1024x768.jpg\" class=\"attachment-large size-large wp-post-image lazyload\" alt=\"\" data-srcset=\"https:\/\/wirtznv.com\/wp-content\/uploads\/2021\/04\/6.-Privetuin-Brugge-Belgie-VanDamme-1024x768.jpg 1024w, https:\/\/wirtznv.com\/wp-content\/uploads\/2021\/04\/6.-Privetuin-Brugge-Belgie-VanDamme-300x225.jpg 300w, https:\/\/wirtznv.com\/wp-content\/uploads\/2021\/04\/6.-Privetuin-Brugge-Belgie-VanDamme-768x576.jpg 768w, https:\/\/wirtznv.com\/wp-content\/uploads\/2021\/04\/6.-Privetuin-Brugge-Belgie-VanDamme-1536x1152.jpg 1536w\" data-sizes=\"(max-width: 1024px) 100vw, 1024px\" src=\"data:image\/svg+xml;base64,PHN2ZyB3aWR0aD0iMSIgaGVpZ2h0PSIxIiB4bWxucz0iaHR0cDovL3d3dy53My5vcmcvMjAwMC9zdmciPjwvc3ZnPg==\" style=\"--smush-placeholder-width: 1024px; --smush-placeholder-aspect-ratio: 1024\/768;\" \/>    <\/div>\n\t\t\n\n<div class=\"edgtf-pli-text-holder\" >\n\t<div class=\"edgtf-pli-text-wrapper\">\n\t\t<div class=\"edgtf-pli-text\">\n\t\t\t\t<h4 itemprop=\"name\" class=\"edgtf-pli-title entry-title\" >\n        \t\t    Jardin priv\u00e9 Bruges        \t<\/h4>\n                <div class=\"edgtf-hspl-item-title-holder locatie\">\n            Bruges (BE)            <\/div>\n\n\t\t\t\n\t\t\t\t\t\t\n\t\t\t\t\t<\/div>\n\t<\/div>\n<\/div>\n            <a itemprop=\"url\" class=\"edgtf-pli-link edgtf-block-drag-link\" href=\"https:\/\/wirtznv.com\/fr\/projet\/jardin-prive-bruges\/\" target=\"_self\"><\/a>\n\n        <\/div>\n    <\/div>\n<\/article><article class=\"edgtf-pl-item edgtf-item-space  post-6270 portfolio-item type-portfolio-item status-publish has-post-thumbnail hentry portfolio-category-jardins-prives portfolio-category-jardins-urbains\" >\n\t<div class=\"edgtf-pl-item-inner\">\n        <div class=\"edgtf-pl-inner-content\">\n            \n\n\t\n    <div class=\"edgtf-pli-image\" data-src=\"https:\/\/wirtznv.com\/wp-content\/uploads\/2021\/04\/28.-Privetuin-Knokke-Belgie-Demarest-scaled.jpg\" data-height=\"1709\" data-width=\"2560\">\n\n\t\t<img decoding=\"async\" width=\"1024\" height=\"683\" data-src=\"https:\/\/wirtznv.com\/wp-content\/uploads\/2021\/04\/28.-Privetuin-Knokke-Belgie-Demarest-1024x683.jpg\" class=\"attachment-large size-large wp-post-image lazyload\" alt=\"\" data-srcset=\"https:\/\/wirtznv.com\/wp-content\/uploads\/2021\/04\/28.-Privetuin-Knokke-Belgie-Demarest-1024x683.jpg 1024w, https:\/\/wirtznv.com\/wp-content\/uploads\/2021\/04\/28.-Privetuin-Knokke-Belgie-Demarest-300x200.jpg 300w, https:\/\/wirtznv.com\/wp-content\/uploads\/2021\/04\/28.-Privetuin-Knokke-Belgie-Demarest-768x513.jpg 768w, https:\/\/wirtznv.com\/wp-content\/uploads\/2021\/04\/28.-Privetuin-Knokke-Belgie-Demarest-1536x1025.jpg 1536w\" data-sizes=\"(max-width: 1024px) 100vw, 1024px\" src=\"data:image\/svg+xml;base64,PHN2ZyB3aWR0aD0iMSIgaGVpZ2h0PSIxIiB4bWxucz0iaHR0cDovL3d3dy53My5vcmcvMjAwMC9zdmciPjwvc3ZnPg==\" style=\"--smush-placeholder-width: 1024px; --smush-placeholder-aspect-ratio: 1024\/683;\" \/>    <\/div>\n\t\t\n\n<div class=\"edgtf-pli-text-holder\" >\n\t<div class=\"edgtf-pli-text-wrapper\">\n\t\t<div class=\"edgtf-pli-text\">\n\t\t\t\t<h4 itemprop=\"name\" class=\"edgtf-pli-title entry-title\" >\n        \t\t    Jardin priv\u00e9 Knokke        \t<\/h4>\n                <div class=\"edgtf-hspl-item-title-holder locatie\">\n            Knokke (BE)            <\/div>\n\n\t\t\t\n\t\t\t\t\t\t\n\t\t\t\t\t<\/div>\n\t<\/div>\n<\/div>\n            <a itemprop=\"url\" class=\"edgtf-pli-link edgtf-block-drag-link\" href=\"https:\/\/wirtznv.com\/fr\/projet\/jardin-prive-knokke\/\" target=\"_self\"><\/a>\n\n        <\/div>\n    <\/div>\n<\/article>\t<\/div>\n\t\n\t<\/div><\/div>[vc_column_text el_class=\u00a0\u00bbmeerprojecten\u00a0\u00bb]<a href=\"https:\/\/wirtznv.com\/fr\/projets\/\">Plus de projets<\/a>[\/vc_column_text][\/vc_column][\/vc_row][vc_row gap=\u00a0\u00bb35&Prime; equal_height=\u00a0\u00bbyes\u00a0\u00bb][vc_column width=\u00a0\u00bb1\/12&Prime;][\/vc_column][vc_column width=\u00a0\u00bb5\/12&Prime;][vc_column_text el_class=\u00a0\u00bbseoh1&Prime;]<\/p>\n<h2>Espace public en prolongement de votre habitation<\/h2>\n<p>[\/vc_column_text][\/vc_column][vc_column width=\u00a0\u00bb5\/12&Prime; el_class=\u00a0\u00bblineleft\u00a0\u00bb][vc_column_text]Un<strong> jardin urbain<\/strong> con\u00e7u de mani\u00e8re \u00e9l\u00e9gante forme un prolongement de votre habitation, assurant la continuit\u00e9 entre l\u2019int\u00e9rieur et l\u2019ext\u00e9rieur. Chacun de ces jardins rehausse par ailleurs dans une large mesure la qualit\u00e9 de vie en milieu urbain, donnant largement la priorit\u00e9 au confort et au bien-\u00eatre de l\u2019utilisateur. Une oasis de verdure en plein milieu d\u2019un environnement urbain est d\u00e8s lors particuli\u00e8rement convoit\u00e9e. Votre jardin public aurait-il, lui aussi, bien besoin d\u2019\u00eatre r\u00e9nov\u00e9 ou repens\u00e9 ?[\/vc_column_text][vc_column_text css=\u00a0\u00bb.vc_custom_1620236547695{margin-top: 50px !important;}\u00a0\u00bb]<a href=\"https:\/\/wirtznv.com\/fr\/contact\/\"><span style=\"text-decoration: underline;\"><strong>CONTACTEZ-NOUS<\/strong><\/span><\/a>[\/vc_column_text][\/vc_column][vc_column width=\u00a0\u00bb1\/12&Prime;][\/vc_column][\/vc_row][vc_row full_width=\u00a0\u00bbstretch_row\u00a0\u00bb content_placement=\u00a0\u00bbmiddle\u00a0\u00bb css=\u00a0\u00bb.vc_custom_1617800696269{background-color: #f0f0f0 !important;}\u00a0\u00bb el_class=\u00a0\u00bbmoreprojectsrow\u00a0\u00bb][vc_column width=\u00a0\u00bb2\/3&Prime;][vc_column_text el_class=\u00a0\u00bbseoh1&Prime;]<\/p>\n<h2 style=\"text-align: left;\">Autres cat\u00e9gories<\/h2>\n<p>[\/vc_column_text][vc_basic_grid post_type=\u00a0\u00bbpage\u00a0\u00bb max_items=\u00a0\u00bb3&Prime; item=\u00a0\u00bb3590&Prime; grid_id=\u00a0\u00bbvc_gid:1678889395156-af8be734-490d-2&Prime; taxonomies=\u00a0\u00bb133&Prime;][\/vc_column][vc_column width=\u00a0\u00bb1\/3&Prime;][vc_column_text el_class=\u00a0\u00bbmeerprojecten\u00a0\u00bb]<\/p>\n<h5 style=\"text-align: center;\"><a href=\"https:\/\/wirtznv.com\/fr\/projets\/\">Tous projets<\/a><\/h5>\n<p>[\/vc_column_text][\/vc_column][\/vc_row]<\/p>\n<\/div>","protected":false},"excerpt":{"rendered":"<p>[vc_row css=\u00a0\u00bb.vc_custom_1616406220785{padding-top: 50px !important;padding-bottom: 50px !important;}\u00a0\u00bb][vc_column][vc_raw_html el_class=\u00a0\u00bbbreadcrumb\u00a0\u00bb]JTVCd3BzZW9fYnJlYWRjcnVtYiU1RA==[\/vc_raw_html][\/vc_column][\/vc_row][vc_row gap=\u00a0\u00bb35&Prime; equal_height=\u00a0\u00bbyes\u00a0\u00bb][vc_column width=\u00a0\u00bb1\/12&Prime;][\/vc_column][vc_column width=\u00a0\u00bb5\/12&Prime;][vc_column_text el_class=\u00a0\u00bbseoh1&Prime;] Jardins urbains [\/vc_column_text][\/vc_column][vc_column width=\u00a0\u00bb5\/12&Prime; el_class=\u00a0\u00bblineleft\u00a0\u00bb][vc_column_text]Les jardins urbains poss\u00e8dent un caract\u00e8re \u00e9cologique, coh\u00e9rent et rassurant. Ces jardins relativement petits et compacts, situ\u00e9s \u00e0 proximit\u00e9 ou en plein c\u0153ur de [&hellip;]<\/p>\n","protected":false},"author":1,"featured_media":7847,"parent":6342,"menu_order":1,"comment_status":"closed","ping_status":"closed","template":"","meta":{"_acf_changed":false,"footnotes":""},"categories":[157],"tags":[],"class_list":["post-7807","page","type-page","status-publish","has-post-thumbnail","hentry","category-categoriepagina-fr"],"acf":[],"yoast_head":"<!-- This site is optimized with the Yoast SEO plugin v27.4 - https:\/\/yoast.com\/product\/yoast-seo-wordpress\/ -->\n<title>Jardins urbains r\u00e9alis\u00e9 par Wirtz Landscape Architects<\/title>\n<meta name=\"description\" content=\"D\u00e9couvrez les diff\u00e9rents conceptions de jardins urbains \u00e0 Knokke, Bruges et \u00e0 Boechout conceptualis\u00e9 et r\u00e9alis\u00e9 par Wirtz Landscape Architects\" \/>\n<meta name=\"robots\" content=\"index, follow, max-snippet:-1, max-image-preview:large, max-video-preview:-1\" \/>\n<link rel=\"canonical\" href=\"https:\/\/wirtznv.com\/fr\/projets\/jardins-urbains\/\" \/>\n<meta property=\"og:locale\" content=\"fr_FR\" \/>\n<meta property=\"og:type\" content=\"article\" \/>\n<meta property=\"og:title\" content=\"Jardins urbains r\u00e9alis\u00e9 par Wirtz Landscape Architects\" \/>\n<meta property=\"og:description\" content=\"D\u00e9couvrez les diff\u00e9rents conceptions de jardins urbains \u00e0 Knokke, Bruges et \u00e0 Boechout conceptualis\u00e9 et r\u00e9alis\u00e9 par Wirtz Landscape Architects\" \/>\n<meta property=\"og:url\" content=\"https:\/\/wirtznv.com\/fr\/projets\/jardins-urbains\/\" \/>\n<meta property=\"og:site_name\" content=\"Wirtz NV\" \/>\n<meta property=\"article:modified_time\" content=\"2023-03-15T14:30:19+00:00\" \/>\n<meta property=\"og:image\" content=\"https:\/\/wirtznv.com\/wp-content\/uploads\/2022\/04\/Hoofdfoto-Stadstuinen.jpg\" \/>\n\t<meta property=\"og:image:width\" content=\"1423\" \/>\n\t<meta property=\"og:image:height\" content=\"2000\" \/>\n\t<meta property=\"og:image:type\" content=\"image\/jpeg\" \/>\n<meta name=\"twitter:card\" content=\"summary_large_image\" \/>\n<meta name=\"twitter:label1\" content=\"Dur\u00e9e de lecture estim\u00e9e\" \/>\n\t<meta name=\"twitter:data1\" content=\"2 minutes\" \/>\n<script type=\"application\/ld+json\" class=\"yoast-schema-graph\">{\"@context\":\"https:\\\/\\\/schema.org\",\"@graph\":[{\"@type\":\"WebPage\",\"@id\":\"https:\\\/\\\/wirtznv.com\\\/fr\\\/projets\\\/jardins-urbains\\\/\",\"url\":\"https:\\\/\\\/wirtznv.com\\\/fr\\\/projets\\\/jardins-urbains\\\/\",\"name\":\"Jardins urbains r\u00e9alis\u00e9 par Wirtz Landscape Architects\",\"isPartOf\":{\"@id\":\"https:\\\/\\\/wirtznv.com\\\/fr\\\/#website\"},\"primaryImageOfPage\":{\"@id\":\"https:\\\/\\\/wirtznv.com\\\/fr\\\/projets\\\/jardins-urbains\\\/#primaryimage\"},\"image\":{\"@id\":\"https:\\\/\\\/wirtznv.com\\\/fr\\\/projets\\\/jardins-urbains\\\/#primaryimage\"},\"thumbnailUrl\":\"https:\\\/\\\/wirtznv.com\\\/wp-content\\\/uploads\\\/2022\\\/04\\\/Hoofdfoto-Stadstuinen.jpg\",\"datePublished\":\"2022-04-27T10:00:22+00:00\",\"dateModified\":\"2023-03-15T14:30:19+00:00\",\"description\":\"D\u00e9couvrez les diff\u00e9rents conceptions de jardins urbains \u00e0 Knokke, Bruges et \u00e0 Boechout conceptualis\u00e9 et r\u00e9alis\u00e9 par Wirtz Landscape Architects\",\"breadcrumb\":{\"@id\":\"https:\\\/\\\/wirtznv.com\\\/fr\\\/projets\\\/jardins-urbains\\\/#breadcrumb\"},\"inLanguage\":\"fr-FR\",\"potentialAction\":[{\"@type\":\"ReadAction\",\"target\":[\"https:\\\/\\\/wirtznv.com\\\/fr\\\/projets\\\/jardins-urbains\\\/\"]}]},{\"@type\":\"ImageObject\",\"inLanguage\":\"fr-FR\",\"@id\":\"https:\\\/\\\/wirtznv.com\\\/fr\\\/projets\\\/jardins-urbains\\\/#primaryimage\",\"url\":\"https:\\\/\\\/wirtznv.com\\\/wp-content\\\/uploads\\\/2022\\\/04\\\/Hoofdfoto-Stadstuinen.jpg\",\"contentUrl\":\"https:\\\/\\\/wirtznv.com\\\/wp-content\\\/uploads\\\/2022\\\/04\\\/Hoofdfoto-Stadstuinen.jpg\",\"width\":1423,\"height\":2000},{\"@type\":\"BreadcrumbList\",\"@id\":\"https:\\\/\\\/wirtznv.com\\\/fr\\\/projets\\\/jardins-urbains\\\/#breadcrumb\",\"itemListElement\":[{\"@type\":\"ListItem\",\"position\":1,\"name\":\"Home\",\"item\":\"https:\\\/\\\/wirtznv.com\\\/fr\\\/\"},{\"@type\":\"ListItem\",\"position\":2,\"name\":\"Projets\",\"item\":\"https:\\\/\\\/wirtznv.com\\\/fr\\\/projets\\\/\"},{\"@type\":\"ListItem\",\"position\":3,\"name\":\"Jardins urbains\"}]},{\"@type\":\"WebSite\",\"@id\":\"https:\\\/\\\/wirtznv.com\\\/fr\\\/#website\",\"url\":\"https:\\\/\\\/wirtznv.com\\\/fr\\\/\",\"name\":\"Wirtz NV\",\"description\":\"\",\"publisher\":{\"@id\":\"https:\\\/\\\/wirtznv.com\\\/fr\\\/#organization\"},\"potentialAction\":[{\"@type\":\"SearchAction\",\"target\":{\"@type\":\"EntryPoint\",\"urlTemplate\":\"https:\\\/\\\/wirtznv.com\\\/fr\\\/?s={search_term_string}\"},\"query-input\":{\"@type\":\"PropertyValueSpecification\",\"valueRequired\":true,\"valueName\":\"search_term_string\"}}],\"inLanguage\":\"fr-FR\"},{\"@type\":\"Organization\",\"@id\":\"https:\\\/\\\/wirtznv.com\\\/fr\\\/#organization\",\"name\":\"Wirtz NV\",\"url\":\"https:\\\/\\\/wirtznv.com\\\/fr\\\/\",\"logo\":{\"@type\":\"ImageObject\",\"inLanguage\":\"fr-FR\",\"@id\":\"https:\\\/\\\/wirtznv.com\\\/fr\\\/#\\\/schema\\\/logo\\\/image\\\/\",\"url\":\"https:\\\/\\\/mk0wirtznvw3r6n59kw4.kinstacdn.com\\\/wp-content\\\/uploads\\\/2021\\\/03\\\/logo_header@2x-1.png\",\"contentUrl\":\"https:\\\/\\\/mk0wirtznvw3r6n59kw4.kinstacdn.com\\\/wp-content\\\/uploads\\\/2021\\\/03\\\/logo_header@2x-1.png\",\"width\":177,\"height\":161,\"caption\":\"Wirtz NV\"},\"image\":{\"@id\":\"https:\\\/\\\/wirtznv.com\\\/fr\\\/#\\\/schema\\\/logo\\\/image\\\/\"}}]}<\/script>\n<!-- \/ Yoast SEO plugin. -->","yoast_head_json":{"title":"Jardins urbains r\u00e9alis\u00e9 par Wirtz Landscape Architects","description":"D\u00e9couvrez les diff\u00e9rents conceptions de jardins urbains \u00e0 Knokke, Bruges et \u00e0 Boechout conceptualis\u00e9 et r\u00e9alis\u00e9 par Wirtz Landscape Architects","robots":{"index":"index","follow":"follow","max-snippet":"max-snippet:-1","max-image-preview":"max-image-preview:large","max-video-preview":"max-video-preview:-1"},"canonical":"https:\/\/wirtznv.com\/fr\/projets\/jardins-urbains\/","og_locale":"fr_FR","og_type":"article","og_title":"Jardins urbains r\u00e9alis\u00e9 par Wirtz Landscape Architects","og_description":"D\u00e9couvrez les diff\u00e9rents conceptions de jardins urbains \u00e0 Knokke, Bruges et \u00e0 Boechout conceptualis\u00e9 et r\u00e9alis\u00e9 par Wirtz Landscape Architects","og_url":"https:\/\/wirtznv.com\/fr\/projets\/jardins-urbains\/","og_site_name":"Wirtz NV","article_modified_time":"2023-03-15T14:30:19+00:00","og_image":[{"width":1423,"height":2000,"url":"https:\/\/wirtznv.com\/wp-content\/uploads\/2022\/04\/Hoofdfoto-Stadstuinen.jpg","type":"image\/jpeg"}],"twitter_card":"summary_large_image","twitter_misc":{"Dur\u00e9e de lecture estim\u00e9e":"2 minutes"},"schema":{"@context":"https:\/\/schema.org","@graph":[{"@type":"WebPage","@id":"https:\/\/wirtznv.com\/fr\/projets\/jardins-urbains\/","url":"https:\/\/wirtznv.com\/fr\/projets\/jardins-urbains\/","name":"Jardins urbains r\u00e9alis\u00e9 par Wirtz Landscape Architects","isPartOf":{"@id":"https:\/\/wirtznv.com\/fr\/#website"},"primaryImageOfPage":{"@id":"https:\/\/wirtznv.com\/fr\/projets\/jardins-urbains\/#primaryimage"},"image":{"@id":"https:\/\/wirtznv.com\/fr\/projets\/jardins-urbains\/#primaryimage"},"thumbnailUrl":"https:\/\/wirtznv.com\/wp-content\/uploads\/2022\/04\/Hoofdfoto-Stadstuinen.jpg","datePublished":"2022-04-27T10:00:22+00:00","dateModified":"2023-03-15T14:30:19+00:00","description":"D\u00e9couvrez les diff\u00e9rents conceptions de jardins urbains \u00e0 Knokke, Bruges et \u00e0 Boechout conceptualis\u00e9 et r\u00e9alis\u00e9 par Wirtz Landscape Architects","breadcrumb":{"@id":"https:\/\/wirtznv.com\/fr\/projets\/jardins-urbains\/#breadcrumb"},"inLanguage":"fr-FR","potentialAction":[{"@type":"ReadAction","target":["https:\/\/wirtznv.com\/fr\/projets\/jardins-urbains\/"]}]},{"@type":"ImageObject","inLanguage":"fr-FR","@id":"https:\/\/wirtznv.com\/fr\/projets\/jardins-urbains\/#primaryimage","url":"https:\/\/wirtznv.com\/wp-content\/uploads\/2022\/04\/Hoofdfoto-Stadstuinen.jpg","contentUrl":"https:\/\/wirtznv.com\/wp-content\/uploads\/2022\/04\/Hoofdfoto-Stadstuinen.jpg","width":1423,"height":2000},{"@type":"BreadcrumbList","@id":"https:\/\/wirtznv.com\/fr\/projets\/jardins-urbains\/#breadcrumb","itemListElement":[{"@type":"ListItem","position":1,"name":"Home","item":"https:\/\/wirtznv.com\/fr\/"},{"@type":"ListItem","position":2,"name":"Projets","item":"https:\/\/wirtznv.com\/fr\/projets\/"},{"@type":"ListItem","position":3,"name":"Jardins urbains"}]},{"@type":"WebSite","@id":"https:\/\/wirtznv.com\/fr\/#website","url":"https:\/\/wirtznv.com\/fr\/","name":"Wirtz NV","description":"","publisher":{"@id":"https:\/\/wirtznv.com\/fr\/#organization"},"potentialAction":[{"@type":"SearchAction","target":{"@type":"EntryPoint","urlTemplate":"https:\/\/wirtznv.com\/fr\/?s={search_term_string}"},"query-input":{"@type":"PropertyValueSpecification","valueRequired":true,"valueName":"search_term_string"}}],"inLanguage":"fr-FR"},{"@type":"Organization","@id":"https:\/\/wirtznv.com\/fr\/#organization","name":"Wirtz NV","url":"https:\/\/wirtznv.com\/fr\/","logo":{"@type":"ImageObject","inLanguage":"fr-FR","@id":"https:\/\/wirtznv.com\/fr\/#\/schema\/logo\/image\/","url":"https:\/\/mk0wirtznvw3r6n59kw4.kinstacdn.com\/wp-content\/uploads\/2021\/03\/logo_header@2x-1.png","contentUrl":"https:\/\/mk0wirtznvw3r6n59kw4.kinstacdn.com\/wp-content\/uploads\/2021\/03\/logo_header@2x-1.png","width":177,"height":161,"caption":"Wirtz NV"},"image":{"@id":"https:\/\/wirtznv.com\/fr\/#\/schema\/logo\/image\/"}}]}},"_links":{"self":[{"href":"https:\/\/wirtznv.com\/fr\/wp-json\/wp\/v2\/pages\/7807","targetHints":{"allow":["GET"]}}],"collection":[{"href":"https:\/\/wirtznv.com\/fr\/wp-json\/wp\/v2\/pages"}],"about":[{"href":"https:\/\/wirtznv.com\/fr\/wp-json\/wp\/v2\/types\/page"}],"author":[{"embeddable":true,"href":"https:\/\/wirtznv.com\/fr\/wp-json\/wp\/v2\/users\/1"}],"replies":[{"embeddable":true,"href":"https:\/\/wirtznv.com\/fr\/wp-json\/wp\/v2\/comments?post=7807"}],"version-history":[{"count":0,"href":"https:\/\/wirtznv.com\/fr\/wp-json\/wp\/v2\/pages\/7807\/revisions"}],"up":[{"embeddable":true,"href":"https:\/\/wirtznv.com\/fr\/wp-json\/wp\/v2\/pages\/6342"}],"wp:featuredmedia":[{"embeddable":true,"href":"https:\/\/wirtznv.com\/fr\/wp-json\/wp\/v2\/media\/7847"}],"wp:attachment":[{"href":"https:\/\/wirtznv.com\/fr\/wp-json\/wp\/v2\/media?parent=7807"}],"wp:term":[{"taxonomy":"category","embeddable":true,"href":"https:\/\/wirtznv.com\/fr\/wp-json\/wp\/v2\/categories?post=7807"},{"taxonomy":"post_tag","embeddable":true,"href":"https:\/\/wirtznv.com\/fr\/wp-json\/wp\/v2\/tags?post=7807"}],"curies":[{"name":"wp","href":"https:\/\/api.w.org\/{rel}","templated":true}]}}