{"id":7301,"date":"2021-05-06T09:15:35","date_gmt":"2021-05-06T09:15:35","guid":{"rendered":"https:\/\/wirtznv.com\/algemene-voorwaarden\/"},"modified":"2023-03-15T15:30:34","modified_gmt":"2023-03-15T13:30:34","slug":"conditions-dutilisation","status":"publish","type":"page","link":"https:\/\/wirtznv.com\/fr\/conditions-dutilisation\/","title":{"rendered":"Conditions d\u2019utilisation"},"content":{"rendered":"<div class=\"wpb-content-wrapper\"><p>[vc_row css=\u00a0\u00bb.vc_custom_1616406220785{padding-top: 50px !important;padding-bottom: 50px !important;}\u00a0\u00bb][vc_column][vc_raw_html el_class=\u00a0\u00bbbreadcrumb\u00a0\u00bb]JTVCd3BzZW9fYnJlYWRjcnVtYiU1RA==[\/vc_raw_html][\/vc_column][\/vc_row][vc_row][vc_column][vc_column_text]<\/p>\n<div class=\"l-canvas sidebar_none type_wide wpml_lang_nl\">\n<div class=\"l-main\">\n<div class=\"l-main-h i-cf\">\n<div class=\"l-canvas sidebar_none type_wide wpml_lang_fr\">\n<div class=\"l-main\">\n<div class=\"l-main-h i-cf\">\n<p>&nbsp;<\/p>\n<section class=\"l-section wpb_row height_auto\">\n<div class=\"l-section-h i-cf\">\n<div class=\"g-cols type_default valign_top\">\n<div class=\"vc_col-sm-12 wpb_column vc_column_container\">\n<div class=\"vc_column-inner\">\n<div class=\"wpb_wrapper\">\n<div class=\"wpb_text_column \">\n<div class=\"wpb_wrapper\">\n<h1>Conditions d\u2019utilisation \u2013 Wirtz International<br \/>\n<small>VERSION 1.0 \u2013 5 OCTOBRE 2018<\/small><\/h1>\n<\/div>\n<\/div>\n<div class=\"wpb_text_column \">\n<div class=\"wpb_wrapper\">\n<p>Bienvenue chez Wirtz International.<\/p>\n<p>Dans les pr\u00e9sentes Conditions d\u2019utilisation, nous organisons votre visite et votre utilisation de notre site Web, mis \u00e0 votre disposition sous le nom de domaine\u00a0<a href=\"https:\/\/www.wirtznv.com\/\">https:\/\/www.wirtznv.com\/<\/a>\u00a0(ci-apr\u00e8s : \u00ab Site Web \u00bb). Le Site Web est la propri\u00e9t\u00e9 de, et est g\u00e9r\u00e9 par, Wirtz International s.a., dont le si\u00e8ge social est \u00e9tabli Botermelkdijk 464, 2900 Schoten, inscrite \u00e0 la BCE sous le num\u00e9ro 0438.287.273, exer\u00e7ant ses activit\u00e9s commerciales sous la d\u00e9nomination commerciale \u00ab Wirtz \u00bb, \u00ab Wirtz International \u00bb ou encore \u00ab Wirtz International Landscape Architects \u00bb, ci-apr\u00e8s d\u00e9nomm\u00e9e \u00ab Wirtz International \u00bb.<\/p>\n<p>Une Politique de confidentialit\u00e9 et d\u2019utilisation de cookies s\u2019applique \u00e9galement \u00e0 votre utilisation de notre Site Web.<\/p>\n<p>Lisez attentivement les pr\u00e9sentes Conditions d\u2019utilisation et la Politique de confidentialit\u00e9 et d\u2019utilisation de cookies. Votre visite du Site Web implique, en tout \u00e9tat de cause, la lecture et l\u2019acceptation de ces Conditions d\u2019utilisation et de la Politique de confidentialit\u00e9 et d\u2019utilisation de cookies.<\/p>\n<p>Si vous avez des questions \u00e0 propos du Site Web ou de l\u2019utilisation que vous en faites, vous pouvez toujours prendre contact avec nous par e-mail \u00e0 l\u2019adresse\u00a0<a href=\"mailto:info@wirtznv.com\">info@wirtznv.com<\/a>\u00a0ou en nous adressant un courrier \u00e0 l\u2019adresse ci-dessus.<\/p>\n<\/div>\n<\/div>\n<div class=\"wpb_text_column vc_custom_1540800617631\">\n<div class=\"wpb_wrapper\">\n<h3><strong>1. OBJET DU SITE WEB<\/strong><\/h3>\n<p>Le Site Web est la vitrine de Wirtz International et est principalement destin\u00e9 \u00e0 fournir des informations. Nous sommes heureux de vous pr\u00e9senter notre bureau, notre m\u00e9thode de travail, notre philosophie, nos projets et nos coordonn\u00e9es. Vous trouverez \u00e9galement, sur le Site Web, les supports d\u2019information qui \u00e9voquent notre bureau et nos projets.<\/p>\n<\/div>\n<\/div>\n<div class=\"wpb_text_column vc_custom_1540800627112\">\n<div class=\"wpb_wrapper\">\n<h3><strong>2. APPLICATION<\/strong><\/h3>\n<p>Les pr\u00e9sentes Conditions d\u2019utilisation s\u2019appliquent \u00e0 toute utilisation du Site Web.<br \/>\nTout Utilisateur d\u00e9clare accepter ces Conditions d\u2019utilisation et la Politique de confidentialit\u00e9 et d\u2019utilisation de cookies lorsqu\u2019il visite simplement le Site Web, et en accepte la force contraignante.<\/p>\n<\/div>\n<\/div>\n<div class=\"wpb_text_column vc_custom_1540800727535\">\n<div class=\"wpb_wrapper\">\n<h3><strong>3. NOTRE RESPONSABILITE<\/strong><\/h3>\n<p>1. Wirtz International accorde la plus grande attention et le plus grand soin au contenu du Site Web. Toutefois, ce contenu peut \u00eatre modifi\u00e9, peut toujours \u00eatre supprim\u00e9 et vous est propos\u00e9 sans aucune garantie explicite ou implicite quant \u00e0 son exactitude. Wirtz International d\u00e9cline toute responsabilit\u00e9 pour les dommages r\u00e9sultant de l\u2019utilisation du contenu du Site Web, qu\u2019il ait \u00e9t\u00e9 correct ou non, ainsi que pour les dommages r\u00e9sultant de l\u2019utilisation ou de la diffusion de ce contenu.<\/p>\n<p>2. Wirtz International d\u00e9cline toute responsabilit\u00e9 pour les dommages directs, indirects, particuliers, accessoires, immat\u00e9riels ou cons\u00e9cutifs (y compris le manque \u00e0 gagner) r\u00e9sultant de l\u2019utilisation du Site Web, notamment les dommages caus\u00e9s par :<\/p>\n<p>\u2013 des d\u00e9fauts, virus ou autres insuffisances d\u2019\u00e9quipements et\/ou de logiciels en rapport avec l\u2019acc\u00e8s au, ou l\u2019utilisation du, Site Web ;<br \/>\n\u2013 l\u2019interception, la modification ou l\u2019utilisation abusive d\u2019informations envoy\u00e9es au Site Web ou \u00e0 l\u2019Utilisateur ;<br \/>\n\u2013 le fonctionnement ou l\u2019indisponibilit\u00e9 du Site Web ;<br \/>\n\u2013 l\u2019abus du Site Web, la perte de donn\u00e9es ou le t\u00e9l\u00e9chargement ou l\u2019utilisation de logiciels mis \u00e0 disposition par le biais du Site Web ;<br \/>\n\u2013 les pr\u00e9tentions de tiers li\u00e9es \u00e0 l\u2019utilisation du Site Web ;<br \/>\n\u2013 les hyperliens plac\u00e9s sur le Site Web qui font r\u00e9f\u00e9rence \u00e0 d\u2019autres sites Internet si ces hyperliens ne sont pas ou plus actifs ou, sauf tromperie ou n\u00e9gligence grave, si les informations auxquelles ils donnent acc\u00e8s, sont illicites ou offensantes.<\/p>\n<p>3. Wirtz International s\u2019efforce de donner acc\u00e8s au Site Web 24 heures sur 24 et 7 jours sur 7. Compte tenu des caract\u00e9ristiques techniques de l\u2019Internet et des ressources informatiques, ainsi que de la n\u00e9cessit\u00e9 de proc\u00e9der \u00e0 des travaux p\u00e9riodiques de maintenance, de mise \u00e0 jour ou de mise \u00e0 niveau, Wirtz International ne peut garantir un acc\u00e8s et un service ininterrompus. En cas d\u2019interruption ou de perturbation normalement acceptable de l\u2019acc\u00e8s ou du service, Wirtz International mettra tout en \u0153uvre pour y rem\u00e9dier dans les meilleurs d\u00e9lais. Ces interruptions ou perturbations normalement acceptables sont inh\u00e9rentes aux services fournis via l\u2019Internet et ne peuvent \u00eatre consid\u00e9r\u00e9es comme des manquements.<\/p>\n<p>4. Les sites Web dont Wirtz International peut occasionnellement communiquer les liens ne sont pas g\u00e9r\u00e9s, h\u00e9berg\u00e9s ou maintenus par ses soins. Wirtz International d\u00e9cline donc toute responsabilit\u00e9 pour le contenu de ces sites, de m\u00eame que pour les liens qui y figurent ou pour les modifications et mises \u00e0 jour de ces sites Web.<\/p>\n<\/div>\n<\/div>\n<div class=\"wpb_text_column vc_custom_1540800768286\">\n<div class=\"wpb_wrapper\">\n<h3><strong>4. PROPRIETE INTELLECTUELLE<\/strong><\/h3>\n<p>1. Tous les droits de propri\u00e9t\u00e9 intellectuelle sur les informations, le contenu, les communications ou autres publications plac\u00e9s par Wirtz International sur le Site Web, sont la propri\u00e9t\u00e9 de Wirtz International, de ses fournisseurs ou d\u2019autres ayants droit.<\/p>\n<p>2. Par droits de propri\u00e9t\u00e9 intellectuelle, nous entendons les droits de brevet, d\u2019auteur, de marque, de dessin et de mod\u00e8les et\/ou d\u2019autres droits (de propri\u00e9t\u00e9 intellectuelle), notamment des savoir-faire, des m\u00e9thodes et des concepts techniques et\/ou commerciaux, brevetables ou non.<\/p>\n<p>3. Il est interdit d\u2019utiliser et\/ou de modifier les cr\u00e9ations, le contenu et leurs droits de propri\u00e9t\u00e9 intellectuelle respectifs tels que d\u00e9crits dans le pr\u00e9sent article, tels que la reproduction ou la communication publique, sans l\u2019autorisation \u00e9crite pr\u00e9alable de Wirtz International, de ses fournisseurs ou autres ayants droit, sauf s\u2019il s\u2019agit d\u2019un usage exclusivement priv\u00e9 du produit lui-m\u00eame.<\/p>\n<\/div>\n<\/div>\n<div class=\"wpb_text_column vc_custom_1540800821734\">\n<div class=\"wpb_wrapper\">\n<h3><strong>5. DISPOSITIONS GENERALES ET REGLEMENT DES LITIGES<\/strong><\/h3>\n<p>1. Tous les litiges relatifs \u00e0 votre utilisation de notre Site Web et de nos services sont r\u00e9gis exclusivement par le droit belge.<\/p>\n<p>2. Nous pouvons modifier ces Conditions d\u2019utilisation et vous conseillons de les consulter r\u00e9guli\u00e8rement. Le num\u00e9ro de version et la date de la derni\u00e8re r\u00e9vision figurent en haut de ce document.<\/p>\n<p>3. Si et dans la mesure o\u00f9 une disposition des pr\u00e9sentes Conditions d\u2019utilisation est d\u00e9clar\u00e9e nulle ou est annul\u00e9e, les autres dispositions des Conditions d\u2019utilisation restent pleinement en vigueur. Dans ce cas, Wirtz International adoptera une nouvelle disposition rempla\u00e7ant la disposition nulle\/annul\u00e9e, qui respectera autant que possible l\u2019intention de la disposition nulle\/annul\u00e9e.<\/p>\n<p>4. Les pr\u00e9sentes Conditions d\u2019utilisation r\u00e9gissent l\u2019utilisation que vous faites du Site Web et la relation entre vous-m\u00eame et Wirtz International \u00e0 l\u2019\u00e9gard de cette utilisation. La \u00ab Politique de confidentialit\u00e9 et d\u2019utilisation de cookies \u00bb est \u00e9galement d\u2019application.<\/p>\n<\/div>\n<\/div>\n<\/div>\n<\/div>\n<\/div>\n<\/div>\n<\/div>\n<\/section>\n<p>&nbsp;<\/p>\n<\/div>\n<\/div>\n<\/div>\n<\/div>\n<\/div>\n<\/div>\n<p>[\/vc_column_text][\/vc_column][\/vc_row]<\/p>\n<\/div>","protected":false},"excerpt":{"rendered":"<p>[vc_row css=\u00a0\u00bb.vc_custom_1616406220785{padding-top: 50px !important;padding-bottom: 50px !important;}\u00a0\u00bb][vc_column][vc_raw_html el_class=\u00a0\u00bbbreadcrumb\u00a0\u00bb]JTVCd3BzZW9fYnJlYWRjcnVtYiU1RA==[\/vc_raw_html][\/vc_column][\/vc_row][vc_row][vc_column][vc_column_text] &nbsp; Conditions d\u2019utilisation \u2013 Wirtz International VERSION 1.0 \u2013 5 OCTOBRE 2018 Bienvenue chez Wirtz International. Dans les pr\u00e9sentes Conditions d\u2019utilisation, nous organisons votre visite et votre utilisation de notre site Web, mis [&hellip;]<\/p>\n","protected":false},"author":1,"featured_media":0,"parent":0,"menu_order":2,"comment_status":"closed","ping_status":"closed","template":"","meta":{"_acf_changed":false,"footnotes":""},"categories":[],"tags":[],"class_list":["post-7301","page","type-page","status-publish","hentry"],"acf":[],"yoast_head":"<!-- This site is optimized with the Yoast SEO plugin v26.4 - https:\/\/yoast.com\/wordpress\/plugins\/seo\/ -->\n<title>Conditions d&#039;utilisation | Wirtz International Landscape Architects<\/title>\n<meta name=\"description\" content=\"Dans les pr\u00e9sentes conditions d\u2019utilisation, nous organisons votre visite et votre utilisation de cd site Web. Contactez-nous pour des infos.\" \/>\n<meta name=\"robots\" content=\"index, follow, max-snippet:-1, max-image-preview:large, max-video-preview:-1\" \/>\n<link rel=\"canonical\" href=\"https:\/\/wirtznv.com\/fr\/conditions-dutilisation\/\" \/>\n<meta property=\"og:locale\" content=\"fr_FR\" \/>\n<meta property=\"og:type\" content=\"article\" \/>\n<meta property=\"og:title\" content=\"Conditions d&#039;utilisation | Wirtz International Landscape Architects\" \/>\n<meta property=\"og:description\" content=\"Dans les pr\u00e9sentes conditions d\u2019utilisation, nous organisons votre visite et votre utilisation de cd site Web. Contactez-nous pour des infos.\" \/>\n<meta property=\"og:url\" content=\"https:\/\/wirtznv.com\/fr\/conditions-dutilisation\/\" \/>\n<meta property=\"og:site_name\" content=\"Wirtz NV\" \/>\n<meta property=\"article:modified_time\" content=\"2023-03-15T13:30:34+00:00\" \/>\n<meta name=\"twitter:card\" content=\"summary_large_image\" \/>\n<meta name=\"twitter:label1\" content=\"Dur\u00e9e de lecture estim\u00e9e\" \/>\n\t<meta name=\"twitter:data1\" content=\"5 minutes\" \/>\n<script type=\"application\/ld+json\" class=\"yoast-schema-graph\">{\"@context\":\"https:\/\/schema.org\",\"@graph\":[{\"@type\":\"WebPage\",\"@id\":\"https:\/\/wirtznv.com\/fr\/conditions-dutilisation\/\",\"url\":\"https:\/\/wirtznv.com\/fr\/conditions-dutilisation\/\",\"name\":\"Conditions d'utilisation | Wirtz International Landscape Architects\",\"isPartOf\":{\"@id\":\"https:\/\/wirtznv.com\/fr\/#website\"},\"datePublished\":\"2021-05-06T09:15:35+00:00\",\"dateModified\":\"2023-03-15T13:30:34+00:00\",\"description\":\"Dans les pr\u00e9sentes conditions d\u2019utilisation, nous organisons votre visite et votre utilisation de cd site Web. Contactez-nous pour des infos.\",\"breadcrumb\":{\"@id\":\"https:\/\/wirtznv.com\/fr\/conditions-dutilisation\/#breadcrumb\"},\"inLanguage\":\"fr-FR\",\"potentialAction\":[{\"@type\":\"ReadAction\",\"target\":[\"https:\/\/wirtznv.com\/fr\/conditions-dutilisation\/\"]}]},{\"@type\":\"BreadcrumbList\",\"@id\":\"https:\/\/wirtznv.com\/fr\/conditions-dutilisation\/#breadcrumb\",\"itemListElement\":[{\"@type\":\"ListItem\",\"position\":1,\"name\":\"Home\",\"item\":\"https:\/\/wirtznv.com\/fr\/\"},{\"@type\":\"ListItem\",\"position\":2,\"name\":\"Conditions d\u2019utilisation\"}]},{\"@type\":\"WebSite\",\"@id\":\"https:\/\/wirtznv.com\/fr\/#website\",\"url\":\"https:\/\/wirtznv.com\/fr\/\",\"name\":\"Wirtz NV\",\"description\":\"\",\"publisher\":{\"@id\":\"https:\/\/wirtznv.com\/fr\/#organization\"},\"potentialAction\":[{\"@type\":\"SearchAction\",\"target\":{\"@type\":\"EntryPoint\",\"urlTemplate\":\"https:\/\/wirtznv.com\/fr\/?s={search_term_string}\"},\"query-input\":{\"@type\":\"PropertyValueSpecification\",\"valueRequired\":true,\"valueName\":\"search_term_string\"}}],\"inLanguage\":\"fr-FR\"},{\"@type\":\"Organization\",\"@id\":\"https:\/\/wirtznv.com\/fr\/#organization\",\"name\":\"Wirtz NV\",\"url\":\"https:\/\/wirtznv.com\/fr\/\",\"logo\":{\"@type\":\"ImageObject\",\"inLanguage\":\"fr-FR\",\"@id\":\"https:\/\/wirtznv.com\/fr\/#\/schema\/logo\/image\/\",\"url\":\"https:\/\/mk0wirtznvw3r6n59kw4.kinstacdn.com\/wp-content\/uploads\/2021\/03\/logo_header@2x-1.png\",\"contentUrl\":\"https:\/\/mk0wirtznvw3r6n59kw4.kinstacdn.com\/wp-content\/uploads\/2021\/03\/logo_header@2x-1.png\",\"width\":177,\"height\":161,\"caption\":\"Wirtz NV\"},\"image\":{\"@id\":\"https:\/\/wirtznv.com\/fr\/#\/schema\/logo\/image\/\"}}]}<\/script>\n<!-- \/ Yoast SEO plugin. -->","yoast_head_json":{"title":"Conditions d'utilisation | Wirtz International Landscape Architects","description":"Dans les pr\u00e9sentes conditions d\u2019utilisation, nous organisons votre visite et votre utilisation de cd site Web. Contactez-nous pour des infos.","robots":{"index":"index","follow":"follow","max-snippet":"max-snippet:-1","max-image-preview":"max-image-preview:large","max-video-preview":"max-video-preview:-1"},"canonical":"https:\/\/wirtznv.com\/fr\/conditions-dutilisation\/","og_locale":"fr_FR","og_type":"article","og_title":"Conditions d'utilisation | Wirtz International Landscape Architects","og_description":"Dans les pr\u00e9sentes conditions d\u2019utilisation, nous organisons votre visite et votre utilisation de cd site Web. Contactez-nous pour des infos.","og_url":"https:\/\/wirtznv.com\/fr\/conditions-dutilisation\/","og_site_name":"Wirtz NV","article_modified_time":"2023-03-15T13:30:34+00:00","twitter_card":"summary_large_image","twitter_misc":{"Dur\u00e9e de lecture estim\u00e9e":"5 minutes"},"schema":{"@context":"https:\/\/schema.org","@graph":[{"@type":"WebPage","@id":"https:\/\/wirtznv.com\/fr\/conditions-dutilisation\/","url":"https:\/\/wirtznv.com\/fr\/conditions-dutilisation\/","name":"Conditions d'utilisation | Wirtz International Landscape Architects","isPartOf":{"@id":"https:\/\/wirtznv.com\/fr\/#website"},"datePublished":"2021-05-06T09:15:35+00:00","dateModified":"2023-03-15T13:30:34+00:00","description":"Dans les pr\u00e9sentes conditions d\u2019utilisation, nous organisons votre visite et votre utilisation de cd site Web. Contactez-nous pour des infos.","breadcrumb":{"@id":"https:\/\/wirtznv.com\/fr\/conditions-dutilisation\/#breadcrumb"},"inLanguage":"fr-FR","potentialAction":[{"@type":"ReadAction","target":["https:\/\/wirtznv.com\/fr\/conditions-dutilisation\/"]}]},{"@type":"BreadcrumbList","@id":"https:\/\/wirtznv.com\/fr\/conditions-dutilisation\/#breadcrumb","itemListElement":[{"@type":"ListItem","position":1,"name":"Home","item":"https:\/\/wirtznv.com\/fr\/"},{"@type":"ListItem","position":2,"name":"Conditions d\u2019utilisation"}]},{"@type":"WebSite","@id":"https:\/\/wirtznv.com\/fr\/#website","url":"https:\/\/wirtznv.com\/fr\/","name":"Wirtz NV","description":"","publisher":{"@id":"https:\/\/wirtznv.com\/fr\/#organization"},"potentialAction":[{"@type":"SearchAction","target":{"@type":"EntryPoint","urlTemplate":"https:\/\/wirtznv.com\/fr\/?s={search_term_string}"},"query-input":{"@type":"PropertyValueSpecification","valueRequired":true,"valueName":"search_term_string"}}],"inLanguage":"fr-FR"},{"@type":"Organization","@id":"https:\/\/wirtznv.com\/fr\/#organization","name":"Wirtz NV","url":"https:\/\/wirtznv.com\/fr\/","logo":{"@type":"ImageObject","inLanguage":"fr-FR","@id":"https:\/\/wirtznv.com\/fr\/#\/schema\/logo\/image\/","url":"https:\/\/mk0wirtznvw3r6n59kw4.kinstacdn.com\/wp-content\/uploads\/2021\/03\/logo_header@2x-1.png","contentUrl":"https:\/\/mk0wirtznvw3r6n59kw4.kinstacdn.com\/wp-content\/uploads\/2021\/03\/logo_header@2x-1.png","width":177,"height":161,"caption":"Wirtz NV"},"image":{"@id":"https:\/\/wirtznv.com\/fr\/#\/schema\/logo\/image\/"}}]}},"_links":{"self":[{"href":"https:\/\/wirtznv.com\/fr\/wp-json\/wp\/v2\/pages\/7301","targetHints":{"allow":["GET"]}}],"collection":[{"href":"https:\/\/wirtznv.com\/fr\/wp-json\/wp\/v2\/pages"}],"about":[{"href":"https:\/\/wirtznv.com\/fr\/wp-json\/wp\/v2\/types\/page"}],"author":[{"embeddable":true,"href":"https:\/\/wirtznv.com\/fr\/wp-json\/wp\/v2\/users\/1"}],"replies":[{"embeddable":true,"href":"https:\/\/wirtznv.com\/fr\/wp-json\/wp\/v2\/comments?post=7301"}],"version-history":[{"count":0,"href":"https:\/\/wirtznv.com\/fr\/wp-json\/wp\/v2\/pages\/7301\/revisions"}],"wp:attachment":[{"href":"https:\/\/wirtznv.com\/fr\/wp-json\/wp\/v2\/media?parent=7301"}],"wp:term":[{"taxonomy":"category","embeddable":true,"href":"https:\/\/wirtznv.com\/fr\/wp-json\/wp\/v2\/categories?post=7301"},{"taxonomy":"post_tag","embeddable":true,"href":"https:\/\/wirtznv.com\/fr\/wp-json\/wp\/v2\/tags?post=7301"}],"curies":[{"name":"wp","href":"https:\/\/api.w.org\/{rel}","templated":true}]}}