{"id":7211,"date":"2021-05-05T11:46:08","date_gmt":"2021-05-05T11:46:08","guid":{"rendered":"https:\/\/wirtznv.com\/media\/the-wirtz-private-garden\/"},"modified":"2023-03-16T09:42:09","modified_gmt":"2023-03-16T07:42:09","slug":"the-wirtz-private-garden","status":"publish","type":"page","link":"https:\/\/wirtznv.com\/fr\/media\/the-wirtz-private-garden\/","title":{"rendered":"The Wirtz Private Garden"},"content":{"rendered":"<div class=\"wpb-content-wrapper\"><p>[vc_row css=\u00a0\u00bb.vc_custom_1616406220785{padding-top: 50px !important;padding-bottom: 50px !important;}\u00a0\u00bb][vc_column][vc_raw_html el_class=\u00a0\u00bbbreadcrumb\u00a0\u00bb]JTVCd3BzZW9fYnJlYWRjcnVtYiU1RA==[\/vc_raw_html][\/vc_column][\/vc_row][vc_row css=\u00a0\u00bb.vc_custom_1620215095780{margin-bottom: 75px !important;}\u00a0\u00bb][vc_column][vc_single_image image=\u00a0\u00bb7101&Prime; img_size=\u00a0\u00bbfull\u00a0\u00bb alignment=\u00a0\u00bbcenter\u00a0\u00bb css_animation=\u00a0\u00bbfadeInUp\u00a0\u00bb][\/vc_column][\/vc_row][vc_row gap=\u00a0\u00bb35&Prime; equal_height=\u00a0\u00bbyes\u00a0\u00bb][vc_column width=\u00a0\u00bb1\/12&Prime;][\/vc_column][vc_column width=\u00a0\u00bb3\/12&Prime;][vc_column_text el_class=\u00a0\u00bbseoh1&Prime;]<\/p>\n<h1>The Wirtz Private Garden by Marco Valdivia<\/h1>\n<p>[\/vc_column_text][\/vc_column][vc_column width=\u00a0\u00bb7\/12&Prime; el_class=\u00a0\u00bblineleft\u00a0\u00bb][vc_column_text]Le c\u00e9l\u00e8bre architecte paysagiste belge <strong>Jacques Wirtz<\/strong> et ses fils Martin et Peter ont con\u00e7u certains des plus beaux jardins d\u2019Europe. Leur travail, reconnu pour sa <strong>gestion distincte de l\u2019espace<\/strong> et ses <strong>formes expressives de s\u00e9quoias et d\u2019ifs<\/strong>, allie un design moderne au respect de la tradition et de l\u2019esprit du jardin.<\/p>\n<p>Dans le <a href=\"https:\/\/wirtznv.com\/fr\/projets\/jardins-prives\/\">jardin priv\u00e9<\/a> d\u2019une maison \u00e0 Schoten, pr\u00e8s d\u2019Anvers, dans l\u2019ancienne maison du jardinier d\u2019un domaine du XVIIIe si\u00e8cle, ils ont cr\u00e9\u00e9 un laboratoire pour exp\u00e9rimenter \u00e0 petite \u00e9chelle.<\/p>\n<p>Le photographe Marco Valdivia, qui a <a href=\"https:\/\/wirtznv.com\/fr\/projets\/tous-projets\/\">photographi\u00e9 plus d\u2019une centaine de jardins<\/a> Wirtz pour un catalogue spectaculaire et r\u00e9ussi, publi\u00e9 en deux volumes, a maintenant son objectif dirig\u00e9 sur ce jardin priv\u00e9. Il en r\u00e9sulte un regard unique sur le jeu subtil de la lumi\u00e8re, de l\u2019espace et des formes dans les diff\u00e9rentes saisons. La mani\u00e8re dont cette \u0153uvre met \u00e0 nu l\u2019\u00e2me de l\u2019esth\u00e9tique Wirtz et le sentiment avec lequel la po\u00e9sie et la fragilit\u00e9 de la nature sont expos\u00e9es font de ce livre l\u2019une des plus belles \u00e9tudes photographiques du jardin priv\u00e9. Valdivia travaille avec l\u2019argentique plut\u00f4t qu\u2019avec le num\u00e9rique, ce qui donne \u00e0 ses photos une profondeur et une clart\u00e9 in\u00e9gal\u00e9es.<\/p>\n<p>Le livre comprend des textes d\u2019introduction de Roger Malbert et Tania Compton.<\/p>\n<p><strong>The Wirtz Private Garden:<\/strong><\/p>\n<ul>\n<li>Reli\u00e9 sous jaquette, 320 x 270 mm, 204 pages<\/li>\n<\/ul>\n<p>[\/vc_column_text][\/vc_column][vc_column width=\u00a0\u00bb1\/12&Prime;][\/vc_column][\/vc_row][vc_row full_width=\u00a0\u00bbstretch_row\u00a0\u00bb content_placement=\u00a0\u00bbmiddle\u00a0\u00bb css=\u00a0\u00bb.vc_custom_1618316076832{background-color: #f0f0f0 !important;}\u00a0\u00bb el_class=\u00a0\u00bbmoreprojectsrow\u00a0\u00bb][vc_column]<div class=\"edgtf-image-gallery  edgtf-ig-carousel-type edgtf-three-columns edgtf-medium-space  edgtf-image-behavior-lightbox \">\n    <div class=\"edgtf-image-gallery-next-slide-overlay\"><\/div>\n\t<div class=\"edgtf-ig-slider edgtf-owl-slider\" data-number-of-items=\"3\" data-enable-loop=\"yes\" data-enable-autoplay=\"yes\" data-slider-speed=\"5000\" data-slider-speed-animation=\"600\" data-slider-padding=\"no\" data-enable-navigation=\"yes\" data-enable-pagination=\"no\" data-enable-auto-width=\"no\">\n\t\t\t\t\t<div class=\"edgtf-ig-image\">\n\t\t\t\t\t\t\t\t\t<a itemprop=\"image\" class=\"edgtf-ig-lightbox edgtf-block-drag-link\" href=\"https:\/\/wirtznv.com\/wp-content\/uploads\/2021\/05\/b1.jpeg\" data-rel=\"prettyPhoto[image_gallery_pretty_photo-819]\" title=\"b1\">\n\t\t\t\t\t\t\t\t\t<img decoding=\"async\" width=\"900\" height=\"600\" data-src=\"https:\/\/wirtznv.com\/wp-content\/uploads\/2021\/05\/b1.jpeg\" class=\"attachment-full size-full lazyload\" alt=\"\" data-srcset=\"https:\/\/wirtznv.com\/wp-content\/uploads\/2021\/05\/b1.jpeg 900w, https:\/\/wirtznv.com\/wp-content\/uploads\/2021\/05\/b1-300x200.jpeg 300w, https:\/\/wirtznv.com\/wp-content\/uploads\/2021\/05\/b1-768x512.jpeg 768w\" data-sizes=\"(max-width: 900px) 100vw, 900px\" src=\"data:image\/svg+xml;base64,PHN2ZyB3aWR0aD0iMSIgaGVpZ2h0PSIxIiB4bWxucz0iaHR0cDovL3d3dy53My5vcmcvMjAwMC9zdmciPjwvc3ZnPg==\" style=\"--smush-placeholder-width: 900px; --smush-placeholder-aspect-ratio: 900\/600;\" \/>\t\t\t\t\t\t\t\t\t<\/a>\n\t\t\t\t\t\t\t<\/div>\n\t\t\t\t\t<div class=\"edgtf-ig-image\">\n\t\t\t\t\t\t\t\t\t<a itemprop=\"image\" class=\"edgtf-ig-lightbox edgtf-block-drag-link\" href=\"https:\/\/wirtznv.com\/wp-content\/uploads\/2021\/05\/b2.jpeg\" data-rel=\"prettyPhoto[image_gallery_pretty_photo-819]\" title=\"b2\">\n\t\t\t\t\t\t\t\t\t<img decoding=\"async\" width=\"900\" height=\"600\" data-src=\"https:\/\/wirtznv.com\/wp-content\/uploads\/2021\/05\/b2.jpeg\" class=\"attachment-full size-full lazyload\" alt=\"\" data-srcset=\"https:\/\/wirtznv.com\/wp-content\/uploads\/2021\/05\/b2.jpeg 900w, https:\/\/wirtznv.com\/wp-content\/uploads\/2021\/05\/b2-300x200.jpeg 300w, https:\/\/wirtznv.com\/wp-content\/uploads\/2021\/05\/b2-768x512.jpeg 768w\" data-sizes=\"(max-width: 900px) 100vw, 900px\" src=\"data:image\/svg+xml;base64,PHN2ZyB3aWR0aD0iMSIgaGVpZ2h0PSIxIiB4bWxucz0iaHR0cDovL3d3dy53My5vcmcvMjAwMC9zdmciPjwvc3ZnPg==\" style=\"--smush-placeholder-width: 900px; --smush-placeholder-aspect-ratio: 900\/600;\" \/>\t\t\t\t\t\t\t\t\t<\/a>\n\t\t\t\t\t\t\t<\/div>\n\t\t\t\t\t<div class=\"edgtf-ig-image\">\n\t\t\t\t\t\t\t\t\t<a itemprop=\"image\" class=\"edgtf-ig-lightbox edgtf-block-drag-link\" href=\"https:\/\/wirtznv.com\/wp-content\/uploads\/2021\/05\/b3.jpeg\" data-rel=\"prettyPhoto[image_gallery_pretty_photo-819]\" title=\"b3\">\n\t\t\t\t\t\t\t\t\t<img decoding=\"async\" width=\"900\" height=\"600\" data-src=\"https:\/\/wirtznv.com\/wp-content\/uploads\/2021\/05\/b3.jpeg\" class=\"attachment-full size-full lazyload\" alt=\"\" data-srcset=\"https:\/\/wirtznv.com\/wp-content\/uploads\/2021\/05\/b3.jpeg 900w, https:\/\/wirtznv.com\/wp-content\/uploads\/2021\/05\/b3-300x200.jpeg 300w, https:\/\/wirtznv.com\/wp-content\/uploads\/2021\/05\/b3-768x512.jpeg 768w\" data-sizes=\"(max-width: 900px) 100vw, 900px\" src=\"data:image\/svg+xml;base64,PHN2ZyB3aWR0aD0iMSIgaGVpZ2h0PSIxIiB4bWxucz0iaHR0cDovL3d3dy53My5vcmcvMjAwMC9zdmciPjwvc3ZnPg==\" style=\"--smush-placeholder-width: 900px; --smush-placeholder-aspect-ratio: 900\/600;\" \/>\t\t\t\t\t\t\t\t\t<\/a>\n\t\t\t\t\t\t\t<\/div>\n\t\t\t\t\t<div class=\"edgtf-ig-image\">\n\t\t\t\t\t\t\t\t\t<a itemprop=\"image\" class=\"edgtf-ig-lightbox edgtf-block-drag-link\" href=\"https:\/\/wirtznv.com\/wp-content\/uploads\/2021\/05\/b4.jpeg\" data-rel=\"prettyPhoto[image_gallery_pretty_photo-819]\" title=\"b4\">\n\t\t\t\t\t\t\t\t\t<img decoding=\"async\" width=\"900\" height=\"600\" data-src=\"https:\/\/wirtznv.com\/wp-content\/uploads\/2021\/05\/b4.jpeg\" class=\"attachment-full size-full lazyload\" alt=\"\" data-srcset=\"https:\/\/wirtznv.com\/wp-content\/uploads\/2021\/05\/b4.jpeg 900w, https:\/\/wirtznv.com\/wp-content\/uploads\/2021\/05\/b4-300x200.jpeg 300w, https:\/\/wirtznv.com\/wp-content\/uploads\/2021\/05\/b4-768x512.jpeg 768w\" data-sizes=\"(max-width: 900px) 100vw, 900px\" src=\"data:image\/svg+xml;base64,PHN2ZyB3aWR0aD0iMSIgaGVpZ2h0PSIxIiB4bWxucz0iaHR0cDovL3d3dy53My5vcmcvMjAwMC9zdmciPjwvc3ZnPg==\" style=\"--smush-placeholder-width: 900px; --smush-placeholder-aspect-ratio: 900\/600;\" \/>\t\t\t\t\t\t\t\t\t<\/a>\n\t\t\t\t\t\t\t<\/div>\n\t\t\t<\/div>\n<\/div>[\/vc_column][\/vc_row]<\/p>\n<\/div>","protected":false},"excerpt":{"rendered":"<p>[vc_row css=\u00a0\u00bb.vc_custom_1616406220785{padding-top: 50px !important;padding-bottom: 50px !important;}\u00a0\u00bb][vc_column][vc_raw_html el_class=\u00a0\u00bbbreadcrumb\u00a0\u00bb]JTVCd3BzZW9fYnJlYWRjcnVtYiU1RA==[\/vc_raw_html][\/vc_column][\/vc_row][vc_row css=\u00a0\u00bb.vc_custom_1620215095780{margin-bottom: 75px !important;}\u00a0\u00bb][vc_column][vc_single_image image=\u00a0\u00bb7101&Prime; img_size=\u00a0\u00bbfull\u00a0\u00bb alignment=\u00a0\u00bbcenter\u00a0\u00bb css_animation=\u00a0\u00bbfadeInUp\u00a0\u00bb][\/vc_column][\/vc_row][vc_row gap=\u00a0\u00bb35&Prime; equal_height=\u00a0\u00bbyes\u00a0\u00bb][vc_column width=\u00a0\u00bb1\/12&Prime;][\/vc_column][vc_column width=\u00a0\u00bb3\/12&Prime;][vc_column_text el_class=\u00a0\u00bbseoh1&Prime;] The Wirtz Private Garden by Marco Valdivia [\/vc_column_text][\/vc_column][vc_column width=\u00a0\u00bb7\/12&Prime; el_class=\u00a0\u00bblineleft\u00a0\u00bb][vc_column_text]Le c\u00e9l\u00e8bre architecte paysagiste belge Jacques Wirtz et ses fils Martin et [&hellip;]<\/p>\n","protected":false},"author":1,"featured_media":0,"parent":7085,"menu_order":0,"comment_status":"closed","ping_status":"closed","template":"","meta":{"_acf_changed":false,"footnotes":""},"categories":[],"tags":[],"class_list":["post-7211","page","type-page","status-publish","hentry"],"acf":[],"yoast_head":"<!-- This site is optimized with the Yoast SEO plugin v26.4 - https:\/\/yoast.com\/wordpress\/plugins\/seo\/ -->\n<title>The Wirtz Private Garden by Marco Valdivia | Wirtz International<\/title>\n<meta name=\"description\" content=\"Le livre The Wirtz Private Garden by Marco Vldivia comprend un regard unique dans le jardin priv\u00e9 de l&#039;architecte paysagiste Jacques Wirtz.\" \/>\n<meta name=\"robots\" content=\"index, follow, max-snippet:-1, max-image-preview:large, max-video-preview:-1\" \/>\n<link rel=\"canonical\" href=\"https:\/\/wirtznv.com\/fr\/media\/the-wirtz-private-garden\/\" \/>\n<meta property=\"og:locale\" content=\"fr_FR\" \/>\n<meta property=\"og:type\" content=\"article\" \/>\n<meta property=\"og:title\" content=\"The Wirtz Private Garden by Marco Valdivia | Wirtz International\" \/>\n<meta property=\"og:description\" content=\"Le livre The Wirtz Private Garden by Marco Vldivia comprend un regard unique dans le jardin priv\u00e9 de l&#039;architecte paysagiste Jacques Wirtz.\" \/>\n<meta property=\"og:url\" content=\"https:\/\/wirtznv.com\/fr\/media\/the-wirtz-private-garden\/\" \/>\n<meta property=\"og:site_name\" content=\"Wirtz NV\" \/>\n<meta property=\"article:modified_time\" content=\"2023-03-16T07:42:09+00:00\" \/>\n<meta name=\"twitter:card\" content=\"summary_large_image\" \/>\n<meta name=\"twitter:label1\" content=\"Dur\u00e9e de lecture estim\u00e9e\" \/>\n\t<meta name=\"twitter:data1\" content=\"2 minutes\" \/>\n<script type=\"application\/ld+json\" class=\"yoast-schema-graph\">{\"@context\":\"https:\/\/schema.org\",\"@graph\":[{\"@type\":\"WebPage\",\"@id\":\"https:\/\/wirtznv.com\/fr\/media\/the-wirtz-private-garden\/\",\"url\":\"https:\/\/wirtznv.com\/fr\/media\/the-wirtz-private-garden\/\",\"name\":\"The Wirtz Private Garden by Marco Valdivia | Wirtz International\",\"isPartOf\":{\"@id\":\"https:\/\/wirtznv.com\/fr\/#website\"},\"datePublished\":\"2021-05-05T11:46:08+00:00\",\"dateModified\":\"2023-03-16T07:42:09+00:00\",\"description\":\"Le livre The Wirtz Private Garden by Marco Vldivia comprend un regard unique dans le jardin priv\u00e9 de l'architecte paysagiste Jacques Wirtz.\",\"breadcrumb\":{\"@id\":\"https:\/\/wirtznv.com\/fr\/media\/the-wirtz-private-garden\/#breadcrumb\"},\"inLanguage\":\"fr-FR\",\"potentialAction\":[{\"@type\":\"ReadAction\",\"target\":[\"https:\/\/wirtznv.com\/fr\/media\/the-wirtz-private-garden\/\"]}]},{\"@type\":\"BreadcrumbList\",\"@id\":\"https:\/\/wirtznv.com\/fr\/media\/the-wirtz-private-garden\/#breadcrumb\",\"itemListElement\":[{\"@type\":\"ListItem\",\"position\":1,\"name\":\"Home\",\"item\":\"https:\/\/wirtznv.com\/fr\/\"},{\"@type\":\"ListItem\",\"position\":2,\"name\":\"Media\",\"item\":\"https:\/\/wirtznv.com\/fr\/media\/\"},{\"@type\":\"ListItem\",\"position\":3,\"name\":\"The Wirtz Private Garden\"}]},{\"@type\":\"WebSite\",\"@id\":\"https:\/\/wirtznv.com\/fr\/#website\",\"url\":\"https:\/\/wirtznv.com\/fr\/\",\"name\":\"Wirtz NV\",\"description\":\"\",\"publisher\":{\"@id\":\"https:\/\/wirtznv.com\/fr\/#organization\"},\"potentialAction\":[{\"@type\":\"SearchAction\",\"target\":{\"@type\":\"EntryPoint\",\"urlTemplate\":\"https:\/\/wirtznv.com\/fr\/?s={search_term_string}\"},\"query-input\":{\"@type\":\"PropertyValueSpecification\",\"valueRequired\":true,\"valueName\":\"search_term_string\"}}],\"inLanguage\":\"fr-FR\"},{\"@type\":\"Organization\",\"@id\":\"https:\/\/wirtznv.com\/fr\/#organization\",\"name\":\"Wirtz NV\",\"url\":\"https:\/\/wirtznv.com\/fr\/\",\"logo\":{\"@type\":\"ImageObject\",\"inLanguage\":\"fr-FR\",\"@id\":\"https:\/\/wirtznv.com\/fr\/#\/schema\/logo\/image\/\",\"url\":\"https:\/\/mk0wirtznvw3r6n59kw4.kinstacdn.com\/wp-content\/uploads\/2021\/03\/logo_header@2x-1.png\",\"contentUrl\":\"https:\/\/mk0wirtznvw3r6n59kw4.kinstacdn.com\/wp-content\/uploads\/2021\/03\/logo_header@2x-1.png\",\"width\":177,\"height\":161,\"caption\":\"Wirtz NV\"},\"image\":{\"@id\":\"https:\/\/wirtznv.com\/fr\/#\/schema\/logo\/image\/\"}}]}<\/script>\n<!-- \/ Yoast SEO plugin. -->","yoast_head_json":{"title":"The Wirtz Private Garden by Marco Valdivia | Wirtz International","description":"Le livre The Wirtz Private Garden by Marco Vldivia comprend un regard unique dans le jardin priv\u00e9 de l'architecte paysagiste Jacques Wirtz.","robots":{"index":"index","follow":"follow","max-snippet":"max-snippet:-1","max-image-preview":"max-image-preview:large","max-video-preview":"max-video-preview:-1"},"canonical":"https:\/\/wirtznv.com\/fr\/media\/the-wirtz-private-garden\/","og_locale":"fr_FR","og_type":"article","og_title":"The Wirtz Private Garden by Marco Valdivia | Wirtz International","og_description":"Le livre The Wirtz Private Garden by Marco Vldivia comprend un regard unique dans le jardin priv\u00e9 de l'architecte paysagiste Jacques Wirtz.","og_url":"https:\/\/wirtznv.com\/fr\/media\/the-wirtz-private-garden\/","og_site_name":"Wirtz NV","article_modified_time":"2023-03-16T07:42:09+00:00","twitter_card":"summary_large_image","twitter_misc":{"Dur\u00e9e de lecture estim\u00e9e":"2 minutes"},"schema":{"@context":"https:\/\/schema.org","@graph":[{"@type":"WebPage","@id":"https:\/\/wirtznv.com\/fr\/media\/the-wirtz-private-garden\/","url":"https:\/\/wirtznv.com\/fr\/media\/the-wirtz-private-garden\/","name":"The Wirtz Private Garden by Marco Valdivia | Wirtz International","isPartOf":{"@id":"https:\/\/wirtznv.com\/fr\/#website"},"datePublished":"2021-05-05T11:46:08+00:00","dateModified":"2023-03-16T07:42:09+00:00","description":"Le livre The Wirtz Private Garden by Marco Vldivia comprend un regard unique dans le jardin priv\u00e9 de l'architecte paysagiste Jacques Wirtz.","breadcrumb":{"@id":"https:\/\/wirtznv.com\/fr\/media\/the-wirtz-private-garden\/#breadcrumb"},"inLanguage":"fr-FR","potentialAction":[{"@type":"ReadAction","target":["https:\/\/wirtznv.com\/fr\/media\/the-wirtz-private-garden\/"]}]},{"@type":"BreadcrumbList","@id":"https:\/\/wirtznv.com\/fr\/media\/the-wirtz-private-garden\/#breadcrumb","itemListElement":[{"@type":"ListItem","position":1,"name":"Home","item":"https:\/\/wirtznv.com\/fr\/"},{"@type":"ListItem","position":2,"name":"Media","item":"https:\/\/wirtznv.com\/fr\/media\/"},{"@type":"ListItem","position":3,"name":"The Wirtz Private Garden"}]},{"@type":"WebSite","@id":"https:\/\/wirtznv.com\/fr\/#website","url":"https:\/\/wirtznv.com\/fr\/","name":"Wirtz NV","description":"","publisher":{"@id":"https:\/\/wirtznv.com\/fr\/#organization"},"potentialAction":[{"@type":"SearchAction","target":{"@type":"EntryPoint","urlTemplate":"https:\/\/wirtznv.com\/fr\/?s={search_term_string}"},"query-input":{"@type":"PropertyValueSpecification","valueRequired":true,"valueName":"search_term_string"}}],"inLanguage":"fr-FR"},{"@type":"Organization","@id":"https:\/\/wirtznv.com\/fr\/#organization","name":"Wirtz NV","url":"https:\/\/wirtznv.com\/fr\/","logo":{"@type":"ImageObject","inLanguage":"fr-FR","@id":"https:\/\/wirtznv.com\/fr\/#\/schema\/logo\/image\/","url":"https:\/\/mk0wirtznvw3r6n59kw4.kinstacdn.com\/wp-content\/uploads\/2021\/03\/logo_header@2x-1.png","contentUrl":"https:\/\/mk0wirtznvw3r6n59kw4.kinstacdn.com\/wp-content\/uploads\/2021\/03\/logo_header@2x-1.png","width":177,"height":161,"caption":"Wirtz NV"},"image":{"@id":"https:\/\/wirtznv.com\/fr\/#\/schema\/logo\/image\/"}}]}},"_links":{"self":[{"href":"https:\/\/wirtznv.com\/fr\/wp-json\/wp\/v2\/pages\/7211","targetHints":{"allow":["GET"]}}],"collection":[{"href":"https:\/\/wirtznv.com\/fr\/wp-json\/wp\/v2\/pages"}],"about":[{"href":"https:\/\/wirtznv.com\/fr\/wp-json\/wp\/v2\/types\/page"}],"author":[{"embeddable":true,"href":"https:\/\/wirtznv.com\/fr\/wp-json\/wp\/v2\/users\/1"}],"replies":[{"embeddable":true,"href":"https:\/\/wirtznv.com\/fr\/wp-json\/wp\/v2\/comments?post=7211"}],"version-history":[{"count":0,"href":"https:\/\/wirtznv.com\/fr\/wp-json\/wp\/v2\/pages\/7211\/revisions"}],"up":[{"embeddable":true,"href":"https:\/\/wirtznv.com\/fr\/wp-json\/wp\/v2\/pages\/7085"}],"wp:attachment":[{"href":"https:\/\/wirtznv.com\/fr\/wp-json\/wp\/v2\/media?parent=7211"}],"wp:term":[{"taxonomy":"category","embeddable":true,"href":"https:\/\/wirtznv.com\/fr\/wp-json\/wp\/v2\/categories?post=7211"},{"taxonomy":"post_tag","embeddable":true,"href":"https:\/\/wirtznv.com\/fr\/wp-json\/wp\/v2\/tags?post=7211"}],"curies":[{"name":"wp","href":"https:\/\/api.w.org\/{rel}","templated":true}]}}