{"id":7202,"date":"2021-05-05T11:47:22","date_gmt":"2021-05-05T11:47:22","guid":{"rendered":"https:\/\/wirtznv.com\/media\/the-wirtz-gardens-i-ii\/"},"modified":"2023-03-16T09:47:34","modified_gmt":"2023-03-16T07:47:34","slug":"the-wirtz-gardens-i-ii","status":"publish","type":"page","link":"https:\/\/wirtznv.com\/fr\/media\/the-wirtz-gardens-i-ii\/","title":{"rendered":"The Wirtz Gardens I + II"},"content":{"rendered":"<div class=\"wpb-content-wrapper\"><p>[vc_row css=\u00a0\u00bb.vc_custom_1616406220785{padding-top: 50px !important;padding-bottom: 50px !important;}\u00a0\u00bb][vc_column][vc_raw_html el_class=\u00a0\u00bbbreadcrumb\u00a0\u00bb]JTVCd3BzZW9fYnJlYWRjcnVtYiU1RA==[\/vc_raw_html][\/vc_column][\/vc_row][vc_row css=\u00a0\u00bb.vc_custom_1620215095780{margin-bottom: 75px !important;}\u00a0\u00bb][vc_column][vc_single_image image=\u00a0\u00bb7124&Prime; img_size=\u00a0\u00bbfull\u00a0\u00bb alignment=\u00a0\u00bbcenter\u00a0\u00bb css_animation=\u00a0\u00bbfadeInUp\u00a0\u00bb][\/vc_column][\/vc_row][vc_row gap=\u00a0\u00bb35&Prime; equal_height=\u00a0\u00bbyes\u00a0\u00bb][vc_column width=\u00a0\u00bb1\/12&Prime;][\/vc_column][vc_column width=\u00a0\u00bb3\/12&Prime;][vc_column_text el_class=\u00a0\u00bbseoh1&Prime;]<\/p>\n<h1>The Wirtz Gardens I + II<\/h1>\n<p>[\/vc_column_text][\/vc_column][vc_column width=\u00a0\u00bb7\/12&Prime; el_class=\u00a0\u00bblineleft\u00a0\u00bb][vc_column_text]<strong>The Wirtz Gardens I + II<\/strong> est un floril\u00e8ge de 57 <a href=\"https:\/\/wirtznv.com\/fr\/projets\/espaces-publics\/\">jardins publics<\/a> et <a href=\"https:\/\/wirtznv.com\/fr\/projets\/jardins-prives\/\">jardins priv\u00e9s<\/a> qui, pour la plupart, n\u2019ont jamais \u00e9t\u00e9 publi\u00e9s. Il y a aussi des travaux plus r\u00e9cents, comme les jardins du ch\u00e2teau d\u2019Alnwick (Royaume-Uni), le campus familial d\u2019Ernsting (Allemagne) ainsi que des r\u00e9alisations plus anciennes, dont le campus de Philosophie et Lettres de l\u2019universit\u00e9 de Louvain.<\/p>\n<p>Les photos sont sign\u00e9es Marco Valdivia, les textes sont de Patrick Taylor et la mise en page a \u00e9t\u00e9 r\u00e9alis\u00e9e par Christian Diener.<\/p>\n<p><strong>The Wirtz Gardens I + II:<\/strong><br \/>\nReli\u00e9 sous jaquette, 339 x 285 mm[\/vc_column_text][\/vc_column][vc_column width=\u00a0\u00bb1\/12&Prime;][\/vc_column][\/vc_row][vc_row full_width=\u00a0\u00bbstretch_row\u00a0\u00bb content_placement=\u00a0\u00bbmiddle\u00a0\u00bb css=\u00a0\u00bb.vc_custom_1618316076832{background-color: #f0f0f0 !important;}\u00a0\u00bb el_class=\u00a0\u00bbmoreprojectsrow\u00a0\u00bb][vc_column]<div class=\"edgtf-image-gallery  edgtf-ig-carousel-type edgtf-three-columns edgtf-medium-space  edgtf-image-behavior-lightbox \">\n    <div class=\"edgtf-image-gallery-next-slide-overlay\"><\/div>\n\t<div class=\"edgtf-ig-slider edgtf-owl-slider\" data-number-of-items=\"3\" data-enable-loop=\"yes\" data-enable-autoplay=\"yes\" data-slider-speed=\"5000\" data-slider-speed-animation=\"600\" data-slider-padding=\"no\" data-enable-navigation=\"yes\" data-enable-pagination=\"no\" data-enable-auto-width=\"no\">\n\t\t\t\t\t<div class=\"edgtf-ig-image\">\n\t\t\t\t\t\t\t\t\t<a itemprop=\"image\" class=\"edgtf-ig-lightbox edgtf-block-drag-link\" href=\"https:\/\/wirtznv.com\/wp-content\/uploads\/2021\/05\/foto1.jpeg\" data-rel=\"prettyPhoto[image_gallery_pretty_photo-711]\" title=\"foto1\">\n\t\t\t\t\t\t\t\t\t<img decoding=\"async\" width=\"900\" height=\"533\" data-src=\"https:\/\/wirtznv.com\/wp-content\/uploads\/2021\/05\/foto1.jpeg\" class=\"attachment-full size-full lazyload\" alt=\"\" data-srcset=\"https:\/\/wirtznv.com\/wp-content\/uploads\/2021\/05\/foto1.jpeg 900w, https:\/\/wirtznv.com\/wp-content\/uploads\/2021\/05\/foto1-300x178.jpeg 300w, https:\/\/wirtznv.com\/wp-content\/uploads\/2021\/05\/foto1-768x455.jpeg 768w\" data-sizes=\"(max-width: 900px) 100vw, 900px\" src=\"data:image\/svg+xml;base64,PHN2ZyB3aWR0aD0iMSIgaGVpZ2h0PSIxIiB4bWxucz0iaHR0cDovL3d3dy53My5vcmcvMjAwMC9zdmciPjwvc3ZnPg==\" style=\"--smush-placeholder-width: 900px; --smush-placeholder-aspect-ratio: 900\/533;\" \/>\t\t\t\t\t\t\t\t\t<\/a>\n\t\t\t\t\t\t\t<\/div>\n\t\t\t\t\t<div class=\"edgtf-ig-image\">\n\t\t\t\t\t\t\t\t\t<a itemprop=\"image\" class=\"edgtf-ig-lightbox edgtf-block-drag-link\" href=\"https:\/\/wirtznv.com\/wp-content\/uploads\/2021\/05\/foto2.jpeg\" data-rel=\"prettyPhoto[image_gallery_pretty_photo-711]\" title=\"foto2\">\n\t\t\t\t\t\t\t\t\t<img decoding=\"async\" width=\"900\" height=\"533\" data-src=\"https:\/\/wirtznv.com\/wp-content\/uploads\/2021\/05\/foto2.jpeg\" class=\"attachment-full size-full lazyload\" alt=\"\" data-srcset=\"https:\/\/wirtznv.com\/wp-content\/uploads\/2021\/05\/foto2.jpeg 900w, https:\/\/wirtznv.com\/wp-content\/uploads\/2021\/05\/foto2-300x178.jpeg 300w, https:\/\/wirtznv.com\/wp-content\/uploads\/2021\/05\/foto2-768x455.jpeg 768w\" data-sizes=\"(max-width: 900px) 100vw, 900px\" src=\"data:image\/svg+xml;base64,PHN2ZyB3aWR0aD0iMSIgaGVpZ2h0PSIxIiB4bWxucz0iaHR0cDovL3d3dy53My5vcmcvMjAwMC9zdmciPjwvc3ZnPg==\" style=\"--smush-placeholder-width: 900px; --smush-placeholder-aspect-ratio: 900\/533;\" \/>\t\t\t\t\t\t\t\t\t<\/a>\n\t\t\t\t\t\t\t<\/div>\n\t\t\t\t\t<div class=\"edgtf-ig-image\">\n\t\t\t\t\t\t\t\t\t<a itemprop=\"image\" class=\"edgtf-ig-lightbox edgtf-block-drag-link\" href=\"https:\/\/wirtznv.com\/wp-content\/uploads\/2021\/05\/foto3.jpeg\" data-rel=\"prettyPhoto[image_gallery_pretty_photo-711]\" title=\"foto3\">\n\t\t\t\t\t\t\t\t\t<img decoding=\"async\" width=\"900\" height=\"533\" data-src=\"https:\/\/wirtznv.com\/wp-content\/uploads\/2021\/05\/foto3.jpeg\" class=\"attachment-full size-full lazyload\" alt=\"\" data-srcset=\"https:\/\/wirtznv.com\/wp-content\/uploads\/2021\/05\/foto3.jpeg 900w, https:\/\/wirtznv.com\/wp-content\/uploads\/2021\/05\/foto3-300x178.jpeg 300w, https:\/\/wirtznv.com\/wp-content\/uploads\/2021\/05\/foto3-768x455.jpeg 768w\" data-sizes=\"(max-width: 900px) 100vw, 900px\" src=\"data:image\/svg+xml;base64,PHN2ZyB3aWR0aD0iMSIgaGVpZ2h0PSIxIiB4bWxucz0iaHR0cDovL3d3dy53My5vcmcvMjAwMC9zdmciPjwvc3ZnPg==\" style=\"--smush-placeholder-width: 900px; --smush-placeholder-aspect-ratio: 900\/533;\" \/>\t\t\t\t\t\t\t\t\t<\/a>\n\t\t\t\t\t\t\t<\/div>\n\t\t\t\t\t<div class=\"edgtf-ig-image\">\n\t\t\t\t\t\t\t\t\t<a itemprop=\"image\" class=\"edgtf-ig-lightbox edgtf-block-drag-link\" href=\"https:\/\/wirtznv.com\/wp-content\/uploads\/2021\/05\/foto4.jpeg\" data-rel=\"prettyPhoto[image_gallery_pretty_photo-711]\" title=\"foto4\">\n\t\t\t\t\t\t\t\t\t<img decoding=\"async\" width=\"900\" height=\"533\" data-src=\"https:\/\/wirtznv.com\/wp-content\/uploads\/2021\/05\/foto4.jpeg\" class=\"attachment-full size-full lazyload\" alt=\"\" data-srcset=\"https:\/\/wirtznv.com\/wp-content\/uploads\/2021\/05\/foto4.jpeg 900w, https:\/\/wirtznv.com\/wp-content\/uploads\/2021\/05\/foto4-300x178.jpeg 300w, https:\/\/wirtznv.com\/wp-content\/uploads\/2021\/05\/foto4-768x455.jpeg 768w\" data-sizes=\"(max-width: 900px) 100vw, 900px\" src=\"data:image\/svg+xml;base64,PHN2ZyB3aWR0aD0iMSIgaGVpZ2h0PSIxIiB4bWxucz0iaHR0cDovL3d3dy53My5vcmcvMjAwMC9zdmciPjwvc3ZnPg==\" style=\"--smush-placeholder-width: 900px; --smush-placeholder-aspect-ratio: 900\/533;\" \/>\t\t\t\t\t\t\t\t\t<\/a>\n\t\t\t\t\t\t\t<\/div>\n\t\t\t<\/div>\n<\/div>[\/vc_column][\/vc_row]<\/p>\n<\/div>","protected":false},"excerpt":{"rendered":"<p>[vc_row css=\u00a0\u00bb.vc_custom_1616406220785{padding-top: 50px !important;padding-bottom: 50px !important;}\u00a0\u00bb][vc_column][vc_raw_html el_class=\u00a0\u00bbbreadcrumb\u00a0\u00bb]JTVCd3BzZW9fYnJlYWRjcnVtYiU1RA==[\/vc_raw_html][\/vc_column][\/vc_row][vc_row css=\u00a0\u00bb.vc_custom_1620215095780{margin-bottom: 75px !important;}\u00a0\u00bb][vc_column][vc_single_image image=\u00a0\u00bb7124&Prime; img_size=\u00a0\u00bbfull\u00a0\u00bb alignment=\u00a0\u00bbcenter\u00a0\u00bb css_animation=\u00a0\u00bbfadeInUp\u00a0\u00bb][\/vc_column][\/vc_row][vc_row gap=\u00a0\u00bb35&Prime; equal_height=\u00a0\u00bbyes\u00a0\u00bb][vc_column width=\u00a0\u00bb1\/12&Prime;][\/vc_column][vc_column width=\u00a0\u00bb3\/12&Prime;][vc_column_text el_class=\u00a0\u00bbseoh1&Prime;] The Wirtz Gardens I + II [\/vc_column_text][\/vc_column][vc_column width=\u00a0\u00bb7\/12&Prime; el_class=\u00a0\u00bblineleft\u00a0\u00bb][vc_column_text]The Wirtz Gardens I + II est un floril\u00e8ge de 57 jardins publics [&hellip;]<\/p>\n","protected":false},"author":1,"featured_media":0,"parent":7085,"menu_order":1,"comment_status":"closed","ping_status":"closed","template":"","meta":{"_acf_changed":false,"footnotes":""},"categories":[],"tags":[],"class_list":["post-7202","page","type-page","status-publish","hentry"],"acf":[],"yoast_head":"<!-- This site is optimized with the Yoast SEO plugin v26.4 - https:\/\/yoast.com\/wordpress\/plugins\/seo\/ -->\n<title>The Wirtz Gardens I + II | Wirtz International Landscape Architects<\/title>\n<meta name=\"description\" content=\"The Wirtz Gardens I + II est un floril\u00e8ge de 57 jardins publics et jardins priv\u00e9s qui, pour la plupart, n\u2019ont jamais \u00e9t\u00e9 publi\u00e9s.\" \/>\n<meta name=\"robots\" content=\"index, follow, max-snippet:-1, max-image-preview:large, max-video-preview:-1\" \/>\n<link rel=\"canonical\" href=\"https:\/\/wirtznv.com\/fr\/media\/the-wirtz-gardens-i-ii\/\" \/>\n<meta property=\"og:locale\" content=\"fr_FR\" \/>\n<meta property=\"og:type\" content=\"article\" \/>\n<meta property=\"og:title\" content=\"The Wirtz Gardens I + II | Wirtz International Landscape Architects\" \/>\n<meta property=\"og:description\" content=\"The Wirtz Gardens I + II est un floril\u00e8ge de 57 jardins publics et jardins priv\u00e9s qui, pour la plupart, n\u2019ont jamais \u00e9t\u00e9 publi\u00e9s.\" \/>\n<meta property=\"og:url\" content=\"https:\/\/wirtznv.com\/fr\/media\/the-wirtz-gardens-i-ii\/\" \/>\n<meta property=\"og:site_name\" content=\"Wirtz NV\" \/>\n<meta property=\"article:modified_time\" content=\"2023-03-16T07:47:34+00:00\" \/>\n<meta name=\"twitter:card\" content=\"summary_large_image\" \/>\n<meta name=\"twitter:label1\" content=\"Dur\u00e9e de lecture estim\u00e9e\" \/>\n\t<meta name=\"twitter:data1\" content=\"1 minute\" \/>\n<script type=\"application\/ld+json\" class=\"yoast-schema-graph\">{\"@context\":\"https:\/\/schema.org\",\"@graph\":[{\"@type\":\"WebPage\",\"@id\":\"https:\/\/wirtznv.com\/fr\/media\/the-wirtz-gardens-i-ii\/\",\"url\":\"https:\/\/wirtznv.com\/fr\/media\/the-wirtz-gardens-i-ii\/\",\"name\":\"The Wirtz Gardens I + II | Wirtz International Landscape Architects\",\"isPartOf\":{\"@id\":\"https:\/\/wirtznv.com\/fr\/#website\"},\"datePublished\":\"2021-05-05T11:47:22+00:00\",\"dateModified\":\"2023-03-16T07:47:34+00:00\",\"description\":\"The Wirtz Gardens I + II est un floril\u00e8ge de 57 jardins publics et jardins priv\u00e9s qui, pour la plupart, n\u2019ont jamais \u00e9t\u00e9 publi\u00e9s.\",\"breadcrumb\":{\"@id\":\"https:\/\/wirtznv.com\/fr\/media\/the-wirtz-gardens-i-ii\/#breadcrumb\"},\"inLanguage\":\"fr-FR\",\"potentialAction\":[{\"@type\":\"ReadAction\",\"target\":[\"https:\/\/wirtznv.com\/fr\/media\/the-wirtz-gardens-i-ii\/\"]}]},{\"@type\":\"BreadcrumbList\",\"@id\":\"https:\/\/wirtznv.com\/fr\/media\/the-wirtz-gardens-i-ii\/#breadcrumb\",\"itemListElement\":[{\"@type\":\"ListItem\",\"position\":1,\"name\":\"Home\",\"item\":\"https:\/\/wirtznv.com\/fr\/\"},{\"@type\":\"ListItem\",\"position\":2,\"name\":\"Media\",\"item\":\"https:\/\/wirtznv.com\/fr\/media\/\"},{\"@type\":\"ListItem\",\"position\":3,\"name\":\"The Wirtz Gardens I + II\"}]},{\"@type\":\"WebSite\",\"@id\":\"https:\/\/wirtznv.com\/fr\/#website\",\"url\":\"https:\/\/wirtznv.com\/fr\/\",\"name\":\"Wirtz NV\",\"description\":\"\",\"publisher\":{\"@id\":\"https:\/\/wirtznv.com\/fr\/#organization\"},\"potentialAction\":[{\"@type\":\"SearchAction\",\"target\":{\"@type\":\"EntryPoint\",\"urlTemplate\":\"https:\/\/wirtznv.com\/fr\/?s={search_term_string}\"},\"query-input\":{\"@type\":\"PropertyValueSpecification\",\"valueRequired\":true,\"valueName\":\"search_term_string\"}}],\"inLanguage\":\"fr-FR\"},{\"@type\":\"Organization\",\"@id\":\"https:\/\/wirtznv.com\/fr\/#organization\",\"name\":\"Wirtz NV\",\"url\":\"https:\/\/wirtznv.com\/fr\/\",\"logo\":{\"@type\":\"ImageObject\",\"inLanguage\":\"fr-FR\",\"@id\":\"https:\/\/wirtznv.com\/fr\/#\/schema\/logo\/image\/\",\"url\":\"https:\/\/mk0wirtznvw3r6n59kw4.kinstacdn.com\/wp-content\/uploads\/2021\/03\/logo_header@2x-1.png\",\"contentUrl\":\"https:\/\/mk0wirtznvw3r6n59kw4.kinstacdn.com\/wp-content\/uploads\/2021\/03\/logo_header@2x-1.png\",\"width\":177,\"height\":161,\"caption\":\"Wirtz NV\"},\"image\":{\"@id\":\"https:\/\/wirtznv.com\/fr\/#\/schema\/logo\/image\/\"}}]}<\/script>\n<!-- \/ Yoast SEO plugin. -->","yoast_head_json":{"title":"The Wirtz Gardens I + II | Wirtz International Landscape Architects","description":"The Wirtz Gardens I + II est un floril\u00e8ge de 57 jardins publics et jardins priv\u00e9s qui, pour la plupart, n\u2019ont jamais \u00e9t\u00e9 publi\u00e9s.","robots":{"index":"index","follow":"follow","max-snippet":"max-snippet:-1","max-image-preview":"max-image-preview:large","max-video-preview":"max-video-preview:-1"},"canonical":"https:\/\/wirtznv.com\/fr\/media\/the-wirtz-gardens-i-ii\/","og_locale":"fr_FR","og_type":"article","og_title":"The Wirtz Gardens I + II | Wirtz International Landscape Architects","og_description":"The Wirtz Gardens I + II est un floril\u00e8ge de 57 jardins publics et jardins priv\u00e9s qui, pour la plupart, n\u2019ont jamais \u00e9t\u00e9 publi\u00e9s.","og_url":"https:\/\/wirtznv.com\/fr\/media\/the-wirtz-gardens-i-ii\/","og_site_name":"Wirtz NV","article_modified_time":"2023-03-16T07:47:34+00:00","twitter_card":"summary_large_image","twitter_misc":{"Dur\u00e9e de lecture estim\u00e9e":"1 minute"},"schema":{"@context":"https:\/\/schema.org","@graph":[{"@type":"WebPage","@id":"https:\/\/wirtznv.com\/fr\/media\/the-wirtz-gardens-i-ii\/","url":"https:\/\/wirtznv.com\/fr\/media\/the-wirtz-gardens-i-ii\/","name":"The Wirtz Gardens I + II | Wirtz International Landscape Architects","isPartOf":{"@id":"https:\/\/wirtznv.com\/fr\/#website"},"datePublished":"2021-05-05T11:47:22+00:00","dateModified":"2023-03-16T07:47:34+00:00","description":"The Wirtz Gardens I + II est un floril\u00e8ge de 57 jardins publics et jardins priv\u00e9s qui, pour la plupart, n\u2019ont jamais \u00e9t\u00e9 publi\u00e9s.","breadcrumb":{"@id":"https:\/\/wirtznv.com\/fr\/media\/the-wirtz-gardens-i-ii\/#breadcrumb"},"inLanguage":"fr-FR","potentialAction":[{"@type":"ReadAction","target":["https:\/\/wirtznv.com\/fr\/media\/the-wirtz-gardens-i-ii\/"]}]},{"@type":"BreadcrumbList","@id":"https:\/\/wirtznv.com\/fr\/media\/the-wirtz-gardens-i-ii\/#breadcrumb","itemListElement":[{"@type":"ListItem","position":1,"name":"Home","item":"https:\/\/wirtznv.com\/fr\/"},{"@type":"ListItem","position":2,"name":"Media","item":"https:\/\/wirtznv.com\/fr\/media\/"},{"@type":"ListItem","position":3,"name":"The Wirtz Gardens I + II"}]},{"@type":"WebSite","@id":"https:\/\/wirtznv.com\/fr\/#website","url":"https:\/\/wirtznv.com\/fr\/","name":"Wirtz NV","description":"","publisher":{"@id":"https:\/\/wirtznv.com\/fr\/#organization"},"potentialAction":[{"@type":"SearchAction","target":{"@type":"EntryPoint","urlTemplate":"https:\/\/wirtznv.com\/fr\/?s={search_term_string}"},"query-input":{"@type":"PropertyValueSpecification","valueRequired":true,"valueName":"search_term_string"}}],"inLanguage":"fr-FR"},{"@type":"Organization","@id":"https:\/\/wirtznv.com\/fr\/#organization","name":"Wirtz NV","url":"https:\/\/wirtznv.com\/fr\/","logo":{"@type":"ImageObject","inLanguage":"fr-FR","@id":"https:\/\/wirtznv.com\/fr\/#\/schema\/logo\/image\/","url":"https:\/\/mk0wirtznvw3r6n59kw4.kinstacdn.com\/wp-content\/uploads\/2021\/03\/logo_header@2x-1.png","contentUrl":"https:\/\/mk0wirtznvw3r6n59kw4.kinstacdn.com\/wp-content\/uploads\/2021\/03\/logo_header@2x-1.png","width":177,"height":161,"caption":"Wirtz NV"},"image":{"@id":"https:\/\/wirtznv.com\/fr\/#\/schema\/logo\/image\/"}}]}},"_links":{"self":[{"href":"https:\/\/wirtznv.com\/fr\/wp-json\/wp\/v2\/pages\/7202","targetHints":{"allow":["GET"]}}],"collection":[{"href":"https:\/\/wirtznv.com\/fr\/wp-json\/wp\/v2\/pages"}],"about":[{"href":"https:\/\/wirtznv.com\/fr\/wp-json\/wp\/v2\/types\/page"}],"author":[{"embeddable":true,"href":"https:\/\/wirtznv.com\/fr\/wp-json\/wp\/v2\/users\/1"}],"replies":[{"embeddable":true,"href":"https:\/\/wirtznv.com\/fr\/wp-json\/wp\/v2\/comments?post=7202"}],"version-history":[{"count":0,"href":"https:\/\/wirtznv.com\/fr\/wp-json\/wp\/v2\/pages\/7202\/revisions"}],"up":[{"embeddable":true,"href":"https:\/\/wirtznv.com\/fr\/wp-json\/wp\/v2\/pages\/7085"}],"wp:attachment":[{"href":"https:\/\/wirtznv.com\/fr\/wp-json\/wp\/v2\/media?parent=7202"}],"wp:term":[{"taxonomy":"category","embeddable":true,"href":"https:\/\/wirtznv.com\/fr\/wp-json\/wp\/v2\/categories?post=7202"},{"taxonomy":"post_tag","embeddable":true,"href":"https:\/\/wirtznv.com\/fr\/wp-json\/wp\/v2\/tags?post=7202"}],"curies":[{"name":"wp","href":"https:\/\/api.w.org\/{rel}","templated":true}]}}