{"id":7085,"date":"2021-03-19T12:18:25","date_gmt":"2021-03-19T12:18:25","guid":{"rendered":"https:\/\/wirtznv.com\/media\/"},"modified":"2023-03-16T09:34:52","modified_gmt":"2023-03-16T07:34:52","slug":"media","status":"publish","type":"page","link":"https:\/\/wirtznv.com\/fr\/media\/","title":{"rendered":"Media"},"content":{"rendered":"<div class=\"wpb-content-wrapper\"><p>[vc_row css=\u00a0\u00bb.vc_custom_1616406220785{padding-top: 50px !important;padding-bottom: 50px !important;}\u00a0\u00bb][vc_column][vc_raw_html el_class=\u00a0\u00bbbreadcrumb\u00a0\u00bb]JTVCd3BzZW9fYnJlYWRjcnVtYiU1RA==[\/vc_raw_html][\/vc_column][\/vc_row][vc_row][vc_column][vc_column_text]<\/p>\n<h1>M\u00e9dias<\/h1>\n<p>[\/vc_column_text][\/vc_column][\/vc_row][vc_row gap=\u00a0\u00bb35&Prime; equal_height=\u00a0\u00bbyes\u00a0\u00bb][vc_column width=\u00a0\u00bb1\/12&Prime;][\/vc_column][vc_column width=\u00a0\u00bb10\/12&Prime;][vc_column_text el_class=\u00a0\u00bbseoh1&Prime;]<\/p>\n<h2>Livres<\/h2>\n<p>[\/vc_column_text][\/vc_column][vc_column width=\u00a0\u00bb1\/12&Prime;][\/vc_column][\/vc_row][vc_row][vc_column width=\u00a0\u00bb1\/3&Prime;][vc_single_image image=\u00a0\u00bb6979&Prime; img_size=\u00a0\u00bbfull\u00a0\u00bb alignment=\u00a0\u00bbcenter\u00a0\u00bb onclick=\u00a0\u00bbcustom_link\u00a0\u00bb link=\u00a0\u00bb\/fr\/media\/the-wirtz-private-garden\/\u00a0\u00bb][vc_column_text]<\/p>\n<p style=\"text-align: center;\"><a href=\"https:\/\/wirtznv.com\/fr\/media\/the-wirtz-private-garden\/\">The Wirtz Private Garden<\/a><\/p>\n<p>[\/vc_column_text][\/vc_column][vc_column width=\u00a0\u00bb1\/3&Prime;][vc_single_image image=\u00a0\u00bb6971&Prime; img_size=\u00a0\u00bbfull\u00a0\u00bb alignment=\u00a0\u00bbcenter\u00a0\u00bb onclick=\u00a0\u00bbcustom_link\u00a0\u00bb link=\u00a0\u00bb\/fr\/media\/the-wirtz-gardens-i-ii\/\u00a0\u00bb][vc_column_text]<\/p>\n<p style=\"text-align: center;\"><a href=\"https:\/\/wirtznv.com\/fr\/media\/the-wirtz-gardens-i-ii\/\">The Wirtz Gardens I + II<\/a><\/p>\n<p>[\/vc_column_text][\/vc_column][vc_column width=\u00a0\u00bb1\/3&Prime;][vc_single_image image=\u00a0\u00bb6975&Prime; img_size=\u00a0\u00bbfull\u00a0\u00bb alignment=\u00a0\u00bbcenter\u00a0\u00bb onclick=\u00a0\u00bbcustom_link\u00a0\u00bb link=\u00a0\u00bb\/fr\/media\/the-wirtz-gardens-iii\/\u00a0\u00bb][vc_column_text]<\/p>\n<p style=\"text-align: center;\"><a href=\"https:\/\/wirtznv.com\/fr\/media\/the-wirtz-gardens-iii\/\">The Wirtz Gardens III<\/a><\/p>\n<p>[\/vc_column_text][\/vc_column][\/vc_row][vc_row gap=\u00a0\u00bb35&Prime; equal_height=\u00a0\u00bbyes\u00a0\u00bb css=\u00a0\u00bb.vc_custom_1620201167514{margin-top: 50px !important;}\u00a0\u00bb][vc_column width=\u00a0\u00bb7\/12&Prime;][vc_column_text el_class=\u00a0\u00bbseoh1&Prime;]<\/p>\n<div class=\"wpb_text_column \">\n<div class=\"wpb_wrapper\">\n<h2>Publications &amp; Magazines<\/h2>\n<\/div>\n<\/div>\n<p>[\/vc_column_text][vc_column_text el_class=\u00a0\u00bbmedialinks\u00a0\u00bb]<a href=\"\/wp-content\/uploads\/2021\/05\/Artikel-2020-De-Tijd-Sabato-Chairman-Martin-Wirtz-NL.pdf\" target=\"_blank\" rel=\"noopener\">De Tijd \u2013 Sabato \u2013 Chairman Martin Wirtz (NL) (2020)<\/a><\/p>\n<p><a href=\"\/wp-content\/uploads\/2021\/05\/LEventail-Magazine-LHe\u0301ritage-de-Jacques-Wirtz-FR.pdf\" target=\"_blank\" rel=\"noopener\">L\u2019Eventail Magazine \u2013 L\u2019H\u00e9ritage de Jacques Wirtz (FR) (2020)<\/a><\/p>\n<p><a href=\"\/wp-content\/uploads\/2021\/05\/Artikel-2018-TuinSeizoen-Column-Nationale-Trots-NL.pdf\" target=\"_blank\" rel=\"noopener noreferrer\">TuinSeizoen \u2013 \u2018Nationale Trots\u2019 (NL) (2018)<\/a><\/p>\n<p><a href=\"\/wp-content\/uploads\/2021\/05\/Artikel-2018-Knack-Weekend-Buiten-de-perken-NL.compressed.pdf\" target=\"_blank\" rel=\"noopener noreferrer\">Knack Weekend \u2013 Buiten de perken (NL) (2018)<\/a><\/p>\n<p><a href=\"\/wp-content\/uploads\/2021\/05\/Artikel-2018-CG-concept-Janseniuspark-FR.pdf\" target=\"_blank\" rel=\"noopener noreferrer\">CG concept \u2013 Louvain \/ Du lithocancer urbain au poumon vert (2018)<\/a><\/p>\n<p><a href=\"\/wp-content\/uploads\/2021\/05\/Artikel-2018-CG-concept-Janseniuspark-NL.pdf\" target=\"_blank\" rel=\"noopener noreferrer\">CG concept \u2013 Leuven \/ Van stenen stadskanker tot groene long (2018)<\/a><\/p>\n<p><a href=\"\/wp-content\/uploads\/2021\/05\/interiorpost.pdf\" target=\"_blank\" rel=\"noopener noreferrer\">The Interior Post \u2013 Familie Wirtz, Die K\u00c5nstler mit der Heckenschere (DE) (2017)<\/a><\/p>\n<p><a href=\"\/wp-content\/uploads\/2021\/05\/topscape.pdf\" target=\"_blank\" rel=\"noopener noreferrer\">Artikel \u2013 Topscape Paysage \u2013 Plac Europejski (IT) (2017)<\/a><\/p>\n<p><a href=\"\/wp-content\/uploads\/2021\/05\/Artikel-2016-MG-Magazine-Bijlage-De-Tijd-NL.pdf\" target=\"_blank\" rel=\"noopener noreferrer\">MG Magazine \u2013 Bijlage De Tijd \u2013 Haute Nature by Martin Wirtz (2016)<\/a><\/p>\n<p><a href=\"\/wp-content\/uploads\/2021\/05\/Artikel-2016-gPlus-magazine-DE.pdf\" target=\"_blank\" rel=\"noopener noreferrer\">gPlus Magazine \u2013 Die Kunst der \u201cGartenk\u00f6nige\u201d (2016)<\/a><\/p>\n<p><a href=\"\/wp-content\/uploads\/2021\/05\/Artikel-2016-Discover-Benelux-Magazine-EN.pdf\" target=\"_blank\" rel=\"noopener noreferrer\">Discover Benelux Magazine \u2013 Wirtz International, creating \u2018strong character gardens\u2019 (2016)<\/a><\/p>\n<p><a href=\"\/wp-content\/uploads\/2021\/05\/Artikel-2016-De-Riencourt-prijs-AAwards-New-York-FR.pdf\" target=\"_blank\" rel=\"noopener noreferrer\">Immoluxe \u2013 De Riencourt prijs A+ Awards New York (2016)<\/a><\/p>\n<p><a href=\"\/wp-content\/uploads\/2021\/05\/Artikel-2011-Nest-magazine-Grassentuin-in-Mol-NL.pdf\" target=\"_blank\" rel=\"noopener noreferrer\">Nest Magazine \u2013 Grassentuin in Mol (2011)<\/a><\/p>\n<p><a href=\"\/wp-content\/uploads\/2021\/05\/Artikel-2011-Architectural-Digest-Wirtz-Internationals-Gardens-of-Earthly-Delight-EN.pdf\" target=\"_blank\" rel=\"noopener noreferrer\">Architectural Digest \u2013 Wirtz International\u2019s Garden of Earthly Delight (2011)<\/a><\/p>\n<p><a href=\"\/wp-content\/uploads\/2021\/05\/Artikel-2011-Architectural-Digest-In-Perfect-Balance-EN.pdf\" target=\"_blank\" rel=\"noopener noreferrer\">Architectural Digest \u2013 In Perfect Balance (2011)<\/a><\/p>\n<p><a href=\"\/wp-content\/uploads\/2021\/05\/Artikel-2008-Interior-Design-Moscow-RU.pdf\" target=\"_blank\" rel=\"noopener noreferrer\">Interior &amp; Design Moscow (2008)<\/a><\/p>\n<p><a href=\"\/wp-content\/uploads\/2021\/05\/Artikel-2008-De-Tijd-Sabato-Bomen-verminderen-de-agressie-NL.pdf\" target=\"_blank\" rel=\"noopener noreferrer\">De Tijd \u2013 Sabato \u2013 Bomen verminderen de agressie (2008)<\/a><\/p>\n<p><a href=\"\/wp-content\/uploads\/2021\/05\/Artikel-2008-De-Standaard-Beelden-als-blikvanger-NL.pdf\" target=\"_blank\" rel=\"noopener noreferrer\">De Standaard \u2013 Beelden als Blikvanger (2008)<\/a>[\/vc_column_text][\/vc_column][vc_column width=\u00a0\u00bb5\/12&Prime;][vc_column_text el_class=\u00a0\u00bbseoh1&Prime;]<\/p>\n<h2>TV &amp; Film<\/h2>\n<p>[\/vc_column_text][vc_column_text]<strong>Een, VTM, BBC2 \u2013 Around the world in 80 gardens<\/strong>[\/vc_column_text][vc_raw_html]JTVCZnZwbGF5ZXIlMjBpZCUzRCUyMjIlMjIlNUQ=[\/vc_raw_html][vc_column_text]<strong>Christian Dior Haute Couture Spring<\/strong>[\/vc_column_text][vc_raw_html]JTVCZnZwbGF5ZXIlMjBpZCUzRCUyMjMlMjIlNUQ=[\/vc_raw_html][\/vc_column][\/vc_row]<\/p>\n<\/div>","protected":false},"excerpt":{"rendered":"<p>[vc_row css=\u00a0\u00bb.vc_custom_1616406220785{padding-top: 50px !important;padding-bottom: 50px !important;}\u00a0\u00bb][vc_column][vc_raw_html el_class=\u00a0\u00bbbreadcrumb\u00a0\u00bb]JTVCd3BzZW9fYnJlYWRjcnVtYiU1RA==[\/vc_raw_html][\/vc_column][\/vc_row][vc_row][vc_column][vc_column_text] M\u00e9dias [\/vc_column_text][\/vc_column][\/vc_row][vc_row gap=\u00a0\u00bb35&Prime; equal_height=\u00a0\u00bbyes\u00a0\u00bb][vc_column width=\u00a0\u00bb1\/12&Prime;][\/vc_column][vc_column width=\u00a0\u00bb10\/12&Prime;][vc_column_text el_class=\u00a0\u00bbseoh1&Prime;] Livres [\/vc_column_text][\/vc_column][vc_column width=\u00a0\u00bb1\/12&Prime;][\/vc_column][\/vc_row][vc_row][vc_column width=\u00a0\u00bb1\/3&Prime;][vc_single_image image=\u00a0\u00bb6979&Prime; img_size=\u00a0\u00bbfull\u00a0\u00bb alignment=\u00a0\u00bbcenter\u00a0\u00bb onclick=\u00a0\u00bbcustom_link\u00a0\u00bb link=\u00a0\u00bb\/fr\/media\/the-wirtz-private-garden\/\u00a0\u00bb][vc_column_text] The Wirtz Private Garden [\/vc_column_text][\/vc_column][vc_column width=\u00a0\u00bb1\/3&Prime;][vc_single_image image=\u00a0\u00bb6971&Prime; img_size=\u00a0\u00bbfull\u00a0\u00bb alignment=\u00a0\u00bbcenter\u00a0\u00bb onclick=\u00a0\u00bbcustom_link\u00a0\u00bb link=\u00a0\u00bb\/fr\/media\/the-wirtz-gardens-i-ii\/\u00a0\u00bb][vc_column_text] The Wirtz Gardens I + II [&hellip;]<\/p>\n","protected":false},"author":1,"featured_media":0,"parent":0,"menu_order":7,"comment_status":"closed","ping_status":"closed","template":"","meta":{"_acf_changed":false,"footnotes":""},"categories":[],"tags":[],"class_list":["post-7085","page","type-page","status-publish","hentry"],"acf":[],"yoast_head":"<!-- This site is optimized with the Yoast SEO plugin v26.4 - https:\/\/yoast.com\/wordpress\/plugins\/seo\/ -->\n<title>M\u00e9dias | Wirtz International Landscape Architects<\/title>\n<meta name=\"description\" content=\"Laissez-vous inspirer par nos m\u00e9dias, livres et publications de jardins con\u00e7us par Jacques Wirtz et ses fils Peter et Martin.\" \/>\n<meta name=\"robots\" content=\"index, follow, max-snippet:-1, max-image-preview:large, max-video-preview:-1\" \/>\n<link rel=\"canonical\" href=\"https:\/\/wirtznv.com\/fr\/media\/\" \/>\n<meta property=\"og:locale\" content=\"fr_FR\" \/>\n<meta property=\"og:type\" content=\"article\" \/>\n<meta property=\"og:title\" content=\"M\u00e9dias | Wirtz International Landscape Architects\" \/>\n<meta property=\"og:description\" content=\"Laissez-vous inspirer par nos m\u00e9dias, livres et publications de jardins con\u00e7us par Jacques Wirtz et ses fils Peter et Martin.\" \/>\n<meta property=\"og:url\" content=\"https:\/\/wirtznv.com\/fr\/media\/\" \/>\n<meta property=\"og:site_name\" content=\"Wirtz NV\" \/>\n<meta property=\"article:modified_time\" content=\"2023-03-16T07:34:52+00:00\" \/>\n<meta name=\"twitter:card\" content=\"summary_large_image\" \/>\n<meta name=\"twitter:label1\" content=\"Dur\u00e9e de lecture estim\u00e9e\" \/>\n\t<meta name=\"twitter:data1\" content=\"2 minutes\" \/>\n<script type=\"application\/ld+json\" class=\"yoast-schema-graph\">{\"@context\":\"https:\/\/schema.org\",\"@graph\":[{\"@type\":\"WebPage\",\"@id\":\"https:\/\/wirtznv.com\/fr\/media\/\",\"url\":\"https:\/\/wirtznv.com\/fr\/media\/\",\"name\":\"M\u00e9dias | Wirtz International Landscape Architects\",\"isPartOf\":{\"@id\":\"https:\/\/wirtznv.com\/fr\/#website\"},\"datePublished\":\"2021-03-19T12:18:25+00:00\",\"dateModified\":\"2023-03-16T07:34:52+00:00\",\"description\":\"Laissez-vous inspirer par nos m\u00e9dias, livres et publications de jardins con\u00e7us par Jacques Wirtz et ses fils Peter et Martin.\",\"breadcrumb\":{\"@id\":\"https:\/\/wirtznv.com\/fr\/media\/#breadcrumb\"},\"inLanguage\":\"fr-FR\",\"potentialAction\":[{\"@type\":\"ReadAction\",\"target\":[\"https:\/\/wirtznv.com\/fr\/media\/\"]}]},{\"@type\":\"BreadcrumbList\",\"@id\":\"https:\/\/wirtznv.com\/fr\/media\/#breadcrumb\",\"itemListElement\":[{\"@type\":\"ListItem\",\"position\":1,\"name\":\"Home\",\"item\":\"https:\/\/wirtznv.com\/fr\/\"},{\"@type\":\"ListItem\",\"position\":2,\"name\":\"Media\"}]},{\"@type\":\"WebSite\",\"@id\":\"https:\/\/wirtznv.com\/fr\/#website\",\"url\":\"https:\/\/wirtznv.com\/fr\/\",\"name\":\"Wirtz NV\",\"description\":\"\",\"publisher\":{\"@id\":\"https:\/\/wirtznv.com\/fr\/#organization\"},\"potentialAction\":[{\"@type\":\"SearchAction\",\"target\":{\"@type\":\"EntryPoint\",\"urlTemplate\":\"https:\/\/wirtznv.com\/fr\/?s={search_term_string}\"},\"query-input\":{\"@type\":\"PropertyValueSpecification\",\"valueRequired\":true,\"valueName\":\"search_term_string\"}}],\"inLanguage\":\"fr-FR\"},{\"@type\":\"Organization\",\"@id\":\"https:\/\/wirtznv.com\/fr\/#organization\",\"name\":\"Wirtz NV\",\"url\":\"https:\/\/wirtznv.com\/fr\/\",\"logo\":{\"@type\":\"ImageObject\",\"inLanguage\":\"fr-FR\",\"@id\":\"https:\/\/wirtznv.com\/fr\/#\/schema\/logo\/image\/\",\"url\":\"https:\/\/mk0wirtznvw3r6n59kw4.kinstacdn.com\/wp-content\/uploads\/2021\/03\/logo_header@2x-1.png\",\"contentUrl\":\"https:\/\/mk0wirtznvw3r6n59kw4.kinstacdn.com\/wp-content\/uploads\/2021\/03\/logo_header@2x-1.png\",\"width\":177,\"height\":161,\"caption\":\"Wirtz NV\"},\"image\":{\"@id\":\"https:\/\/wirtznv.com\/fr\/#\/schema\/logo\/image\/\"}}]}<\/script>\n<!-- \/ Yoast SEO plugin. -->","yoast_head_json":{"title":"M\u00e9dias | Wirtz International Landscape Architects","description":"Laissez-vous inspirer par nos m\u00e9dias, livres et publications de jardins con\u00e7us par Jacques Wirtz et ses fils Peter et Martin.","robots":{"index":"index","follow":"follow","max-snippet":"max-snippet:-1","max-image-preview":"max-image-preview:large","max-video-preview":"max-video-preview:-1"},"canonical":"https:\/\/wirtznv.com\/fr\/media\/","og_locale":"fr_FR","og_type":"article","og_title":"M\u00e9dias | Wirtz International Landscape Architects","og_description":"Laissez-vous inspirer par nos m\u00e9dias, livres et publications de jardins con\u00e7us par Jacques Wirtz et ses fils Peter et Martin.","og_url":"https:\/\/wirtznv.com\/fr\/media\/","og_site_name":"Wirtz NV","article_modified_time":"2023-03-16T07:34:52+00:00","twitter_card":"summary_large_image","twitter_misc":{"Dur\u00e9e de lecture estim\u00e9e":"2 minutes"},"schema":{"@context":"https:\/\/schema.org","@graph":[{"@type":"WebPage","@id":"https:\/\/wirtznv.com\/fr\/media\/","url":"https:\/\/wirtznv.com\/fr\/media\/","name":"M\u00e9dias | Wirtz International Landscape Architects","isPartOf":{"@id":"https:\/\/wirtznv.com\/fr\/#website"},"datePublished":"2021-03-19T12:18:25+00:00","dateModified":"2023-03-16T07:34:52+00:00","description":"Laissez-vous inspirer par nos m\u00e9dias, livres et publications de jardins con\u00e7us par Jacques Wirtz et ses fils Peter et Martin.","breadcrumb":{"@id":"https:\/\/wirtznv.com\/fr\/media\/#breadcrumb"},"inLanguage":"fr-FR","potentialAction":[{"@type":"ReadAction","target":["https:\/\/wirtznv.com\/fr\/media\/"]}]},{"@type":"BreadcrumbList","@id":"https:\/\/wirtznv.com\/fr\/media\/#breadcrumb","itemListElement":[{"@type":"ListItem","position":1,"name":"Home","item":"https:\/\/wirtznv.com\/fr\/"},{"@type":"ListItem","position":2,"name":"Media"}]},{"@type":"WebSite","@id":"https:\/\/wirtznv.com\/fr\/#website","url":"https:\/\/wirtznv.com\/fr\/","name":"Wirtz NV","description":"","publisher":{"@id":"https:\/\/wirtznv.com\/fr\/#organization"},"potentialAction":[{"@type":"SearchAction","target":{"@type":"EntryPoint","urlTemplate":"https:\/\/wirtznv.com\/fr\/?s={search_term_string}"},"query-input":{"@type":"PropertyValueSpecification","valueRequired":true,"valueName":"search_term_string"}}],"inLanguage":"fr-FR"},{"@type":"Organization","@id":"https:\/\/wirtznv.com\/fr\/#organization","name":"Wirtz NV","url":"https:\/\/wirtznv.com\/fr\/","logo":{"@type":"ImageObject","inLanguage":"fr-FR","@id":"https:\/\/wirtznv.com\/fr\/#\/schema\/logo\/image\/","url":"https:\/\/mk0wirtznvw3r6n59kw4.kinstacdn.com\/wp-content\/uploads\/2021\/03\/logo_header@2x-1.png","contentUrl":"https:\/\/mk0wirtznvw3r6n59kw4.kinstacdn.com\/wp-content\/uploads\/2021\/03\/logo_header@2x-1.png","width":177,"height":161,"caption":"Wirtz NV"},"image":{"@id":"https:\/\/wirtznv.com\/fr\/#\/schema\/logo\/image\/"}}]}},"_links":{"self":[{"href":"https:\/\/wirtznv.com\/fr\/wp-json\/wp\/v2\/pages\/7085","targetHints":{"allow":["GET"]}}],"collection":[{"href":"https:\/\/wirtznv.com\/fr\/wp-json\/wp\/v2\/pages"}],"about":[{"href":"https:\/\/wirtznv.com\/fr\/wp-json\/wp\/v2\/types\/page"}],"author":[{"embeddable":true,"href":"https:\/\/wirtznv.com\/fr\/wp-json\/wp\/v2\/users\/1"}],"replies":[{"embeddable":true,"href":"https:\/\/wirtznv.com\/fr\/wp-json\/wp\/v2\/comments?post=7085"}],"version-history":[{"count":0,"href":"https:\/\/wirtznv.com\/fr\/wp-json\/wp\/v2\/pages\/7085\/revisions"}],"wp:attachment":[{"href":"https:\/\/wirtznv.com\/fr\/wp-json\/wp\/v2\/media?parent=7085"}],"wp:term":[{"taxonomy":"category","embeddable":true,"href":"https:\/\/wirtznv.com\/fr\/wp-json\/wp\/v2\/categories?post=7085"},{"taxonomy":"post_tag","embeddable":true,"href":"https:\/\/wirtznv.com\/fr\/wp-json\/wp\/v2\/tags?post=7085"}],"curies":[{"name":"wp","href":"https:\/\/api.w.org\/{rel}","templated":true}]}}