{"id":6342,"date":"2021-03-19T12:18:25","date_gmt":"2021-03-19T12:18:25","guid":{"rendered":"https:\/\/wirtznv.com\/projects\/"},"modified":"2024-05-13T10:28:06","modified_gmt":"2024-05-13T08:28:06","slug":"projets","status":"publish","type":"page","link":"https:\/\/wirtznv.com\/fr\/projets\/","title":{"rendered":"Projets"},"content":{"rendered":"<div class=\"wpb-content-wrapper\"><p>[vc_row css=\u00a0\u00bb.vc_custom_1616406220785{padding-top: 50px !important;padding-bottom: 50px !important;}\u00a0\u00bb][vc_column][vc_raw_html el_class=\u00a0\u00bbbreadcrumb\u00a0\u00bb]JTVCd3BzZW9fYnJlYWRjcnVtYiU1RA==[\/vc_raw_html][\/vc_column][\/vc_row][vc_row][vc_column][vc_column_text]<\/p>\n<h1>Projets<\/h1>\n<p>[\/vc_column_text][\/vc_column][\/vc_row][vc_row css=\u00a0\u00bb.vc_custom_1658135523654{margin-top: 75px !important;}\u00a0\u00bb][vc_column][vc_basic_grid post_type=\u00a0\u00bbpage\u00a0\u00bb max_items=\u00a0\u00bb-1&Prime; element_width=\u00a0\u00bb3&Prime; orderby=\u00a0\u00bbmenu_order\u00a0\u00bb order=\u00a0\u00bbASC\u00a0\u00bb item=\u00a0\u00bb3590&Prime; grid_id=\u00a0\u00bbvc_gid:1715588658806-25180e48-d45c-6&Prime; el_class=\u00a0\u00bbprojectsgrid\u00a0\u00bb taxonomies=\u00a0\u00bb133&Prime;]<div class=\"ult-spacer spacer-69d28abb4587c\" data-id=\"69d28abb4587c\" data-height=\"30\" data-height-mobile=\"30\" data-height-tab=\"30\" data-height-tab-portrait=\"\" data-height-mobile-landscape=\"\" style=\"clear:both;display:block;\"><\/div>[vc_column_text]<\/p>\n<p style=\"font-weight: 400;\">D\u00e9couvrez nos projets dans le monde entier sur cette<a href=\"https:\/\/wirtznv.com\/fr\/liste-de-projets\/\"> <u>carte facile \u00e0 lire<\/u><\/a>.<\/p>\n<p>[\/vc_column_text][\/vc_column][\/vc_row]<\/p>\n<\/div>","protected":false},"excerpt":{"rendered":"<p>[vc_row css=\u00a0\u00bb.vc_custom_1616406220785{padding-top: 50px !important;padding-bottom: 50px !important;}\u00a0\u00bb][vc_column][vc_raw_html el_class=\u00a0\u00bbbreadcrumb\u00a0\u00bb]JTVCd3BzZW9fYnJlYWRjcnVtYiU1RA==[\/vc_raw_html][\/vc_column][\/vc_row][vc_row][vc_column][vc_column_text] Projets [\/vc_column_text][\/vc_column][\/vc_row][vc_row css=\u00a0\u00bb.vc_custom_1658135523654{margin-top: 75px !important;}\u00a0\u00bb][vc_column][vc_basic_grid post_type=\u00a0\u00bbpage\u00a0\u00bb max_items=\u00a0\u00bb-1&Prime; element_width=\u00a0\u00bb3&Prime; orderby=\u00a0\u00bbmenu_order\u00a0\u00bb order=\u00a0\u00bbASC\u00a0\u00bb item=\u00a0\u00bb3590&Prime; grid_id=\u00a0\u00bbvc_gid:1715588658806-25180e48-d45c-6&Prime; el_class=\u00a0\u00bbprojectsgrid\u00a0\u00bb taxonomies=\u00a0\u00bb133&Prime;][vc_column_text] D\u00e9couvrez nos projets dans le monde entier sur cette carte facile \u00e0 lire. [\/vc_column_text][\/vc_column][\/vc_row]<\/p>\n","protected":false},"author":1,"featured_media":0,"parent":0,"menu_order":5,"comment_status":"closed","ping_status":"closed","template":"","meta":{"_acf_changed":false,"footnotes":""},"categories":[],"tags":[],"class_list":["post-6342","page","type-page","status-publish","hentry"],"acf":[],"yoast_head":"<!-- This site is optimized with the Yoast SEO plugin v26.4 - https:\/\/yoast.com\/wordpress\/plugins\/seo\/ -->\n<title>Projets \u00e0 d\u00e9couvrir | Wirtz International Landscape Architects<\/title>\n<meta name=\"description\" content=\"Les architectes paysagistes de Wirtz travaillaient d\u00e9j\u00e0 dans diff\u00e9rents pays. Consultez nos projets achev\u00e9s ici et laissez-vous inspirer.\" \/>\n<meta name=\"robots\" content=\"index, follow, max-snippet:-1, max-image-preview:large, max-video-preview:-1\" \/>\n<link rel=\"canonical\" href=\"https:\/\/wirtznv.com\/fr\/projets\/\" \/>\n<meta property=\"og:locale\" content=\"fr_FR\" \/>\n<meta property=\"og:type\" content=\"article\" \/>\n<meta property=\"og:title\" content=\"Projets \u00e0 d\u00e9couvrir | Wirtz International Landscape Architects\" \/>\n<meta property=\"og:description\" content=\"Les architectes paysagistes de Wirtz travaillaient d\u00e9j\u00e0 dans diff\u00e9rents pays. Consultez nos projets achev\u00e9s ici et laissez-vous inspirer.\" \/>\n<meta property=\"og:url\" content=\"https:\/\/wirtznv.com\/fr\/projets\/\" \/>\n<meta property=\"og:site_name\" content=\"Wirtz NV\" \/>\n<meta property=\"article:modified_time\" content=\"2024-05-13T08:28:06+00:00\" \/>\n<meta name=\"twitter:card\" content=\"summary_large_image\" \/>\n<meta name=\"twitter:label1\" content=\"Dur\u00e9e de lecture estim\u00e9e\" \/>\n\t<meta name=\"twitter:data1\" content=\"1 minute\" \/>\n<script type=\"application\/ld+json\" class=\"yoast-schema-graph\">{\"@context\":\"https:\/\/schema.org\",\"@graph\":[{\"@type\":\"WebPage\",\"@id\":\"https:\/\/wirtznv.com\/fr\/projets\/\",\"url\":\"https:\/\/wirtznv.com\/fr\/projets\/\",\"name\":\"Projets \u00e0 d\u00e9couvrir | Wirtz International Landscape Architects\",\"isPartOf\":{\"@id\":\"https:\/\/wirtznv.com\/fr\/#website\"},\"datePublished\":\"2021-03-19T12:18:25+00:00\",\"dateModified\":\"2024-05-13T08:28:06+00:00\",\"description\":\"Les architectes paysagistes de Wirtz travaillaient d\u00e9j\u00e0 dans diff\u00e9rents pays. Consultez nos projets achev\u00e9s ici et laissez-vous inspirer.\",\"breadcrumb\":{\"@id\":\"https:\/\/wirtznv.com\/fr\/projets\/#breadcrumb\"},\"inLanguage\":\"fr-FR\",\"potentialAction\":[{\"@type\":\"ReadAction\",\"target\":[\"https:\/\/wirtznv.com\/fr\/projets\/\"]}]},{\"@type\":\"BreadcrumbList\",\"@id\":\"https:\/\/wirtznv.com\/fr\/projets\/#breadcrumb\",\"itemListElement\":[{\"@type\":\"ListItem\",\"position\":1,\"name\":\"Home\",\"item\":\"https:\/\/wirtznv.com\/fr\/\"},{\"@type\":\"ListItem\",\"position\":2,\"name\":\"Projets\"}]},{\"@type\":\"WebSite\",\"@id\":\"https:\/\/wirtznv.com\/fr\/#website\",\"url\":\"https:\/\/wirtznv.com\/fr\/\",\"name\":\"Wirtz NV\",\"description\":\"\",\"publisher\":{\"@id\":\"https:\/\/wirtznv.com\/fr\/#organization\"},\"potentialAction\":[{\"@type\":\"SearchAction\",\"target\":{\"@type\":\"EntryPoint\",\"urlTemplate\":\"https:\/\/wirtznv.com\/fr\/?s={search_term_string}\"},\"query-input\":{\"@type\":\"PropertyValueSpecification\",\"valueRequired\":true,\"valueName\":\"search_term_string\"}}],\"inLanguage\":\"fr-FR\"},{\"@type\":\"Organization\",\"@id\":\"https:\/\/wirtznv.com\/fr\/#organization\",\"name\":\"Wirtz NV\",\"url\":\"https:\/\/wirtznv.com\/fr\/\",\"logo\":{\"@type\":\"ImageObject\",\"inLanguage\":\"fr-FR\",\"@id\":\"https:\/\/wirtznv.com\/fr\/#\/schema\/logo\/image\/\",\"url\":\"https:\/\/mk0wirtznvw3r6n59kw4.kinstacdn.com\/wp-content\/uploads\/2021\/03\/logo_header@2x-1.png\",\"contentUrl\":\"https:\/\/mk0wirtznvw3r6n59kw4.kinstacdn.com\/wp-content\/uploads\/2021\/03\/logo_header@2x-1.png\",\"width\":177,\"height\":161,\"caption\":\"Wirtz NV\"},\"image\":{\"@id\":\"https:\/\/wirtznv.com\/fr\/#\/schema\/logo\/image\/\"}}]}<\/script>\n<!-- \/ Yoast SEO plugin. -->","yoast_head_json":{"title":"Projets \u00e0 d\u00e9couvrir | Wirtz International Landscape Architects","description":"Les architectes paysagistes de Wirtz travaillaient d\u00e9j\u00e0 dans diff\u00e9rents pays. Consultez nos projets achev\u00e9s ici et laissez-vous inspirer.","robots":{"index":"index","follow":"follow","max-snippet":"max-snippet:-1","max-image-preview":"max-image-preview:large","max-video-preview":"max-video-preview:-1"},"canonical":"https:\/\/wirtznv.com\/fr\/projets\/","og_locale":"fr_FR","og_type":"article","og_title":"Projets \u00e0 d\u00e9couvrir | Wirtz International Landscape Architects","og_description":"Les architectes paysagistes de Wirtz travaillaient d\u00e9j\u00e0 dans diff\u00e9rents pays. Consultez nos projets achev\u00e9s ici et laissez-vous inspirer.","og_url":"https:\/\/wirtznv.com\/fr\/projets\/","og_site_name":"Wirtz NV","article_modified_time":"2024-05-13T08:28:06+00:00","twitter_card":"summary_large_image","twitter_misc":{"Dur\u00e9e de lecture estim\u00e9e":"1 minute"},"schema":{"@context":"https:\/\/schema.org","@graph":[{"@type":"WebPage","@id":"https:\/\/wirtznv.com\/fr\/projets\/","url":"https:\/\/wirtznv.com\/fr\/projets\/","name":"Projets \u00e0 d\u00e9couvrir | Wirtz International Landscape Architects","isPartOf":{"@id":"https:\/\/wirtznv.com\/fr\/#website"},"datePublished":"2021-03-19T12:18:25+00:00","dateModified":"2024-05-13T08:28:06+00:00","description":"Les architectes paysagistes de Wirtz travaillaient d\u00e9j\u00e0 dans diff\u00e9rents pays. Consultez nos projets achev\u00e9s ici et laissez-vous inspirer.","breadcrumb":{"@id":"https:\/\/wirtznv.com\/fr\/projets\/#breadcrumb"},"inLanguage":"fr-FR","potentialAction":[{"@type":"ReadAction","target":["https:\/\/wirtznv.com\/fr\/projets\/"]}]},{"@type":"BreadcrumbList","@id":"https:\/\/wirtznv.com\/fr\/projets\/#breadcrumb","itemListElement":[{"@type":"ListItem","position":1,"name":"Home","item":"https:\/\/wirtznv.com\/fr\/"},{"@type":"ListItem","position":2,"name":"Projets"}]},{"@type":"WebSite","@id":"https:\/\/wirtznv.com\/fr\/#website","url":"https:\/\/wirtznv.com\/fr\/","name":"Wirtz NV","description":"","publisher":{"@id":"https:\/\/wirtznv.com\/fr\/#organization"},"potentialAction":[{"@type":"SearchAction","target":{"@type":"EntryPoint","urlTemplate":"https:\/\/wirtznv.com\/fr\/?s={search_term_string}"},"query-input":{"@type":"PropertyValueSpecification","valueRequired":true,"valueName":"search_term_string"}}],"inLanguage":"fr-FR"},{"@type":"Organization","@id":"https:\/\/wirtznv.com\/fr\/#organization","name":"Wirtz NV","url":"https:\/\/wirtznv.com\/fr\/","logo":{"@type":"ImageObject","inLanguage":"fr-FR","@id":"https:\/\/wirtznv.com\/fr\/#\/schema\/logo\/image\/","url":"https:\/\/mk0wirtznvw3r6n59kw4.kinstacdn.com\/wp-content\/uploads\/2021\/03\/logo_header@2x-1.png","contentUrl":"https:\/\/mk0wirtznvw3r6n59kw4.kinstacdn.com\/wp-content\/uploads\/2021\/03\/logo_header@2x-1.png","width":177,"height":161,"caption":"Wirtz NV"},"image":{"@id":"https:\/\/wirtznv.com\/fr\/#\/schema\/logo\/image\/"}}]}},"_links":{"self":[{"href":"https:\/\/wirtznv.com\/fr\/wp-json\/wp\/v2\/pages\/6342","targetHints":{"allow":["GET"]}}],"collection":[{"href":"https:\/\/wirtznv.com\/fr\/wp-json\/wp\/v2\/pages"}],"about":[{"href":"https:\/\/wirtznv.com\/fr\/wp-json\/wp\/v2\/types\/page"}],"author":[{"embeddable":true,"href":"https:\/\/wirtznv.com\/fr\/wp-json\/wp\/v2\/users\/1"}],"replies":[{"embeddable":true,"href":"https:\/\/wirtznv.com\/fr\/wp-json\/wp\/v2\/comments?post=6342"}],"version-history":[{"count":0,"href":"https:\/\/wirtznv.com\/fr\/wp-json\/wp\/v2\/pages\/6342\/revisions"}],"wp:attachment":[{"href":"https:\/\/wirtznv.com\/fr\/wp-json\/wp\/v2\/media?parent=6342"}],"wp:term":[{"taxonomy":"category","embeddable":true,"href":"https:\/\/wirtznv.com\/fr\/wp-json\/wp\/v2\/categories?post=6342"},{"taxonomy":"post_tag","embeddable":true,"href":"https:\/\/wirtznv.com\/fr\/wp-json\/wp\/v2\/tags?post=6342"}],"curies":[{"name":"wp","href":"https:\/\/api.w.org\/{rel}","templated":true}]}}