{"id":6066,"date":"2021-03-19T12:18:25","date_gmt":"2021-03-19T12:18:25","guid":{"rendered":"https:\/\/wirtznv.com\/design\/"},"modified":"2023-03-15T15:40:14","modified_gmt":"2023-03-15T13:40:14","slug":"design","status":"publish","type":"page","link":"https:\/\/wirtznv.com\/fr\/design\/","title":{"rendered":"Design"},"content":{"rendered":"<div class=\"wpb-content-wrapper\"><p>[vc_row css=\u00a0\u00bb.vc_custom_1616406220785{padding-top: 50px !important;padding-bottom: 50px !important;}\u00a0\u00bb][vc_column][vc_raw_html el_class=\u00a0\u00bbbreadcrumb\u00a0\u00bb]JTVCd3BzZW9fYnJlYWRjcnVtYiU1RA==[\/vc_raw_html][\/vc_column][\/vc_row][vc_row gap=\u00a0\u00bb35&Prime; equal_height=\u00a0\u00bbyes\u00a0\u00bb][vc_column width=\u00a0\u00bb1\/12&Prime;][\/vc_column][vc_column width=\u00a0\u00bb3\/12&Prime;][vc_column_text el_class=\u00a0\u00bbseoh1&Prime;]<\/p>\n<h1>Conception de jardins<\/h1>\n<p>[\/vc_column_text][\/vc_column][vc_column width=\u00a0\u00bb7\/12&Prime; el_class=\u00a0\u00bblineleft\u00a0\u00bb][vc_column_text]<\/p>\n<div class=\"wpb_text_column \">\n<div class=\"wpb_wrapper\">\n<p>Depuis notre si\u00e8ge social en Belgique, l\u2019attraction magn\u00e9tique de<a href=\"https:\/\/wirtznv.com\/fr\/a-propos-de-nous\/\"> Wirtz International<\/a> s\u2019est \u00e9tendue \u00e0 travers l\u2019Europe, l\u2019Asie et les \u00c9tats-Unis. Quel est notre avantage concurrentiel ? Le respect de la situation existante, des zones climatiques et des habitats v\u00e9g\u00e9taux, l\u2019excellente conception, le souci constant d\u2019une durabilit\u00e9 \u00e9quilibr\u00e9e, l\u2019attention aux d\u00e9tails et \u00e0 la supervision du d\u00e9but \u00e0 la fin de chaque projet. Wirtz International a ainsi surpass\u00e9 les efforts de tous les concurrents et continue de susciter un vif int\u00e9r\u00eat pour son travail.Gr\u00e2ce \u00e0 des ann\u00e9es de collaboration avec sa soci\u00e9t\u00e9 s\u0153ur, <strong>Wirtz Tuinarchitectuur<\/strong>, le cabinet de design Wirtz International a acquis une exp\u00e9rience de terrain pr\u00e9cieuse, avec des complexit\u00e9s et des d\u00e9fis typiques. Cela se traduit par des <strong>cr\u00e9ations uniques<\/strong>, avec des standards de finition \u00e9lev\u00e9s qui sont tr\u00e8s appr\u00e9ci\u00e9s par notre client\u00e8le.<\/p>\n<p>De plus, cette \u00e9troite collaboration donne lieu \u00e0 une attitude plut\u00f4t r\u00e9aliste et se concentre sur la r\u00e9alit\u00e9 pendant le processus de conception. La passion profonde pour la s\u00e9lection de plantes inattendues est une constante, pr\u00e9sente dans tous les projets que nous r\u00e9alisons.<\/p>\n<\/div>\n<\/div>\n<p>[\/vc_column_text][\/vc_column][vc_column width=\u00a0\u00bb1\/12&Prime;][\/vc_column][\/vc_row][vc_row css=\u00a0\u00bb.vc_custom_1617891565554{margin-top: 75px !important;margin-bottom: 75px !important;}\u00a0\u00bb][vc_column][vc_single_image image=\u00a0\u00bb3727&Prime; img_size=\u00a0\u00bbfull\u00a0\u00bb alignment=\u00a0\u00bbcenter\u00a0\u00bb css_animation=\u00a0\u00bbfadeInUp\u00a0\u00bb][\/vc_column][\/vc_row][vc_row gap=\u00a0\u00bb35&Prime; equal_height=\u00a0\u00bbyes\u00a0\u00bb][vc_column width=\u00a0\u00bb1\/12&Prime;][\/vc_column][vc_column width=\u00a0\u00bb4\/12&Prime;][vc_column_text el_class=\u00a0\u00bbseoh1&Prime;]<\/p>\n<h2>Notre processus de conception<\/h2>\n<p>[\/vc_column_text][\/vc_column][vc_column width=\u00a0\u00bb6\/12&Prime; el_class=\u00a0\u00bblineleft\u00a0\u00bb][vc_column_text]Chaque <strong>cr\u00e9ation<\/strong> de Wirtz est <strong>unique<\/strong>, mais le processus de conception lui-m\u00eame suit un cheminement bien d\u00e9fini pour assurer nos standards de qualit\u00e9. Au cours du processus de conception sch\u00e9matique, nous discutons avec notre client pour d\u00e9terminer ses d\u00e9sirs et les exigences du projet. Nous commencerons ensuite par des dessins d\u2019\u00e9tude bruts qui illustreront le concept de notre cr\u00e9ation.<\/p>\n<p>Une fois la conception sch\u00e9matique finalis\u00e9e et le projet approuv\u00e9 par le client, il reste encore de nombreux d\u00e9tails \u00e0 r\u00e9gler. Pendant la phase de d\u00e9veloppement du projet, nous pouvons commencer \u00e0 affiner et \u00e0 traduire la conception sch\u00e9matique dans AutoCAD. Les d\u00e9cisions concernant les mat\u00e9riaux et les esp\u00e8ces v\u00e9g\u00e9tales appropri\u00e9es sont prises au cours de cette phase du processus de conception.<\/p>\n<p>Ces deux phases sont celles qui n\u00e9cessitent le plus de r\u00e9troaction et de communication avec nos clients. Une fois que notre proposition de projet a \u00e9t\u00e9 approuv\u00e9e et finalis\u00e9e, et que nous avons conclu qu\u2019elle correspond au budget convenu, nous nous tournons un peu plus vers l\u2019int\u00e9rieur et nous nous mettons au travail de pr\u00e9paration des dessins de construction d\u00e9taill\u00e9s que les sous-traitants utiliseront pour concr\u00e9tiser notre id\u00e9e.[\/vc_column_text][vc_column_text css=\u00a0\u00bb.vc_custom_1619545966998{margin-top: 50px !important;}\u00a0\u00bb]<a href=\"https:\/\/wirtznv.com\/fr\/contact\/\"><span style=\"text-decoration: underline;\"><strong>CONTACTEZ-NOUS<\/strong><\/span><\/a>[\/vc_column_text][\/vc_column][vc_column width=\u00a0\u00bb1\/12&Prime;][\/vc_column][\/vc_row][vc_row full_width=\u00a0\u00bbstretch_row\u00a0\u00bb content_placement=\u00a0\u00bbmiddle\u00a0\u00bb css=\u00a0\u00bb.vc_custom_1618316076832{background-color: #f0f0f0 !important;}\u00a0\u00bb el_class=\u00a0\u00bbmoreprojectsrow\u00a0\u00bb][vc_column]<div class=\"edgtf-image-gallery  edgtf-ig-carousel-type edgtf-three-columns edgtf-medium-space  edgtf-image-behavior-lightbox \">\n    <div class=\"edgtf-image-gallery-next-slide-overlay\"><\/div>\n\t<div class=\"edgtf-ig-slider edgtf-owl-slider\" data-number-of-items=\"3\" data-enable-loop=\"yes\" data-enable-autoplay=\"yes\" data-slider-speed=\"5000\" data-slider-speed-animation=\"600\" data-slider-padding=\"no\" data-enable-navigation=\"yes\" data-enable-pagination=\"no\" data-enable-auto-width=\"no\">\n\t\t\t\t\t<div class=\"edgtf-ig-image\">\n\t\t\t\t\t\t\t\t\t<a itemprop=\"image\" class=\"edgtf-ig-lightbox edgtf-block-drag-link\" href=\"https:\/\/wirtznv.com\/wp-content\/uploads\/2021\/04\/water-feature.jpg\" data-rel=\"prettyPhoto[image_gallery_pretty_photo-595]\" title=\"water-feature\">\n\t\t\t\t\t\t\t\t\t<img decoding=\"async\" width=\"900\" height=\"600\" data-src=\"https:\/\/wirtznv.com\/wp-content\/uploads\/2021\/04\/water-feature.jpg\" class=\"attachment-full size-full lazyload\" alt=\"\" data-srcset=\"https:\/\/wirtznv.com\/wp-content\/uploads\/2021\/04\/water-feature.jpg 900w, https:\/\/wirtznv.com\/wp-content\/uploads\/2021\/04\/water-feature-300x200.jpg 300w, https:\/\/wirtznv.com\/wp-content\/uploads\/2021\/04\/water-feature-768x512.jpg 768w\" data-sizes=\"(max-width: 900px) 100vw, 900px\" src=\"data:image\/svg+xml;base64,PHN2ZyB3aWR0aD0iMSIgaGVpZ2h0PSIxIiB4bWxucz0iaHR0cDovL3d3dy53My5vcmcvMjAwMC9zdmciPjwvc3ZnPg==\" style=\"--smush-placeholder-width: 900px; --smush-placeholder-aspect-ratio: 900\/600;\" \/>\t\t\t\t\t\t\t\t\t<\/a>\n\t\t\t\t\t\t\t<\/div>\n\t\t\t\t\t<div class=\"edgtf-ig-image\">\n\t\t\t\t\t\t\t\t\t<a itemprop=\"image\" class=\"edgtf-ig-lightbox edgtf-block-drag-link\" href=\"https:\/\/wirtznv.com\/wp-content\/uploads\/2021\/04\/pool-coping.jpg\" data-rel=\"prettyPhoto[image_gallery_pretty_photo-595]\" title=\"pool-coping\">\n\t\t\t\t\t\t\t\t\t<img decoding=\"async\" width=\"900\" height=\"600\" data-src=\"https:\/\/wirtznv.com\/wp-content\/uploads\/2021\/04\/pool-coping.jpg\" class=\"attachment-full size-full lazyload\" alt=\"\" data-srcset=\"https:\/\/wirtznv.com\/wp-content\/uploads\/2021\/04\/pool-coping.jpg 900w, https:\/\/wirtznv.com\/wp-content\/uploads\/2021\/04\/pool-coping-300x200.jpg 300w, https:\/\/wirtznv.com\/wp-content\/uploads\/2021\/04\/pool-coping-768x512.jpg 768w\" data-sizes=\"(max-width: 900px) 100vw, 900px\" src=\"data:image\/svg+xml;base64,PHN2ZyB3aWR0aD0iMSIgaGVpZ2h0PSIxIiB4bWxucz0iaHR0cDovL3d3dy53My5vcmcvMjAwMC9zdmciPjwvc3ZnPg==\" style=\"--smush-placeholder-width: 900px; --smush-placeholder-aspect-ratio: 900\/600;\" \/>\t\t\t\t\t\t\t\t\t<\/a>\n\t\t\t\t\t\t\t<\/div>\n\t\t\t\t\t<div class=\"edgtf-ig-image\">\n\t\t\t\t\t\t\t\t\t<a itemprop=\"image\" class=\"edgtf-ig-lightbox edgtf-block-drag-link\" href=\"https:\/\/wirtznv.com\/wp-content\/uploads\/2021\/04\/pebbles.jpg\" data-rel=\"prettyPhoto[image_gallery_pretty_photo-595]\" title=\"pebbles\">\n\t\t\t\t\t\t\t\t\t<img decoding=\"async\" width=\"900\" height=\"600\" data-src=\"https:\/\/wirtznv.com\/wp-content\/uploads\/2021\/04\/pebbles.jpg\" class=\"attachment-full size-full lazyload\" alt=\"\" data-srcset=\"https:\/\/wirtznv.com\/wp-content\/uploads\/2021\/04\/pebbles.jpg 900w, https:\/\/wirtznv.com\/wp-content\/uploads\/2021\/04\/pebbles-300x200.jpg 300w, https:\/\/wirtznv.com\/wp-content\/uploads\/2021\/04\/pebbles-768x512.jpg 768w\" data-sizes=\"(max-width: 900px) 100vw, 900px\" src=\"data:image\/svg+xml;base64,PHN2ZyB3aWR0aD0iMSIgaGVpZ2h0PSIxIiB4bWxucz0iaHR0cDovL3d3dy53My5vcmcvMjAwMC9zdmciPjwvc3ZnPg==\" style=\"--smush-placeholder-width: 900px; --smush-placeholder-aspect-ratio: 900\/600;\" \/>\t\t\t\t\t\t\t\t\t<\/a>\n\t\t\t\t\t\t\t<\/div>\n\t\t\t\t\t<div class=\"edgtf-ig-image\">\n\t\t\t\t\t\t\t\t\t<a itemprop=\"image\" class=\"edgtf-ig-lightbox edgtf-block-drag-link\" href=\"https:\/\/wirtznv.com\/wp-content\/uploads\/2021\/04\/ornamental-grasses.jpg\" data-rel=\"prettyPhoto[image_gallery_pretty_photo-595]\" title=\"ornamental-grasses\">\n\t\t\t\t\t\t\t\t\t<img decoding=\"async\" width=\"900\" height=\"600\" data-src=\"https:\/\/wirtznv.com\/wp-content\/uploads\/2021\/04\/ornamental-grasses.jpg\" class=\"attachment-full size-full lazyload\" alt=\"\" data-srcset=\"https:\/\/wirtznv.com\/wp-content\/uploads\/2021\/04\/ornamental-grasses.jpg 900w, https:\/\/wirtznv.com\/wp-content\/uploads\/2021\/04\/ornamental-grasses-300x200.jpg 300w, https:\/\/wirtznv.com\/wp-content\/uploads\/2021\/04\/ornamental-grasses-768x512.jpg 768w\" data-sizes=\"(max-width: 900px) 100vw, 900px\" src=\"data:image\/svg+xml;base64,PHN2ZyB3aWR0aD0iMSIgaGVpZ2h0PSIxIiB4bWxucz0iaHR0cDovL3d3dy53My5vcmcvMjAwMC9zdmciPjwvc3ZnPg==\" style=\"--smush-placeholder-width: 900px; --smush-placeholder-aspect-ratio: 900\/600;\" \/>\t\t\t\t\t\t\t\t\t<\/a>\n\t\t\t\t\t\t\t<\/div>\n\t\t\t\t\t<div class=\"edgtf-ig-image\">\n\t\t\t\t\t\t\t\t\t<a itemprop=\"image\" class=\"edgtf-ig-lightbox edgtf-block-drag-link\" href=\"https:\/\/wirtznv.com\/wp-content\/uploads\/2021\/04\/ornamental-grass.jpg\" data-rel=\"prettyPhoto[image_gallery_pretty_photo-595]\" title=\"ornamental-grass\">\n\t\t\t\t\t\t\t\t\t<img decoding=\"async\" width=\"900\" height=\"600\" data-src=\"https:\/\/wirtznv.com\/wp-content\/uploads\/2021\/04\/ornamental-grass.jpg\" class=\"attachment-full size-full lazyload\" alt=\"\" data-srcset=\"https:\/\/wirtznv.com\/wp-content\/uploads\/2021\/04\/ornamental-grass.jpg 900w, https:\/\/wirtznv.com\/wp-content\/uploads\/2021\/04\/ornamental-grass-300x200.jpg 300w, https:\/\/wirtznv.com\/wp-content\/uploads\/2021\/04\/ornamental-grass-768x512.jpg 768w\" data-sizes=\"(max-width: 900px) 100vw, 900px\" src=\"data:image\/svg+xml;base64,PHN2ZyB3aWR0aD0iMSIgaGVpZ2h0PSIxIiB4bWxucz0iaHR0cDovL3d3dy53My5vcmcvMjAwMC9zdmciPjwvc3ZnPg==\" style=\"--smush-placeholder-width: 900px; --smush-placeholder-aspect-ratio: 900\/600;\" \/>\t\t\t\t\t\t\t\t\t<\/a>\n\t\t\t\t\t\t\t<\/div>\n\t\t\t\t\t<div class=\"edgtf-ig-image\">\n\t\t\t\t\t\t\t\t\t<a itemprop=\"image\" class=\"edgtf-ig-lightbox edgtf-block-drag-link\" href=\"https:\/\/wirtznv.com\/wp-content\/uploads\/2021\/04\/gazonplaggen.jpg\" data-rel=\"prettyPhoto[image_gallery_pretty_photo-595]\" title=\"gazonplaggen\">\n\t\t\t\t\t\t\t\t\t<img decoding=\"async\" width=\"900\" height=\"600\" data-src=\"https:\/\/wirtznv.com\/wp-content\/uploads\/2021\/04\/gazonplaggen.jpg\" class=\"attachment-full size-full lazyload\" alt=\"\" data-srcset=\"https:\/\/wirtznv.com\/wp-content\/uploads\/2021\/04\/gazonplaggen.jpg 900w, https:\/\/wirtznv.com\/wp-content\/uploads\/2021\/04\/gazonplaggen-300x200.jpg 300w, https:\/\/wirtznv.com\/wp-content\/uploads\/2021\/04\/gazonplaggen-768x512.jpg 768w\" data-sizes=\"(max-width: 900px) 100vw, 900px\" src=\"data:image\/svg+xml;base64,PHN2ZyB3aWR0aD0iMSIgaGVpZ2h0PSIxIiB4bWxucz0iaHR0cDovL3d3dy53My5vcmcvMjAwMC9zdmciPjwvc3ZnPg==\" style=\"--smush-placeholder-width: 900px; --smush-placeholder-aspect-ratio: 900\/600;\" \/>\t\t\t\t\t\t\t\t\t<\/a>\n\t\t\t\t\t\t\t<\/div>\n\t\t\t\t\t<div class=\"edgtf-ig-image\">\n\t\t\t\t\t\t\t\t\t<a itemprop=\"image\" class=\"edgtf-ig-lightbox edgtf-block-drag-link\" href=\"https:\/\/wirtznv.com\/wp-content\/uploads\/2021\/04\/cobblestones.jpg\" data-rel=\"prettyPhoto[image_gallery_pretty_photo-595]\" title=\"cobblestones\">\n\t\t\t\t\t\t\t\t\t<img decoding=\"async\" width=\"900\" height=\"600\" data-src=\"https:\/\/wirtznv.com\/wp-content\/uploads\/2021\/04\/cobblestones.jpg\" class=\"attachment-full size-full lazyload\" alt=\"\" data-srcset=\"https:\/\/wirtznv.com\/wp-content\/uploads\/2021\/04\/cobblestones.jpg 900w, https:\/\/wirtznv.com\/wp-content\/uploads\/2021\/04\/cobblestones-300x200.jpg 300w, https:\/\/wirtznv.com\/wp-content\/uploads\/2021\/04\/cobblestones-768x512.jpg 768w\" data-sizes=\"(max-width: 900px) 100vw, 900px\" src=\"data:image\/svg+xml;base64,PHN2ZyB3aWR0aD0iMSIgaGVpZ2h0PSIxIiB4bWxucz0iaHR0cDovL3d3dy53My5vcmcvMjAwMC9zdmciPjwvc3ZnPg==\" style=\"--smush-placeholder-width: 900px; --smush-placeholder-aspect-ratio: 900\/600;\" \/>\t\t\t\t\t\t\t\t\t<\/a>\n\t\t\t\t\t\t\t<\/div>\n\t\t\t\t\t<div class=\"edgtf-ig-image\">\n\t\t\t\t\t\t\t\t\t<a itemprop=\"image\" class=\"edgtf-ig-lightbox edgtf-block-drag-link\" href=\"https:\/\/wirtznv.com\/wp-content\/uploads\/2021\/04\/brick-paver.jpg\" data-rel=\"prettyPhoto[image_gallery_pretty_photo-595]\" title=\"brick-paver\">\n\t\t\t\t\t\t\t\t\t<img decoding=\"async\" width=\"900\" height=\"600\" data-src=\"https:\/\/wirtznv.com\/wp-content\/uploads\/2021\/04\/brick-paver.jpg\" class=\"attachment-full size-full lazyload\" alt=\"\" data-srcset=\"https:\/\/wirtznv.com\/wp-content\/uploads\/2021\/04\/brick-paver.jpg 900w, https:\/\/wirtznv.com\/wp-content\/uploads\/2021\/04\/brick-paver-300x200.jpg 300w, https:\/\/wirtznv.com\/wp-content\/uploads\/2021\/04\/brick-paver-768x512.jpg 768w\" data-sizes=\"(max-width: 900px) 100vw, 900px\" src=\"data:image\/svg+xml;base64,PHN2ZyB3aWR0aD0iMSIgaGVpZ2h0PSIxIiB4bWxucz0iaHR0cDovL3d3dy53My5vcmcvMjAwMC9zdmciPjwvc3ZnPg==\" style=\"--smush-placeholder-width: 900px; --smush-placeholder-aspect-ratio: 900\/600;\" \/>\t\t\t\t\t\t\t\t\t<\/a>\n\t\t\t\t\t\t\t<\/div>\n\t\t\t\t\t<div class=\"edgtf-ig-image\">\n\t\t\t\t\t\t\t\t\t<a itemprop=\"image\" class=\"edgtf-ig-lightbox edgtf-block-drag-link\" href=\"https:\/\/wirtznv.com\/wp-content\/uploads\/2021\/04\/boxform-trees.jpg\" data-rel=\"prettyPhoto[image_gallery_pretty_photo-595]\" title=\"boxform-trees\">\n\t\t\t\t\t\t\t\t\t<img decoding=\"async\" width=\"900\" height=\"600\" data-src=\"https:\/\/wirtznv.com\/wp-content\/uploads\/2021\/04\/boxform-trees.jpg\" class=\"attachment-full size-full lazyload\" alt=\"\" data-srcset=\"https:\/\/wirtznv.com\/wp-content\/uploads\/2021\/04\/boxform-trees.jpg 900w, https:\/\/wirtznv.com\/wp-content\/uploads\/2021\/04\/boxform-trees-300x200.jpg 300w, https:\/\/wirtznv.com\/wp-content\/uploads\/2021\/04\/boxform-trees-768x512.jpg 768w\" data-sizes=\"(max-width: 900px) 100vw, 900px\" src=\"data:image\/svg+xml;base64,PHN2ZyB3aWR0aD0iMSIgaGVpZ2h0PSIxIiB4bWxucz0iaHR0cDovL3d3dy53My5vcmcvMjAwMC9zdmciPjwvc3ZnPg==\" style=\"--smush-placeholder-width: 900px; --smush-placeholder-aspect-ratio: 900\/600;\" \/>\t\t\t\t\t\t\t\t\t<\/a>\n\t\t\t\t\t\t\t<\/div>\n\t\t\t\t\t<div class=\"edgtf-ig-image\">\n\t\t\t\t\t\t\t\t\t<a itemprop=\"image\" class=\"edgtf-ig-lightbox edgtf-block-drag-link\" href=\"https:\/\/wirtznv.com\/wp-content\/uploads\/2021\/04\/bio-pool.jpg\" data-rel=\"prettyPhoto[image_gallery_pretty_photo-595]\" title=\"bio-pool\">\n\t\t\t\t\t\t\t\t\t<img decoding=\"async\" width=\"900\" height=\"600\" data-src=\"https:\/\/wirtznv.com\/wp-content\/uploads\/2021\/04\/bio-pool.jpg\" class=\"attachment-full size-full lazyload\" alt=\"\" data-srcset=\"https:\/\/wirtznv.com\/wp-content\/uploads\/2021\/04\/bio-pool.jpg 900w, https:\/\/wirtznv.com\/wp-content\/uploads\/2021\/04\/bio-pool-300x200.jpg 300w, https:\/\/wirtznv.com\/wp-content\/uploads\/2021\/04\/bio-pool-768x512.jpg 768w\" data-sizes=\"(max-width: 900px) 100vw, 900px\" src=\"data:image\/svg+xml;base64,PHN2ZyB3aWR0aD0iMSIgaGVpZ2h0PSIxIiB4bWxucz0iaHR0cDovL3d3dy53My5vcmcvMjAwMC9zdmciPjwvc3ZnPg==\" style=\"--smush-placeholder-width: 900px; --smush-placeholder-aspect-ratio: 900\/600;\" \/>\t\t\t\t\t\t\t\t\t<\/a>\n\t\t\t\t\t\t\t<\/div>\n\t\t\t<\/div>\n<\/div>[\/vc_column][\/vc_row]<\/p>\n<\/div>","protected":false},"excerpt":{"rendered":"<p>[vc_row css=\u00a0\u00bb.vc_custom_1616406220785{padding-top: 50px !important;padding-bottom: 50px !important;}\u00a0\u00bb][vc_column][vc_raw_html el_class=\u00a0\u00bbbreadcrumb\u00a0\u00bb]JTVCd3BzZW9fYnJlYWRjcnVtYiU1RA==[\/vc_raw_html][\/vc_column][\/vc_row][vc_row gap=\u00a0\u00bb35&Prime; equal_height=\u00a0\u00bbyes\u00a0\u00bb][vc_column width=\u00a0\u00bb1\/12&Prime;][\/vc_column][vc_column width=\u00a0\u00bb3\/12&Prime;][vc_column_text el_class=\u00a0\u00bbseoh1&Prime;] Conception de jardins [\/vc_column_text][\/vc_column][vc_column width=\u00a0\u00bb7\/12&Prime; el_class=\u00a0\u00bblineleft\u00a0\u00bb][vc_column_text] Depuis notre si\u00e8ge social en Belgique, l\u2019attraction magn\u00e9tique de Wirtz International s\u2019est \u00e9tendue \u00e0 travers l\u2019Europe, l\u2019Asie et les \u00c9tats-Unis. Quel est [&hellip;]<\/p>\n","protected":false},"author":1,"featured_media":0,"parent":0,"menu_order":3,"comment_status":"closed","ping_status":"closed","template":"","meta":{"_acf_changed":false,"footnotes":""},"categories":[],"tags":[],"class_list":["post-6066","page","type-page","status-publish","hentry"],"acf":[],"yoast_head":"<!-- This site is optimized with the Yoast SEO plugin v26.4 - https:\/\/yoast.com\/wordpress\/plugins\/seo\/ -->\n<title>Conception de jardins | Wirtz International Landscape Architects<\/title>\n<meta name=\"description\" content=\"Wirtz International est une autorit\u00e9 internationale dans le domaine de la conception de jardins, ax\u00e9e sur la durabilit\u00e9 \u00e9quilibr\u00e9e.\" \/>\n<meta name=\"robots\" content=\"index, follow, max-snippet:-1, max-image-preview:large, max-video-preview:-1\" \/>\n<link rel=\"canonical\" href=\"https:\/\/wirtznv.com\/fr\/design\/\" \/>\n<meta property=\"og:locale\" content=\"fr_FR\" \/>\n<meta property=\"og:type\" content=\"article\" \/>\n<meta property=\"og:title\" content=\"Conception de jardins | Wirtz International Landscape Architects\" \/>\n<meta property=\"og:description\" content=\"Wirtz International est une autorit\u00e9 internationale dans le domaine de la conception de jardins, ax\u00e9e sur la durabilit\u00e9 \u00e9quilibr\u00e9e.\" \/>\n<meta property=\"og:url\" content=\"https:\/\/wirtznv.com\/fr\/design\/\" \/>\n<meta property=\"og:site_name\" content=\"Wirtz NV\" \/>\n<meta property=\"article:modified_time\" content=\"2023-03-15T13:40:14+00:00\" \/>\n<meta name=\"twitter:card\" content=\"summary_large_image\" \/>\n<meta name=\"twitter:label1\" content=\"Dur\u00e9e de lecture estim\u00e9e\" \/>\n\t<meta name=\"twitter:data1\" content=\"2 minutes\" \/>\n<script type=\"application\/ld+json\" class=\"yoast-schema-graph\">{\"@context\":\"https:\/\/schema.org\",\"@graph\":[{\"@type\":\"WebPage\",\"@id\":\"https:\/\/wirtznv.com\/fr\/design\/\",\"url\":\"https:\/\/wirtznv.com\/fr\/design\/\",\"name\":\"Conception de jardins | Wirtz International Landscape Architects\",\"isPartOf\":{\"@id\":\"https:\/\/wirtznv.com\/fr\/#website\"},\"datePublished\":\"2021-03-19T12:18:25+00:00\",\"dateModified\":\"2023-03-15T13:40:14+00:00\",\"description\":\"Wirtz International est une autorit\u00e9 internationale dans le domaine de la conception de jardins, ax\u00e9e sur la durabilit\u00e9 \u00e9quilibr\u00e9e.\",\"breadcrumb\":{\"@id\":\"https:\/\/wirtznv.com\/fr\/design\/#breadcrumb\"},\"inLanguage\":\"fr-FR\",\"potentialAction\":[{\"@type\":\"ReadAction\",\"target\":[\"https:\/\/wirtznv.com\/fr\/design\/\"]}]},{\"@type\":\"BreadcrumbList\",\"@id\":\"https:\/\/wirtznv.com\/fr\/design\/#breadcrumb\",\"itemListElement\":[{\"@type\":\"ListItem\",\"position\":1,\"name\":\"Home\",\"item\":\"https:\/\/wirtznv.com\/fr\/\"},{\"@type\":\"ListItem\",\"position\":2,\"name\":\"Design\"}]},{\"@type\":\"WebSite\",\"@id\":\"https:\/\/wirtznv.com\/fr\/#website\",\"url\":\"https:\/\/wirtznv.com\/fr\/\",\"name\":\"Wirtz NV\",\"description\":\"\",\"publisher\":{\"@id\":\"https:\/\/wirtznv.com\/fr\/#organization\"},\"potentialAction\":[{\"@type\":\"SearchAction\",\"target\":{\"@type\":\"EntryPoint\",\"urlTemplate\":\"https:\/\/wirtznv.com\/fr\/?s={search_term_string}\"},\"query-input\":{\"@type\":\"PropertyValueSpecification\",\"valueRequired\":true,\"valueName\":\"search_term_string\"}}],\"inLanguage\":\"fr-FR\"},{\"@type\":\"Organization\",\"@id\":\"https:\/\/wirtznv.com\/fr\/#organization\",\"name\":\"Wirtz NV\",\"url\":\"https:\/\/wirtznv.com\/fr\/\",\"logo\":{\"@type\":\"ImageObject\",\"inLanguage\":\"fr-FR\",\"@id\":\"https:\/\/wirtznv.com\/fr\/#\/schema\/logo\/image\/\",\"url\":\"https:\/\/mk0wirtznvw3r6n59kw4.kinstacdn.com\/wp-content\/uploads\/2021\/03\/logo_header@2x-1.png\",\"contentUrl\":\"https:\/\/mk0wirtznvw3r6n59kw4.kinstacdn.com\/wp-content\/uploads\/2021\/03\/logo_header@2x-1.png\",\"width\":177,\"height\":161,\"caption\":\"Wirtz NV\"},\"image\":{\"@id\":\"https:\/\/wirtznv.com\/fr\/#\/schema\/logo\/image\/\"}}]}<\/script>\n<!-- \/ Yoast SEO plugin. -->","yoast_head_json":{"title":"Conception de jardins | Wirtz International Landscape Architects","description":"Wirtz International est une autorit\u00e9 internationale dans le domaine de la conception de jardins, ax\u00e9e sur la durabilit\u00e9 \u00e9quilibr\u00e9e.","robots":{"index":"index","follow":"follow","max-snippet":"max-snippet:-1","max-image-preview":"max-image-preview:large","max-video-preview":"max-video-preview:-1"},"canonical":"https:\/\/wirtznv.com\/fr\/design\/","og_locale":"fr_FR","og_type":"article","og_title":"Conception de jardins | Wirtz International Landscape Architects","og_description":"Wirtz International est une autorit\u00e9 internationale dans le domaine de la conception de jardins, ax\u00e9e sur la durabilit\u00e9 \u00e9quilibr\u00e9e.","og_url":"https:\/\/wirtznv.com\/fr\/design\/","og_site_name":"Wirtz NV","article_modified_time":"2023-03-15T13:40:14+00:00","twitter_card":"summary_large_image","twitter_misc":{"Dur\u00e9e de lecture estim\u00e9e":"2 minutes"},"schema":{"@context":"https:\/\/schema.org","@graph":[{"@type":"WebPage","@id":"https:\/\/wirtznv.com\/fr\/design\/","url":"https:\/\/wirtznv.com\/fr\/design\/","name":"Conception de jardins | Wirtz International Landscape Architects","isPartOf":{"@id":"https:\/\/wirtznv.com\/fr\/#website"},"datePublished":"2021-03-19T12:18:25+00:00","dateModified":"2023-03-15T13:40:14+00:00","description":"Wirtz International est une autorit\u00e9 internationale dans le domaine de la conception de jardins, ax\u00e9e sur la durabilit\u00e9 \u00e9quilibr\u00e9e.","breadcrumb":{"@id":"https:\/\/wirtznv.com\/fr\/design\/#breadcrumb"},"inLanguage":"fr-FR","potentialAction":[{"@type":"ReadAction","target":["https:\/\/wirtznv.com\/fr\/design\/"]}]},{"@type":"BreadcrumbList","@id":"https:\/\/wirtznv.com\/fr\/design\/#breadcrumb","itemListElement":[{"@type":"ListItem","position":1,"name":"Home","item":"https:\/\/wirtznv.com\/fr\/"},{"@type":"ListItem","position":2,"name":"Design"}]},{"@type":"WebSite","@id":"https:\/\/wirtznv.com\/fr\/#website","url":"https:\/\/wirtznv.com\/fr\/","name":"Wirtz NV","description":"","publisher":{"@id":"https:\/\/wirtznv.com\/fr\/#organization"},"potentialAction":[{"@type":"SearchAction","target":{"@type":"EntryPoint","urlTemplate":"https:\/\/wirtznv.com\/fr\/?s={search_term_string}"},"query-input":{"@type":"PropertyValueSpecification","valueRequired":true,"valueName":"search_term_string"}}],"inLanguage":"fr-FR"},{"@type":"Organization","@id":"https:\/\/wirtznv.com\/fr\/#organization","name":"Wirtz NV","url":"https:\/\/wirtznv.com\/fr\/","logo":{"@type":"ImageObject","inLanguage":"fr-FR","@id":"https:\/\/wirtznv.com\/fr\/#\/schema\/logo\/image\/","url":"https:\/\/mk0wirtznvw3r6n59kw4.kinstacdn.com\/wp-content\/uploads\/2021\/03\/logo_header@2x-1.png","contentUrl":"https:\/\/mk0wirtznvw3r6n59kw4.kinstacdn.com\/wp-content\/uploads\/2021\/03\/logo_header@2x-1.png","width":177,"height":161,"caption":"Wirtz NV"},"image":{"@id":"https:\/\/wirtznv.com\/fr\/#\/schema\/logo\/image\/"}}]}},"_links":{"self":[{"href":"https:\/\/wirtznv.com\/fr\/wp-json\/wp\/v2\/pages\/6066","targetHints":{"allow":["GET"]}}],"collection":[{"href":"https:\/\/wirtznv.com\/fr\/wp-json\/wp\/v2\/pages"}],"about":[{"href":"https:\/\/wirtznv.com\/fr\/wp-json\/wp\/v2\/types\/page"}],"author":[{"embeddable":true,"href":"https:\/\/wirtznv.com\/fr\/wp-json\/wp\/v2\/users\/1"}],"replies":[{"embeddable":true,"href":"https:\/\/wirtznv.com\/fr\/wp-json\/wp\/v2\/comments?post=6066"}],"version-history":[{"count":0,"href":"https:\/\/wirtznv.com\/fr\/wp-json\/wp\/v2\/pages\/6066\/revisions"}],"wp:attachment":[{"href":"https:\/\/wirtznv.com\/fr\/wp-json\/wp\/v2\/media?parent=6066"}],"wp:term":[{"taxonomy":"category","embeddable":true,"href":"https:\/\/wirtznv.com\/fr\/wp-json\/wp\/v2\/categories?post=6066"},{"taxonomy":"post_tag","embeddable":true,"href":"https:\/\/wirtznv.com\/fr\/wp-json\/wp\/v2\/tags?post=6066"}],"curies":[{"name":"wp","href":"https:\/\/api.w.org\/{rel}","templated":true}]}}