{"id":9392,"date":"2024-06-04T10:37:53","date_gmt":"2024-06-04T08:37:53","guid":{"rendered":"https:\/\/wirtznv.com\/?page_id=9392"},"modified":"2024-06-04T10:37:53","modified_gmt":"2024-06-04T08:37:53","slug":"privacy-policy","status":"publish","type":"page","link":"https:\/\/wirtznv.com\/de\/privacy-policy\/","title":{"rendered":"Privacy policy"},"content":{"rendered":"<div class=\"wpb-content-wrapper\"><p>[vc_row][vc_column][vc_column_text]Die vorliegende Datenschutzrichtlinie gilt f\u00fcr alle von uns (an uns) erbrachten Dienstleistungen und generell f\u00fcr alle von uns durchgef\u00fchrten Aktivit\u00e4ten.<\/p>\n<p>Die Website ist Eigentum der Gesellschaft Wirtz International NV mit Sitz in Botermelkdijk 464, 2900 Schoten, ZDU-Nummer 0438.287.273, die unter dem Handelsnamen \u201eWirtz\u201c, \u201eWirtz International\u201c oder auch \u201eWirtz International Landscape Architects\u201c auftritt und im Folgenden als \u201eWirtz International\u201c bezeichnet wird.<\/p>\n<p>Bitte lesen Sie die vorliegende Datenschutzrichtlinie aufmerksam, denn sie enth\u00e4lt wichtige Informationen dar\u00fcber, wie Ihre personenbezogenen Daten verarbeitet werden.<\/p>\n<p>Indem Sie Ihre personenbezogenen Daten mitteilen, erkl\u00e4ren Sie ausdr\u00fccklich, dass Sie unsere Datenschutzrichtlinie gelesen haben und auch ausdr\u00fccklich damit einverstanden sind, ebenso wie mit der Verarbeitung selbst.<\/p>\n<h2><strong>1. ALLGEMEINES<\/strong><\/h2>\n<ol>\n<li>Der Verantwortliche f\u00fcr die Verarbeitung personenbezogener Daten \u00fcber die Website ist: Wirtz International NV, Botermelkdijk 464, 2900 Schoten, ZDU-Nr. 0438.287.273.<\/li>\n<li>Wirtz International hat keinen Datenschutzbeauftragten (\u201eDPO\u201c) und ist auch nicht verpflichtet, einen solchen einzusetzen. Mit allen Fragen und Anfragen bez\u00fcglich der Verarbeitung personenbezogener Daten k\u00f6nnen Sie uns, genauer gesagt Frau Kelly Camps, entweder per Post an die oben stehende Anschrift, oder per E-Mail unter\u00a0<strong>info@wirtznv.be<\/strong>oder telefonisch unter der Nummer +32 3 680 13 22 gerne kontaktieren<\/li>\n<li>Wirtz International erf\u00fcllt s\u00e4mtliche Vorschriften der Europ\u00e4ischen Verordnung (EU) 2016\/679 vom 27. April 2016 zum Schutz nat\u00fcrlicher Personen bei der Verarbeitung personenbezogener Daten (im Folgenden: \u201eDSGVO\u201c), der belgischen Gesetzgebung zum Schutz des Privatlebens und der Europ\u00e4ischen Richtlinie 2002\/58\/EG vom 12. Juli 2002 \u00fcber die Verarbeitung personenbezogener Daten und den Schutz der Privatsph\u00e4re in der elektronischen Kommunikation (im Folgenden: \u201eDatenschutzrichtlinie f\u00fcr elektronische Kommunikation\u201c), zusammen als \u201eDatenschutzrecht\u201c bezeichnet.<\/li>\n<\/ol>\n<h2><strong>2. VERARBEITUNGST\u00c4TIGKEITEN<\/strong><\/h2>\n<p>Im Rahmen seiner Gesch\u00e4ftst\u00e4tigkeit f\u00fchrt Wirtz International folgende Verarbeitungst\u00e4tigkeiten aus:<\/p>\n<ol>\n<li><strong> Kunden:<\/strong><br \/>\n<em>Welche Daten werden verarbeitet?<\/em>Die personenbezogenen Identifikationsdaten unserer Kunden und ggf. ihrer Vertreter (u. a. Namen, Rechtsform, Geschlecht), Kontaktdaten (u. a. Adressen des Gesch\u00e4ftssitzes oder Wohnsitzes, Telefon-, GSM- und\/oder Faxnummer, E-Mail-Adresse), finanzielle Identifikationsdaten (u. a. UStID-Nummer und andere Rechnungsdaten), Informationen im Zusammenhang mit der Ausf\u00fchrung unserer Vereinbarung (einschlie\u00dflich unser Schriftverkehr, die Pl\u00e4ne, Entw\u00fcrfe und andere Sch\u00f6pfungen), die eigene Referenznummer bei Wirtz.<\/li>\n<\/ol>\n<p><em>Zweck der Datenverarbeitung<\/em>\u00a0Wir verarbeiten diese Daten, um Sie zu identifizieren und individuell anzusprechen, zu Verwaltungszwecken, f\u00fcr eine reibungslose Kommunikation, zur Kontrolle und Ausf\u00fchrung des Vertrags, f\u00fcr sp\u00e4teres Feedback und zu Buchf\u00fchrungszwecken.<\/p>\n<p><em>Rechtsgrundlage der Datenverarbeitung<\/em>\u00a0Die Verarbeitung ist notwendig, damit wir die von Ihnen gew\u00fcnschten Dienstleistungen erbringen und den Vertrag auf Ihre Anfrage hin ausf\u00fchren k\u00f6nnen (Artikel 6 Absatz 1 Buchstabe b DSGVO). Die Verarbeitung basiert zum Teil auch auf unseren gesetzlichen Pflichten (Artikel 6 Absatz 1 Buchstabe c DSGVO).<\/p>\n<p><em>Wie lange werden die Daten gespeichert?<\/em>\u00a0Wir speichern diese Daten, sobald Sie uns kontaktieren, f\u00fcr die Laufzeit des Auftrags. Anschlie\u00dfend speichern wir alle Daten gem\u00e4\u00df der gesetzlichen Haftungspflicht von Architekten f\u00fcr strukturelle M\u00e4ngel zehn Jahre lang.<\/p>\n<ol start=\"2\">\n<li><strong> Referenzen:<\/strong><br \/>\n<em>Welche Daten werden verarbeitet?<\/em>Kundenname, Projektbeschreibung und Abbildungen, Fotos, Entw\u00fcrfe und Zeichnungen des Projekts.<\/li>\n<\/ol>\n<p><em>Zweck der Datenverarbeitung<\/em>\u00a0Auflistung ausgef\u00fchrter Projektbeispiele als Referenzen auf der Website.<\/p>\n<p><em>Rechtsgrundlage der Datenverarbeitung<\/em>\u00a0Die Verarbeitung erfolgt nach vorheriger Einwilligung (Artikel 6 Absatz 1 Buchstabe a DSGVO).<\/p>\n<p><em>Wie lange werden die Daten gespeichert?<\/em>\u00a0Wir speichern diese Daten f\u00fcr zehn Jahre nach Beendigung des Auftrags, es sei denn, die erteilte Einwilligung wird vorher widerrufen.<\/p>\n<ol start=\"3\">\n<li><strong> Lieferanten :<\/strong><br \/>\n<em>Welche Daten werden verarbeitet?<\/em>Die personenbezogenen Identifikationsdaten von Lieferanten und ggf. ihrer Vertreter (u. a. Namen, Rechtsform) Kontaktdaten (u. a. Anschrift, Gesellschaftssitz oder Wohnsitz, Telefon-, Mobiltelefon- und\/oder Faxnummer, E-Mail-Adresse), finanzielle Identifikationsdaten (UStID-Nummer und andere Rechnungsdaten, Informationen im Zusammenhang mit der Ausf\u00fchrung unserer Vereinbarung (u. a. unser Schriftverkehr, eine Beschreibung der gelieferten Waren oder erbrachten Dienstleistungen).<\/li>\n<\/ol>\n<p><em>Zweck der Datenverarbeitung<\/em>\u00a0Wir verarbeiten diese Daten, um Sie zu identifizieren und individuell anzusprechen, zu Verwaltungszwecken, f\u00fcr eine reibungslose Kommunikation, zur Kontrolle und Ausf\u00fchrung des Vertrags, f\u00fcr sp\u00e4teres Feedback und zu Buchf\u00fchrungszwecken.<\/p>\n<p><em>Rechtsgrundlage der Datenverarbeitung<\/em>\u00a0Die Verarbeitung ist f\u00fcr die Aufgabe von Bestellungen, die Lieferung von Waren oder die Erbringung von Dienstleistungen notwendig (Artikel 6 Absatz 1 Buchstabe b DSGVO). Die Verarbeitung basiert zum Teil auch auf unseren gesetzlichen Pflichten (Artikel 6 Absatz 1 Buchstabe c DSGVO).<\/p>\n<p><em>Wie lange werden die Daten gespeichert?<\/em>\u00a0Wir speichern diese Daten f\u00fcr zehn Jahre nach Beendigung des Vertrags, um unserer buchhalterischen Aufbewahrungspflicht nachzukommen.<\/p>\n<ol start=\"4\">\n<li><strong> Potenzielle Kunden:<\/strong><br \/>\n<em>Welche Daten werden verarbeitet?<\/em>Name, Kontaktdaten, Abbildungen und andere von Ihnen angegebene Daten.<\/li>\n<\/ol>\n<p><em>Zweck der Datenverarbeitung<\/em>\u00a0Wir unterhalten Kontakte zu Gewerbetreibenden und anderen Interessenten, die wir auf Vortr\u00e4gen, Gastvorlesungen, Messen und Veranstaltungen treffen und die uns ihre Kontaktdaten geben.<\/p>\n<p><em>Rechtsgrundlage der Datenverarbeitung<\/em>\u00a0Die Bereitstellung der Informationen kann als unmissverst\u00e4ndliche Einwilligung in die Verarbeitung betrachtet werden (Artikel 6 Absatz 1 Buchstabe a DSGVO). Zudem ist es auf jeden Fall ein berechtigtes Interesse von Wirtz International, ein solides Netzwerk f\u00fcr seine Gesch\u00e4ftst\u00e4tigkeit zu pflegen (Artikel 6 Absatz 1 Buchstabe f DSGVO).<\/p>\n<p><em>Wie lange werden die Daten gespeichert?<\/em>\u00a0Wir speichern die Daten solange, bis der Betroffene seine Einwilligung widerruft, in jedem Fall aber nicht l\u00e4nger als 10 Jahre.<\/p>\n<ol start=\"5\">\n<li><strong> Bewerbungen :<\/strong><br \/>\n<em>Welche Daten werden verarbeitet?<\/em>Name, Kontaktdaten (u. a. Anschrift des Aufenthaltortes, E-Mail-Adresse, Telefon- und Mobiltelefonnummer,) Lebenslauf mit allen vom Bewerber gemachten Angaben, Motivationsschreiben, eventuell Notizen aus Bewerbungsgespr\u00e4chen oder Assessments, Schriftverkehr und alle anderen Daten, die der Bewerber Wirtz International bei einer Bewerbung mitgeteilt hat.<\/li>\n<\/ol>\n<p><em>Zweck der Datenverarbeitung<\/em>\u00a0Diese Daten verarbeiten wir auf Ihre Anfrage und Initiative zur Pr\u00fcfung Ihrer Bewerbung im Hinblick auf eine eventuelle Einstellung oder Zusammenarbeit.<\/p>\n<p><em>Rechtsgrundlage der Datenverarbeitung<\/em>\u00a0Die Verarbeitung ist notwendig, um die erforderlichen Schritte vor Abschluss eines Vertrags durchf\u00fchren zu k\u00f6nnen (Artikel 6 Absatz 1 Buchstabe b DSGVO) und im berechtigten Interesse von Wirtz International, um Ihre Bewerbung zu bewerten (Artikel 6 Absatz 1 Buchstabe f DSGVO).<\/p>\n<p><em>Wie lange werden die Daten gespeichert?<\/em>\u00a0Wir speichern diese Daten f\u00fcr die Dauer des Bewerbungsverfahrens. Wenn ein Bewerber nicht ausgew\u00e4hlt wird, l\u00f6schen wir alle Daten sofort nach Ende der Bewerbung, es sei denn, Sie haben ausdr\u00fccklich zugestimmt, dass Ihre personenbezogenen Daten l\u00e4nger aufbewahrt werden. In diesem Fall werden Ihre Daten f\u00fcr 5 Jahre nach Abschluss des Bewerbungsverfahrens aufbewahrt.<\/p>\n<ol start=\"6\">\n<li><strong> Kontakt aufnehmende Dritte:<\/strong><br \/>\n<em>Welche Daten werden verarbeitet?<\/em>Name, E-Mail-Adresse, Inhalt der Nachricht und sp\u00e4tere Korrespondenz.<\/li>\n<\/ol>\n<p><em>Zweck der Datenverarbeitung<\/em>\u00a0Interessenten k\u00f6nnen uns jederzeit eine E-Mail schicken oder unser Kontaktformular nutzen. Die Daten werden verarbeitet, damit wir effizient auf die eingehenden Nachrichten reagieren k\u00f6nnen.<\/p>\n<p><em>Rechtsgrundlage der Datenverarbeitung<\/em>\u00a0Die Verarbeitung ist notwendig, damit wir den von Ihnen angeforderten Dienst (Beantwortung Ihrer Nachricht) anbieten k\u00f6nnen (Artikel 6 Absatz 1 Buchstabe b DSGVO).<\/p>\n<p><em>Wie lange werden die Daten gespeichert?<\/em>\u00a0Nach der Beantwortung Ihrer Fragen oder der Antwort auf Ihre Anmerkungen oder Nachrichten l\u00f6schen wir alle Daten nach f\u00fcnf Jahren.<\/p>\n<h2><strong>3. \u00dcBERMITTLUNG<\/strong><\/h2>\n<ol>\n<li>Wir sch\u00fctzen Ihre personenbezogenen Daten ordnungsgem\u00e4\u00df vor nicht beabsichtigtem Zugriff. F\u00fcr bestimmte Zwecke \u00fcbermitteln wir Ihre personenbezogenen Daten jedoch an Dritte, die f\u00fcr uns Dienstleistungen erbringen, z. B. einen Buchhalter f\u00fcr die Buchf\u00fchrung, einen Rechtsanwalt f\u00fcr Gerichtsverfahren, einen Webdesigner f\u00fcr die Pflege unserer Website, IT-Provider f\u00fcr die Verwendung bestimmter Cookies usw.<\/li>\n<li>Au\u00dfer zur technischen Verarbeitung werden keine Daten an Dritte \u00fcbermittelt. Ihre Daten werden auf keinen Fall verkauft oder zu kommerziellen Zwecken weitergegeben.<\/li>\n<li>Eine Weitergabe ist jedoch im Falle einer Umstrukturierung oder Insolvenz von Wirtz International m\u00f6glich oder bei der Ver\u00e4u\u00dferung aller oder eines Teils der Aktivit\u00e4ten von Wirtz International. In einem solchen Fall tun wir alles, um Sie schnellstm\u00f6glich zu informieren.<\/li>\n<li>In seltenen F\u00e4llen kann es vorkommen, dass wir Daten aufgrund einer richterlichen Anordnung oder zur Erf\u00fcllung anderer zwingender Rechts- oder Gesetzesvorschriften offenlegen oder \u00fcbermitteln m\u00fcssen. Wir setzen alles daran, Sie dar\u00fcber rechtzeitig zu informieren, soweit dies nicht irgendwelchen gesetzlichen Einschr\u00e4nkungen unterliegt.<\/li>\n<li>Die Daten, die wir mit Cookies von Google Analytics sammeln und verarbeiten, werden jedoch in die Vereinigten Staaten \u00fcbermittelt. Google Inc. unterliegt dem EU-US-Datenschutzrahmen, sodass die \u00dcbermittlung sicher sein m\u00fcsste. Davon abgesehen gelangen Ihre Daten niemals au\u00dferhalb des Hoheitsgebiets der Europ\u00e4ischen Union.<\/li>\n<\/ol>\n<h2><strong>4. IHRE RECHTE<\/strong><\/h2>\n<ol>\n<li><strong> Auskunftsrecht:<\/strong><br \/>\nSie sind jederzeit berechtigt, kostenlos zu erfahren, welche personenbezogenen Daten wir von Ihnen gespeichert haben und wof\u00fcr wir diese verwenden.<\/li>\n<li><strong> Recht auf Berichtigung, L\u00f6schung und Einschr\u00e4nkung der Verarbeitung:<\/strong><br \/>\nEs stehen Ihnen frei, uns Ihre personenbezogenen Daten mitzuteilen oder nicht. Zudem sind Sie berechtigt, von uns die Berichtigung, Erg\u00e4nzung oder L\u00f6schung Ihrer Daten zu verlangen. Sie werden verstehen, dass wir bestimmte Dienstleistungen und Produkte nicht anbieten k\u00f6nnen, wenn Sie die Angabe personenbezogener Daten verweigern oder uns zur L\u00f6schung dieser Daten auffordern.<\/li>\n<\/ol>\n<p>Sie k\u00f6nnen auch verlangen, dass die Verarbeitung Ihrer personenbezogenen Daten eingeschr\u00e4nkt wird.<\/p>\n<ol start=\"3\">\n<li><strong> Widerspruchsrecht:<\/strong><br \/>\nSie sind auch berechtigt, der Verarbeitung Ihrer personenbezogenen Daten aus schwerwiegenden berechtigten Gr\u00fcnden zu widersprechen.<\/li>\n<li><strong> Recht auf freie Daten\u00fcbertragbarkeit:<\/strong><br \/>\nSie sind berechtigt, Ihre personenbezogenen Daten in einem strukturierten, g\u00e4ngigen, computerlesbaren Format zu erhalten und\/oder sie einem anderen Verantwortlichen zu \u00fcbermitteln.<\/li>\n<li><strong> Recht auf Widerruf der Einwilligung:<\/strong><br \/>\nSofern die Verarbeitung auf Ihrer vorherigen Einwilligung basiert, sind Sie berechtigt, diese Einwilligung zu widerrufen.<\/li>\n<li><strong> Aus\u00fcbung Ihrer Rechte:<\/strong><br \/>\nZur Aus\u00fcbung Ihrer Rechte k\u00f6nnen Sie uns wie folgt kontaktieren:<br \/>\nWirtz International n.v.<br \/>\nPrivacy \u2013 Kelly Camps<br \/>\nBotermelkdijk 464<br \/>\n2900 Schoten<br \/>\n<a href=\"https:\/\/web.archive.org\/web\/20200929113403\/mailto:info@wirtznv.com\"><strong>info@wirtznv.be<\/strong><\/a><\/li>\n<\/ol>\n<p>Sie k\u00f6nnen auch das Kontaktformular auf unserer Website nutzen.<\/p>\n<p>Bitte weisen Sie sich deutlich aus und geben Sie ggf. Ihre Kundennummer an. Bei Zweifeln an Ihrer Identit\u00e4t k\u00f6nnen wir Sie auffordern, sich anhand Ihres Personalausweises auszuweisen<\/p>\n<ol start=\"7\">\n<li><strong> Automatisierte Entscheidungen und Profiling:<\/strong><br \/>\nBei der Verarbeitung Ihrer Daten setzen wir weder Profiling noch automatisierte Entscheidungen ein.<\/li>\n<li><strong> Beschwerderecht:<\/strong><br \/>\nWenn Sie der Ansicht sind, dass Ihre Datenschutzrechte verletzt wurden, k\u00f6nnen Sie jederzeit eine Beschwerde bei der belgischen Datenschutzbeh\u00f6rde einreichen:<\/li>\n<\/ol>\n<p>Data Protection Authority<br \/>\nDrukpersstraat 35<br \/>\n1000 Br\u00fcssel<\/p>\n<p>Tel : +32 (0)2 274 48 00<br \/>\nFax : +32 (0)2 274 48 35<br \/>\nEmail:\u00a0<a href=\"https:\/\/web.archive.org\/web\/20200929113403\/mailto:contact@apd-gba.be\"><strong>contact@apd-gba.be<\/strong><\/a><\/p>\n<p>Unbeschadet dessen k\u00f6nnen Sie ein zivilrechtliches Verfahren anstrengen.<\/p>\n<p>Sollte Ihnen durch die Verarbeitung Ihrer personenbezogenen Daten ein Schaden entstehen, k\u00f6nnen Sie ein Schadenersatzklageverfahren bei einem Zivilgericht einleiten.<\/p>\n<h2><strong>5. SICHERHEIT UND VERTRAULICHKEIT<\/strong><\/h2>\n<ol>\n<li>Wir haben geeignete technische und organisatorische Sicherheitsma\u00dfnahmen entwickelt, um die Vernichtung, den Verlust, die F\u00e4lschung, die \u00c4nderung, den unbefugten Zugriff oder die versehentliche Weitergabe der erfassten personenbezogenen Daten an Dritte sowie jede andere nicht zul\u00e4ssige Verarbeitung dieser Daten zu vermeiden.<\/li>\n<li>Wirtz International kann auf keinen Fall f\u00fcr direkte oder indirekte Sch\u00e4den haftbar gemacht werden, die sich aus der falschen oder widerrechtlichen Nutzung der personenbezogenen Daten durch Dritte ergeben.<\/li>\n<\/ol>\n<h2><strong>6<\/strong><strong>. FRAGEN<\/strong><\/h2>\n<p>Wir m\u00f6chten, dass Sie unsere Website uneingeschr\u00e4nkt nutzen k\u00f6nnen. Sollten Sie noch Fragen, Zweifel oder Anmerkungen zur Verarbeitung Ihrer personenbezogenen Daten auf der Website haben, kontaktieren Sie uns einfach. Sie k\u00f6nnen sich an unsere zust\u00e4ndige Ansprechpartnerin wenden:<\/p>\n<p>Kelly Camps<br \/>\n<strong><u>info@wirtznv.be<\/u><\/strong><br \/>\n+32 3 680 13 22[\/vc_column_text][\/vc_column][\/vc_row]<\/p>\n<\/div>","protected":false},"excerpt":{"rendered":"<p>[vc_row][vc_column][vc_column_text]Die vorliegende Datenschutzrichtlinie gilt f\u00fcr alle von uns (an uns) erbrachten Dienstleistungen und generell f\u00fcr alle von uns durchgef\u00fchrten Aktivit\u00e4ten. Die Website ist Eigentum der Gesellschaft Wirtz International NV mit Sitz in Botermelkdijk 464, 2900 Schoten, ZDU-Nummer 0438.287.273, die unter [&hellip;]<\/p>\n","protected":false},"author":1,"featured_media":0,"parent":0,"menu_order":0,"comment_status":"closed","ping_status":"closed","template":"","meta":{"_acf_changed":false,"footnotes":""},"categories":[],"tags":[],"class_list":["post-9392","page","type-page","status-publish","hentry"],"acf":[],"yoast_head":"<!-- This site is optimized with the Yoast SEO plugin v26.4 - https:\/\/yoast.com\/wordpress\/plugins\/seo\/ -->\n<title>Privacy policy | Wirtz NV<\/title>\n<meta name=\"robots\" content=\"index, follow, max-snippet:-1, max-image-preview:large, max-video-preview:-1\" \/>\n<link rel=\"canonical\" href=\"https:\/\/wirtznv.com\/de\/privacy-policy\/\" \/>\n<meta property=\"og:locale\" content=\"de_DE\" \/>\n<meta property=\"og:type\" content=\"article\" \/>\n<meta property=\"og:title\" content=\"Privacy policy | Wirtz NV\" \/>\n<meta property=\"og:description\" content=\"[vc_row][vc_column][vc_column_text]Die vorliegende Datenschutzrichtlinie gilt f\u00fcr alle von uns (an uns) erbrachten Dienstleistungen und generell f\u00fcr alle von uns durchgef\u00fchrten Aktivit\u00e4ten. Die Website ist Eigentum der Gesellschaft Wirtz International NV mit Sitz in Botermelkdijk 464, 2900 Schoten, ZDU-Nummer 0438.287.273, die unter [&hellip;]\" \/>\n<meta property=\"og:url\" content=\"https:\/\/wirtznv.com\/de\/privacy-policy\/\" \/>\n<meta property=\"og:site_name\" content=\"Wirtz NV\" \/>\n<meta name=\"twitter:card\" content=\"summary_large_image\" \/>\n<meta name=\"twitter:label1\" content=\"Gesch\u00e4tzte Lesezeit\" \/>\n\t<meta name=\"twitter:data1\" content=\"9\u00a0Minuten\" \/>\n<script type=\"application\/ld+json\" class=\"yoast-schema-graph\">{\"@context\":\"https:\/\/schema.org\",\"@graph\":[{\"@type\":\"WebPage\",\"@id\":\"https:\/\/wirtznv.com\/de\/privacy-policy\/\",\"url\":\"https:\/\/wirtznv.com\/de\/privacy-policy\/\",\"name\":\"Privacy policy | Wirtz NV\",\"isPartOf\":{\"@id\":\"https:\/\/wirtznv.com\/de\/#website\"},\"datePublished\":\"2024-06-04T08:37:53+00:00\",\"breadcrumb\":{\"@id\":\"https:\/\/wirtznv.com\/de\/privacy-policy\/#breadcrumb\"},\"inLanguage\":\"de\",\"potentialAction\":[{\"@type\":\"ReadAction\",\"target\":[\"https:\/\/wirtznv.com\/de\/privacy-policy\/\"]}]},{\"@type\":\"BreadcrumbList\",\"@id\":\"https:\/\/wirtznv.com\/de\/privacy-policy\/#breadcrumb\",\"itemListElement\":[{\"@type\":\"ListItem\",\"position\":1,\"name\":\"Home\",\"item\":\"https:\/\/wirtznv.com\/de\/\"},{\"@type\":\"ListItem\",\"position\":2,\"name\":\"Privacy policy\"}]},{\"@type\":\"WebSite\",\"@id\":\"https:\/\/wirtznv.com\/de\/#website\",\"url\":\"https:\/\/wirtznv.com\/de\/\",\"name\":\"Wirtz NV\",\"description\":\"\",\"publisher\":{\"@id\":\"https:\/\/wirtznv.com\/de\/#organization\"},\"potentialAction\":[{\"@type\":\"SearchAction\",\"target\":{\"@type\":\"EntryPoint\",\"urlTemplate\":\"https:\/\/wirtznv.com\/de\/?s={search_term_string}\"},\"query-input\":{\"@type\":\"PropertyValueSpecification\",\"valueRequired\":true,\"valueName\":\"search_term_string\"}}],\"inLanguage\":\"de\"},{\"@type\":\"Organization\",\"@id\":\"https:\/\/wirtznv.com\/de\/#organization\",\"name\":\"Wirtz NV\",\"url\":\"https:\/\/wirtznv.com\/de\/\",\"logo\":{\"@type\":\"ImageObject\",\"inLanguage\":\"de\",\"@id\":\"https:\/\/wirtznv.com\/de\/#\/schema\/logo\/image\/\",\"url\":\"https:\/\/mk0wirtznvw3r6n59kw4.kinstacdn.com\/wp-content\/uploads\/2021\/03\/logo_header@2x-1.png\",\"contentUrl\":\"https:\/\/mk0wirtznvw3r6n59kw4.kinstacdn.com\/wp-content\/uploads\/2021\/03\/logo_header@2x-1.png\",\"width\":177,\"height\":161,\"caption\":\"Wirtz NV\"},\"image\":{\"@id\":\"https:\/\/wirtznv.com\/de\/#\/schema\/logo\/image\/\"}}]}<\/script>\n<!-- \/ Yoast SEO plugin. -->","yoast_head_json":{"title":"Privacy policy | Wirtz NV","robots":{"index":"index","follow":"follow","max-snippet":"max-snippet:-1","max-image-preview":"max-image-preview:large","max-video-preview":"max-video-preview:-1"},"canonical":"https:\/\/wirtznv.com\/de\/privacy-policy\/","og_locale":"de_DE","og_type":"article","og_title":"Privacy policy | Wirtz NV","og_description":"[vc_row][vc_column][vc_column_text]Die vorliegende Datenschutzrichtlinie gilt f\u00fcr alle von uns (an uns) erbrachten Dienstleistungen und generell f\u00fcr alle von uns durchgef\u00fchrten Aktivit\u00e4ten. Die Website ist Eigentum der Gesellschaft Wirtz International NV mit Sitz in Botermelkdijk 464, 2900 Schoten, ZDU-Nummer 0438.287.273, die unter [&hellip;]","og_url":"https:\/\/wirtznv.com\/de\/privacy-policy\/","og_site_name":"Wirtz NV","twitter_card":"summary_large_image","twitter_misc":{"Gesch\u00e4tzte Lesezeit":"9\u00a0Minuten"},"schema":{"@context":"https:\/\/schema.org","@graph":[{"@type":"WebPage","@id":"https:\/\/wirtznv.com\/de\/privacy-policy\/","url":"https:\/\/wirtznv.com\/de\/privacy-policy\/","name":"Privacy policy | Wirtz NV","isPartOf":{"@id":"https:\/\/wirtznv.com\/de\/#website"},"datePublished":"2024-06-04T08:37:53+00:00","breadcrumb":{"@id":"https:\/\/wirtznv.com\/de\/privacy-policy\/#breadcrumb"},"inLanguage":"de","potentialAction":[{"@type":"ReadAction","target":["https:\/\/wirtznv.com\/de\/privacy-policy\/"]}]},{"@type":"BreadcrumbList","@id":"https:\/\/wirtznv.com\/de\/privacy-policy\/#breadcrumb","itemListElement":[{"@type":"ListItem","position":1,"name":"Home","item":"https:\/\/wirtznv.com\/de\/"},{"@type":"ListItem","position":2,"name":"Privacy policy"}]},{"@type":"WebSite","@id":"https:\/\/wirtznv.com\/de\/#website","url":"https:\/\/wirtznv.com\/de\/","name":"Wirtz NV","description":"","publisher":{"@id":"https:\/\/wirtznv.com\/de\/#organization"},"potentialAction":[{"@type":"SearchAction","target":{"@type":"EntryPoint","urlTemplate":"https:\/\/wirtznv.com\/de\/?s={search_term_string}"},"query-input":{"@type":"PropertyValueSpecification","valueRequired":true,"valueName":"search_term_string"}}],"inLanguage":"de"},{"@type":"Organization","@id":"https:\/\/wirtznv.com\/de\/#organization","name":"Wirtz NV","url":"https:\/\/wirtznv.com\/de\/","logo":{"@type":"ImageObject","inLanguage":"de","@id":"https:\/\/wirtznv.com\/de\/#\/schema\/logo\/image\/","url":"https:\/\/mk0wirtznvw3r6n59kw4.kinstacdn.com\/wp-content\/uploads\/2021\/03\/logo_header@2x-1.png","contentUrl":"https:\/\/mk0wirtznvw3r6n59kw4.kinstacdn.com\/wp-content\/uploads\/2021\/03\/logo_header@2x-1.png","width":177,"height":161,"caption":"Wirtz NV"},"image":{"@id":"https:\/\/wirtznv.com\/de\/#\/schema\/logo\/image\/"}}]}},"_links":{"self":[{"href":"https:\/\/wirtznv.com\/de\/wp-json\/wp\/v2\/pages\/9392","targetHints":{"allow":["GET"]}}],"collection":[{"href":"https:\/\/wirtznv.com\/de\/wp-json\/wp\/v2\/pages"}],"about":[{"href":"https:\/\/wirtznv.com\/de\/wp-json\/wp\/v2\/types\/page"}],"author":[{"embeddable":true,"href":"https:\/\/wirtznv.com\/de\/wp-json\/wp\/v2\/users\/1"}],"replies":[{"embeddable":true,"href":"https:\/\/wirtznv.com\/de\/wp-json\/wp\/v2\/comments?post=9392"}],"version-history":[{"count":0,"href":"https:\/\/wirtznv.com\/de\/wp-json\/wp\/v2\/pages\/9392\/revisions"}],"wp:attachment":[{"href":"https:\/\/wirtznv.com\/de\/wp-json\/wp\/v2\/media?parent=9392"}],"wp:term":[{"taxonomy":"category","embeddable":true,"href":"https:\/\/wirtznv.com\/de\/wp-json\/wp\/v2\/categories?post=9392"},{"taxonomy":"post_tag","embeddable":true,"href":"https:\/\/wirtznv.com\/de\/wp-json\/wp\/v2\/tags?post=9392"}],"curies":[{"name":"wp","href":"https:\/\/api.w.org\/{rel}","templated":true}]}}