{"id":7820,"date":"2022-04-27T10:53:44","date_gmt":"2022-04-27T10:53:44","guid":{"rendered":"https:\/\/wirtznv.com\/?page_id=7820"},"modified":"2023-06-07T16:23:04","modified_gmt":"2023-06-07T14:23:04","slug":"alle-projekte","status":"publish","type":"page","link":"https:\/\/wirtznv.com\/de\/projekte\/alle-projekte\/","title":{"rendered":"Alle projekte"},"content":{"rendered":"<div class=\"wpb-content-wrapper\"><p>[vc_row css=&#8220;.vc_custom_1616406220785{padding-top: 50px !important;padding-bottom: 50px !important;}&#8220;][vc_column][vc_raw_html el_class=&#8220;breadcrumb&#8220;]JTVCd3BzZW9fYnJlYWRjcnVtYiU1RA==[\/vc_raw_html][\/vc_column][\/vc_row][vc_row gap=&#8220;35&#8243; equal_height=&#8220;yes&#8220;][vc_column width=&#8220;1\/12&#8243;][\/vc_column][vc_column width=&#8220;3\/12&#8243;][vc_column_text el_class=&#8220;seoh1&#8243;]<\/p>\n<h1>Alle Projekte<\/h1>\n<p>[\/vc_column_text][\/vc_column][vc_column width=&#8220;7\/12&#8243; el_class=&#8220;lineleft&#8220;][vc_column_text]Bei Wirtz International verschmelzen wir Gestalt und Funktion zu einer starken, pr\u00e4gnanten Komposition, bei der Innen- und Au\u00dfenr\u00e4ume nahtlos ineinander \u00fcbergehen. So erleben Sie alle Jahreszeiten unmittelbar und k\u00f6nnen all die Sch\u00f6nheit genie\u00dfen, die Ihr Garten zu bieten hat.<\/p>\n<p>Im Folgenden finden Sie eine kleine Auswahl unserer j\u00fcngsten Projekte im In- und Ausland.[\/vc_column_text][vc_column_text css=&#8220;.vc_custom_1658135131207{margin-top: 50px !important;}&#8220;]<a href=\"https:\/\/wirtznv.com\/de\/contact\/\"><span style=\"text-decoration: underline;\"><strong>NEHMEN SIE KONTAKT AUF<\/strong><\/span><\/a>[\/vc_column_text][\/vc_column][vc_column width=&#8220;1\/12&#8243;][\/vc_column][\/vc_row][vc_row el_class=&#8220;seoprojectenrow&#8220;][vc_column][vc_basic_grid post_type=&#8220;portfolio-item&#8220; max_items=&#8220;&#8220; element_width=&#8220;3&#8243; orderby=&#8220;menu_order&#8220; order=&#8220;ASC&#8220; item=&#8220;3590&#8243; grid_id=&#8220;vc_gid:1658772418069-d5bac552-734b-0&#8243; el_class=&#8220;projectsgrid&#8220;][\/vc_column][\/vc_row]<\/p>\n<\/div>","protected":false},"excerpt":{"rendered":"<p>[vc_row css=&#8220;.vc_custom_1616406220785{padding-top: 50px !important;padding-bottom: 50px !important;}&#8220;][vc_column][vc_raw_html el_class=&#8220;breadcrumb&#8220;]JTVCd3BzZW9fYnJlYWRjcnVtYiU1RA==[\/vc_raw_html][\/vc_column][\/vc_row][vc_row gap=&#8220;35&#8243; equal_height=&#8220;yes&#8220;][vc_column width=&#8220;1\/12&#8243;][\/vc_column][vc_column width=&#8220;3\/12&#8243;][vc_column_text el_class=&#8220;seoh1&#8243;] Alle Projekte [\/vc_column_text][\/vc_column][vc_column width=&#8220;7\/12&#8243; el_class=&#8220;lineleft&#8220;][vc_column_text]Bei Wirtz International verschmelzen wir Gestalt und Funktion zu einer starken, pr\u00e4gnanten Komposition, bei der Innen- und Au\u00dfenr\u00e4ume nahtlos ineinander \u00fcbergehen. So erleben Sie [&hellip;]<\/p>\n","protected":false},"author":1,"featured_media":7872,"parent":6343,"menu_order":7,"comment_status":"closed","ping_status":"closed","template":"","meta":{"_acf_changed":false,"footnotes":""},"categories":[158],"tags":[],"class_list":["post-7820","page","type-page","status-publish","has-post-thumbnail","hentry","category-categoriepagina-de"],"acf":[],"yoast_head":"<!-- This site is optimized with the Yoast SEO plugin v26.4 - https:\/\/yoast.com\/wordpress\/plugins\/seo\/ -->\n<title>Alle Projekte | Wirtz International Landschaftsarchitekten<\/title>\n<meta name=\"description\" content=\"Im Folgenden finden Sie eine kleine Auswahl unserer j\u00fcngsten Projekte im In- und Ausland.\" \/>\n<meta name=\"robots\" content=\"index, follow, max-snippet:-1, max-image-preview:large, max-video-preview:-1\" \/>\n<link rel=\"canonical\" href=\"https:\/\/wirtznv.com\/de\/projekte\/alle-projekte\/\" \/>\n<meta property=\"og:locale\" content=\"de_DE\" \/>\n<meta property=\"og:type\" content=\"article\" \/>\n<meta property=\"og:title\" content=\"Alle Projekte | Wirtz International Landschaftsarchitekten\" \/>\n<meta property=\"og:description\" content=\"Im Folgenden finden Sie eine kleine Auswahl unserer j\u00fcngsten Projekte im In- und Ausland.\" \/>\n<meta property=\"og:url\" content=\"https:\/\/wirtznv.com\/de\/projekte\/alle-projekte\/\" \/>\n<meta property=\"og:site_name\" content=\"Wirtz NV\" \/>\n<meta property=\"article:modified_time\" content=\"2023-06-07T14:23:04+00:00\" \/>\n<meta property=\"og:image\" content=\"https:\/\/wirtznv.com\/wp-content\/uploads\/2022\/04\/Hoofdfoto-Alle-projecten.jpg\" \/>\n\t<meta property=\"og:image:width\" content=\"1333\" \/>\n\t<meta property=\"og:image:height\" content=\"2000\" \/>\n\t<meta property=\"og:image:type\" content=\"image\/jpeg\" \/>\n<meta name=\"twitter:card\" content=\"summary_large_image\" \/>\n<meta name=\"twitter:label1\" content=\"Gesch\u00e4tzte Lesezeit\" \/>\n\t<meta name=\"twitter:data1\" content=\"1\u00a0Minute\" \/>\n<script type=\"application\/ld+json\" class=\"yoast-schema-graph\">{\"@context\":\"https:\/\/schema.org\",\"@graph\":[{\"@type\":\"WebPage\",\"@id\":\"https:\/\/wirtznv.com\/de\/projekte\/alle-projekte\/\",\"url\":\"https:\/\/wirtznv.com\/de\/projekte\/alle-projekte\/\",\"name\":\"Alle Projekte | Wirtz International Landschaftsarchitekten\",\"isPartOf\":{\"@id\":\"https:\/\/wirtznv.com\/de\/#website\"},\"primaryImageOfPage\":{\"@id\":\"https:\/\/wirtznv.com\/de\/projekte\/alle-projekte\/#primaryimage\"},\"image\":{\"@id\":\"https:\/\/wirtznv.com\/de\/projekte\/alle-projekte\/#primaryimage\"},\"thumbnailUrl\":\"https:\/\/wirtznv.com\/wp-content\/uploads\/2022\/04\/Hoofdfoto-Alle-projecten.jpg\",\"datePublished\":\"2022-04-27T10:53:44+00:00\",\"dateModified\":\"2023-06-07T14:23:04+00:00\",\"description\":\"Im Folgenden finden Sie eine kleine Auswahl unserer j\u00fcngsten Projekte im In- und Ausland.\",\"breadcrumb\":{\"@id\":\"https:\/\/wirtznv.com\/de\/projekte\/alle-projekte\/#breadcrumb\"},\"inLanguage\":\"de\",\"potentialAction\":[{\"@type\":\"ReadAction\",\"target\":[\"https:\/\/wirtznv.com\/de\/projekte\/alle-projekte\/\"]}]},{\"@type\":\"ImageObject\",\"inLanguage\":\"de\",\"@id\":\"https:\/\/wirtznv.com\/de\/projekte\/alle-projekte\/#primaryimage\",\"url\":\"https:\/\/wirtznv.com\/wp-content\/uploads\/2022\/04\/Hoofdfoto-Alle-projecten.jpg\",\"contentUrl\":\"https:\/\/wirtznv.com\/wp-content\/uploads\/2022\/04\/Hoofdfoto-Alle-projecten.jpg\",\"width\":1333,\"height\":2000},{\"@type\":\"BreadcrumbList\",\"@id\":\"https:\/\/wirtznv.com\/de\/projekte\/alle-projekte\/#breadcrumb\",\"itemListElement\":[{\"@type\":\"ListItem\",\"position\":1,\"name\":\"Home\",\"item\":\"https:\/\/wirtznv.com\/de\/\"},{\"@type\":\"ListItem\",\"position\":2,\"name\":\"Projekte\",\"item\":\"https:\/\/wirtznv.com\/de\/projekte\/\"},{\"@type\":\"ListItem\",\"position\":3,\"name\":\"Alle projekte\"}]},{\"@type\":\"WebSite\",\"@id\":\"https:\/\/wirtznv.com\/de\/#website\",\"url\":\"https:\/\/wirtznv.com\/de\/\",\"name\":\"Wirtz NV\",\"description\":\"\",\"publisher\":{\"@id\":\"https:\/\/wirtznv.com\/de\/#organization\"},\"potentialAction\":[{\"@type\":\"SearchAction\",\"target\":{\"@type\":\"EntryPoint\",\"urlTemplate\":\"https:\/\/wirtznv.com\/de\/?s={search_term_string}\"},\"query-input\":{\"@type\":\"PropertyValueSpecification\",\"valueRequired\":true,\"valueName\":\"search_term_string\"}}],\"inLanguage\":\"de\"},{\"@type\":\"Organization\",\"@id\":\"https:\/\/wirtznv.com\/de\/#organization\",\"name\":\"Wirtz NV\",\"url\":\"https:\/\/wirtznv.com\/de\/\",\"logo\":{\"@type\":\"ImageObject\",\"inLanguage\":\"de\",\"@id\":\"https:\/\/wirtznv.com\/de\/#\/schema\/logo\/image\/\",\"url\":\"https:\/\/mk0wirtznvw3r6n59kw4.kinstacdn.com\/wp-content\/uploads\/2021\/03\/logo_header@2x-1.png\",\"contentUrl\":\"https:\/\/mk0wirtznvw3r6n59kw4.kinstacdn.com\/wp-content\/uploads\/2021\/03\/logo_header@2x-1.png\",\"width\":177,\"height\":161,\"caption\":\"Wirtz NV\"},\"image\":{\"@id\":\"https:\/\/wirtznv.com\/de\/#\/schema\/logo\/image\/\"}}]}<\/script>\n<!-- \/ Yoast SEO plugin. -->","yoast_head_json":{"title":"Alle Projekte | Wirtz International Landschaftsarchitekten","description":"Im Folgenden finden Sie eine kleine Auswahl unserer j\u00fcngsten Projekte im In- und Ausland.","robots":{"index":"index","follow":"follow","max-snippet":"max-snippet:-1","max-image-preview":"max-image-preview:large","max-video-preview":"max-video-preview:-1"},"canonical":"https:\/\/wirtznv.com\/de\/projekte\/alle-projekte\/","og_locale":"de_DE","og_type":"article","og_title":"Alle Projekte | Wirtz International Landschaftsarchitekten","og_description":"Im Folgenden finden Sie eine kleine Auswahl unserer j\u00fcngsten Projekte im In- und Ausland.","og_url":"https:\/\/wirtznv.com\/de\/projekte\/alle-projekte\/","og_site_name":"Wirtz NV","article_modified_time":"2023-06-07T14:23:04+00:00","og_image":[{"width":1333,"height":2000,"url":"https:\/\/wirtznv.com\/wp-content\/uploads\/2022\/04\/Hoofdfoto-Alle-projecten.jpg","type":"image\/jpeg"}],"twitter_card":"summary_large_image","twitter_misc":{"Gesch\u00e4tzte Lesezeit":"1\u00a0Minute"},"schema":{"@context":"https:\/\/schema.org","@graph":[{"@type":"WebPage","@id":"https:\/\/wirtznv.com\/de\/projekte\/alle-projekte\/","url":"https:\/\/wirtznv.com\/de\/projekte\/alle-projekte\/","name":"Alle Projekte | Wirtz International Landschaftsarchitekten","isPartOf":{"@id":"https:\/\/wirtznv.com\/de\/#website"},"primaryImageOfPage":{"@id":"https:\/\/wirtznv.com\/de\/projekte\/alle-projekte\/#primaryimage"},"image":{"@id":"https:\/\/wirtznv.com\/de\/projekte\/alle-projekte\/#primaryimage"},"thumbnailUrl":"https:\/\/wirtznv.com\/wp-content\/uploads\/2022\/04\/Hoofdfoto-Alle-projecten.jpg","datePublished":"2022-04-27T10:53:44+00:00","dateModified":"2023-06-07T14:23:04+00:00","description":"Im Folgenden finden Sie eine kleine Auswahl unserer j\u00fcngsten Projekte im In- und Ausland.","breadcrumb":{"@id":"https:\/\/wirtznv.com\/de\/projekte\/alle-projekte\/#breadcrumb"},"inLanguage":"de","potentialAction":[{"@type":"ReadAction","target":["https:\/\/wirtznv.com\/de\/projekte\/alle-projekte\/"]}]},{"@type":"ImageObject","inLanguage":"de","@id":"https:\/\/wirtznv.com\/de\/projekte\/alle-projekte\/#primaryimage","url":"https:\/\/wirtznv.com\/wp-content\/uploads\/2022\/04\/Hoofdfoto-Alle-projecten.jpg","contentUrl":"https:\/\/wirtznv.com\/wp-content\/uploads\/2022\/04\/Hoofdfoto-Alle-projecten.jpg","width":1333,"height":2000},{"@type":"BreadcrumbList","@id":"https:\/\/wirtznv.com\/de\/projekte\/alle-projekte\/#breadcrumb","itemListElement":[{"@type":"ListItem","position":1,"name":"Home","item":"https:\/\/wirtznv.com\/de\/"},{"@type":"ListItem","position":2,"name":"Projekte","item":"https:\/\/wirtznv.com\/de\/projekte\/"},{"@type":"ListItem","position":3,"name":"Alle projekte"}]},{"@type":"WebSite","@id":"https:\/\/wirtznv.com\/de\/#website","url":"https:\/\/wirtznv.com\/de\/","name":"Wirtz NV","description":"","publisher":{"@id":"https:\/\/wirtznv.com\/de\/#organization"},"potentialAction":[{"@type":"SearchAction","target":{"@type":"EntryPoint","urlTemplate":"https:\/\/wirtznv.com\/de\/?s={search_term_string}"},"query-input":{"@type":"PropertyValueSpecification","valueRequired":true,"valueName":"search_term_string"}}],"inLanguage":"de"},{"@type":"Organization","@id":"https:\/\/wirtznv.com\/de\/#organization","name":"Wirtz NV","url":"https:\/\/wirtznv.com\/de\/","logo":{"@type":"ImageObject","inLanguage":"de","@id":"https:\/\/wirtznv.com\/de\/#\/schema\/logo\/image\/","url":"https:\/\/mk0wirtznvw3r6n59kw4.kinstacdn.com\/wp-content\/uploads\/2021\/03\/logo_header@2x-1.png","contentUrl":"https:\/\/mk0wirtznvw3r6n59kw4.kinstacdn.com\/wp-content\/uploads\/2021\/03\/logo_header@2x-1.png","width":177,"height":161,"caption":"Wirtz NV"},"image":{"@id":"https:\/\/wirtznv.com\/de\/#\/schema\/logo\/image\/"}}]}},"_links":{"self":[{"href":"https:\/\/wirtznv.com\/de\/wp-json\/wp\/v2\/pages\/7820","targetHints":{"allow":["GET"]}}],"collection":[{"href":"https:\/\/wirtznv.com\/de\/wp-json\/wp\/v2\/pages"}],"about":[{"href":"https:\/\/wirtznv.com\/de\/wp-json\/wp\/v2\/types\/page"}],"author":[{"embeddable":true,"href":"https:\/\/wirtznv.com\/de\/wp-json\/wp\/v2\/users\/1"}],"replies":[{"embeddable":true,"href":"https:\/\/wirtznv.com\/de\/wp-json\/wp\/v2\/comments?post=7820"}],"version-history":[{"count":0,"href":"https:\/\/wirtznv.com\/de\/wp-json\/wp\/v2\/pages\/7820\/revisions"}],"up":[{"embeddable":true,"href":"https:\/\/wirtznv.com\/de\/wp-json\/wp\/v2\/pages\/6343"}],"wp:featuredmedia":[{"embeddable":true,"href":"https:\/\/wirtznv.com\/de\/wp-json\/wp\/v2\/media\/7872"}],"wp:attachment":[{"href":"https:\/\/wirtznv.com\/de\/wp-json\/wp\/v2\/media?parent=7820"}],"wp:term":[{"taxonomy":"category","embeddable":true,"href":"https:\/\/wirtznv.com\/de\/wp-json\/wp\/v2\/categories?post=7820"},{"taxonomy":"post_tag","embeddable":true,"href":"https:\/\/wirtznv.com\/de\/wp-json\/wp\/v2\/tags?post=7820"}],"curies":[{"name":"wp","href":"https:\/\/api.w.org\/{rel}","templated":true}]}}