{"id":7809,"date":"2022-04-27T10:03:13","date_gmt":"2022-04-27T10:03:13","guid":{"rendered":"https:\/\/wirtznv.com\/?page_id=7809"},"modified":"2023-06-07T15:20:16","modified_gmt":"2023-06-07T13:20:16","slug":"staedtische-gaerten","status":"publish","type":"page","link":"https:\/\/wirtznv.com\/de\/projekte\/staedtische-gaerten\/","title":{"rendered":"Wohng\u00e4rten"},"content":{"rendered":"<div class=\"wpb-content-wrapper\"><p>[vc_row css=&#8220;.vc_custom_1616406220785{padding-top: 50px !important;padding-bottom: 50px !important;}&#8220;][vc_column][vc_raw_html el_class=&#8220;breadcrumb&#8220;]JTVCd3BzZW9fYnJlYWRjcnVtYiU1RA==[\/vc_raw_html][\/vc_column][\/vc_row][vc_row gap=&#8220;35&#8243; equal_height=&#8220;yes&#8220;][vc_column width=&#8220;1\/12&#8243;][\/vc_column][vc_column width=&#8220;5\/12&#8243;][vc_column_text el_class=&#8220;seoh1&#8243;]<\/p>\n<h1>Wohng\u00e4rten<\/h1>\n<p>[\/vc_column_text][\/vc_column][vc_column width=&#8220;5\/12&#8243; el_class=&#8220;lineleft&#8220;][vc_column_text]<strong>Wohng\u00e4rten<\/strong> sind gr\u00fcne, gesch\u00fctzte und idyllische R\u00e4ume am Wohnhaus in der Stadt. Diese relativ kleinen und kompakten G\u00e4rten sind h\u00e4ufig von Mauern und Hecken umgeben. Sie sind versteckte gr\u00fcne Oasen inmitten der st\u00e4dtischen Hektik, in denen sich die Bewohner erholen k\u00f6nnen. Deshalb nutzen wir den verf\u00fcgbaren Raum kreativ; <strong>Hecken<\/strong>, <strong>Str\u00e4ucher<\/strong> und <strong>bl\u00fchende B\u00e4ume<\/strong> garantieren Privatsph\u00e4re und geben diesen G\u00e4rten Intimit\u00e4t und Geborgenheit. Der klare Zusammenhalt, die schwungvollen Bewegungen und die ausgewogene Pflanzenauswahl schaffen ein einzigartiges Erlebnis in jedem urbanen Garten.[\/vc_column_text][\/vc_column][vc_column width=&#8220;1\/12&#8243;][\/vc_column][\/vc_row][vc_row el_class=&#8220;seoprojectenrow&#8220;][vc_column]<div class=\"edgtf-portfolio-slider-holder\"><div class=\"edgtf-portfolio-list-holder edgtf-grid-list edgtf-disable-bottom-space edgtf-pl-gallery edgtf-three-columns edgtf-medium-space edgtf-pl-gallery-overlay    edgtf-pl-pag-no-pagination      edgtf-pag-below-slider \"  data-type=gallery data-number-of-columns=three data-lower-even-columns=no data-space-between-items=medium data-additional-spacing=no data-number-of-items=-1 data-image-proportions=large data-enable-fixed-proportions=no data-enable-image-shadow=no data-category=staedtische-gaerten data-orderby=date data-order=ASC data-item-style=gallery-overlay data-advanced-hover=no data-enable-title=yes data-title-tag=h4 data-enable-category=no data-enable-count-images=yes data-enable-excerpt=no data-excerpt-length=20 data-pagination-type=no-pagination data-filter=no data-filter-order-by=name data-enable-article-animation=no data-portfolio-slider-on=yes data-enable-loop=yes data-enable-autoplay=yes data-slider-speed=3000 data-slider-speed-animation=600 data-enable-navigation=yes data-enable-pagination=yes data-pagination-position=below-slider data-title-skin=light data-enable-article-parallax=no data-max-num-pages=0 data-next-page=2>\n\t\t<div class=\"edgtf-pl-inner edgtf-outer-space edgtf-owl-slider edgtf-list-is-slider clearfix\">\n\t\t<article class=\"edgtf-pl-item edgtf-item-space  post-6508 portfolio-item type-portfolio-item status-publish has-post-thumbnail hentry portfolio-category-privatgaerten portfolio-category-staedtische-gaerten\" >\n\t<div class=\"edgtf-pl-item-inner\">\n        <div class=\"edgtf-pl-inner-content\">\n            \n\n\t\n    <div class=\"edgtf-pli-image\" data-src=\"https:\/\/wirtznv.com\/wp-content\/uploads\/2021\/04\/Wirtz_Prive\u0301tuinen-Prive\u0301tuin-Boechout-scaled.jpg\" data-height=\"2560\" data-width=\"1930\">\n\n\t\t<img decoding=\"async\" width=\"772\" height=\"1024\" data-src=\"https:\/\/wirtznv.com\/wp-content\/uploads\/2021\/04\/Wirtz_Prive\u0301tuinen-Prive\u0301tuin-Boechout-772x1024.jpg\" class=\"attachment-large size-large wp-post-image lazyload\" alt=\"\" data-srcset=\"https:\/\/wirtznv.com\/wp-content\/uploads\/2021\/04\/Wirtz_Prive\u0301tuinen-Prive\u0301tuin-Boechout-772x1024.jpg 772w, https:\/\/wirtznv.com\/wp-content\/uploads\/2021\/04\/Wirtz_Prive\u0301tuinen-Prive\u0301tuin-Boechout-226x300.jpg 226w, https:\/\/wirtznv.com\/wp-content\/uploads\/2021\/04\/Wirtz_Prive\u0301tuinen-Prive\u0301tuin-Boechout-768x1019.jpg 768w, https:\/\/wirtznv.com\/wp-content\/uploads\/2021\/04\/Wirtz_Prive\u0301tuinen-Prive\u0301tuin-Boechout-1158x1536.jpg 1158w, https:\/\/wirtznv.com\/wp-content\/uploads\/2021\/04\/Wirtz_Prive\u0301tuinen-Prive\u0301tuin-Boechout-1544x2048.jpg 1544w\" data-sizes=\"(max-width: 772px) 100vw, 772px\" src=\"data:image\/svg+xml;base64,PHN2ZyB3aWR0aD0iMSIgaGVpZ2h0PSIxIiB4bWxucz0iaHR0cDovL3d3dy53My5vcmcvMjAwMC9zdmciPjwvc3ZnPg==\" style=\"--smush-placeholder-width: 772px; --smush-placeholder-aspect-ratio: 772\/1024;\" \/>    <\/div>\n\t\t\n\n<div class=\"edgtf-pli-text-holder\" >\n\t<div class=\"edgtf-pli-text-wrapper\">\n\t\t<div class=\"edgtf-pli-text\">\n\t\t\t\t<h4 itemprop=\"name\" class=\"edgtf-pli-title entry-title\" >\n        \t\t    Privater Garten Boechout        \t<\/h4>\n                <div class=\"edgtf-hspl-item-title-holder locatie\">\n            Boechout in Belgien (BE)            <\/div>\n\n\t\t\t\n\t\t\t\t\t\t\n\t\t\t\t\t<\/div>\n\t<\/div>\n<\/div>\n            <a itemprop=\"url\" class=\"edgtf-pli-link edgtf-block-drag-link\" href=\"https:\/\/wirtznv.com\/de\/projekt\/privater-garten-boechout-be\/\" target=\"_self\"><\/a>\n\n        <\/div>\n    <\/div>\n<\/article><article class=\"edgtf-pl-item edgtf-item-space  post-6354 portfolio-item type-portfolio-item status-publish has-post-thumbnail hentry portfolio-category-privatgaerten portfolio-category-staedtische-gaerten\" >\n\t<div class=\"edgtf-pl-item-inner\">\n        <div class=\"edgtf-pl-inner-content\">\n            \n\n\t\n    <div class=\"edgtf-pli-image\" data-src=\"https:\/\/wirtznv.com\/wp-content\/uploads\/2021\/04\/6.-Privetuin-Brugge-Belgie-VanDamme-scaled.jpg\" data-height=\"1920\" data-width=\"2560\">\n\n\t\t<img decoding=\"async\" width=\"1024\" height=\"768\" data-src=\"https:\/\/wirtznv.com\/wp-content\/uploads\/2021\/04\/6.-Privetuin-Brugge-Belgie-VanDamme-1024x768.jpg\" class=\"attachment-large size-large wp-post-image lazyload\" alt=\"\" data-srcset=\"https:\/\/wirtznv.com\/wp-content\/uploads\/2021\/04\/6.-Privetuin-Brugge-Belgie-VanDamme-1024x768.jpg 1024w, https:\/\/wirtznv.com\/wp-content\/uploads\/2021\/04\/6.-Privetuin-Brugge-Belgie-VanDamme-300x225.jpg 300w, https:\/\/wirtznv.com\/wp-content\/uploads\/2021\/04\/6.-Privetuin-Brugge-Belgie-VanDamme-768x576.jpg 768w, https:\/\/wirtznv.com\/wp-content\/uploads\/2021\/04\/6.-Privetuin-Brugge-Belgie-VanDamme-1536x1152.jpg 1536w\" data-sizes=\"(max-width: 1024px) 100vw, 1024px\" src=\"data:image\/svg+xml;base64,PHN2ZyB3aWR0aD0iMSIgaGVpZ2h0PSIxIiB4bWxucz0iaHR0cDovL3d3dy53My5vcmcvMjAwMC9zdmciPjwvc3ZnPg==\" style=\"--smush-placeholder-width: 1024px; --smush-placeholder-aspect-ratio: 1024\/768;\" \/>    <\/div>\n\t\t\n\n<div class=\"edgtf-pli-text-holder\" >\n\t<div class=\"edgtf-pli-text-wrapper\">\n\t\t<div class=\"edgtf-pli-text\">\n\t\t\t\t<h4 itemprop=\"name\" class=\"edgtf-pli-title entry-title\" >\n        \t\t    Privater Garten Br\u00fcgge        \t<\/h4>\n                <div class=\"edgtf-hspl-item-title-holder locatie\">\n            Br\u00fcgge (BE)            <\/div>\n\n\t\t\t\n\t\t\t\t\t\t\n\t\t\t\t\t<\/div>\n\t<\/div>\n<\/div>\n            <a itemprop=\"url\" class=\"edgtf-pli-link edgtf-block-drag-link\" href=\"https:\/\/wirtznv.com\/de\/projekt\/privater-garten-bruegge\/\" target=\"_self\"><\/a>\n\n        <\/div>\n    <\/div>\n<\/article><article class=\"edgtf-pl-item edgtf-item-space  post-6273 portfolio-item type-portfolio-item status-publish has-post-thumbnail hentry portfolio-category-privatgaerten portfolio-category-staedtische-gaerten\" >\n\t<div class=\"edgtf-pl-item-inner\">\n        <div class=\"edgtf-pl-inner-content\">\n            \n\n\t\n    <div class=\"edgtf-pli-image\" data-src=\"https:\/\/wirtznv.com\/wp-content\/uploads\/2021\/04\/28.-Privetuin-Knokke-Belgie-Demarest-scaled.jpg\" data-height=\"1709\" data-width=\"2560\">\n\n\t\t<img decoding=\"async\" width=\"1024\" height=\"683\" data-src=\"https:\/\/wirtznv.com\/wp-content\/uploads\/2021\/04\/28.-Privetuin-Knokke-Belgie-Demarest-1024x683.jpg\" class=\"attachment-large size-large wp-post-image lazyload\" alt=\"\" data-srcset=\"https:\/\/wirtznv.com\/wp-content\/uploads\/2021\/04\/28.-Privetuin-Knokke-Belgie-Demarest-1024x683.jpg 1024w, https:\/\/wirtznv.com\/wp-content\/uploads\/2021\/04\/28.-Privetuin-Knokke-Belgie-Demarest-300x200.jpg 300w, https:\/\/wirtznv.com\/wp-content\/uploads\/2021\/04\/28.-Privetuin-Knokke-Belgie-Demarest-768x513.jpg 768w, https:\/\/wirtznv.com\/wp-content\/uploads\/2021\/04\/28.-Privetuin-Knokke-Belgie-Demarest-1536x1025.jpg 1536w\" data-sizes=\"(max-width: 1024px) 100vw, 1024px\" src=\"data:image\/svg+xml;base64,PHN2ZyB3aWR0aD0iMSIgaGVpZ2h0PSIxIiB4bWxucz0iaHR0cDovL3d3dy53My5vcmcvMjAwMC9zdmciPjwvc3ZnPg==\" style=\"--smush-placeholder-width: 1024px; --smush-placeholder-aspect-ratio: 1024\/683;\" \/>    <\/div>\n\t\t\n\n<div class=\"edgtf-pli-text-holder\" >\n\t<div class=\"edgtf-pli-text-wrapper\">\n\t\t<div class=\"edgtf-pli-text\">\n\t\t\t\t<h4 itemprop=\"name\" class=\"edgtf-pli-title entry-title\" >\n        \t\t    Privater Garten Knokke        \t<\/h4>\n                <div class=\"edgtf-hspl-item-title-holder locatie\">\n            Knokke (BE)            <\/div>\n\n\t\t\t\n\t\t\t\t\t\t\n\t\t\t\t\t<\/div>\n\t<\/div>\n<\/div>\n            <a itemprop=\"url\" class=\"edgtf-pli-link edgtf-block-drag-link\" href=\"https:\/\/wirtznv.com\/de\/projekt\/privater-garten-knokke\/\" target=\"_self\"><\/a>\n\n        <\/div>\n    <\/div>\n<\/article>\t<\/div>\n\t\n\t<\/div><\/div>[vc_column_text el_class=&#8220;meerprojecten&#8220;]<a href=\"https:\/\/wirtznv.com\/de\/projekte\/\">Mehr projekte<br \/>\n<\/a>[\/vc_column_text][\/vc_column][\/vc_row][vc_row gap=&#8220;35&#8243; equal_height=&#8220;yes&#8220;][vc_column width=&#8220;1\/12&#8243;][\/vc_column][vc_column width=&#8220;5\/12&#8243;][vc_column_text el_class=&#8220;seoh1&#8243;]<\/p>\n<h2>Wohngarten als Erweiterung Ihres Zuhauses<\/h2>\n<p>[\/vc_column_text][\/vc_column][vc_column width=&#8220;5\/12&#8243; el_class=&#8220;lineleft&#8220;][vc_column_text]Ein <strong>stilvoll entworfener Garten<\/strong> stellt eine Erweiterung Ihres Wohnbereichs dar und verbindet Drinnen und Drau\u00dfen. Au\u00dferdem erh\u00f6hen Wohng\u00e4rten die Lebensqualit\u00e4t in der Stadt erheblich, es stehen der Komfort und das Wohlbefinden der Nutzer im Vordergrund. Der Wunsch nach einer gr\u00fcnen Oase in der Stadt ist deshalb gro\u00df.[\/vc_column_text][vc_column_text css=&#8220;.vc_custom_1658148515579{margin-top: 50px !important;}&#8220;]<a href=\"https:\/\/wirtznv.com\/de\/kontakt\/\"><span style=\"text-decoration: underline;\"><strong>NEHMEN SIE KONTAKT AUF<\/strong><\/span><\/a>[\/vc_column_text][\/vc_column][vc_column width=&#8220;1\/12&#8243;][\/vc_column][\/vc_row][vc_row full_width=&#8220;stretch_row&#8220; content_placement=&#8220;middle&#8220; css=&#8220;.vc_custom_1617800696269{background-color: #f0f0f0 !important;}&#8220; el_class=&#8220;moreprojectsrow&#8220;][vc_column width=&#8220;2\/3&#8243;][vc_column_text el_class=&#8220;seoh1&#8243;]<\/p>\n<h2 style=\"text-align: left;\">Andere kategorien<\/h2>\n<p>[\/vc_column_text][vc_basic_grid post_type=&#8220;page&#8220; max_items=&#8220;3&#8243; item=&#8220;3590&#8243; grid_id=&#8220;vc_gid:1686143643915-929af2cd-22f8-1&#8243; taxonomies=&#8220;133&#8243;][\/vc_column][vc_column width=&#8220;1\/3&#8243;][vc_column_text el_class=&#8220;meerprojecten&#8220;]<\/p>\n<h5 style=\"text-align: center;\"><a href=\"https:\/\/wirtznv.com\/de\/projekte\/\">Alle projekte<br \/>\n<\/a><\/h5>\n<p>[\/vc_column_text][\/vc_column][\/vc_row]<\/p>\n<\/div>","protected":false},"excerpt":{"rendered":"<p>[vc_row css=&#8220;.vc_custom_1616406220785{padding-top: 50px !important;padding-bottom: 50px !important;}&#8220;][vc_column][vc_raw_html el_class=&#8220;breadcrumb&#8220;]JTVCd3BzZW9fYnJlYWRjcnVtYiU1RA==[\/vc_raw_html][\/vc_column][\/vc_row][vc_row gap=&#8220;35&#8243; equal_height=&#8220;yes&#8220;][vc_column width=&#8220;1\/12&#8243;][\/vc_column][vc_column width=&#8220;5\/12&#8243;][vc_column_text el_class=&#8220;seoh1&#8243;] Wohng\u00e4rten [\/vc_column_text][\/vc_column][vc_column width=&#8220;5\/12&#8243; el_class=&#8220;lineleft&#8220;][vc_column_text]Wohng\u00e4rten sind gr\u00fcne, gesch\u00fctzte und idyllische R\u00e4ume am Wohnhaus in der Stadt. Diese relativ kleinen und kompakten G\u00e4rten sind h\u00e4ufig von Mauern und Hecken umgeben. [&hellip;]<\/p>\n","protected":false},"author":1,"featured_media":7848,"parent":6343,"menu_order":1,"comment_status":"closed","ping_status":"closed","template":"","meta":{"_acf_changed":false,"footnotes":""},"categories":[158],"tags":[],"class_list":["post-7809","page","type-page","status-publish","has-post-thumbnail","hentry","category-categoriepagina-de"],"acf":[],"yoast_head":"<!-- This site is optimized with the Yoast SEO plugin v26.4 - https:\/\/yoast.com\/wordpress\/plugins\/seo\/ -->\n<title>Wohng\u00e4rten | Wirtz International Landschaftsarchitekten<\/title>\n<meta name=\"description\" content=\"Ein stilvoll entworfener Wohngarten stellt eine Erweiterung Ihres Wohnbereichs dar und verbindet Drinnen und Drau\u00dfen.\" \/>\n<meta name=\"robots\" content=\"index, follow, max-snippet:-1, max-image-preview:large, max-video-preview:-1\" \/>\n<link rel=\"canonical\" href=\"https:\/\/wirtznv.com\/de\/projekte\/staedtische-gaerten\/\" \/>\n<meta property=\"og:locale\" content=\"de_DE\" \/>\n<meta property=\"og:type\" content=\"article\" \/>\n<meta property=\"og:title\" content=\"Wohng\u00e4rten | Wirtz International Landschaftsarchitekten\" \/>\n<meta property=\"og:description\" content=\"Ein stilvoll entworfener Wohngarten stellt eine Erweiterung Ihres Wohnbereichs dar und verbindet Drinnen und Drau\u00dfen.\" \/>\n<meta property=\"og:url\" content=\"https:\/\/wirtznv.com\/de\/projekte\/staedtische-gaerten\/\" \/>\n<meta property=\"og:site_name\" content=\"Wirtz NV\" \/>\n<meta property=\"article:modified_time\" content=\"2023-06-07T13:20:16+00:00\" \/>\n<meta property=\"og:image\" content=\"https:\/\/wirtznv.com\/wp-content\/uploads\/2022\/04\/Hoofdfoto-Stadstuinen.jpg\" \/>\n\t<meta property=\"og:image:width\" content=\"1423\" \/>\n\t<meta property=\"og:image:height\" content=\"2000\" \/>\n\t<meta property=\"og:image:type\" content=\"image\/jpeg\" \/>\n<meta name=\"twitter:card\" content=\"summary_large_image\" \/>\n<meta name=\"twitter:label1\" content=\"Gesch\u00e4tzte Lesezeit\" \/>\n\t<meta name=\"twitter:data1\" content=\"1\u00a0Minute\" \/>\n<script type=\"application\/ld+json\" class=\"yoast-schema-graph\">{\"@context\":\"https:\/\/schema.org\",\"@graph\":[{\"@type\":\"WebPage\",\"@id\":\"https:\/\/wirtznv.com\/de\/projekte\/staedtische-gaerten\/\",\"url\":\"https:\/\/wirtznv.com\/de\/projekte\/staedtische-gaerten\/\",\"name\":\"Wohng\u00e4rten | Wirtz International Landschaftsarchitekten\",\"isPartOf\":{\"@id\":\"https:\/\/wirtznv.com\/de\/#website\"},\"primaryImageOfPage\":{\"@id\":\"https:\/\/wirtznv.com\/de\/projekte\/staedtische-gaerten\/#primaryimage\"},\"image\":{\"@id\":\"https:\/\/wirtznv.com\/de\/projekte\/staedtische-gaerten\/#primaryimage\"},\"thumbnailUrl\":\"https:\/\/wirtznv.com\/wp-content\/uploads\/2022\/04\/Hoofdfoto-Stadstuinen.jpg\",\"datePublished\":\"2022-04-27T10:03:13+00:00\",\"dateModified\":\"2023-06-07T13:20:16+00:00\",\"description\":\"Ein stilvoll entworfener Wohngarten stellt eine Erweiterung Ihres Wohnbereichs dar und verbindet Drinnen und Drau\u00dfen.\",\"breadcrumb\":{\"@id\":\"https:\/\/wirtznv.com\/de\/projekte\/staedtische-gaerten\/#breadcrumb\"},\"inLanguage\":\"de\",\"potentialAction\":[{\"@type\":\"ReadAction\",\"target\":[\"https:\/\/wirtznv.com\/de\/projekte\/staedtische-gaerten\/\"]}]},{\"@type\":\"ImageObject\",\"inLanguage\":\"de\",\"@id\":\"https:\/\/wirtznv.com\/de\/projekte\/staedtische-gaerten\/#primaryimage\",\"url\":\"https:\/\/wirtznv.com\/wp-content\/uploads\/2022\/04\/Hoofdfoto-Stadstuinen.jpg\",\"contentUrl\":\"https:\/\/wirtznv.com\/wp-content\/uploads\/2022\/04\/Hoofdfoto-Stadstuinen.jpg\",\"width\":1423,\"height\":2000},{\"@type\":\"BreadcrumbList\",\"@id\":\"https:\/\/wirtznv.com\/de\/projekte\/staedtische-gaerten\/#breadcrumb\",\"itemListElement\":[{\"@type\":\"ListItem\",\"position\":1,\"name\":\"Home\",\"item\":\"https:\/\/wirtznv.com\/de\/\"},{\"@type\":\"ListItem\",\"position\":2,\"name\":\"Projekte\",\"item\":\"https:\/\/wirtznv.com\/de\/projekte\/\"},{\"@type\":\"ListItem\",\"position\":3,\"name\":\"Wohng\u00e4rten\"}]},{\"@type\":\"WebSite\",\"@id\":\"https:\/\/wirtznv.com\/de\/#website\",\"url\":\"https:\/\/wirtznv.com\/de\/\",\"name\":\"Wirtz NV\",\"description\":\"\",\"publisher\":{\"@id\":\"https:\/\/wirtznv.com\/de\/#organization\"},\"potentialAction\":[{\"@type\":\"SearchAction\",\"target\":{\"@type\":\"EntryPoint\",\"urlTemplate\":\"https:\/\/wirtznv.com\/de\/?s={search_term_string}\"},\"query-input\":{\"@type\":\"PropertyValueSpecification\",\"valueRequired\":true,\"valueName\":\"search_term_string\"}}],\"inLanguage\":\"de\"},{\"@type\":\"Organization\",\"@id\":\"https:\/\/wirtznv.com\/de\/#organization\",\"name\":\"Wirtz NV\",\"url\":\"https:\/\/wirtznv.com\/de\/\",\"logo\":{\"@type\":\"ImageObject\",\"inLanguage\":\"de\",\"@id\":\"https:\/\/wirtznv.com\/de\/#\/schema\/logo\/image\/\",\"url\":\"https:\/\/mk0wirtznvw3r6n59kw4.kinstacdn.com\/wp-content\/uploads\/2021\/03\/logo_header@2x-1.png\",\"contentUrl\":\"https:\/\/mk0wirtznvw3r6n59kw4.kinstacdn.com\/wp-content\/uploads\/2021\/03\/logo_header@2x-1.png\",\"width\":177,\"height\":161,\"caption\":\"Wirtz NV\"},\"image\":{\"@id\":\"https:\/\/wirtznv.com\/de\/#\/schema\/logo\/image\/\"}}]}<\/script>\n<!-- \/ Yoast SEO plugin. -->","yoast_head_json":{"title":"Wohng\u00e4rten | Wirtz International Landschaftsarchitekten","description":"Ein stilvoll entworfener Wohngarten stellt eine Erweiterung Ihres Wohnbereichs dar und verbindet Drinnen und Drau\u00dfen.","robots":{"index":"index","follow":"follow","max-snippet":"max-snippet:-1","max-image-preview":"max-image-preview:large","max-video-preview":"max-video-preview:-1"},"canonical":"https:\/\/wirtznv.com\/de\/projekte\/staedtische-gaerten\/","og_locale":"de_DE","og_type":"article","og_title":"Wohng\u00e4rten | Wirtz International Landschaftsarchitekten","og_description":"Ein stilvoll entworfener Wohngarten stellt eine Erweiterung Ihres Wohnbereichs dar und verbindet Drinnen und Drau\u00dfen.","og_url":"https:\/\/wirtznv.com\/de\/projekte\/staedtische-gaerten\/","og_site_name":"Wirtz NV","article_modified_time":"2023-06-07T13:20:16+00:00","og_image":[{"width":1423,"height":2000,"url":"https:\/\/wirtznv.com\/wp-content\/uploads\/2022\/04\/Hoofdfoto-Stadstuinen.jpg","type":"image\/jpeg"}],"twitter_card":"summary_large_image","twitter_misc":{"Gesch\u00e4tzte Lesezeit":"1\u00a0Minute"},"schema":{"@context":"https:\/\/schema.org","@graph":[{"@type":"WebPage","@id":"https:\/\/wirtznv.com\/de\/projekte\/staedtische-gaerten\/","url":"https:\/\/wirtznv.com\/de\/projekte\/staedtische-gaerten\/","name":"Wohng\u00e4rten | Wirtz International Landschaftsarchitekten","isPartOf":{"@id":"https:\/\/wirtznv.com\/de\/#website"},"primaryImageOfPage":{"@id":"https:\/\/wirtznv.com\/de\/projekte\/staedtische-gaerten\/#primaryimage"},"image":{"@id":"https:\/\/wirtznv.com\/de\/projekte\/staedtische-gaerten\/#primaryimage"},"thumbnailUrl":"https:\/\/wirtznv.com\/wp-content\/uploads\/2022\/04\/Hoofdfoto-Stadstuinen.jpg","datePublished":"2022-04-27T10:03:13+00:00","dateModified":"2023-06-07T13:20:16+00:00","description":"Ein stilvoll entworfener Wohngarten stellt eine Erweiterung Ihres Wohnbereichs dar und verbindet Drinnen und Drau\u00dfen.","breadcrumb":{"@id":"https:\/\/wirtznv.com\/de\/projekte\/staedtische-gaerten\/#breadcrumb"},"inLanguage":"de","potentialAction":[{"@type":"ReadAction","target":["https:\/\/wirtznv.com\/de\/projekte\/staedtische-gaerten\/"]}]},{"@type":"ImageObject","inLanguage":"de","@id":"https:\/\/wirtznv.com\/de\/projekte\/staedtische-gaerten\/#primaryimage","url":"https:\/\/wirtznv.com\/wp-content\/uploads\/2022\/04\/Hoofdfoto-Stadstuinen.jpg","contentUrl":"https:\/\/wirtznv.com\/wp-content\/uploads\/2022\/04\/Hoofdfoto-Stadstuinen.jpg","width":1423,"height":2000},{"@type":"BreadcrumbList","@id":"https:\/\/wirtznv.com\/de\/projekte\/staedtische-gaerten\/#breadcrumb","itemListElement":[{"@type":"ListItem","position":1,"name":"Home","item":"https:\/\/wirtznv.com\/de\/"},{"@type":"ListItem","position":2,"name":"Projekte","item":"https:\/\/wirtznv.com\/de\/projekte\/"},{"@type":"ListItem","position":3,"name":"Wohng\u00e4rten"}]},{"@type":"WebSite","@id":"https:\/\/wirtznv.com\/de\/#website","url":"https:\/\/wirtznv.com\/de\/","name":"Wirtz NV","description":"","publisher":{"@id":"https:\/\/wirtznv.com\/de\/#organization"},"potentialAction":[{"@type":"SearchAction","target":{"@type":"EntryPoint","urlTemplate":"https:\/\/wirtznv.com\/de\/?s={search_term_string}"},"query-input":{"@type":"PropertyValueSpecification","valueRequired":true,"valueName":"search_term_string"}}],"inLanguage":"de"},{"@type":"Organization","@id":"https:\/\/wirtznv.com\/de\/#organization","name":"Wirtz NV","url":"https:\/\/wirtznv.com\/de\/","logo":{"@type":"ImageObject","inLanguage":"de","@id":"https:\/\/wirtznv.com\/de\/#\/schema\/logo\/image\/","url":"https:\/\/mk0wirtznvw3r6n59kw4.kinstacdn.com\/wp-content\/uploads\/2021\/03\/logo_header@2x-1.png","contentUrl":"https:\/\/mk0wirtznvw3r6n59kw4.kinstacdn.com\/wp-content\/uploads\/2021\/03\/logo_header@2x-1.png","width":177,"height":161,"caption":"Wirtz NV"},"image":{"@id":"https:\/\/wirtznv.com\/de\/#\/schema\/logo\/image\/"}}]}},"_links":{"self":[{"href":"https:\/\/wirtznv.com\/de\/wp-json\/wp\/v2\/pages\/7809","targetHints":{"allow":["GET"]}}],"collection":[{"href":"https:\/\/wirtznv.com\/de\/wp-json\/wp\/v2\/pages"}],"about":[{"href":"https:\/\/wirtznv.com\/de\/wp-json\/wp\/v2\/types\/page"}],"author":[{"embeddable":true,"href":"https:\/\/wirtznv.com\/de\/wp-json\/wp\/v2\/users\/1"}],"replies":[{"embeddable":true,"href":"https:\/\/wirtznv.com\/de\/wp-json\/wp\/v2\/comments?post=7809"}],"version-history":[{"count":0,"href":"https:\/\/wirtznv.com\/de\/wp-json\/wp\/v2\/pages\/7809\/revisions"}],"up":[{"embeddable":true,"href":"https:\/\/wirtznv.com\/de\/wp-json\/wp\/v2\/pages\/6343"}],"wp:featuredmedia":[{"embeddable":true,"href":"https:\/\/wirtznv.com\/de\/wp-json\/wp\/v2\/media\/7848"}],"wp:attachment":[{"href":"https:\/\/wirtznv.com\/de\/wp-json\/wp\/v2\/media?parent=7809"}],"wp:term":[{"taxonomy":"category","embeddable":true,"href":"https:\/\/wirtznv.com\/de\/wp-json\/wp\/v2\/categories?post=7809"},{"taxonomy":"post_tag","embeddable":true,"href":"https:\/\/wirtznv.com\/de\/wp-json\/wp\/v2\/tags?post=7809"}],"curies":[{"name":"wp","href":"https:\/\/api.w.org\/{rel}","templated":true}]}}