{"id":7302,"date":"2021-05-06T09:15:35","date_gmt":"2021-05-06T09:15:35","guid":{"rendered":"https:\/\/wirtznv.com\/algemene-voorwaarden\/"},"modified":"2023-06-07T14:24:12","modified_gmt":"2023-06-07T12:24:12","slug":"nutzungsbedingungen","status":"publish","type":"page","link":"https:\/\/wirtznv.com\/de\/nutzungsbedingungen\/","title":{"rendered":"Nutzungsbedingungen"},"content":{"rendered":"<div class=\"wpb-content-wrapper\"><p>[vc_row css=&#8220;.vc_custom_1616406220785{padding-top: 50px !important;padding-bottom: 50px !important;}&#8220;][vc_column][vc_raw_html el_class=&#8220;breadcrumb&#8220;]JTVCd3BzZW9fYnJlYWRjcnVtYiU1RA==[\/vc_raw_html][\/vc_column][\/vc_row][vc_row][vc_column][vc_column_text]<\/p>\n<h1>Nutzungsbedingungen \u2013 Wirtz International<\/h1>\n<h2>VERSION 1.0 \u2013 5. OKTOBER 2018<\/h2>\n<p>Willkommen bei Wirtz International.<\/p>\n<p>Die vorliegenden Nutzungsbedingungen gelten f\u00fcr Ihren Besuch und die Nutzung unserer Website, die unter dem Domainnamen\u00a0<a href=\"https:\/\/www.wirtznv.com\/\">https:\/\/www.wirtznv.com\/<\/a>\u00a0bereitgestellt wird (im Folgenden: \u201eWebsite\u201c). Die Website ist Eigentum und wird verwaltet von der Gesellschaft Wirtz International NV mit Sitz in Botermelkdijk 464, 2900 Schoten, ZDU-Nummer 0438.287.273, die unter dem Handelsnamen \u201eWirtz\u201c, \u201eWirtz International\u201c oder auch \u201eWirtz International Landscape Architects\u201c auftritt und im Folgenden als \u201eWirtz International\u201c bezeichnet wird.<\/p>\n<p>F\u00fcr Ihren Besuch auf unserer Website gilt auch unsere Datenschutz- und Cookies-Richtlinie.<\/p>\n<p>Bitte lesen Sie die vorliegenden Nutzungsbedingungen und die Datenschutz- und Cookies-Richtlinie aufmerksam. Mit dem Besuch der Website best\u00e4tigen Sie, dass Sie diese Nutzungsbedingungen und die Datenschutz- und Cookies-Richtlinie zur Kenntnis genommen haben und akzeptieren.<\/p>\n<p>Sollten Sie Fragen zur Website oder zu deren Nutzung haben, erreichen Sie uns jederzeit unter\u00a0<a href=\"mailto:info@wirtznv.com\">info@wirtznv.com<\/a>\u00a0oder unter der oben stehenden Anschrift.<\/p>\n<h3><strong>1. ZWECK DER WEBSITE<\/strong><\/h3>\n<p>Die Website dient als Aush\u00e4ngeschild f\u00fcr Wirtz International und ist in erster Linie als Informationsangebot gedacht. Wir stellen unser B\u00fcro, unsere Arbeitsweise, unsere Philosophie und unsere Projekte vor und geben unsere Kontaktdaten an. Auf der Website finden Sie auch Medienbeitr\u00e4ge zu unserem B\u00fcro und unseren Projekten.<\/p>\n<h3><strong>2. G\u00dcLTIGKEIT<\/strong><\/h3>\n<p>Die vorliegenden Nutzungsbedingungen gelten f\u00fcr jede Nutzung der Website.<br \/>\nJeder Nutzer erkl\u00e4rt sich allein mit dem Besuch der Website mit diesen Nutzungsbedingungen und der Datenschutz- und Cookies-Richtlinie einverstanden und akzeptiert deren verbindliche G\u00fcltigkeit.<\/p>\n<h3><strong>3. UNSERE HAFTUNG<\/strong><\/h3>\n<p>1. Wirtz International verwendet gr\u00f6\u00dftm\u00f6gliche Aufmerksamkeit und Sorgfalt bez\u00fcglich des Inhalts der Website. Dieser Inhalt unterliegt jedoch \u00c4nderungen, kann jederzeit gel\u00f6scht werden und wird Ihnen ohne explizite oder implizite Garantie f\u00fcr die Richtigkeit angeboten. Wirtz International haftet nicht f\u00fcr Sch\u00e4den, die durch die Nutzung des Inhalts der Website entstehen, unabh\u00e4ngig davon, ob sich dieser als richtig oder unrichtig erweist, oder f\u00fcr Sch\u00e4den, die durch die Nutzung oder Verbreitung dieses Inhalts verursacht werden.<\/p>\n<p>2. Wirtz International haftet nicht f\u00fcr direkte, indirekte, besondere, zuf\u00e4llige oder immaterielle Sch\u00e4den oder Folgesch\u00e4den (einschlie\u00dflich Gewinnausfall), die sich aus der Nutzung der Website ergeben, einschlie\u00dflich, jedoch nicht begrenzt auf Sch\u00e4den, die verursacht werden durch:<\/p>\n<p>\u2013 Fehler, Viren und andere M\u00e4ngel der Hardware und\/oder Software im Zusammenhang mit dem Zugang zur Website oder deren Nutzung;<br \/>\n\u2013 das Abfangen, die \u00c4nderung oder den Missbrauch der an die Website oder den Nutzer gesendeten Informationen;<br \/>\n\u2013 die Funktion oder Nichtverf\u00fcgbarkeit der Website;<br \/>\n\u2013 den Missbrauch der Website, Datenverlust oder das Downloaden oder die Nutzung der auf der Website bereitgestellten Software;<br \/>\n\u2013 Anspr\u00fcche Dritter im Zusammenhang mit der Nutzung der Website;<br \/>\n\u2013 Hyperlinks auf der Website, die auf andere Internetseiten verweisen, wenn diese Hyperlinks nicht (mehr) aktiv sind oder \u2013 au\u00dfer bei Betrug oder grober Fahrl\u00e4ssigkeit \u2013 wenn die Informationen, auf die verwiesen wird, ungesetzlich oder anst\u00f6\u00dfig sind.<\/p>\n<p>3. Wirtz International bem\u00fcht sich, dass die Website t\u00e4glich rund um die Uhr verf\u00fcgbar ist. Angesichts der technischen Eigenschaften des Internets und der IT-Tools und angesichts der Notwendigkeit regelm\u00e4\u00dfiger Wartungs-, Update- oder Upgradearbeiten kann Wirtz International jedoch keinen ununterbrochenen Zugriff und Dienst garantieren. Bei einer normalen akzeptablen Unterbrechung oder St\u00f6rung des Zugangs oder des Dienstes bem\u00fcht sich Wirtz International, diese so schnell wie m\u00f6glich zu beheben. Derartige normale akzeptable Unterbrechungen oder St\u00f6rungen sind f\u00fcr Internetdienste typisch und k\u00f6nnen nicht als Mangel betrachtet werden.<\/p>\n<p>4. Die Internetseiten, auf die ggf. verwiesen wird, werden nicht von Wirtz International verwaltet, gehostet oder gepflegt. Wirtz International haftet daher weder f\u00fcr den Inhalt dieser Internetseiten noch f\u00fcr die dort angebotenen Verkn\u00fcpfungen oder \u00c4nderungen und Updates, die von solchen Seiten durchgef\u00fchrt werden.<\/p>\n<h3><strong>4. GEISTIGES EIGENTUM<\/strong><\/h3>\n<p>1. Alle geistigen Eigentumsrechte an den dargestellten Informationen und Inhalten, Mitteilungen oder anderen \u00c4u\u00dferungen, die Wirtz International auf der Website ver\u00f6ffentlicht, geh\u00f6ren Wirtz International, seinen Zulieferern oder anderen Berechtigten.<\/p>\n<p>2. Unter geistigen Eigentumsrechten sind Patent-, Urheber-, Marken-, Geschmacksmusterrechte und\/oder andere (geistigen Eigentums-)Rechte einschlie\u00dflich patentierbarer oder nicht patentierbarer technischer und\/oder kaufm\u00e4nnischer Kenntnisse, Methoden und Konzepte zu verstehen.<\/p>\n<p>3. Die Verwendung und\/oder Ab\u00e4nderung der Sch\u00f6pfungen, des Inhalts und ihrer im vorliegenden Artikel beschriebenen geistigen Eigentumsrechte, z. B. durch Vervielf\u00e4ltigung oder Werbemitteilung, ist nur mit ausdr\u00fccklicher vorheriger schriftlicher Genehmigung von Wirtz International, seinen Zulieferern oder anderen Berechtigten gestattet, es sei denn, es handelt sich um die private Nutzung des Produkts an sich.<\/p>\n<h3><strong>5. ALLGEMEINE BESTIMMUNGEN UND GERICHTSSTAND<\/strong><\/h3>\n<p>1. F\u00fcr alle Streitf\u00e4lle im Zusammenhang mit Ihrer Nutzung unserer Website und unserer Dienste gilt ausschlie\u00dflich belgisches Recht.<\/p>\n<p>2. Die vorliegenden Nutzungsbedingungen k\u00f6nnen von uns jederzeit ge\u00e4ndert werden; wir empfehlen Ihnen daher, diese Nutzungsbedingungen regelm\u00e4\u00dfig abzurufen. Am Anfang des Dokuments finden Sie die Versionsnummer und das Datum der letzten \u00dcberarbeitung.<\/p>\n<p>3. Sollte eine einzelne Bestimmung der vorliegenden Nutzungsbedingungen f\u00fcr nichtig erkl\u00e4rt oder gestrichen werden, bleiben die \u00fcbrigen Bestimmungen der Nutzungsbedingungen uneingeschr\u00e4nkt in Kraft. Wirtz International formuliert in diesem Fall eine neue Bestimmung als Ersatz f\u00fcr die nichtige bzw. gestrichene Bestimmung, die der Absicht der nichtigen bzw. gestrichenen Bestimmung so nahe wie m\u00f6glich kommt.<\/p>\n<p>4. Die vorliegenden Nutzungsbedingungen gelten f\u00fcr Ihre Nutzung der Website und das Verh\u00e4ltnis zwischen Ihnen und Wirtz International in Bezug auf diese Nutzung.[\/vc_column_text][\/vc_column][\/vc_row]<\/p>\n<\/div>","protected":false},"excerpt":{"rendered":"<p>[vc_row css=&#8220;.vc_custom_1616406220785{padding-top: 50px !important;padding-bottom: 50px !important;}&#8220;][vc_column][vc_raw_html el_class=&#8220;breadcrumb&#8220;]JTVCd3BzZW9fYnJlYWRjcnVtYiU1RA==[\/vc_raw_html][\/vc_column][\/vc_row][vc_row][vc_column][vc_column_text] Nutzungsbedingungen \u2013 Wirtz International VERSION 1.0 \u2013 5. OKTOBER 2018 Willkommen bei Wirtz International. Die vorliegenden Nutzungsbedingungen gelten f\u00fcr Ihren Besuch und die Nutzung unserer Website, die unter dem Domainnamen\u00a0https:\/\/www.wirtznv.com\/\u00a0bereitgestellt wird (im Folgenden: [&hellip;]<\/p>\n","protected":false},"author":1,"featured_media":0,"parent":0,"menu_order":2,"comment_status":"closed","ping_status":"closed","template":"","meta":{"_acf_changed":false,"footnotes":""},"categories":[],"tags":[],"class_list":["post-7302","page","type-page","status-publish","hentry"],"acf":[],"yoast_head":"<!-- This site is optimized with the Yoast SEO plugin v26.4 - https:\/\/yoast.com\/wordpress\/plugins\/seo\/ -->\n<title>Nutzungsbedienungen | Wirtz Landschaftsarchitekten<\/title>\n<meta name=\"description\" content=\"Bitte lesen Sie die vorliegenden Nutzungsbedingungen und die Datenschutz- und Cookies-Richtlinie aufmerksam.\" \/>\n<meta name=\"robots\" content=\"index, follow, max-snippet:-1, max-image-preview:large, max-video-preview:-1\" \/>\n<link rel=\"canonical\" href=\"https:\/\/wirtznv.com\/de\/nutzungsbedingungen\/\" \/>\n<meta property=\"og:locale\" content=\"de_DE\" \/>\n<meta property=\"og:type\" content=\"article\" \/>\n<meta property=\"og:title\" content=\"Nutzungsbedienungen | Wirtz Landschaftsarchitekten\" \/>\n<meta property=\"og:description\" content=\"Bitte lesen Sie die vorliegenden Nutzungsbedingungen und die Datenschutz- und Cookies-Richtlinie aufmerksam.\" \/>\n<meta property=\"og:url\" content=\"https:\/\/wirtznv.com\/de\/nutzungsbedingungen\/\" \/>\n<meta property=\"og:site_name\" content=\"Wirtz NV\" \/>\n<meta property=\"article:modified_time\" content=\"2023-06-07T12:24:12+00:00\" \/>\n<meta name=\"twitter:card\" content=\"summary_large_image\" \/>\n<meta name=\"twitter:label1\" content=\"Gesch\u00e4tzte Lesezeit\" \/>\n\t<meta name=\"twitter:data1\" content=\"4\u00a0Minuten\" \/>\n<script type=\"application\/ld+json\" class=\"yoast-schema-graph\">{\"@context\":\"https:\/\/schema.org\",\"@graph\":[{\"@type\":\"WebPage\",\"@id\":\"https:\/\/wirtznv.com\/de\/nutzungsbedingungen\/\",\"url\":\"https:\/\/wirtznv.com\/de\/nutzungsbedingungen\/\",\"name\":\"Nutzungsbedienungen | Wirtz Landschaftsarchitekten\",\"isPartOf\":{\"@id\":\"https:\/\/wirtznv.com\/de\/#website\"},\"datePublished\":\"2021-05-06T09:15:35+00:00\",\"dateModified\":\"2023-06-07T12:24:12+00:00\",\"description\":\"Bitte lesen Sie die vorliegenden Nutzungsbedingungen und die Datenschutz- und Cookies-Richtlinie aufmerksam.\",\"breadcrumb\":{\"@id\":\"https:\/\/wirtznv.com\/de\/nutzungsbedingungen\/#breadcrumb\"},\"inLanguage\":\"de\",\"potentialAction\":[{\"@type\":\"ReadAction\",\"target\":[\"https:\/\/wirtznv.com\/de\/nutzungsbedingungen\/\"]}]},{\"@type\":\"BreadcrumbList\",\"@id\":\"https:\/\/wirtznv.com\/de\/nutzungsbedingungen\/#breadcrumb\",\"itemListElement\":[{\"@type\":\"ListItem\",\"position\":1,\"name\":\"Home\",\"item\":\"https:\/\/wirtznv.com\/de\/\"},{\"@type\":\"ListItem\",\"position\":2,\"name\":\"Nutzungsbedingungen\"}]},{\"@type\":\"WebSite\",\"@id\":\"https:\/\/wirtznv.com\/de\/#website\",\"url\":\"https:\/\/wirtznv.com\/de\/\",\"name\":\"Wirtz NV\",\"description\":\"\",\"publisher\":{\"@id\":\"https:\/\/wirtznv.com\/de\/#organization\"},\"potentialAction\":[{\"@type\":\"SearchAction\",\"target\":{\"@type\":\"EntryPoint\",\"urlTemplate\":\"https:\/\/wirtznv.com\/de\/?s={search_term_string}\"},\"query-input\":{\"@type\":\"PropertyValueSpecification\",\"valueRequired\":true,\"valueName\":\"search_term_string\"}}],\"inLanguage\":\"de\"},{\"@type\":\"Organization\",\"@id\":\"https:\/\/wirtznv.com\/de\/#organization\",\"name\":\"Wirtz NV\",\"url\":\"https:\/\/wirtznv.com\/de\/\",\"logo\":{\"@type\":\"ImageObject\",\"inLanguage\":\"de\",\"@id\":\"https:\/\/wirtznv.com\/de\/#\/schema\/logo\/image\/\",\"url\":\"https:\/\/mk0wirtznvw3r6n59kw4.kinstacdn.com\/wp-content\/uploads\/2021\/03\/logo_header@2x-1.png\",\"contentUrl\":\"https:\/\/mk0wirtznvw3r6n59kw4.kinstacdn.com\/wp-content\/uploads\/2021\/03\/logo_header@2x-1.png\",\"width\":177,\"height\":161,\"caption\":\"Wirtz NV\"},\"image\":{\"@id\":\"https:\/\/wirtznv.com\/de\/#\/schema\/logo\/image\/\"}}]}<\/script>\n<!-- \/ Yoast SEO plugin. -->","yoast_head_json":{"title":"Nutzungsbedienungen | Wirtz Landschaftsarchitekten","description":"Bitte lesen Sie die vorliegenden Nutzungsbedingungen und die Datenschutz- und Cookies-Richtlinie aufmerksam.","robots":{"index":"index","follow":"follow","max-snippet":"max-snippet:-1","max-image-preview":"max-image-preview:large","max-video-preview":"max-video-preview:-1"},"canonical":"https:\/\/wirtznv.com\/de\/nutzungsbedingungen\/","og_locale":"de_DE","og_type":"article","og_title":"Nutzungsbedienungen | Wirtz Landschaftsarchitekten","og_description":"Bitte lesen Sie die vorliegenden Nutzungsbedingungen und die Datenschutz- und Cookies-Richtlinie aufmerksam.","og_url":"https:\/\/wirtznv.com\/de\/nutzungsbedingungen\/","og_site_name":"Wirtz NV","article_modified_time":"2023-06-07T12:24:12+00:00","twitter_card":"summary_large_image","twitter_misc":{"Gesch\u00e4tzte Lesezeit":"4\u00a0Minuten"},"schema":{"@context":"https:\/\/schema.org","@graph":[{"@type":"WebPage","@id":"https:\/\/wirtznv.com\/de\/nutzungsbedingungen\/","url":"https:\/\/wirtznv.com\/de\/nutzungsbedingungen\/","name":"Nutzungsbedienungen | Wirtz Landschaftsarchitekten","isPartOf":{"@id":"https:\/\/wirtznv.com\/de\/#website"},"datePublished":"2021-05-06T09:15:35+00:00","dateModified":"2023-06-07T12:24:12+00:00","description":"Bitte lesen Sie die vorliegenden Nutzungsbedingungen und die Datenschutz- und Cookies-Richtlinie aufmerksam.","breadcrumb":{"@id":"https:\/\/wirtznv.com\/de\/nutzungsbedingungen\/#breadcrumb"},"inLanguage":"de","potentialAction":[{"@type":"ReadAction","target":["https:\/\/wirtznv.com\/de\/nutzungsbedingungen\/"]}]},{"@type":"BreadcrumbList","@id":"https:\/\/wirtznv.com\/de\/nutzungsbedingungen\/#breadcrumb","itemListElement":[{"@type":"ListItem","position":1,"name":"Home","item":"https:\/\/wirtznv.com\/de\/"},{"@type":"ListItem","position":2,"name":"Nutzungsbedingungen"}]},{"@type":"WebSite","@id":"https:\/\/wirtznv.com\/de\/#website","url":"https:\/\/wirtznv.com\/de\/","name":"Wirtz NV","description":"","publisher":{"@id":"https:\/\/wirtznv.com\/de\/#organization"},"potentialAction":[{"@type":"SearchAction","target":{"@type":"EntryPoint","urlTemplate":"https:\/\/wirtznv.com\/de\/?s={search_term_string}"},"query-input":{"@type":"PropertyValueSpecification","valueRequired":true,"valueName":"search_term_string"}}],"inLanguage":"de"},{"@type":"Organization","@id":"https:\/\/wirtznv.com\/de\/#organization","name":"Wirtz NV","url":"https:\/\/wirtznv.com\/de\/","logo":{"@type":"ImageObject","inLanguage":"de","@id":"https:\/\/wirtznv.com\/de\/#\/schema\/logo\/image\/","url":"https:\/\/mk0wirtznvw3r6n59kw4.kinstacdn.com\/wp-content\/uploads\/2021\/03\/logo_header@2x-1.png","contentUrl":"https:\/\/mk0wirtznvw3r6n59kw4.kinstacdn.com\/wp-content\/uploads\/2021\/03\/logo_header@2x-1.png","width":177,"height":161,"caption":"Wirtz NV"},"image":{"@id":"https:\/\/wirtznv.com\/de\/#\/schema\/logo\/image\/"}}]}},"_links":{"self":[{"href":"https:\/\/wirtznv.com\/de\/wp-json\/wp\/v2\/pages\/7302","targetHints":{"allow":["GET"]}}],"collection":[{"href":"https:\/\/wirtznv.com\/de\/wp-json\/wp\/v2\/pages"}],"about":[{"href":"https:\/\/wirtznv.com\/de\/wp-json\/wp\/v2\/types\/page"}],"author":[{"embeddable":true,"href":"https:\/\/wirtznv.com\/de\/wp-json\/wp\/v2\/users\/1"}],"replies":[{"embeddable":true,"href":"https:\/\/wirtznv.com\/de\/wp-json\/wp\/v2\/comments?post=7302"}],"version-history":[{"count":0,"href":"https:\/\/wirtznv.com\/de\/wp-json\/wp\/v2\/pages\/7302\/revisions"}],"wp:attachment":[{"href":"https:\/\/wirtznv.com\/de\/wp-json\/wp\/v2\/media?parent=7302"}],"wp:term":[{"taxonomy":"category","embeddable":true,"href":"https:\/\/wirtznv.com\/de\/wp-json\/wp\/v2\/categories?post=7302"},{"taxonomy":"post_tag","embeddable":true,"href":"https:\/\/wirtznv.com\/de\/wp-json\/wp\/v2\/tags?post=7302"}],"curies":[{"name":"wp","href":"https:\/\/api.w.org\/{rel}","templated":true}]}}