{"id":7212,"date":"2021-05-05T11:46:08","date_gmt":"2021-05-05T11:46:08","guid":{"rendered":"https:\/\/wirtznv.com\/medien\/the-wirtz-private-garden\/"},"modified":"2023-06-08T12:23:35","modified_gmt":"2023-06-08T10:23:35","slug":"the-wirtz-private-garden","status":"publish","type":"page","link":"https:\/\/wirtznv.com\/de\/medien\/the-wirtz-private-garden\/","title":{"rendered":"The Wirtz Private Garden"},"content":{"rendered":"<div class=\"wpb-content-wrapper\"><p>[vc_row css=&#8220;.vc_custom_1616406220785{padding-top: 50px !important;padding-bottom: 50px !important;}&#8220;][vc_column][vc_raw_html el_class=&#8220;breadcrumb&#8220;]JTVCd3BzZW9fYnJlYWRjcnVtYiU1RA==[\/vc_raw_html][\/vc_column][\/vc_row][vc_row css=&#8220;.vc_custom_1620215095780{margin-bottom: 75px !important;}&#8220;][vc_column][vc_single_image image=&#8220;7102&#8243; img_size=&#8220;full&#8220; alignment=&#8220;center&#8220; css_animation=&#8220;fadeInUp&#8220;][\/vc_column][\/vc_row][vc_row gap=&#8220;35&#8243; equal_height=&#8220;yes&#8220;][vc_column width=&#8220;1\/12&#8243;][\/vc_column][vc_column width=&#8220;3\/12&#8243;][vc_column_text el_class=&#8220;seoh1&#8243;]<\/p>\n<h1>Der Wirtz Private Garden von Marco Valdivia[\/vc_column_text][\/vc_column][vc_column width=&#8220;7\/12&#8243; el_class=&#8220;lineleft&#8220;][vc_column_text]Der bekannte belgische Landschaftsarchitekt <strong>Jacques Wirtz<\/strong> gestaltete zusammen mit seinen S\u00f6hnen Martin und Peter einige der sch\u00f6nsten G\u00e4rten in Europa. Ihre Arbeit, die f\u00fcr ihr <strong>ausgepr\u00e4gtes Fl\u00e4chenmanagement<\/strong> und die <strong>ausdrucksstarken Formen von amerikanischen Mammutb\u00e4umen und Eiben<\/strong> renommiert ist, kombiniert modernes Design mit R\u00fccksicht auf die Tradition und den Geist des Gartens.<\/h1>\n<p>Im Garten eines privaten Anwesens in Schoten, nahe Antwerpen, erschufen sie im fr\u00fcheren G\u00e4rtnerhaus eines Grundst\u00fcckes aus dem 18. Jahrhundert ein Laboratorium, in dem sie in kleinem Ma\u00dfstab experimentieren.<\/p>\n<p>Der Fotograf Marco Valdivia, der mehr als <a href=\"https:\/\/wirtznv.com\/de\/projekte\/alle-projekte\/\">einhundert Wirtz-G\u00e4rten<\/a> f\u00fcr einen spektakul\u00e4ren erfolgreichen Katalog in zwei B\u00e4nden portr\u00e4tiert hat, hat seine Linse nun auf diesen Garten gerichtet. Seine Fotografien sind eine Hommage an das subtile Spiel von Licht und Schatten, Fl\u00e4che und Form in den verschiedenen Jahreszeiten, die Wirtz-G\u00e4rten so besonders machen. Die Art und Weise, wie seine Arbeit die Seele der Wirtz-\u00c4sthetik und das Gef\u00fchl freilegt, mit dem die Poesie und die Fragilit\u00e4t der Natur gezeigt werden, machen dieses Buch zu einer der sch\u00f6nen fotografischen Studien zu einem privaten Garten \u00fcberhaupt. Valdivia arbeitet statt mit digitalen Medien lieber mit traditionellem Film, was seinen Fotos eine unvergleichliche Tiefe und Klarheit verleiht.<\/p>\n<p>Das Buch enth\u00e4lt einf\u00fchrende Texte von Roger Malbert und Tania Compton.<\/p>\n<p><strong>The Wirtz Private Garden<\/strong><br \/>\nGebundene Ausgabe im Schuber, 320 x 270 mm, 204 S.[\/vc_column_text][\/vc_column][vc_column width=&#8220;1\/12&#8243;][\/vc_column][\/vc_row][vc_row full_width=&#8220;stretch_row&#8220; content_placement=&#8220;middle&#8220; css=&#8220;.vc_custom_1618316076832{background-color: #f0f0f0 !important;}&#8220; el_class=&#8220;moreprojectsrow&#8220;][vc_column]<div class=\"edgtf-image-gallery  edgtf-ig-carousel-type edgtf-three-columns edgtf-medium-space  edgtf-image-behavior-lightbox \">\n    <div class=\"edgtf-image-gallery-next-slide-overlay\"><\/div>\n\t<div class=\"edgtf-ig-slider edgtf-owl-slider\" data-number-of-items=\"3\" data-enable-loop=\"yes\" data-enable-autoplay=\"yes\" data-slider-speed=\"5000\" data-slider-speed-animation=\"600\" data-slider-padding=\"no\" data-enable-navigation=\"yes\" data-enable-pagination=\"no\" data-enable-auto-width=\"no\">\n\t\t\t\t\t<div class=\"edgtf-ig-image\">\n\t\t\t\t\t\t\t\t\t<a itemprop=\"image\" class=\"edgtf-ig-lightbox edgtf-block-drag-link\" href=\"https:\/\/wirtznv.com\/wp-content\/uploads\/2021\/05\/b1.jpeg\" data-rel=\"prettyPhoto[image_gallery_pretty_photo-218]\" title=\"b1\">\n\t\t\t\t\t\t\t\t\t<img decoding=\"async\" width=\"900\" height=\"600\" data-src=\"https:\/\/wirtznv.com\/wp-content\/uploads\/2021\/05\/b1.jpeg\" class=\"attachment-full size-full lazyload\" alt=\"\" data-srcset=\"https:\/\/wirtznv.com\/wp-content\/uploads\/2021\/05\/b1.jpeg 900w, https:\/\/wirtznv.com\/wp-content\/uploads\/2021\/05\/b1-300x200.jpeg 300w, https:\/\/wirtznv.com\/wp-content\/uploads\/2021\/05\/b1-768x512.jpeg 768w\" data-sizes=\"(max-width: 900px) 100vw, 900px\" src=\"data:image\/svg+xml;base64,PHN2ZyB3aWR0aD0iMSIgaGVpZ2h0PSIxIiB4bWxucz0iaHR0cDovL3d3dy53My5vcmcvMjAwMC9zdmciPjwvc3ZnPg==\" style=\"--smush-placeholder-width: 900px; --smush-placeholder-aspect-ratio: 900\/600;\" \/>\t\t\t\t\t\t\t\t\t<\/a>\n\t\t\t\t\t\t\t<\/div>\n\t\t\t\t\t<div class=\"edgtf-ig-image\">\n\t\t\t\t\t\t\t\t\t<a itemprop=\"image\" class=\"edgtf-ig-lightbox edgtf-block-drag-link\" href=\"https:\/\/wirtznv.com\/wp-content\/uploads\/2021\/05\/b2.jpeg\" data-rel=\"prettyPhoto[image_gallery_pretty_photo-218]\" title=\"b2\">\n\t\t\t\t\t\t\t\t\t<img decoding=\"async\" width=\"900\" height=\"600\" data-src=\"https:\/\/wirtznv.com\/wp-content\/uploads\/2021\/05\/b2.jpeg\" class=\"attachment-full size-full lazyload\" alt=\"\" data-srcset=\"https:\/\/wirtznv.com\/wp-content\/uploads\/2021\/05\/b2.jpeg 900w, https:\/\/wirtznv.com\/wp-content\/uploads\/2021\/05\/b2-300x200.jpeg 300w, https:\/\/wirtznv.com\/wp-content\/uploads\/2021\/05\/b2-768x512.jpeg 768w\" data-sizes=\"(max-width: 900px) 100vw, 900px\" src=\"data:image\/svg+xml;base64,PHN2ZyB3aWR0aD0iMSIgaGVpZ2h0PSIxIiB4bWxucz0iaHR0cDovL3d3dy53My5vcmcvMjAwMC9zdmciPjwvc3ZnPg==\" style=\"--smush-placeholder-width: 900px; --smush-placeholder-aspect-ratio: 900\/600;\" \/>\t\t\t\t\t\t\t\t\t<\/a>\n\t\t\t\t\t\t\t<\/div>\n\t\t\t\t\t<div class=\"edgtf-ig-image\">\n\t\t\t\t\t\t\t\t\t<a itemprop=\"image\" class=\"edgtf-ig-lightbox edgtf-block-drag-link\" href=\"https:\/\/wirtznv.com\/wp-content\/uploads\/2021\/05\/b3.jpeg\" data-rel=\"prettyPhoto[image_gallery_pretty_photo-218]\" title=\"b3\">\n\t\t\t\t\t\t\t\t\t<img decoding=\"async\" width=\"900\" height=\"600\" data-src=\"https:\/\/wirtznv.com\/wp-content\/uploads\/2021\/05\/b3.jpeg\" class=\"attachment-full size-full lazyload\" alt=\"\" data-srcset=\"https:\/\/wirtznv.com\/wp-content\/uploads\/2021\/05\/b3.jpeg 900w, https:\/\/wirtznv.com\/wp-content\/uploads\/2021\/05\/b3-300x200.jpeg 300w, https:\/\/wirtznv.com\/wp-content\/uploads\/2021\/05\/b3-768x512.jpeg 768w\" data-sizes=\"(max-width: 900px) 100vw, 900px\" src=\"data:image\/svg+xml;base64,PHN2ZyB3aWR0aD0iMSIgaGVpZ2h0PSIxIiB4bWxucz0iaHR0cDovL3d3dy53My5vcmcvMjAwMC9zdmciPjwvc3ZnPg==\" style=\"--smush-placeholder-width: 900px; --smush-placeholder-aspect-ratio: 900\/600;\" \/>\t\t\t\t\t\t\t\t\t<\/a>\n\t\t\t\t\t\t\t<\/div>\n\t\t\t\t\t<div class=\"edgtf-ig-image\">\n\t\t\t\t\t\t\t\t\t<a itemprop=\"image\" class=\"edgtf-ig-lightbox edgtf-block-drag-link\" href=\"https:\/\/wirtznv.com\/wp-content\/uploads\/2021\/05\/b4.jpeg\" data-rel=\"prettyPhoto[image_gallery_pretty_photo-218]\" title=\"b4\">\n\t\t\t\t\t\t\t\t\t<img decoding=\"async\" width=\"900\" height=\"600\" data-src=\"https:\/\/wirtznv.com\/wp-content\/uploads\/2021\/05\/b4.jpeg\" class=\"attachment-full size-full lazyload\" alt=\"\" data-srcset=\"https:\/\/wirtznv.com\/wp-content\/uploads\/2021\/05\/b4.jpeg 900w, https:\/\/wirtznv.com\/wp-content\/uploads\/2021\/05\/b4-300x200.jpeg 300w, https:\/\/wirtznv.com\/wp-content\/uploads\/2021\/05\/b4-768x512.jpeg 768w\" data-sizes=\"(max-width: 900px) 100vw, 900px\" src=\"data:image\/svg+xml;base64,PHN2ZyB3aWR0aD0iMSIgaGVpZ2h0PSIxIiB4bWxucz0iaHR0cDovL3d3dy53My5vcmcvMjAwMC9zdmciPjwvc3ZnPg==\" style=\"--smush-placeholder-width: 900px; --smush-placeholder-aspect-ratio: 900\/600;\" \/>\t\t\t\t\t\t\t\t\t<\/a>\n\t\t\t\t\t\t\t<\/div>\n\t\t\t<\/div>\n<\/div>[\/vc_column][\/vc_row]<\/p>\n<\/div>","protected":false},"excerpt":{"rendered":"<p>[vc_row css=&#8220;.vc_custom_1616406220785{padding-top: 50px !important;padding-bottom: 50px !important;}&#8220;][vc_column][vc_raw_html el_class=&#8220;breadcrumb&#8220;]JTVCd3BzZW9fYnJlYWRjcnVtYiU1RA==[\/vc_raw_html][\/vc_column][\/vc_row][vc_row css=&#8220;.vc_custom_1620215095780{margin-bottom: 75px !important;}&#8220;][vc_column][vc_single_image image=&#8220;7102&#8243; img_size=&#8220;full&#8220; alignment=&#8220;center&#8220; css_animation=&#8220;fadeInUp&#8220;][\/vc_column][\/vc_row][vc_row gap=&#8220;35&#8243; equal_height=&#8220;yes&#8220;][vc_column width=&#8220;1\/12&#8243;][\/vc_column][vc_column width=&#8220;3\/12&#8243;][vc_column_text el_class=&#8220;seoh1&#8243;] Der Wirtz Private Garden von Marco Valdivia[\/vc_column_text][\/vc_column][vc_column width=&#8220;7\/12&#8243; el_class=&#8220;lineleft&#8220;][vc_column_text]Der bekannte belgische Landschaftsarchitekt Jacques Wirtz gestaltete zusammen mit seinen S\u00f6hnen Martin und [&hellip;]<\/p>\n","protected":false},"author":1,"featured_media":0,"parent":7086,"menu_order":0,"comment_status":"closed","ping_status":"closed","template":"","meta":{"_acf_changed":false,"footnotes":""},"categories":[],"tags":[],"class_list":["post-7212","page","type-page","status-publish","hentry"],"acf":[],"yoast_head":"<!-- This site is optimized with the Yoast SEO plugin v26.4 - https:\/\/yoast.com\/wordpress\/plugins\/seo\/ -->\n<title>Der Wirtz Private Garden von Marco Valdivia | Wirtz International<\/title>\n<meta name=\"description\" content=\"Der Fotograf Marco Valdivia hat seine Linse nun auf diesen Garten gerichtet. Das Buch enth\u00e4lt Texte von Roger Malbert und Tania Compton.\" \/>\n<meta name=\"robots\" content=\"index, follow, max-snippet:-1, max-image-preview:large, max-video-preview:-1\" \/>\n<link rel=\"canonical\" href=\"https:\/\/wirtznv.com\/de\/medien\/the-wirtz-private-garden\/\" \/>\n<meta property=\"og:locale\" content=\"de_DE\" \/>\n<meta property=\"og:type\" content=\"article\" \/>\n<meta property=\"og:title\" content=\"Der Wirtz Private Garden von Marco Valdivia | Wirtz International\" \/>\n<meta property=\"og:description\" content=\"Der Fotograf Marco Valdivia hat seine Linse nun auf diesen Garten gerichtet. Das Buch enth\u00e4lt Texte von Roger Malbert und Tania Compton.\" \/>\n<meta property=\"og:url\" content=\"https:\/\/wirtznv.com\/de\/medien\/the-wirtz-private-garden\/\" \/>\n<meta property=\"og:site_name\" content=\"Wirtz NV\" \/>\n<meta property=\"article:modified_time\" content=\"2023-06-08T10:23:35+00:00\" \/>\n<meta name=\"twitter:card\" content=\"summary_large_image\" \/>\n<meta name=\"twitter:label1\" content=\"Gesch\u00e4tzte Lesezeit\" \/>\n\t<meta name=\"twitter:data1\" content=\"2\u00a0Minuten\" \/>\n<script type=\"application\/ld+json\" class=\"yoast-schema-graph\">{\"@context\":\"https:\/\/schema.org\",\"@graph\":[{\"@type\":\"WebPage\",\"@id\":\"https:\/\/wirtznv.com\/de\/medien\/the-wirtz-private-garden\/\",\"url\":\"https:\/\/wirtznv.com\/de\/medien\/the-wirtz-private-garden\/\",\"name\":\"Der Wirtz Private Garden von Marco Valdivia | Wirtz International\",\"isPartOf\":{\"@id\":\"https:\/\/wirtznv.com\/de\/#website\"},\"datePublished\":\"2021-05-05T11:46:08+00:00\",\"dateModified\":\"2023-06-08T10:23:35+00:00\",\"description\":\"Der Fotograf Marco Valdivia hat seine Linse nun auf diesen Garten gerichtet. Das Buch enth\u00e4lt Texte von Roger Malbert und Tania Compton.\",\"breadcrumb\":{\"@id\":\"https:\/\/wirtznv.com\/de\/medien\/the-wirtz-private-garden\/#breadcrumb\"},\"inLanguage\":\"de\",\"potentialAction\":[{\"@type\":\"ReadAction\",\"target\":[\"https:\/\/wirtznv.com\/de\/medien\/the-wirtz-private-garden\/\"]}]},{\"@type\":\"BreadcrumbList\",\"@id\":\"https:\/\/wirtznv.com\/de\/medien\/the-wirtz-private-garden\/#breadcrumb\",\"itemListElement\":[{\"@type\":\"ListItem\",\"position\":1,\"name\":\"Home\",\"item\":\"https:\/\/wirtznv.com\/de\/\"},{\"@type\":\"ListItem\",\"position\":2,\"name\":\"Medien\",\"item\":\"https:\/\/wirtznv.com\/de\/medien\/\"},{\"@type\":\"ListItem\",\"position\":3,\"name\":\"The Wirtz Private Garden\"}]},{\"@type\":\"WebSite\",\"@id\":\"https:\/\/wirtznv.com\/de\/#website\",\"url\":\"https:\/\/wirtznv.com\/de\/\",\"name\":\"Wirtz NV\",\"description\":\"\",\"publisher\":{\"@id\":\"https:\/\/wirtznv.com\/de\/#organization\"},\"potentialAction\":[{\"@type\":\"SearchAction\",\"target\":{\"@type\":\"EntryPoint\",\"urlTemplate\":\"https:\/\/wirtznv.com\/de\/?s={search_term_string}\"},\"query-input\":{\"@type\":\"PropertyValueSpecification\",\"valueRequired\":true,\"valueName\":\"search_term_string\"}}],\"inLanguage\":\"de\"},{\"@type\":\"Organization\",\"@id\":\"https:\/\/wirtznv.com\/de\/#organization\",\"name\":\"Wirtz NV\",\"url\":\"https:\/\/wirtznv.com\/de\/\",\"logo\":{\"@type\":\"ImageObject\",\"inLanguage\":\"de\",\"@id\":\"https:\/\/wirtznv.com\/de\/#\/schema\/logo\/image\/\",\"url\":\"https:\/\/mk0wirtznvw3r6n59kw4.kinstacdn.com\/wp-content\/uploads\/2021\/03\/logo_header@2x-1.png\",\"contentUrl\":\"https:\/\/mk0wirtznvw3r6n59kw4.kinstacdn.com\/wp-content\/uploads\/2021\/03\/logo_header@2x-1.png\",\"width\":177,\"height\":161,\"caption\":\"Wirtz NV\"},\"image\":{\"@id\":\"https:\/\/wirtznv.com\/de\/#\/schema\/logo\/image\/\"}}]}<\/script>\n<!-- \/ Yoast SEO plugin. -->","yoast_head_json":{"title":"Der Wirtz Private Garden von Marco Valdivia | Wirtz International","description":"Der Fotograf Marco Valdivia hat seine Linse nun auf diesen Garten gerichtet. Das Buch enth\u00e4lt Texte von Roger Malbert und Tania Compton.","robots":{"index":"index","follow":"follow","max-snippet":"max-snippet:-1","max-image-preview":"max-image-preview:large","max-video-preview":"max-video-preview:-1"},"canonical":"https:\/\/wirtznv.com\/de\/medien\/the-wirtz-private-garden\/","og_locale":"de_DE","og_type":"article","og_title":"Der Wirtz Private Garden von Marco Valdivia | Wirtz International","og_description":"Der Fotograf Marco Valdivia hat seine Linse nun auf diesen Garten gerichtet. Das Buch enth\u00e4lt Texte von Roger Malbert und Tania Compton.","og_url":"https:\/\/wirtznv.com\/de\/medien\/the-wirtz-private-garden\/","og_site_name":"Wirtz NV","article_modified_time":"2023-06-08T10:23:35+00:00","twitter_card":"summary_large_image","twitter_misc":{"Gesch\u00e4tzte Lesezeit":"2\u00a0Minuten"},"schema":{"@context":"https:\/\/schema.org","@graph":[{"@type":"WebPage","@id":"https:\/\/wirtznv.com\/de\/medien\/the-wirtz-private-garden\/","url":"https:\/\/wirtznv.com\/de\/medien\/the-wirtz-private-garden\/","name":"Der Wirtz Private Garden von Marco Valdivia | Wirtz International","isPartOf":{"@id":"https:\/\/wirtznv.com\/de\/#website"},"datePublished":"2021-05-05T11:46:08+00:00","dateModified":"2023-06-08T10:23:35+00:00","description":"Der Fotograf Marco Valdivia hat seine Linse nun auf diesen Garten gerichtet. Das Buch enth\u00e4lt Texte von Roger Malbert und Tania Compton.","breadcrumb":{"@id":"https:\/\/wirtznv.com\/de\/medien\/the-wirtz-private-garden\/#breadcrumb"},"inLanguage":"de","potentialAction":[{"@type":"ReadAction","target":["https:\/\/wirtznv.com\/de\/medien\/the-wirtz-private-garden\/"]}]},{"@type":"BreadcrumbList","@id":"https:\/\/wirtznv.com\/de\/medien\/the-wirtz-private-garden\/#breadcrumb","itemListElement":[{"@type":"ListItem","position":1,"name":"Home","item":"https:\/\/wirtznv.com\/de\/"},{"@type":"ListItem","position":2,"name":"Medien","item":"https:\/\/wirtznv.com\/de\/medien\/"},{"@type":"ListItem","position":3,"name":"The Wirtz Private Garden"}]},{"@type":"WebSite","@id":"https:\/\/wirtznv.com\/de\/#website","url":"https:\/\/wirtznv.com\/de\/","name":"Wirtz NV","description":"","publisher":{"@id":"https:\/\/wirtznv.com\/de\/#organization"},"potentialAction":[{"@type":"SearchAction","target":{"@type":"EntryPoint","urlTemplate":"https:\/\/wirtznv.com\/de\/?s={search_term_string}"},"query-input":{"@type":"PropertyValueSpecification","valueRequired":true,"valueName":"search_term_string"}}],"inLanguage":"de"},{"@type":"Organization","@id":"https:\/\/wirtznv.com\/de\/#organization","name":"Wirtz NV","url":"https:\/\/wirtznv.com\/de\/","logo":{"@type":"ImageObject","inLanguage":"de","@id":"https:\/\/wirtznv.com\/de\/#\/schema\/logo\/image\/","url":"https:\/\/mk0wirtznvw3r6n59kw4.kinstacdn.com\/wp-content\/uploads\/2021\/03\/logo_header@2x-1.png","contentUrl":"https:\/\/mk0wirtznvw3r6n59kw4.kinstacdn.com\/wp-content\/uploads\/2021\/03\/logo_header@2x-1.png","width":177,"height":161,"caption":"Wirtz NV"},"image":{"@id":"https:\/\/wirtznv.com\/de\/#\/schema\/logo\/image\/"}}]}},"_links":{"self":[{"href":"https:\/\/wirtznv.com\/de\/wp-json\/wp\/v2\/pages\/7212","targetHints":{"allow":["GET"]}}],"collection":[{"href":"https:\/\/wirtznv.com\/de\/wp-json\/wp\/v2\/pages"}],"about":[{"href":"https:\/\/wirtznv.com\/de\/wp-json\/wp\/v2\/types\/page"}],"author":[{"embeddable":true,"href":"https:\/\/wirtznv.com\/de\/wp-json\/wp\/v2\/users\/1"}],"replies":[{"embeddable":true,"href":"https:\/\/wirtznv.com\/de\/wp-json\/wp\/v2\/comments?post=7212"}],"version-history":[{"count":0,"href":"https:\/\/wirtznv.com\/de\/wp-json\/wp\/v2\/pages\/7212\/revisions"}],"up":[{"embeddable":true,"href":"https:\/\/wirtznv.com\/de\/wp-json\/wp\/v2\/pages\/7086"}],"wp:attachment":[{"href":"https:\/\/wirtznv.com\/de\/wp-json\/wp\/v2\/media?parent=7212"}],"wp:term":[{"taxonomy":"category","embeddable":true,"href":"https:\/\/wirtznv.com\/de\/wp-json\/wp\/v2\/categories?post=7212"},{"taxonomy":"post_tag","embeddable":true,"href":"https:\/\/wirtznv.com\/de\/wp-json\/wp\/v2\/tags?post=7212"}],"curies":[{"name":"wp","href":"https:\/\/api.w.org\/{rel}","templated":true}]}}