{"id":6675,"date":"2021-04-28T11:23:30","date_gmt":"2021-04-28T11:23:30","guid":{"rendered":"https:\/\/wirtznv.com\/projects\/projectontwikkeling\/"},"modified":"2023-06-07T15:58:43","modified_gmt":"2023-06-07T13:58:43","slug":"quartiersentwicklungen","status":"publish","type":"page","link":"https:\/\/wirtznv.com\/de\/projekte\/quartiersentwicklungen\/","title":{"rendered":"Quartiersentwicklungen"},"content":{"rendered":"<div class=\"wpb-content-wrapper\"><p>[vc_row css=&#8220;.vc_custom_1616406220785{padding-top: 50px !important;padding-bottom: 50px !important;}&#8220;][vc_column][vc_raw_html el_class=&#8220;breadcrumb&#8220;]JTVCd3BzZW9fYnJlYWRjcnVtYiU1RA==[\/vc_raw_html][\/vc_column][\/vc_row][vc_row gap=&#8220;35&#8243; equal_height=&#8220;yes&#8220;][vc_column width=&#8220;1\/12&#8243;][\/vc_column][vc_column width=&#8220;5\/12&#8243;][vc_column_text el_class=&#8220;seoh1&#8243;]<\/p>\n<h1>Quartiersentwicklungen<\/h1>\n<p>[\/vc_column_text][\/vc_column][vc_column width=&#8220;5\/12&#8243; el_class=&#8220;lineleft&#8220;][vc_column_text]Gr\u00fcnr\u00e4ume spielen bei <strong>Projektentwicklungen in unterschiedlichen Ma\u00dfst\u00e4ben<\/strong> eine wichtige Rolle. Wir sind der Meinung, dass <a href=\"https:\/\/wirtznv.com\/de\/projekte\/oeffentliche-raum\/\">gemeinschaftliche Au\u00dfenr\u00e4ume<\/a> wie <a href=\"https:\/\/wirtznv.com\/de\/projekte\/dachgaerten\/\">Dachterrassen<\/a> und Innenh\u00f6fe, aber auch \u00f6ffentliche und halb\u00f6ffentliche R\u00e4ume einen gro\u00dfen Wert f\u00fcr Ihre Investition haben.<\/p>\n<p>Jedes Projekt ist einzigartig und wird entsprechend so behandelt und bearbeitet. Unabh\u00e4ngig von Jahreszeit stehen der unverwechselbare Charakter und das Bewohner- und Besuchererlebnis im Vordergrund.<\/p>\n<p>Das R\u00fcckgrat eines jeden Entwurfes bildet eine gro\u00dfe Vielfalt an <strong>B\u00e4umen<\/strong>, <strong>Str\u00e4uchern<\/strong> und <strong>Hecken<\/strong>. Sie sind Rahmen und Fenster, die dem Ganzen mehr Tiefe und Perspektive verleihen. Durch den gezielten Einsatz von Hecken und B\u00e4umen st\u00e4rken wir die Architektur und schaffen eine klare Einheit mit Wiedererkennungswert. Au\u00dferdem verbinden sie den kleineren menschlichen Ma\u00dfstab mit dem gr\u00f6\u00dferen Ma\u00dfstab der Geb\u00e4ude, wodurch das Ganze in ein besseres Gleichgewicht gebracht wird. Es sind langfristige Investitionen, von denen die gesamte Umgebung profitiert.[\/vc_column_text][\/vc_column][vc_column width=&#8220;1\/12&#8243;][\/vc_column][\/vc_row][vc_row el_class=&#8220;seoprojectenrow&#8220;][vc_column]<div class=\"edgtf-portfolio-slider-holder\"><div class=\"edgtf-portfolio-list-holder edgtf-grid-list edgtf-disable-bottom-space edgtf-pl-gallery edgtf-three-columns edgtf-medium-space edgtf-pl-gallery-overlay    edgtf-pl-pag-no-pagination      edgtf-pag-below-slider \"  data-type=gallery data-number-of-columns=three data-lower-even-columns=no data-space-between-items=medium data-additional-spacing=no data-number-of-items=-1 data-image-proportions=large data-enable-fixed-proportions=no data-enable-image-shadow=no data-category=projectontwikkeling data-orderby=date data-order=ASC data-item-style=gallery-overlay data-advanced-hover=no data-enable-title=yes data-title-tag=h4 data-enable-category=no data-enable-count-images=yes data-enable-excerpt=no data-excerpt-length=20 data-pagination-type=no-pagination data-filter=no data-filter-order-by=name data-enable-article-animation=no data-portfolio-slider-on=yes data-enable-loop=yes data-enable-autoplay=yes data-slider-speed=3000 data-slider-speed-animation=600 data-enable-navigation=yes data-enable-pagination=yes data-pagination-position=below-slider data-title-skin=light data-enable-article-parallax=no data-max-num-pages=0 data-next-page=2>\n\t\t<div class=\"edgtf-pl-inner edgtf-outer-space edgtf-owl-slider edgtf-list-is-slider clearfix\">\n\t\t<article class=\"edgtf-pl-item edgtf-item-space  post-6542 portfolio-item type-portfolio-item status-publish has-post-thumbnail hentry portfolio-category-dachgaerten portfolio-category-quartiersentwicklungen\" >\n\t<div class=\"edgtf-pl-item-inner\">\n        <div class=\"edgtf-pl-inner-content\">\n            \n\n\t\n    <div class=\"edgtf-pli-image\" data-src=\"https:\/\/wirtznv.com\/wp-content\/uploads\/2021\/04\/41.-Rheinblick-residences-Bonn-Duitsland.jpg\" data-height=\"1080\" data-width=\"1920\">\n\n\t\t<img decoding=\"async\" width=\"1024\" height=\"576\" data-src=\"https:\/\/wirtznv.com\/wp-content\/uploads\/2021\/04\/41.-Rheinblick-residences-Bonn-Duitsland-1024x576.jpg\" class=\"attachment-large size-large wp-post-image lazyload\" alt=\"\" data-srcset=\"https:\/\/wirtznv.com\/wp-content\/uploads\/2021\/04\/41.-Rheinblick-residences-Bonn-Duitsland-1024x576.jpg 1024w, https:\/\/wirtznv.com\/wp-content\/uploads\/2021\/04\/41.-Rheinblick-residences-Bonn-Duitsland-300x169.jpg 300w, https:\/\/wirtznv.com\/wp-content\/uploads\/2021\/04\/41.-Rheinblick-residences-Bonn-Duitsland-768x432.jpg 768w, https:\/\/wirtznv.com\/wp-content\/uploads\/2021\/04\/41.-Rheinblick-residences-Bonn-Duitsland-1536x864.jpg 1536w, https:\/\/wirtznv.com\/wp-content\/uploads\/2021\/04\/41.-Rheinblick-residences-Bonn-Duitsland.jpg 1920w\" data-sizes=\"(max-width: 1024px) 100vw, 1024px\" src=\"data:image\/svg+xml;base64,PHN2ZyB3aWR0aD0iMSIgaGVpZ2h0PSIxIiB4bWxucz0iaHR0cDovL3d3dy53My5vcmcvMjAwMC9zdmciPjwvc3ZnPg==\" style=\"--smush-placeholder-width: 1024px; --smush-placeholder-aspect-ratio: 1024\/576;\" \/>    <\/div>\n\t\t\n\n<div class=\"edgtf-pli-text-holder\" >\n\t<div class=\"edgtf-pli-text-wrapper\">\n\t\t<div class=\"edgtf-pli-text\">\n\t\t\t\t<h4 itemprop=\"name\" class=\"edgtf-pli-title entry-title\" >\n        \t\t    Rheinblick Residences        \t<\/h4>\n                <div class=\"edgtf-hspl-item-title-holder locatie\">\n            Bonn (DE)            <\/div>\n\n\t\t\t\n\t\t\t\t\t\t\n\t\t\t\t\t<\/div>\n\t<\/div>\n<\/div>\n            <a itemprop=\"url\" class=\"edgtf-pli-link edgtf-block-drag-link\" href=\"https:\/\/wirtznv.com\/de\/projekt\/rheinblick-residences-bonn-de\/\" target=\"_self\"><\/a>\n\n        <\/div>\n    <\/div>\n<\/article><article class=\"edgtf-pl-item edgtf-item-space  post-6485 portfolio-item type-portfolio-item status-publish has-post-thumbnail hentry portfolio-category-dachgaerten portfolio-category-featured-4 portfolio-category-quartiersentwicklungen\" >\n\t<div class=\"edgtf-pl-item-inner\">\n        <div class=\"edgtf-pl-inner-content\">\n            \n\n\t\n    <div class=\"edgtf-pli-image\" data-src=\"https:\/\/wirtznv.com\/wp-content\/uploads\/2021\/04\/Wirtz_Projectontwikkeling-7even-Tuinen.jpg\" data-height=\"2000\" data-width=\"1498\">\n\n\t\t<img decoding=\"async\" width=\"767\" height=\"1024\" data-src=\"https:\/\/wirtznv.com\/wp-content\/uploads\/2021\/04\/Wirtz_Projectontwikkeling-7even-Tuinen-767x1024.jpg\" class=\"attachment-large size-large wp-post-image lazyload\" alt=\"\" data-srcset=\"https:\/\/wirtznv.com\/wp-content\/uploads\/2021\/04\/Wirtz_Projectontwikkeling-7even-Tuinen-767x1024.jpg 767w, https:\/\/wirtznv.com\/wp-content\/uploads\/2021\/04\/Wirtz_Projectontwikkeling-7even-Tuinen-225x300.jpg 225w, https:\/\/wirtznv.com\/wp-content\/uploads\/2021\/04\/Wirtz_Projectontwikkeling-7even-Tuinen-768x1025.jpg 768w, https:\/\/wirtznv.com\/wp-content\/uploads\/2021\/04\/Wirtz_Projectontwikkeling-7even-Tuinen-1150x1536.jpg 1150w, https:\/\/wirtznv.com\/wp-content\/uploads\/2021\/04\/Wirtz_Projectontwikkeling-7even-Tuinen.jpg 1498w\" data-sizes=\"(max-width: 767px) 100vw, 767px\" src=\"data:image\/svg+xml;base64,PHN2ZyB3aWR0aD0iMSIgaGVpZ2h0PSIxIiB4bWxucz0iaHR0cDovL3d3dy53My5vcmcvMjAwMC9zdmciPjwvc3ZnPg==\" style=\"--smush-placeholder-width: 767px; --smush-placeholder-aspect-ratio: 767\/1024;\" \/>    <\/div>\n\t\t\n\n<div class=\"edgtf-pli-text-holder\" >\n\t<div class=\"edgtf-pli-text-wrapper\">\n\t\t<div class=\"edgtf-pli-text\">\n\t\t\t\t<h4 itemprop=\"name\" class=\"edgtf-pli-title entry-title\" >\n        \t\t    7even Tuinen        \t<\/h4>\n                <div class=\"edgtf-hspl-item-title-holder locatie\">\n            L\u00f6wen (BE)            <\/div>\n\n\t\t\t\n\t\t\t\t\t\t\n\t\t\t\t\t<\/div>\n\t<\/div>\n<\/div>\n            <a itemprop=\"url\" class=\"edgtf-pli-link edgtf-block-drag-link\" href=\"https:\/\/wirtznv.com\/de\/projekt\/7even-tuinen-loewen\/\" target=\"_self\"><\/a>\n\n        <\/div>\n    <\/div>\n<\/article><article class=\"edgtf-pl-item edgtf-item-space  post-6320 portfolio-item type-portfolio-item status-publish has-post-thumbnail hentry portfolio-category-quartiersentwicklungen\" >\n\t<div class=\"edgtf-pl-item-inner\">\n        <div class=\"edgtf-pl-inner-content\">\n            \n\n\t\n    <div class=\"edgtf-pli-image\" data-src=\"https:\/\/wirtznv.com\/wp-content\/uploads\/2021\/04\/Wirtz_Projectontwikkeling-Vinkenhof.jpg\" data-height=\"2000\" data-width=\"1498\">\n\n\t\t<img decoding=\"async\" width=\"767\" height=\"1024\" data-src=\"https:\/\/wirtznv.com\/wp-content\/uploads\/2021\/04\/Wirtz_Projectontwikkeling-Vinkenhof-767x1024.jpg\" class=\"attachment-large size-large wp-post-image lazyload\" alt=\"\" data-srcset=\"https:\/\/wirtznv.com\/wp-content\/uploads\/2021\/04\/Wirtz_Projectontwikkeling-Vinkenhof-767x1024.jpg 767w, https:\/\/wirtznv.com\/wp-content\/uploads\/2021\/04\/Wirtz_Projectontwikkeling-Vinkenhof-225x300.jpg 225w, https:\/\/wirtznv.com\/wp-content\/uploads\/2021\/04\/Wirtz_Projectontwikkeling-Vinkenhof-768x1025.jpg 768w, https:\/\/wirtznv.com\/wp-content\/uploads\/2021\/04\/Wirtz_Projectontwikkeling-Vinkenhof-1150x1536.jpg 1150w, https:\/\/wirtznv.com\/wp-content\/uploads\/2021\/04\/Wirtz_Projectontwikkeling-Vinkenhof.jpg 1498w\" data-sizes=\"(max-width: 767px) 100vw, 767px\" src=\"data:image\/svg+xml;base64,PHN2ZyB3aWR0aD0iMSIgaGVpZ2h0PSIxIiB4bWxucz0iaHR0cDovL3d3dy53My5vcmcvMjAwMC9zdmciPjwvc3ZnPg==\" style=\"--smush-placeholder-width: 767px; --smush-placeholder-aspect-ratio: 767\/1024;\" \/>    <\/div>\n\t\t\n\n<div class=\"edgtf-pli-text-holder\" >\n\t<div class=\"edgtf-pli-text-wrapper\">\n\t\t<div class=\"edgtf-pli-text\">\n\t\t\t\t<h4 itemprop=\"name\" class=\"edgtf-pli-title entry-title\" >\n        \t\t    Vinkenhof        \t<\/h4>\n                <div class=\"edgtf-hspl-item-title-holder locatie\">\n            Antwerpen (BE)            <\/div>\n\n\t\t\t\n\t\t\t\t\t\t\n\t\t\t\t\t<\/div>\n\t<\/div>\n<\/div>\n            <a itemprop=\"url\" class=\"edgtf-pli-link edgtf-block-drag-link\" href=\"https:\/\/wirtznv.com\/de\/projekt\/vinkenhof-antwerpen\/\" target=\"_self\"><\/a>\n\n        <\/div>\n    <\/div>\n<\/article>\t<\/div>\n\t\n\t<\/div><\/div>[vc_column_text el_class=&#8220;meerprojecten&#8220;]<a href=\"https:\/\/wirtznv.com\/de\/projekte\/\">Mehr projekte<br \/>\n<\/a>[\/vc_column_text][\/vc_column][\/vc_row][vc_row gap=&#8220;35&#8243; equal_height=&#8220;yes&#8220;][vc_column width=&#8220;1\/12&#8243;][\/vc_column][vc_column width=&#8220;5\/12&#8243;][vc_column_text el_class=&#8220;seoh1&#8243;]<\/p>\n<h2>Gr\u00fcn und Grau verbinden<\/h2>\n<p>[\/vc_column_text][\/vc_column][vc_column width=&#8220;5\/12&#8243; el_class=&#8220;lineleft&#8220;][vc_column_text]Als <strong>Projektentwickler<\/strong> m\u00f6chten Sie den verf\u00fcgbaren Raum und die Architektur klug nutzen. Au\u00dferdem muss ein Gleichgewicht zwischen Kreativit\u00e4t, Standort, Umgebung und finanzieller Realisierbarkeit hergestellt werden. Das Gr\u00fcnkonzept f\u00fcr die <a href=\"https:\/\/wirtznv.com\/de\/projekte\/oeffentliche-raum\/\">gemeinschaftlichen Au\u00dfenr\u00e4ume<\/a> ist ein wesentlicher Bestandteil dieses Gesamtbilds. Das gew\u00fcnschte Programm \u00fcbersetzen wir in einen koh\u00e4renten, attraktiven und marktf\u00e4higen Entwurf. Dabei wird dem <strong>Erlebnis von Gr\u00fcn<\/strong> und <strong>der Nachhaltigkeit<\/strong> viel Aufmerksamkeit gewidmet.[\/vc_column_text][vc_column_text css=&#8220;.vc_custom_1658148448092{margin-top: 50px !important;}&#8220;]<a href=\"https:\/\/wirtznv.com\/de\/kontakt\/\"><span style=\"text-decoration: underline;\"><strong>NEHMEN SIE KONTAKT AUF<\/strong><\/span><\/a>[\/vc_column_text][\/vc_column][vc_column width=&#8220;1\/12&#8243;][\/vc_column][\/vc_row][vc_row full_width=&#8220;stretch_row&#8220; content_placement=&#8220;middle&#8220; css=&#8220;.vc_custom_1617800696269{background-color: #f0f0f0 !important;}&#8220; el_class=&#8220;moreprojectsrow&#8220;][vc_column width=&#8220;2\/3&#8243;][vc_column_text el_class=&#8220;seoh1&#8243;]<\/p>\n<h2 style=\"text-align: left;\">Andere kategorien<\/h2>\n<p>[\/vc_column_text][vc_basic_grid post_type=&#8220;page&#8220; max_items=&#8220;3&#8243; item=&#8220;3590&#8243; grid_id=&#8220;vc_gid:1686145798468-302767c7-a451-10&#8243; taxonomies=&#8220;133&#8243;][\/vc_column][vc_column width=&#8220;1\/3&#8243;][vc_column_text el_class=&#8220;meerprojecten&#8220;]<\/p>\n<h5 style=\"text-align: center;\"><a href=\"https:\/\/wirtznv.com\/de\/projekte\/\">Alle projekte<br \/>\n<\/a><\/h5>\n<p>[\/vc_column_text][\/vc_column][\/vc_row]<\/p>\n<\/div>","protected":false},"excerpt":{"rendered":"<p>[vc_row css=&#8220;.vc_custom_1616406220785{padding-top: 50px !important;padding-bottom: 50px !important;}&#8220;][vc_column][vc_raw_html el_class=&#8220;breadcrumb&#8220;]JTVCd3BzZW9fYnJlYWRjcnVtYiU1RA==[\/vc_raw_html][\/vc_column][\/vc_row][vc_row gap=&#8220;35&#8243; equal_height=&#8220;yes&#8220;][vc_column width=&#8220;1\/12&#8243;][\/vc_column][vc_column width=&#8220;5\/12&#8243;][vc_column_text el_class=&#8220;seoh1&#8243;] Quartiersentwicklungen [\/vc_column_text][\/vc_column][vc_column width=&#8220;5\/12&#8243; el_class=&#8220;lineleft&#8220;][vc_column_text]Gr\u00fcnr\u00e4ume spielen bei Projektentwicklungen in unterschiedlichen Ma\u00dfst\u00e4ben eine wichtige Rolle. Wir sind der Meinung, dass gemeinschaftliche Au\u00dfenr\u00e4ume wie Dachterrassen und Innenh\u00f6fe, aber auch \u00f6ffentliche und [&hellip;]<\/p>\n","protected":false},"author":1,"featured_media":7864,"parent":6343,"menu_order":4,"comment_status":"closed","ping_status":"closed","template":"","meta":{"_acf_changed":false,"footnotes":""},"categories":[158],"tags":[],"class_list":["post-6675","page","type-page","status-publish","has-post-thumbnail","hentry","category-categoriepagina-de"],"acf":[],"yoast_head":"<!-- This site is optimized with the Yoast SEO plugin v27.4 - https:\/\/yoast.com\/product\/yoast-seo-wordpress\/ -->\n<title>Quartiersentwicklungen | Wirtz International Landschaftsarchitekten<\/title>\n<meta name=\"description\" content=\"Gr\u00fcnr\u00e4ume spielen bei Quartiersentwicklungen in unterschiedlichen Ma\u00dfst\u00e4ben eine wichtige Rolle.\" \/>\n<meta name=\"robots\" content=\"index, follow, max-snippet:-1, max-image-preview:large, max-video-preview:-1\" \/>\n<link rel=\"canonical\" href=\"https:\/\/wirtznv.com\/de\/projekte\/quartiersentwicklungen\/\" \/>\n<meta property=\"og:locale\" content=\"de_DE\" \/>\n<meta property=\"og:type\" content=\"article\" \/>\n<meta property=\"og:title\" content=\"Quartiersentwicklungen | Wirtz International Landschaftsarchitekten\" \/>\n<meta property=\"og:description\" content=\"Gr\u00fcnr\u00e4ume spielen bei Quartiersentwicklungen in unterschiedlichen Ma\u00dfst\u00e4ben eine wichtige Rolle.\" \/>\n<meta property=\"og:url\" content=\"https:\/\/wirtznv.com\/de\/projekte\/quartiersentwicklungen\/\" \/>\n<meta property=\"og:site_name\" content=\"Wirtz NV\" \/>\n<meta property=\"article:modified_time\" content=\"2023-06-07T13:58:43+00:00\" \/>\n<meta property=\"og:image\" content=\"https:\/\/wirtznv.com\/wp-content\/uploads\/2022\/04\/Hoofdfoto-Projectontwikkeling.jpg\" \/>\n\t<meta property=\"og:image:width\" content=\"1425\" \/>\n\t<meta property=\"og:image:height\" content=\"2000\" \/>\n\t<meta property=\"og:image:type\" content=\"image\/jpeg\" \/>\n<meta name=\"twitter:card\" content=\"summary_large_image\" \/>\n<meta name=\"twitter:label1\" content=\"Gesch\u00e4tzte Lesezeit\" \/>\n\t<meta name=\"twitter:data1\" content=\"2\u00a0Minuten\" \/>\n<script type=\"application\/ld+json\" class=\"yoast-schema-graph\">{\"@context\":\"https:\\\/\\\/schema.org\",\"@graph\":[{\"@type\":\"WebPage\",\"@id\":\"https:\\\/\\\/wirtznv.com\\\/de\\\/projekte\\\/quartiersentwicklungen\\\/\",\"url\":\"https:\\\/\\\/wirtznv.com\\\/de\\\/projekte\\\/quartiersentwicklungen\\\/\",\"name\":\"Quartiersentwicklungen | Wirtz International Landschaftsarchitekten\",\"isPartOf\":{\"@id\":\"https:\\\/\\\/wirtznv.com\\\/de\\\/#website\"},\"primaryImageOfPage\":{\"@id\":\"https:\\\/\\\/wirtznv.com\\\/de\\\/projekte\\\/quartiersentwicklungen\\\/#primaryimage\"},\"image\":{\"@id\":\"https:\\\/\\\/wirtznv.com\\\/de\\\/projekte\\\/quartiersentwicklungen\\\/#primaryimage\"},\"thumbnailUrl\":\"https:\\\/\\\/wirtznv.com\\\/wp-content\\\/uploads\\\/2022\\\/04\\\/Hoofdfoto-Projectontwikkeling.jpg\",\"datePublished\":\"2021-04-28T11:23:30+00:00\",\"dateModified\":\"2023-06-07T13:58:43+00:00\",\"description\":\"Gr\u00fcnr\u00e4ume spielen bei Quartiersentwicklungen in unterschiedlichen Ma\u00dfst\u00e4ben eine wichtige Rolle.\",\"breadcrumb\":{\"@id\":\"https:\\\/\\\/wirtznv.com\\\/de\\\/projekte\\\/quartiersentwicklungen\\\/#breadcrumb\"},\"inLanguage\":\"de\",\"potentialAction\":[{\"@type\":\"ReadAction\",\"target\":[\"https:\\\/\\\/wirtznv.com\\\/de\\\/projekte\\\/quartiersentwicklungen\\\/\"]}]},{\"@type\":\"ImageObject\",\"inLanguage\":\"de\",\"@id\":\"https:\\\/\\\/wirtznv.com\\\/de\\\/projekte\\\/quartiersentwicklungen\\\/#primaryimage\",\"url\":\"https:\\\/\\\/wirtznv.com\\\/wp-content\\\/uploads\\\/2022\\\/04\\\/Hoofdfoto-Projectontwikkeling.jpg\",\"contentUrl\":\"https:\\\/\\\/wirtznv.com\\\/wp-content\\\/uploads\\\/2022\\\/04\\\/Hoofdfoto-Projectontwikkeling.jpg\",\"width\":1425,\"height\":2000},{\"@type\":\"BreadcrumbList\",\"@id\":\"https:\\\/\\\/wirtznv.com\\\/de\\\/projekte\\\/quartiersentwicklungen\\\/#breadcrumb\",\"itemListElement\":[{\"@type\":\"ListItem\",\"position\":1,\"name\":\"Home\",\"item\":\"https:\\\/\\\/wirtznv.com\\\/de\\\/\"},{\"@type\":\"ListItem\",\"position\":2,\"name\":\"Projekte\",\"item\":\"https:\\\/\\\/wirtznv.com\\\/de\\\/projekte\\\/\"},{\"@type\":\"ListItem\",\"position\":3,\"name\":\"Quartiersentwicklungen\"}]},{\"@type\":\"WebSite\",\"@id\":\"https:\\\/\\\/wirtznv.com\\\/de\\\/#website\",\"url\":\"https:\\\/\\\/wirtznv.com\\\/de\\\/\",\"name\":\"Wirtz NV\",\"description\":\"\",\"publisher\":{\"@id\":\"https:\\\/\\\/wirtznv.com\\\/de\\\/#organization\"},\"potentialAction\":[{\"@type\":\"SearchAction\",\"target\":{\"@type\":\"EntryPoint\",\"urlTemplate\":\"https:\\\/\\\/wirtznv.com\\\/de\\\/?s={search_term_string}\"},\"query-input\":{\"@type\":\"PropertyValueSpecification\",\"valueRequired\":true,\"valueName\":\"search_term_string\"}}],\"inLanguage\":\"de\"},{\"@type\":\"Organization\",\"@id\":\"https:\\\/\\\/wirtznv.com\\\/de\\\/#organization\",\"name\":\"Wirtz NV\",\"url\":\"https:\\\/\\\/wirtznv.com\\\/de\\\/\",\"logo\":{\"@type\":\"ImageObject\",\"inLanguage\":\"de\",\"@id\":\"https:\\\/\\\/wirtznv.com\\\/de\\\/#\\\/schema\\\/logo\\\/image\\\/\",\"url\":\"https:\\\/\\\/mk0wirtznvw3r6n59kw4.kinstacdn.com\\\/wp-content\\\/uploads\\\/2021\\\/03\\\/logo_header@2x-1.png\",\"contentUrl\":\"https:\\\/\\\/mk0wirtznvw3r6n59kw4.kinstacdn.com\\\/wp-content\\\/uploads\\\/2021\\\/03\\\/logo_header@2x-1.png\",\"width\":177,\"height\":161,\"caption\":\"Wirtz NV\"},\"image\":{\"@id\":\"https:\\\/\\\/wirtznv.com\\\/de\\\/#\\\/schema\\\/logo\\\/image\\\/\"}}]}<\/script>\n<!-- \/ Yoast SEO plugin. -->","yoast_head_json":{"title":"Quartiersentwicklungen | Wirtz International Landschaftsarchitekten","description":"Gr\u00fcnr\u00e4ume spielen bei Quartiersentwicklungen in unterschiedlichen Ma\u00dfst\u00e4ben eine wichtige Rolle.","robots":{"index":"index","follow":"follow","max-snippet":"max-snippet:-1","max-image-preview":"max-image-preview:large","max-video-preview":"max-video-preview:-1"},"canonical":"https:\/\/wirtznv.com\/de\/projekte\/quartiersentwicklungen\/","og_locale":"de_DE","og_type":"article","og_title":"Quartiersentwicklungen | Wirtz International Landschaftsarchitekten","og_description":"Gr\u00fcnr\u00e4ume spielen bei Quartiersentwicklungen in unterschiedlichen Ma\u00dfst\u00e4ben eine wichtige Rolle.","og_url":"https:\/\/wirtznv.com\/de\/projekte\/quartiersentwicklungen\/","og_site_name":"Wirtz NV","article_modified_time":"2023-06-07T13:58:43+00:00","og_image":[{"width":1425,"height":2000,"url":"https:\/\/wirtznv.com\/wp-content\/uploads\/2022\/04\/Hoofdfoto-Projectontwikkeling.jpg","type":"image\/jpeg"}],"twitter_card":"summary_large_image","twitter_misc":{"Gesch\u00e4tzte Lesezeit":"2\u00a0Minuten"},"schema":{"@context":"https:\/\/schema.org","@graph":[{"@type":"WebPage","@id":"https:\/\/wirtznv.com\/de\/projekte\/quartiersentwicklungen\/","url":"https:\/\/wirtznv.com\/de\/projekte\/quartiersentwicklungen\/","name":"Quartiersentwicklungen | Wirtz International Landschaftsarchitekten","isPartOf":{"@id":"https:\/\/wirtznv.com\/de\/#website"},"primaryImageOfPage":{"@id":"https:\/\/wirtznv.com\/de\/projekte\/quartiersentwicklungen\/#primaryimage"},"image":{"@id":"https:\/\/wirtznv.com\/de\/projekte\/quartiersentwicklungen\/#primaryimage"},"thumbnailUrl":"https:\/\/wirtznv.com\/wp-content\/uploads\/2022\/04\/Hoofdfoto-Projectontwikkeling.jpg","datePublished":"2021-04-28T11:23:30+00:00","dateModified":"2023-06-07T13:58:43+00:00","description":"Gr\u00fcnr\u00e4ume spielen bei Quartiersentwicklungen in unterschiedlichen Ma\u00dfst\u00e4ben eine wichtige Rolle.","breadcrumb":{"@id":"https:\/\/wirtznv.com\/de\/projekte\/quartiersentwicklungen\/#breadcrumb"},"inLanguage":"de","potentialAction":[{"@type":"ReadAction","target":["https:\/\/wirtznv.com\/de\/projekte\/quartiersentwicklungen\/"]}]},{"@type":"ImageObject","inLanguage":"de","@id":"https:\/\/wirtznv.com\/de\/projekte\/quartiersentwicklungen\/#primaryimage","url":"https:\/\/wirtznv.com\/wp-content\/uploads\/2022\/04\/Hoofdfoto-Projectontwikkeling.jpg","contentUrl":"https:\/\/wirtznv.com\/wp-content\/uploads\/2022\/04\/Hoofdfoto-Projectontwikkeling.jpg","width":1425,"height":2000},{"@type":"BreadcrumbList","@id":"https:\/\/wirtznv.com\/de\/projekte\/quartiersentwicklungen\/#breadcrumb","itemListElement":[{"@type":"ListItem","position":1,"name":"Home","item":"https:\/\/wirtznv.com\/de\/"},{"@type":"ListItem","position":2,"name":"Projekte","item":"https:\/\/wirtznv.com\/de\/projekte\/"},{"@type":"ListItem","position":3,"name":"Quartiersentwicklungen"}]},{"@type":"WebSite","@id":"https:\/\/wirtznv.com\/de\/#website","url":"https:\/\/wirtznv.com\/de\/","name":"Wirtz NV","description":"","publisher":{"@id":"https:\/\/wirtznv.com\/de\/#organization"},"potentialAction":[{"@type":"SearchAction","target":{"@type":"EntryPoint","urlTemplate":"https:\/\/wirtznv.com\/de\/?s={search_term_string}"},"query-input":{"@type":"PropertyValueSpecification","valueRequired":true,"valueName":"search_term_string"}}],"inLanguage":"de"},{"@type":"Organization","@id":"https:\/\/wirtznv.com\/de\/#organization","name":"Wirtz NV","url":"https:\/\/wirtznv.com\/de\/","logo":{"@type":"ImageObject","inLanguage":"de","@id":"https:\/\/wirtznv.com\/de\/#\/schema\/logo\/image\/","url":"https:\/\/mk0wirtznvw3r6n59kw4.kinstacdn.com\/wp-content\/uploads\/2021\/03\/logo_header@2x-1.png","contentUrl":"https:\/\/mk0wirtznvw3r6n59kw4.kinstacdn.com\/wp-content\/uploads\/2021\/03\/logo_header@2x-1.png","width":177,"height":161,"caption":"Wirtz NV"},"image":{"@id":"https:\/\/wirtznv.com\/de\/#\/schema\/logo\/image\/"}}]}},"_links":{"self":[{"href":"https:\/\/wirtznv.com\/de\/wp-json\/wp\/v2\/pages\/6675","targetHints":{"allow":["GET"]}}],"collection":[{"href":"https:\/\/wirtznv.com\/de\/wp-json\/wp\/v2\/pages"}],"about":[{"href":"https:\/\/wirtznv.com\/de\/wp-json\/wp\/v2\/types\/page"}],"author":[{"embeddable":true,"href":"https:\/\/wirtznv.com\/de\/wp-json\/wp\/v2\/users\/1"}],"replies":[{"embeddable":true,"href":"https:\/\/wirtznv.com\/de\/wp-json\/wp\/v2\/comments?post=6675"}],"version-history":[{"count":0,"href":"https:\/\/wirtznv.com\/de\/wp-json\/wp\/v2\/pages\/6675\/revisions"}],"up":[{"embeddable":true,"href":"https:\/\/wirtznv.com\/de\/wp-json\/wp\/v2\/pages\/6343"}],"wp:featuredmedia":[{"embeddable":true,"href":"https:\/\/wirtznv.com\/de\/wp-json\/wp\/v2\/media\/7864"}],"wp:attachment":[{"href":"https:\/\/wirtznv.com\/de\/wp-json\/wp\/v2\/media?parent=6675"}],"wp:term":[{"taxonomy":"category","embeddable":true,"href":"https:\/\/wirtznv.com\/de\/wp-json\/wp\/v2\/categories?post=6675"},{"taxonomy":"post_tag","embeddable":true,"href":"https:\/\/wirtznv.com\/de\/wp-json\/wp\/v2\/tags?post=6675"}],"curies":[{"name":"wp","href":"https:\/\/api.w.org\/{rel}","templated":true}]}}