{"id":6139,"date":"2021-03-19T12:18:25","date_gmt":"2021-03-19T12:18:25","guid":{"rendered":"https:\/\/wirtznv.com\/construction\/"},"modified":"2023-06-07T14:49:38","modified_gmt":"2023-06-07T12:49:38","slug":"konstruktion","status":"publish","type":"page","link":"https:\/\/wirtznv.com\/de\/konstruktion\/","title":{"rendered":"Konstruktion"},"content":{"rendered":"<div class=\"wpb-content-wrapper\"><p>[vc_row css=&#8220;.vc_custom_1616406220785{padding-top: 50px !important;padding-bottom: 50px !important;}&#8220;][vc_column][vc_raw_html el_class=&#8220;breadcrumb&#8220;]JTVCd3BzZW9fYnJlYWRjcnVtYiU1RA==[\/vc_raw_html][\/vc_column][\/vc_row][vc_row gap=&#8220;35&#8243; equal_height=&#8220;yes&#8220;][vc_column width=&#8220;1\/12&#8243;][\/vc_column][vc_column width=&#8220;3\/12&#8243;][vc_column_text el_class=&#8220;seoh1&#8243;]<\/p>\n<h1>Garten Konstruktion<\/h1>\n<p>[\/vc_column_text][\/vc_column][vc_column width=&#8220;7\/12&#8243; el_class=&#8220;lineleft&#8220;][vc_column_text]<a href=\"https:\/\/wirtznv.com\/de\/ueber-uns\/\">Wirtz Tuinarchitectuur<\/a> setzt unsere Projekte in den Benelux-Staaten um. Unsere talentierten G\u00e4rtner sammeln jeden Tag Wissen um einen Garten in ein Wirtz-Meisterwerk zu verwandeln. Dank unserer langj\u00e4hrigen Erfahrung und der guten Zusammenarbeit mit Lieferanten von hochwertigen Materialien und Pflanzen konnte Wirtz sich einen hervorragenden Ruf mit hoher Qualit\u00e4t in der Ausf\u00fchrung erarbeiten.<\/p>\n<p>Die gute Pflanzenauswahl und genaue Ausf\u00fchrung sind die Markenzeichen von Wirtz International. Mit unserem ge\u00fcbten Auge f\u00fcr den Bestand, den fundierten Kenntnissen klassischer Landschaftsarchitektur und einer modernen Note, entwerfen wir G\u00e4rten \u2013 selbstverst\u00e4ndlich, besonders und ber\u00fchrend.[\/vc_column_text][\/vc_column][vc_column width=&#8220;1\/12&#8243;][\/vc_column][\/vc_row][vc_row css=&#8220;.vc_custom_1617891565554{margin-top: 75px !important;margin-bottom: 75px !important;}&#8220;][vc_column][vc_single_image image=&#8220;6080&#8243; img_size=&#8220;full&#8220; alignment=&#8220;center&#8220; css_animation=&#8220;fadeInUp&#8220;][\/vc_column][\/vc_row][vc_row gap=&#8220;35&#8243; equal_height=&#8220;yes&#8220;][vc_column width=&#8220;1\/12&#8243;][\/vc_column][vc_column width=&#8220;4\/12&#8243;][vc_column_text el_class=&#8220;seoh1&#8243;]<\/p>\n<h2>Instandhaltung und Pflege<\/h2>\n<p>[\/vc_column_text][\/vc_column][vc_column width=&#8220;6\/12&#8243; el_class=&#8220;lineleft&#8220;][vc_column_text]<\/p>\n<h3>Konstruktionsprozess<\/h3>\n<p>W\u00e4hrend der <strong>Ausf\u00fchrung<\/strong> nutzen unsere erfahrenen G\u00e4rtner ihr fundiertes Wissen zum Bau der geplanten Gartenanlagen hierbei gibt es Spezialisten f\u00fcr die unterschiedlichen Elemente, wie Mauern, Pflaster- und Holzarbeiten oder Pflanzungen.<\/p>\n<p>Unsere Bauleitung \u00fcberwacht das Projekt w\u00e4hrend der Ausf\u00fchrung, damit die detaillierten Konstruktionszeichnungen von Wirtz International richtig umgesetzt werden. So versuchen wir, eine reibungslose Abwicklung des Bauprojektes zu gew\u00e4hrleisten.<\/p>\n<p>S\u00e4mtliche Arbeiten werden nach h\u00f6chsten Standards und in st\u00e4ndiger R\u00fccksprache mit dem Kunden zu allen Aspekten von Planung, Bau und Pflege durchgef\u00fchrt. Die Abnahme nach Abschluss der Arbeiten zusammen mit dem Kunden stellt sicher, dass alles zu seiner Zufriedenheit ist.<\/p>\n<h3>Instandhaltung und Pflege<\/h3>\n<p>Wirtz Tuinarchitectuur bietet auch die <strong>Pflege seiner Gartenprojekte<\/strong> in der Benelux-Staaten an. Besonders in den ersten Jahren, aber auch im weiteren Verlauf des Alterungsprozesses von G\u00e4rten, wird regelm\u00e4\u00dfige Instandhaltung und Pflege empfohlen. Dies stellt sicher, dass die Pflanzen robust und gesund bleiben, damit unsere Kunden sie noch viele Jahreszeiten genie\u00dfen k\u00f6nnen.<\/p>\n<p>Ein wiederkehrender und ureigener Wirtz-Aspekt in unseren G\u00e4rten ist die unkonventionelle und skulpturale Verwendung geschnittener B\u00e4ume und Hecken. Dies erfordert Kenntnisse beim regelm\u00e4\u00dfigen Pflanzenschnitt, um die gew\u00fcnschten Resultate zu erhalten. Es kann mehrere Jahre dauern, bis die gew\u00fcnschte Gr\u00f6\u00dfe der Pflanzen und das \u00e4sthetische Zielbild erreicht werden. Die Landschaftsg\u00e4rtner von Wirtz Tuinarchitectuur sind beim Schneiden von B\u00e4umen und Hecken sehr erfahren und fachlich versiert. So stellen sie sicher, dass das Resultat Ihren hohen Anspr\u00fcchen gen\u00fcgt.[\/vc_column_text][vc_column_text css=&#8220;.vc_custom_1619547237009{margin-top: 50px !important;}&#8220;]<a href=\"https:\/\/wirtznv.com\/de\/contact\/\"><span style=\"text-decoration: underline;\"><strong>KONTAKTIER UNS<\/strong><\/span><\/a>[\/vc_column_text][\/vc_column][vc_column width=&#8220;1\/12&#8243;][\/vc_column][\/vc_row][vc_row full_width=&#8220;stretch_row&#8220; content_placement=&#8220;middle&#8220; css=&#8220;.vc_custom_1618316076832{background-color: #f0f0f0 !important;}&#8220; el_class=&#8220;moreprojectsrow&#8220;][vc_column]<div class=\"edgtf-image-gallery  edgtf-ig-carousel-type edgtf-three-columns edgtf-medium-space  edgtf-image-behavior-lightbox \">\n    <div class=\"edgtf-image-gallery-next-slide-overlay\"><\/div>\n\t<div class=\"edgtf-ig-slider edgtf-owl-slider\" data-number-of-items=\"3\" data-enable-loop=\"yes\" data-enable-autoplay=\"yes\" data-slider-speed=\"5000\" data-slider-speed-animation=\"600\" data-slider-padding=\"no\" data-enable-navigation=\"yes\" data-enable-pagination=\"no\" data-enable-auto-width=\"no\">\n\t\t\t\t\t<div class=\"edgtf-ig-image\">\n\t\t\t\t\t\t\t\t\t<a itemprop=\"image\" class=\"edgtf-ig-lightbox edgtf-block-drag-link\" href=\"https:\/\/wirtznv.com\/wp-content\/uploads\/2021\/04\/01.-Hardscape.jpg\" data-rel=\"prettyPhoto[image_gallery_pretty_photo-429]\" title=\"01.-Hardscape\">\n\t\t\t\t\t\t\t\t\t<img decoding=\"async\" width=\"900\" height=\"600\" data-src=\"https:\/\/wirtznv.com\/wp-content\/uploads\/2021\/04\/01.-Hardscape.jpg\" class=\"attachment-full size-full lazyload\" alt=\"\" data-srcset=\"https:\/\/wirtznv.com\/wp-content\/uploads\/2021\/04\/01.-Hardscape.jpg 900w, https:\/\/wirtznv.com\/wp-content\/uploads\/2021\/04\/01.-Hardscape-300x200.jpg 300w, https:\/\/wirtznv.com\/wp-content\/uploads\/2021\/04\/01.-Hardscape-768x512.jpg 768w\" data-sizes=\"(max-width: 900px) 100vw, 900px\" src=\"data:image\/svg+xml;base64,PHN2ZyB3aWR0aD0iMSIgaGVpZ2h0PSIxIiB4bWxucz0iaHR0cDovL3d3dy53My5vcmcvMjAwMC9zdmciPjwvc3ZnPg==\" style=\"--smush-placeholder-width: 900px; --smush-placeholder-aspect-ratio: 900\/600;\" \/>\t\t\t\t\t\t\t\t\t<\/a>\n\t\t\t\t\t\t\t<\/div>\n\t\t\t\t\t<div class=\"edgtf-ig-image\">\n\t\t\t\t\t\t\t\t\t<a itemprop=\"image\" class=\"edgtf-ig-lightbox edgtf-block-drag-link\" href=\"https:\/\/wirtznv.com\/wp-content\/uploads\/2021\/04\/02.-Grass-steps.jpg\" data-rel=\"prettyPhoto[image_gallery_pretty_photo-429]\" title=\"02.-Grass-steps\">\n\t\t\t\t\t\t\t\t\t<img decoding=\"async\" width=\"900\" height=\"600\" data-src=\"https:\/\/wirtznv.com\/wp-content\/uploads\/2021\/04\/02.-Grass-steps.jpg\" class=\"attachment-full size-full lazyload\" alt=\"\" data-srcset=\"https:\/\/wirtznv.com\/wp-content\/uploads\/2021\/04\/02.-Grass-steps.jpg 900w, https:\/\/wirtznv.com\/wp-content\/uploads\/2021\/04\/02.-Grass-steps-300x200.jpg 300w, https:\/\/wirtznv.com\/wp-content\/uploads\/2021\/04\/02.-Grass-steps-768x512.jpg 768w\" data-sizes=\"(max-width: 900px) 100vw, 900px\" src=\"data:image\/svg+xml;base64,PHN2ZyB3aWR0aD0iMSIgaGVpZ2h0PSIxIiB4bWxucz0iaHR0cDovL3d3dy53My5vcmcvMjAwMC9zdmciPjwvc3ZnPg==\" style=\"--smush-placeholder-width: 900px; --smush-placeholder-aspect-ratio: 900\/600;\" \/>\t\t\t\t\t\t\t\t\t<\/a>\n\t\t\t\t\t\t\t<\/div>\n\t\t\t\t\t<div class=\"edgtf-ig-image\">\n\t\t\t\t\t\t\t\t\t<a itemprop=\"image\" class=\"edgtf-ig-lightbox edgtf-block-drag-link\" href=\"https:\/\/wirtznv.com\/wp-content\/uploads\/2021\/04\/03.-Brick-Paver.jpg\" data-rel=\"prettyPhoto[image_gallery_pretty_photo-429]\" title=\"03.-Brick-Paver\">\n\t\t\t\t\t\t\t\t\t<img decoding=\"async\" width=\"900\" height=\"600\" data-src=\"https:\/\/wirtznv.com\/wp-content\/uploads\/2021\/04\/03.-Brick-Paver.jpg\" class=\"attachment-full size-full lazyload\" alt=\"\" data-srcset=\"https:\/\/wirtznv.com\/wp-content\/uploads\/2021\/04\/03.-Brick-Paver.jpg 900w, https:\/\/wirtznv.com\/wp-content\/uploads\/2021\/04\/03.-Brick-Paver-300x200.jpg 300w, https:\/\/wirtznv.com\/wp-content\/uploads\/2021\/04\/03.-Brick-Paver-768x512.jpg 768w\" data-sizes=\"(max-width: 900px) 100vw, 900px\" src=\"data:image\/svg+xml;base64,PHN2ZyB3aWR0aD0iMSIgaGVpZ2h0PSIxIiB4bWxucz0iaHR0cDovL3d3dy53My5vcmcvMjAwMC9zdmciPjwvc3ZnPg==\" style=\"--smush-placeholder-width: 900px; --smush-placeholder-aspect-ratio: 900\/600;\" \/>\t\t\t\t\t\t\t\t\t<\/a>\n\t\t\t\t\t\t\t<\/div>\n\t\t\t\t\t<div class=\"edgtf-ig-image\">\n\t\t\t\t\t\t\t\t\t<a itemprop=\"image\" class=\"edgtf-ig-lightbox edgtf-block-drag-link\" href=\"https:\/\/wirtznv.com\/wp-content\/uploads\/2021\/04\/04.-Steel-Pergola.jpg\" data-rel=\"prettyPhoto[image_gallery_pretty_photo-429]\" title=\"04.-Steel-Pergola\">\n\t\t\t\t\t\t\t\t\t<img decoding=\"async\" width=\"900\" height=\"600\" data-src=\"https:\/\/wirtznv.com\/wp-content\/uploads\/2021\/04\/04.-Steel-Pergola.jpg\" class=\"attachment-full size-full lazyload\" alt=\"\" data-srcset=\"https:\/\/wirtznv.com\/wp-content\/uploads\/2021\/04\/04.-Steel-Pergola.jpg 900w, https:\/\/wirtznv.com\/wp-content\/uploads\/2021\/04\/04.-Steel-Pergola-300x200.jpg 300w, https:\/\/wirtznv.com\/wp-content\/uploads\/2021\/04\/04.-Steel-Pergola-768x512.jpg 768w\" data-sizes=\"(max-width: 900px) 100vw, 900px\" src=\"data:image\/svg+xml;base64,PHN2ZyB3aWR0aD0iMSIgaGVpZ2h0PSIxIiB4bWxucz0iaHR0cDovL3d3dy53My5vcmcvMjAwMC9zdmciPjwvc3ZnPg==\" style=\"--smush-placeholder-width: 900px; --smush-placeholder-aspect-ratio: 900\/600;\" \/>\t\t\t\t\t\t\t\t\t<\/a>\n\t\t\t\t\t\t\t<\/div>\n\t\t\t\t\t<div class=\"edgtf-ig-image\">\n\t\t\t\t\t\t\t\t\t<a itemprop=\"image\" class=\"edgtf-ig-lightbox edgtf-block-drag-link\" href=\"https:\/\/wirtznv.com\/wp-content\/uploads\/2021\/04\/05.-Cobblestones.jpg\" data-rel=\"prettyPhoto[image_gallery_pretty_photo-429]\" title=\"05.-Cobblestones\">\n\t\t\t\t\t\t\t\t\t<img decoding=\"async\" width=\"900\" height=\"600\" data-src=\"https:\/\/wirtznv.com\/wp-content\/uploads\/2021\/04\/05.-Cobblestones.jpg\" class=\"attachment-full size-full lazyload\" alt=\"\" data-srcset=\"https:\/\/wirtznv.com\/wp-content\/uploads\/2021\/04\/05.-Cobblestones.jpg 900w, https:\/\/wirtznv.com\/wp-content\/uploads\/2021\/04\/05.-Cobblestones-300x200.jpg 300w, https:\/\/wirtznv.com\/wp-content\/uploads\/2021\/04\/05.-Cobblestones-768x512.jpg 768w\" data-sizes=\"(max-width: 900px) 100vw, 900px\" src=\"data:image\/svg+xml;base64,PHN2ZyB3aWR0aD0iMSIgaGVpZ2h0PSIxIiB4bWxucz0iaHR0cDovL3d3dy53My5vcmcvMjAwMC9zdmciPjwvc3ZnPg==\" style=\"--smush-placeholder-width: 900px; --smush-placeholder-aspect-ratio: 900\/600;\" \/>\t\t\t\t\t\t\t\t\t<\/a>\n\t\t\t\t\t\t\t<\/div>\n\t\t\t\t\t<div class=\"edgtf-ig-image\">\n\t\t\t\t\t\t\t\t\t<a itemprop=\"image\" class=\"edgtf-ig-lightbox edgtf-block-drag-link\" href=\"https:\/\/wirtznv.com\/wp-content\/uploads\/2021\/04\/06.-Tree-planting.jpg\" data-rel=\"prettyPhoto[image_gallery_pretty_photo-429]\" title=\"06.-Tree-planting\">\n\t\t\t\t\t\t\t\t\t<img decoding=\"async\" width=\"900\" height=\"600\" data-src=\"https:\/\/wirtznv.com\/wp-content\/uploads\/2021\/04\/06.-Tree-planting.jpg\" class=\"attachment-full size-full lazyload\" alt=\"\" data-srcset=\"https:\/\/wirtznv.com\/wp-content\/uploads\/2021\/04\/06.-Tree-planting.jpg 900w, https:\/\/wirtznv.com\/wp-content\/uploads\/2021\/04\/06.-Tree-planting-300x200.jpg 300w, https:\/\/wirtznv.com\/wp-content\/uploads\/2021\/04\/06.-Tree-planting-768x512.jpg 768w\" data-sizes=\"(max-width: 900px) 100vw, 900px\" src=\"data:image\/svg+xml;base64,PHN2ZyB3aWR0aD0iMSIgaGVpZ2h0PSIxIiB4bWxucz0iaHR0cDovL3d3dy53My5vcmcvMjAwMC9zdmciPjwvc3ZnPg==\" style=\"--smush-placeholder-width: 900px; --smush-placeholder-aspect-ratio: 900\/600;\" \/>\t\t\t\t\t\t\t\t\t<\/a>\n\t\t\t\t\t\t\t<\/div>\n\t\t\t\t\t<div class=\"edgtf-ig-image\">\n\t\t\t\t\t\t\t\t\t<a itemprop=\"image\" class=\"edgtf-ig-lightbox edgtf-block-drag-link\" href=\"https:\/\/wirtznv.com\/wp-content\/uploads\/2021\/04\/07.-Concrete-edging.jpg\" data-rel=\"prettyPhoto[image_gallery_pretty_photo-429]\" title=\"07.-Concrete-edging\">\n\t\t\t\t\t\t\t\t\t<img decoding=\"async\" width=\"900\" height=\"600\" data-src=\"https:\/\/wirtznv.com\/wp-content\/uploads\/2021\/04\/07.-Concrete-edging.jpg\" class=\"attachment-full size-full lazyload\" alt=\"tuin aanleggen\" data-srcset=\"https:\/\/wirtznv.com\/wp-content\/uploads\/2021\/04\/07.-Concrete-edging.jpg 900w, https:\/\/wirtznv.com\/wp-content\/uploads\/2021\/04\/07.-Concrete-edging-300x200.jpg 300w, https:\/\/wirtznv.com\/wp-content\/uploads\/2021\/04\/07.-Concrete-edging-768x512.jpg 768w\" data-sizes=\"(max-width: 900px) 100vw, 900px\" src=\"data:image\/svg+xml;base64,PHN2ZyB3aWR0aD0iMSIgaGVpZ2h0PSIxIiB4bWxucz0iaHR0cDovL3d3dy53My5vcmcvMjAwMC9zdmciPjwvc3ZnPg==\" style=\"--smush-placeholder-width: 900px; --smush-placeholder-aspect-ratio: 900\/600;\" \/>\t\t\t\t\t\t\t\t\t<\/a>\n\t\t\t\t\t\t\t<\/div>\n\t\t\t\t\t<div class=\"edgtf-ig-image\">\n\t\t\t\t\t\t\t\t\t<a itemprop=\"image\" class=\"edgtf-ig-lightbox edgtf-block-drag-link\" href=\"https:\/\/wirtznv.com\/wp-content\/uploads\/2021\/04\/08.-Grass-Mound.jpg\" data-rel=\"prettyPhoto[image_gallery_pretty_photo-429]\" title=\"08.-Grass-Mound\">\n\t\t\t\t\t\t\t\t\t<img decoding=\"async\" width=\"900\" height=\"600\" data-src=\"https:\/\/wirtznv.com\/wp-content\/uploads\/2021\/04\/08.-Grass-Mound.jpg\" class=\"attachment-full size-full lazyload\" alt=\"\" data-srcset=\"https:\/\/wirtznv.com\/wp-content\/uploads\/2021\/04\/08.-Grass-Mound.jpg 900w, https:\/\/wirtznv.com\/wp-content\/uploads\/2021\/04\/08.-Grass-Mound-300x200.jpg 300w, https:\/\/wirtznv.com\/wp-content\/uploads\/2021\/04\/08.-Grass-Mound-768x512.jpg 768w\" data-sizes=\"(max-width: 900px) 100vw, 900px\" src=\"data:image\/svg+xml;base64,PHN2ZyB3aWR0aD0iMSIgaGVpZ2h0PSIxIiB4bWxucz0iaHR0cDovL3d3dy53My5vcmcvMjAwMC9zdmciPjwvc3ZnPg==\" style=\"--smush-placeholder-width: 900px; --smush-placeholder-aspect-ratio: 900\/600;\" \/>\t\t\t\t\t\t\t\t\t<\/a>\n\t\t\t\t\t\t\t<\/div>\n\t\t\t\t\t<div class=\"edgtf-ig-image\">\n\t\t\t\t\t\t\t\t\t<a itemprop=\"image\" class=\"edgtf-ig-lightbox edgtf-block-drag-link\" href=\"https:\/\/wirtznv.com\/wp-content\/uploads\/2021\/04\/09.-Wooden-pergola.jpg\" data-rel=\"prettyPhoto[image_gallery_pretty_photo-429]\" title=\"09.-Wooden-pergola\">\n\t\t\t\t\t\t\t\t\t<img decoding=\"async\" width=\"900\" height=\"600\" data-src=\"https:\/\/wirtznv.com\/wp-content\/uploads\/2021\/04\/09.-Wooden-pergola.jpg\" class=\"attachment-full size-full lazyload\" alt=\"\" data-srcset=\"https:\/\/wirtznv.com\/wp-content\/uploads\/2021\/04\/09.-Wooden-pergola.jpg 900w, https:\/\/wirtznv.com\/wp-content\/uploads\/2021\/04\/09.-Wooden-pergola-300x200.jpg 300w, https:\/\/wirtznv.com\/wp-content\/uploads\/2021\/04\/09.-Wooden-pergola-768x512.jpg 768w\" data-sizes=\"(max-width: 900px) 100vw, 900px\" src=\"data:image\/svg+xml;base64,PHN2ZyB3aWR0aD0iMSIgaGVpZ2h0PSIxIiB4bWxucz0iaHR0cDovL3d3dy53My5vcmcvMjAwMC9zdmciPjwvc3ZnPg==\" style=\"--smush-placeholder-width: 900px; --smush-placeholder-aspect-ratio: 900\/600;\" \/>\t\t\t\t\t\t\t\t\t<\/a>\n\t\t\t\t\t\t\t<\/div>\n\t\t\t\t\t<div class=\"edgtf-ig-image\">\n\t\t\t\t\t\t\t\t\t<a itemprop=\"image\" class=\"edgtf-ig-lightbox edgtf-block-drag-link\" href=\"https:\/\/wirtznv.com\/wp-content\/uploads\/2021\/04\/10.-Paving-drainage-channel.jpg\" data-rel=\"prettyPhoto[image_gallery_pretty_photo-429]\" title=\"10.-Paving-drainage-channel\">\n\t\t\t\t\t\t\t\t\t<img decoding=\"async\" width=\"900\" height=\"600\" data-src=\"https:\/\/wirtznv.com\/wp-content\/uploads\/2021\/04\/10.-Paving-drainage-channel.jpg\" class=\"attachment-full size-full lazyload\" alt=\"\" data-srcset=\"https:\/\/wirtznv.com\/wp-content\/uploads\/2021\/04\/10.-Paving-drainage-channel.jpg 900w, https:\/\/wirtznv.com\/wp-content\/uploads\/2021\/04\/10.-Paving-drainage-channel-300x200.jpg 300w, https:\/\/wirtznv.com\/wp-content\/uploads\/2021\/04\/10.-Paving-drainage-channel-768x512.jpg 768w\" data-sizes=\"(max-width: 900px) 100vw, 900px\" src=\"data:image\/svg+xml;base64,PHN2ZyB3aWR0aD0iMSIgaGVpZ2h0PSIxIiB4bWxucz0iaHR0cDovL3d3dy53My5vcmcvMjAwMC9zdmciPjwvc3ZnPg==\" style=\"--smush-placeholder-width: 900px; --smush-placeholder-aspect-ratio: 900\/600;\" \/>\t\t\t\t\t\t\t\t\t<\/a>\n\t\t\t\t\t\t\t<\/div>\n\t\t\t\t\t<div class=\"edgtf-ig-image\">\n\t\t\t\t\t\t\t\t\t<a itemprop=\"image\" class=\"edgtf-ig-lightbox edgtf-block-drag-link\" href=\"https:\/\/wirtznv.com\/wp-content\/uploads\/2021\/04\/11.-Construction.jpg\" data-rel=\"prettyPhoto[image_gallery_pretty_photo-429]\" title=\"11.-Construction\">\n\t\t\t\t\t\t\t\t\t<img decoding=\"async\" width=\"900\" height=\"600\" data-src=\"https:\/\/wirtznv.com\/wp-content\/uploads\/2021\/04\/11.-Construction.jpg\" class=\"attachment-full size-full lazyload\" alt=\"\" data-srcset=\"https:\/\/wirtznv.com\/wp-content\/uploads\/2021\/04\/11.-Construction.jpg 900w, https:\/\/wirtznv.com\/wp-content\/uploads\/2021\/04\/11.-Construction-300x200.jpg 300w, https:\/\/wirtznv.com\/wp-content\/uploads\/2021\/04\/11.-Construction-768x512.jpg 768w\" data-sizes=\"(max-width: 900px) 100vw, 900px\" src=\"data:image\/svg+xml;base64,PHN2ZyB3aWR0aD0iMSIgaGVpZ2h0PSIxIiB4bWxucz0iaHR0cDovL3d3dy53My5vcmcvMjAwMC9zdmciPjwvc3ZnPg==\" style=\"--smush-placeholder-width: 900px; --smush-placeholder-aspect-ratio: 900\/600;\" \/>\t\t\t\t\t\t\t\t\t<\/a>\n\t\t\t\t\t\t\t<\/div>\n\t\t\t\t\t<div class=\"edgtf-ig-image\">\n\t\t\t\t\t\t\t\t\t<a itemprop=\"image\" class=\"edgtf-ig-lightbox edgtf-block-drag-link\" href=\"https:\/\/wirtznv.com\/wp-content\/uploads\/2021\/04\/12.-Pruning.jpg\" data-rel=\"prettyPhoto[image_gallery_pretty_photo-429]\" title=\"12.-Pruning\">\n\t\t\t\t\t\t\t\t\t<img decoding=\"async\" width=\"900\" height=\"600\" data-src=\"https:\/\/wirtznv.com\/wp-content\/uploads\/2021\/04\/12.-Pruning.jpg\" class=\"attachment-full size-full lazyload\" alt=\"\" data-srcset=\"https:\/\/wirtznv.com\/wp-content\/uploads\/2021\/04\/12.-Pruning.jpg 900w, https:\/\/wirtznv.com\/wp-content\/uploads\/2021\/04\/12.-Pruning-300x200.jpg 300w, https:\/\/wirtznv.com\/wp-content\/uploads\/2021\/04\/12.-Pruning-768x512.jpg 768w\" data-sizes=\"(max-width: 900px) 100vw, 900px\" src=\"data:image\/svg+xml;base64,PHN2ZyB3aWR0aD0iMSIgaGVpZ2h0PSIxIiB4bWxucz0iaHR0cDovL3d3dy53My5vcmcvMjAwMC9zdmciPjwvc3ZnPg==\" style=\"--smush-placeholder-width: 900px; --smush-placeholder-aspect-ratio: 900\/600;\" \/>\t\t\t\t\t\t\t\t\t<\/a>\n\t\t\t\t\t\t\t<\/div>\n\t\t\t<\/div>\n<\/div>[\/vc_column][\/vc_row]<\/p>\n<\/div>","protected":false},"excerpt":{"rendered":"<p>[vc_row css=&#8220;.vc_custom_1616406220785{padding-top: 50px !important;padding-bottom: 50px !important;}&#8220;][vc_column][vc_raw_html el_class=&#8220;breadcrumb&#8220;]JTVCd3BzZW9fYnJlYWRjcnVtYiU1RA==[\/vc_raw_html][\/vc_column][\/vc_row][vc_row gap=&#8220;35&#8243; equal_height=&#8220;yes&#8220;][vc_column width=&#8220;1\/12&#8243;][\/vc_column][vc_column width=&#8220;3\/12&#8243;][vc_column_text el_class=&#8220;seoh1&#8243;] Garten Konstruktion [\/vc_column_text][\/vc_column][vc_column width=&#8220;7\/12&#8243; el_class=&#8220;lineleft&#8220;][vc_column_text]Wirtz Tuinarchitectuur setzt unsere Projekte in den Benelux-Staaten um. Unsere talentierten G\u00e4rtner sammeln jeden Tag Wissen um einen Garten in ein Wirtz-Meisterwerk zu verwandeln. [&hellip;]<\/p>\n","protected":false},"author":1,"featured_media":0,"parent":0,"menu_order":4,"comment_status":"closed","ping_status":"closed","template":"","meta":{"_acf_changed":false,"footnotes":""},"categories":[],"tags":[],"class_list":["post-6139","page","type-page","status-publish","hentry"],"acf":[],"yoast_head":"<!-- This site is optimized with the Yoast SEO plugin v26.4 - https:\/\/yoast.com\/wordpress\/plugins\/seo\/ -->\n<title>Garten konstruktion | Wirtz International Landschaftsarchitekten<\/title>\n<meta name=\"description\" content=\"Wirtz Landschaftsarchitekten konzentriert sich auf den bau und die Instandhaltung unserer Garten Projekte in den Benelux-L\u00e4ndern.\" \/>\n<meta name=\"robots\" content=\"index, follow, max-snippet:-1, max-image-preview:large, max-video-preview:-1\" \/>\n<link rel=\"canonical\" href=\"https:\/\/wirtznv.com\/de\/konstruktion\/\" \/>\n<meta property=\"og:locale\" content=\"de_DE\" \/>\n<meta property=\"og:type\" content=\"article\" \/>\n<meta property=\"og:title\" content=\"Garten konstruktion | Wirtz International Landschaftsarchitekten\" \/>\n<meta property=\"og:description\" content=\"Wirtz Landschaftsarchitekten konzentriert sich auf den bau und die Instandhaltung unserer Garten Projekte in den Benelux-L\u00e4ndern.\" \/>\n<meta property=\"og:url\" content=\"https:\/\/wirtznv.com\/de\/konstruktion\/\" \/>\n<meta property=\"og:site_name\" content=\"Wirtz NV\" \/>\n<meta property=\"article:modified_time\" content=\"2023-06-07T12:49:38+00:00\" \/>\n<meta name=\"twitter:card\" content=\"summary_large_image\" \/>\n<meta name=\"twitter:label1\" content=\"Gesch\u00e4tzte Lesezeit\" \/>\n\t<meta name=\"twitter:data1\" content=\"2\u00a0Minuten\" \/>\n<script type=\"application\/ld+json\" class=\"yoast-schema-graph\">{\"@context\":\"https:\/\/schema.org\",\"@graph\":[{\"@type\":\"WebPage\",\"@id\":\"https:\/\/wirtznv.com\/de\/konstruktion\/\",\"url\":\"https:\/\/wirtznv.com\/de\/konstruktion\/\",\"name\":\"Garten konstruktion | Wirtz International Landschaftsarchitekten\",\"isPartOf\":{\"@id\":\"https:\/\/wirtznv.com\/de\/#website\"},\"datePublished\":\"2021-03-19T12:18:25+00:00\",\"dateModified\":\"2023-06-07T12:49:38+00:00\",\"description\":\"Wirtz Landschaftsarchitekten konzentriert sich auf den bau und die Instandhaltung unserer Garten Projekte in den Benelux-L\u00e4ndern.\",\"breadcrumb\":{\"@id\":\"https:\/\/wirtznv.com\/de\/konstruktion\/#breadcrumb\"},\"inLanguage\":\"de\",\"potentialAction\":[{\"@type\":\"ReadAction\",\"target\":[\"https:\/\/wirtznv.com\/de\/konstruktion\/\"]}]},{\"@type\":\"BreadcrumbList\",\"@id\":\"https:\/\/wirtznv.com\/de\/konstruktion\/#breadcrumb\",\"itemListElement\":[{\"@type\":\"ListItem\",\"position\":1,\"name\":\"Home\",\"item\":\"https:\/\/wirtznv.com\/de\/\"},{\"@type\":\"ListItem\",\"position\":2,\"name\":\"Konstruktion\"}]},{\"@type\":\"WebSite\",\"@id\":\"https:\/\/wirtznv.com\/de\/#website\",\"url\":\"https:\/\/wirtznv.com\/de\/\",\"name\":\"Wirtz NV\",\"description\":\"\",\"publisher\":{\"@id\":\"https:\/\/wirtznv.com\/de\/#organization\"},\"potentialAction\":[{\"@type\":\"SearchAction\",\"target\":{\"@type\":\"EntryPoint\",\"urlTemplate\":\"https:\/\/wirtznv.com\/de\/?s={search_term_string}\"},\"query-input\":{\"@type\":\"PropertyValueSpecification\",\"valueRequired\":true,\"valueName\":\"search_term_string\"}}],\"inLanguage\":\"de\"},{\"@type\":\"Organization\",\"@id\":\"https:\/\/wirtznv.com\/de\/#organization\",\"name\":\"Wirtz NV\",\"url\":\"https:\/\/wirtznv.com\/de\/\",\"logo\":{\"@type\":\"ImageObject\",\"inLanguage\":\"de\",\"@id\":\"https:\/\/wirtznv.com\/de\/#\/schema\/logo\/image\/\",\"url\":\"https:\/\/mk0wirtznvw3r6n59kw4.kinstacdn.com\/wp-content\/uploads\/2021\/03\/logo_header@2x-1.png\",\"contentUrl\":\"https:\/\/mk0wirtznvw3r6n59kw4.kinstacdn.com\/wp-content\/uploads\/2021\/03\/logo_header@2x-1.png\",\"width\":177,\"height\":161,\"caption\":\"Wirtz NV\"},\"image\":{\"@id\":\"https:\/\/wirtznv.com\/de\/#\/schema\/logo\/image\/\"}}]}<\/script>\n<!-- \/ Yoast SEO plugin. -->","yoast_head_json":{"title":"Garten konstruktion | Wirtz International Landschaftsarchitekten","description":"Wirtz Landschaftsarchitekten konzentriert sich auf den bau und die Instandhaltung unserer Garten Projekte in den Benelux-L\u00e4ndern.","robots":{"index":"index","follow":"follow","max-snippet":"max-snippet:-1","max-image-preview":"max-image-preview:large","max-video-preview":"max-video-preview:-1"},"canonical":"https:\/\/wirtznv.com\/de\/konstruktion\/","og_locale":"de_DE","og_type":"article","og_title":"Garten konstruktion | Wirtz International Landschaftsarchitekten","og_description":"Wirtz Landschaftsarchitekten konzentriert sich auf den bau und die Instandhaltung unserer Garten Projekte in den Benelux-L\u00e4ndern.","og_url":"https:\/\/wirtznv.com\/de\/konstruktion\/","og_site_name":"Wirtz NV","article_modified_time":"2023-06-07T12:49:38+00:00","twitter_card":"summary_large_image","twitter_misc":{"Gesch\u00e4tzte Lesezeit":"2\u00a0Minuten"},"schema":{"@context":"https:\/\/schema.org","@graph":[{"@type":"WebPage","@id":"https:\/\/wirtznv.com\/de\/konstruktion\/","url":"https:\/\/wirtznv.com\/de\/konstruktion\/","name":"Garten konstruktion | Wirtz International Landschaftsarchitekten","isPartOf":{"@id":"https:\/\/wirtznv.com\/de\/#website"},"datePublished":"2021-03-19T12:18:25+00:00","dateModified":"2023-06-07T12:49:38+00:00","description":"Wirtz Landschaftsarchitekten konzentriert sich auf den bau und die Instandhaltung unserer Garten Projekte in den Benelux-L\u00e4ndern.","breadcrumb":{"@id":"https:\/\/wirtznv.com\/de\/konstruktion\/#breadcrumb"},"inLanguage":"de","potentialAction":[{"@type":"ReadAction","target":["https:\/\/wirtznv.com\/de\/konstruktion\/"]}]},{"@type":"BreadcrumbList","@id":"https:\/\/wirtznv.com\/de\/konstruktion\/#breadcrumb","itemListElement":[{"@type":"ListItem","position":1,"name":"Home","item":"https:\/\/wirtznv.com\/de\/"},{"@type":"ListItem","position":2,"name":"Konstruktion"}]},{"@type":"WebSite","@id":"https:\/\/wirtznv.com\/de\/#website","url":"https:\/\/wirtznv.com\/de\/","name":"Wirtz NV","description":"","publisher":{"@id":"https:\/\/wirtznv.com\/de\/#organization"},"potentialAction":[{"@type":"SearchAction","target":{"@type":"EntryPoint","urlTemplate":"https:\/\/wirtznv.com\/de\/?s={search_term_string}"},"query-input":{"@type":"PropertyValueSpecification","valueRequired":true,"valueName":"search_term_string"}}],"inLanguage":"de"},{"@type":"Organization","@id":"https:\/\/wirtznv.com\/de\/#organization","name":"Wirtz NV","url":"https:\/\/wirtznv.com\/de\/","logo":{"@type":"ImageObject","inLanguage":"de","@id":"https:\/\/wirtznv.com\/de\/#\/schema\/logo\/image\/","url":"https:\/\/mk0wirtznvw3r6n59kw4.kinstacdn.com\/wp-content\/uploads\/2021\/03\/logo_header@2x-1.png","contentUrl":"https:\/\/mk0wirtznvw3r6n59kw4.kinstacdn.com\/wp-content\/uploads\/2021\/03\/logo_header@2x-1.png","width":177,"height":161,"caption":"Wirtz NV"},"image":{"@id":"https:\/\/wirtznv.com\/de\/#\/schema\/logo\/image\/"}}]}},"_links":{"self":[{"href":"https:\/\/wirtznv.com\/de\/wp-json\/wp\/v2\/pages\/6139","targetHints":{"allow":["GET"]}}],"collection":[{"href":"https:\/\/wirtznv.com\/de\/wp-json\/wp\/v2\/pages"}],"about":[{"href":"https:\/\/wirtznv.com\/de\/wp-json\/wp\/v2\/types\/page"}],"author":[{"embeddable":true,"href":"https:\/\/wirtznv.com\/de\/wp-json\/wp\/v2\/users\/1"}],"replies":[{"embeddable":true,"href":"https:\/\/wirtznv.com\/de\/wp-json\/wp\/v2\/comments?post=6139"}],"version-history":[{"count":0,"href":"https:\/\/wirtznv.com\/de\/wp-json\/wp\/v2\/pages\/6139\/revisions"}],"wp:attachment":[{"href":"https:\/\/wirtznv.com\/de\/wp-json\/wp\/v2\/media?parent=6139"}],"wp:term":[{"taxonomy":"category","embeddable":true,"href":"https:\/\/wirtznv.com\/de\/wp-json\/wp\/v2\/categories?post=6139"},{"taxonomy":"post_tag","embeddable":true,"href":"https:\/\/wirtznv.com\/de\/wp-json\/wp\/v2\/tags?post=6139"}],"curies":[{"name":"wp","href":"https:\/\/api.w.org\/{rel}","templated":true}]}}