{"id":6071,"date":"2021-03-19T12:18:25","date_gmt":"2021-03-19T12:18:25","guid":{"rendered":"https:\/\/wirtznv.com\/design\/"},"modified":"2023-06-07T14:48:14","modified_gmt":"2023-06-07T12:48:14","slug":"design","status":"publish","type":"page","link":"https:\/\/wirtznv.com\/de\/design\/","title":{"rendered":"Design"},"content":{"rendered":"<div class=\"wpb-content-wrapper\"><p>[vc_row css=&#8220;.vc_custom_1616406220785{padding-top: 50px !important;padding-bottom: 50px !important;}&#8220;][vc_column][vc_raw_html el_class=&#8220;breadcrumb&#8220;]JTVCd3BzZW9fYnJlYWRjcnVtYiU1RA==[\/vc_raw_html][\/vc_column][\/vc_row][vc_row gap=&#8220;35&#8243; equal_height=&#8220;yes&#8220;][vc_column width=&#8220;1\/12&#8243;][\/vc_column][vc_column width=&#8220;3\/12&#8243;][vc_column_text el_class=&#8220;seoh1&#8243;]<\/p>\n<h1>Gartengestaltung<\/h1>\n<p>[\/vc_column_text][\/vc_column][vc_column width=&#8220;7\/12&#8243; el_class=&#8220;lineleft&#8220;][vc_column_text]Von unserem Hauptsitz in Belgien aus hat sich der g\u00e4rtnerische Einfluss von <a href=\"https:\/\/wirtznv.com\/de\/ueber-uns\/\">Wirtz International<\/a> auf die Gartengestaltung in Europa, Asien und die Vereinigten Staaten ausgewirkt. Unsere Planung zeichnet sich aus durch: den Respekt f\u00fcr die bestehende Situation, die Klimazonen und die Pflanzenhabitate, die individuelle Gestaltung, ein ausgepr\u00e4gtes Nachhaltigkeitsbewusstsein, ein Auge f\u00fcr Details und die professionelle Begleitung vom Beginn bis zur Fertigstellung jedes Projektes.<\/p>\n<p>Dank der intensiven Zusammenarbeit mit <strong>Wirtz Tuinarchitectuur<\/strong> (Wirtz Garten- und Landschaftsbau) hat das Planungsb\u00fcro Wirtz International wertvolle Praxiserfahrung in komplexen Aufgabenstellungen der Konstruktion und Vegetation gesammelt. Dies l\u00e4sst sich besonders bei der Gestaltung und den hohen Ausf\u00fchrungsstandards erkennen, die von unserer Kundschaft sehr gesch\u00e4tzt werden.<\/p>\n<p>Diese Qualit\u00e4t ist das Ergebnis der wirtzschen Leidenschaft f\u00fcr die Gartenkultur. Die Akkumulation von g\u00e4rtnerischem Wissen durch eine immer wieder unerwartete Pflanzenauswahl bildete in den letzten 70 Jahren die Planungsgrundlage f\u00fcr s\u00e4mtliche Projekte von Wirtz International und Wirtz Tuinarchitectuur.[\/vc_column_text][\/vc_column][vc_column width=&#8220;1\/12&#8243;][\/vc_column][\/vc_row][vc_row css=&#8220;.vc_custom_1617891565554{margin-top: 75px !important;margin-bottom: 75px !important;}&#8220;][vc_column][vc_single_image image=&#8220;3728&#8243; img_size=&#8220;full&#8220; alignment=&#8220;center&#8220; css_animation=&#8220;fadeInUp&#8220;][\/vc_column][\/vc_row][vc_row gap=&#8220;35&#8243; equal_height=&#8220;yes&#8220;][vc_column width=&#8220;1\/12&#8243;][\/vc_column][vc_column width=&#8220;4\/12&#8243;][vc_column_text el_class=&#8220;seoh1&#8243;]<\/p>\n<h2>Unser Planungsablauf<\/h2>\n<p>[\/vc_column_text][\/vc_column][vc_column width=&#8220;6\/12&#8243; el_class=&#8220;lineleft&#8220;][vc_column_text]Jeder <strong>Entwurf<\/strong> von <a href=\"https:\/\/wirtznv.com\/de\/ueber-uns\/\">Wirtz<\/a> ist individuell, der Planungsablauf selbst folgt aber einem routinierten Ablauf \u2013 so stellen wir die Qualit\u00e4t unserer Arbeit sicher. W\u00e4hrend dem Vorentwurf halten wir stets R\u00fccksprache mit unserem Kunden, um seine Bed\u00fcrfnisse und W\u00fcnsche zu erfahren. Auf Grundlage dessen erarbeiten wir einen Vorentwurf, der die Idee des Entwurfes darstellt.<\/p>\n<p>Ist der Vorentwurf abgeschlossen und mit dem Kunden abgestimmt, sind noch viele Details zu kl\u00e4ren. In der Entwurfsphase wird die Gestaltung in AutoCAD detailliert und die H\u00f6hensituation gekl\u00e4rt. Au\u00dferdem werden Entscheidungen \u00fcber Materialien und passende Pflanzenarten getroffen.<\/p>\n<p>In diesen beiden Phasen beziehen wir viel Feedback vom Kunden ein und stehen in st\u00e4ndigem Austausch mit ihm. Nach der Freigabe der Entwurfsplanung mit abgestimmtem Budget findet die Ausf\u00fchrungsplanung und die konstruktive Detaillierung statt. Auf Grundlage dieser setzen die beauftragten Gartenbauunternehmen vor Ort die Entw\u00fcrfe um und lassen sie, von Wirtz betreut, Wirklichkeit werden.[\/vc_column_text][vc_column_text css=&#8220;.vc_custom_1619546172591{margin-top: 50px !important;}&#8220;]<a href=\"https:\/\/wirtznv.com\/de\/contact\/\"><span style=\"text-decoration: underline;\"><strong>KONTAKTIERE UNS<\/strong><\/span><\/a>[\/vc_column_text][\/vc_column][vc_column width=&#8220;1\/12&#8243;][\/vc_column][\/vc_row][vc_row full_width=&#8220;stretch_row&#8220; content_placement=&#8220;middle&#8220; css=&#8220;.vc_custom_1618316076832{background-color: #f0f0f0 !important;}&#8220; el_class=&#8220;moreprojectsrow&#8220;][vc_column]<div class=\"edgtf-image-gallery  edgtf-ig-carousel-type edgtf-three-columns edgtf-medium-space  edgtf-image-behavior-lightbox \">\n    <div class=\"edgtf-image-gallery-next-slide-overlay\"><\/div>\n\t<div class=\"edgtf-ig-slider edgtf-owl-slider\" data-number-of-items=\"3\" data-enable-loop=\"yes\" data-enable-autoplay=\"yes\" data-slider-speed=\"5000\" data-slider-speed-animation=\"600\" data-slider-padding=\"no\" data-enable-navigation=\"yes\" data-enable-pagination=\"no\" data-enable-auto-width=\"no\">\n\t\t\t\t\t<div class=\"edgtf-ig-image\">\n\t\t\t\t\t\t\t\t\t<a itemprop=\"image\" class=\"edgtf-ig-lightbox edgtf-block-drag-link\" href=\"https:\/\/wirtznv.com\/wp-content\/uploads\/2021\/04\/water-feature.jpg\" data-rel=\"prettyPhoto[image_gallery_pretty_photo-204]\" title=\"water-feature\">\n\t\t\t\t\t\t\t\t\t<img decoding=\"async\" width=\"900\" height=\"600\" data-src=\"https:\/\/wirtznv.com\/wp-content\/uploads\/2021\/04\/water-feature.jpg\" class=\"attachment-full size-full lazyload\" alt=\"\" data-srcset=\"https:\/\/wirtznv.com\/wp-content\/uploads\/2021\/04\/water-feature.jpg 900w, https:\/\/wirtznv.com\/wp-content\/uploads\/2021\/04\/water-feature-300x200.jpg 300w, https:\/\/wirtznv.com\/wp-content\/uploads\/2021\/04\/water-feature-768x512.jpg 768w\" data-sizes=\"(max-width: 900px) 100vw, 900px\" src=\"data:image\/svg+xml;base64,PHN2ZyB3aWR0aD0iMSIgaGVpZ2h0PSIxIiB4bWxucz0iaHR0cDovL3d3dy53My5vcmcvMjAwMC9zdmciPjwvc3ZnPg==\" style=\"--smush-placeholder-width: 900px; --smush-placeholder-aspect-ratio: 900\/600;\" \/>\t\t\t\t\t\t\t\t\t<\/a>\n\t\t\t\t\t\t\t<\/div>\n\t\t\t\t\t<div class=\"edgtf-ig-image\">\n\t\t\t\t\t\t\t\t\t<a itemprop=\"image\" class=\"edgtf-ig-lightbox edgtf-block-drag-link\" href=\"https:\/\/wirtznv.com\/wp-content\/uploads\/2021\/04\/pool-coping.jpg\" data-rel=\"prettyPhoto[image_gallery_pretty_photo-204]\" title=\"pool-coping\">\n\t\t\t\t\t\t\t\t\t<img decoding=\"async\" width=\"900\" height=\"600\" data-src=\"https:\/\/wirtznv.com\/wp-content\/uploads\/2021\/04\/pool-coping.jpg\" class=\"attachment-full size-full lazyload\" alt=\"\" data-srcset=\"https:\/\/wirtznv.com\/wp-content\/uploads\/2021\/04\/pool-coping.jpg 900w, https:\/\/wirtznv.com\/wp-content\/uploads\/2021\/04\/pool-coping-300x200.jpg 300w, https:\/\/wirtznv.com\/wp-content\/uploads\/2021\/04\/pool-coping-768x512.jpg 768w\" data-sizes=\"(max-width: 900px) 100vw, 900px\" src=\"data:image\/svg+xml;base64,PHN2ZyB3aWR0aD0iMSIgaGVpZ2h0PSIxIiB4bWxucz0iaHR0cDovL3d3dy53My5vcmcvMjAwMC9zdmciPjwvc3ZnPg==\" style=\"--smush-placeholder-width: 900px; --smush-placeholder-aspect-ratio: 900\/600;\" \/>\t\t\t\t\t\t\t\t\t<\/a>\n\t\t\t\t\t\t\t<\/div>\n\t\t\t\t\t<div class=\"edgtf-ig-image\">\n\t\t\t\t\t\t\t\t\t<a itemprop=\"image\" class=\"edgtf-ig-lightbox edgtf-block-drag-link\" href=\"https:\/\/wirtznv.com\/wp-content\/uploads\/2021\/04\/pebbles.jpg\" data-rel=\"prettyPhoto[image_gallery_pretty_photo-204]\" title=\"pebbles\">\n\t\t\t\t\t\t\t\t\t<img decoding=\"async\" width=\"900\" height=\"600\" data-src=\"https:\/\/wirtznv.com\/wp-content\/uploads\/2021\/04\/pebbles.jpg\" class=\"attachment-full size-full lazyload\" alt=\"\" data-srcset=\"https:\/\/wirtznv.com\/wp-content\/uploads\/2021\/04\/pebbles.jpg 900w, https:\/\/wirtznv.com\/wp-content\/uploads\/2021\/04\/pebbles-300x200.jpg 300w, https:\/\/wirtznv.com\/wp-content\/uploads\/2021\/04\/pebbles-768x512.jpg 768w\" data-sizes=\"(max-width: 900px) 100vw, 900px\" src=\"data:image\/svg+xml;base64,PHN2ZyB3aWR0aD0iMSIgaGVpZ2h0PSIxIiB4bWxucz0iaHR0cDovL3d3dy53My5vcmcvMjAwMC9zdmciPjwvc3ZnPg==\" style=\"--smush-placeholder-width: 900px; --smush-placeholder-aspect-ratio: 900\/600;\" \/>\t\t\t\t\t\t\t\t\t<\/a>\n\t\t\t\t\t\t\t<\/div>\n\t\t\t\t\t<div class=\"edgtf-ig-image\">\n\t\t\t\t\t\t\t\t\t<a itemprop=\"image\" class=\"edgtf-ig-lightbox edgtf-block-drag-link\" href=\"https:\/\/wirtznv.com\/wp-content\/uploads\/2021\/04\/ornamental-grasses.jpg\" data-rel=\"prettyPhoto[image_gallery_pretty_photo-204]\" title=\"ornamental-grasses\">\n\t\t\t\t\t\t\t\t\t<img decoding=\"async\" width=\"900\" height=\"600\" data-src=\"https:\/\/wirtznv.com\/wp-content\/uploads\/2021\/04\/ornamental-grasses.jpg\" class=\"attachment-full size-full lazyload\" alt=\"\" data-srcset=\"https:\/\/wirtznv.com\/wp-content\/uploads\/2021\/04\/ornamental-grasses.jpg 900w, https:\/\/wirtznv.com\/wp-content\/uploads\/2021\/04\/ornamental-grasses-300x200.jpg 300w, https:\/\/wirtznv.com\/wp-content\/uploads\/2021\/04\/ornamental-grasses-768x512.jpg 768w\" data-sizes=\"(max-width: 900px) 100vw, 900px\" src=\"data:image\/svg+xml;base64,PHN2ZyB3aWR0aD0iMSIgaGVpZ2h0PSIxIiB4bWxucz0iaHR0cDovL3d3dy53My5vcmcvMjAwMC9zdmciPjwvc3ZnPg==\" style=\"--smush-placeholder-width: 900px; --smush-placeholder-aspect-ratio: 900\/600;\" \/>\t\t\t\t\t\t\t\t\t<\/a>\n\t\t\t\t\t\t\t<\/div>\n\t\t\t\t\t<div class=\"edgtf-ig-image\">\n\t\t\t\t\t\t\t\t\t<a itemprop=\"image\" class=\"edgtf-ig-lightbox edgtf-block-drag-link\" href=\"https:\/\/wirtznv.com\/wp-content\/uploads\/2021\/04\/ornamental-grass.jpg\" data-rel=\"prettyPhoto[image_gallery_pretty_photo-204]\" title=\"ornamental-grass\">\n\t\t\t\t\t\t\t\t\t<img decoding=\"async\" width=\"900\" height=\"600\" data-src=\"https:\/\/wirtznv.com\/wp-content\/uploads\/2021\/04\/ornamental-grass.jpg\" class=\"attachment-full size-full lazyload\" alt=\"\" data-srcset=\"https:\/\/wirtznv.com\/wp-content\/uploads\/2021\/04\/ornamental-grass.jpg 900w, https:\/\/wirtznv.com\/wp-content\/uploads\/2021\/04\/ornamental-grass-300x200.jpg 300w, https:\/\/wirtznv.com\/wp-content\/uploads\/2021\/04\/ornamental-grass-768x512.jpg 768w\" data-sizes=\"(max-width: 900px) 100vw, 900px\" src=\"data:image\/svg+xml;base64,PHN2ZyB3aWR0aD0iMSIgaGVpZ2h0PSIxIiB4bWxucz0iaHR0cDovL3d3dy53My5vcmcvMjAwMC9zdmciPjwvc3ZnPg==\" style=\"--smush-placeholder-width: 900px; --smush-placeholder-aspect-ratio: 900\/600;\" \/>\t\t\t\t\t\t\t\t\t<\/a>\n\t\t\t\t\t\t\t<\/div>\n\t\t\t\t\t<div class=\"edgtf-ig-image\">\n\t\t\t\t\t\t\t\t\t<a itemprop=\"image\" class=\"edgtf-ig-lightbox edgtf-block-drag-link\" href=\"https:\/\/wirtznv.com\/wp-content\/uploads\/2021\/04\/gazonplaggen.jpg\" data-rel=\"prettyPhoto[image_gallery_pretty_photo-204]\" title=\"gazonplaggen\">\n\t\t\t\t\t\t\t\t\t<img decoding=\"async\" width=\"900\" height=\"600\" data-src=\"https:\/\/wirtznv.com\/wp-content\/uploads\/2021\/04\/gazonplaggen.jpg\" class=\"attachment-full size-full lazyload\" alt=\"\" data-srcset=\"https:\/\/wirtznv.com\/wp-content\/uploads\/2021\/04\/gazonplaggen.jpg 900w, https:\/\/wirtznv.com\/wp-content\/uploads\/2021\/04\/gazonplaggen-300x200.jpg 300w, https:\/\/wirtznv.com\/wp-content\/uploads\/2021\/04\/gazonplaggen-768x512.jpg 768w\" data-sizes=\"(max-width: 900px) 100vw, 900px\" src=\"data:image\/svg+xml;base64,PHN2ZyB3aWR0aD0iMSIgaGVpZ2h0PSIxIiB4bWxucz0iaHR0cDovL3d3dy53My5vcmcvMjAwMC9zdmciPjwvc3ZnPg==\" style=\"--smush-placeholder-width: 900px; --smush-placeholder-aspect-ratio: 900\/600;\" \/>\t\t\t\t\t\t\t\t\t<\/a>\n\t\t\t\t\t\t\t<\/div>\n\t\t\t\t\t<div class=\"edgtf-ig-image\">\n\t\t\t\t\t\t\t\t\t<a itemprop=\"image\" class=\"edgtf-ig-lightbox edgtf-block-drag-link\" href=\"https:\/\/wirtznv.com\/wp-content\/uploads\/2021\/04\/cobblestones.jpg\" data-rel=\"prettyPhoto[image_gallery_pretty_photo-204]\" title=\"cobblestones\">\n\t\t\t\t\t\t\t\t\t<img decoding=\"async\" width=\"900\" height=\"600\" data-src=\"https:\/\/wirtznv.com\/wp-content\/uploads\/2021\/04\/cobblestones.jpg\" class=\"attachment-full size-full lazyload\" alt=\"\" data-srcset=\"https:\/\/wirtznv.com\/wp-content\/uploads\/2021\/04\/cobblestones.jpg 900w, https:\/\/wirtznv.com\/wp-content\/uploads\/2021\/04\/cobblestones-300x200.jpg 300w, https:\/\/wirtznv.com\/wp-content\/uploads\/2021\/04\/cobblestones-768x512.jpg 768w\" data-sizes=\"(max-width: 900px) 100vw, 900px\" src=\"data:image\/svg+xml;base64,PHN2ZyB3aWR0aD0iMSIgaGVpZ2h0PSIxIiB4bWxucz0iaHR0cDovL3d3dy53My5vcmcvMjAwMC9zdmciPjwvc3ZnPg==\" style=\"--smush-placeholder-width: 900px; --smush-placeholder-aspect-ratio: 900\/600;\" \/>\t\t\t\t\t\t\t\t\t<\/a>\n\t\t\t\t\t\t\t<\/div>\n\t\t\t\t\t<div class=\"edgtf-ig-image\">\n\t\t\t\t\t\t\t\t\t<a itemprop=\"image\" class=\"edgtf-ig-lightbox edgtf-block-drag-link\" href=\"https:\/\/wirtznv.com\/wp-content\/uploads\/2021\/04\/brick-paver.jpg\" data-rel=\"prettyPhoto[image_gallery_pretty_photo-204]\" title=\"brick-paver\">\n\t\t\t\t\t\t\t\t\t<img decoding=\"async\" width=\"900\" height=\"600\" data-src=\"https:\/\/wirtznv.com\/wp-content\/uploads\/2021\/04\/brick-paver.jpg\" class=\"attachment-full size-full lazyload\" alt=\"\" data-srcset=\"https:\/\/wirtznv.com\/wp-content\/uploads\/2021\/04\/brick-paver.jpg 900w, https:\/\/wirtznv.com\/wp-content\/uploads\/2021\/04\/brick-paver-300x200.jpg 300w, https:\/\/wirtznv.com\/wp-content\/uploads\/2021\/04\/brick-paver-768x512.jpg 768w\" data-sizes=\"(max-width: 900px) 100vw, 900px\" src=\"data:image\/svg+xml;base64,PHN2ZyB3aWR0aD0iMSIgaGVpZ2h0PSIxIiB4bWxucz0iaHR0cDovL3d3dy53My5vcmcvMjAwMC9zdmciPjwvc3ZnPg==\" style=\"--smush-placeholder-width: 900px; --smush-placeholder-aspect-ratio: 900\/600;\" \/>\t\t\t\t\t\t\t\t\t<\/a>\n\t\t\t\t\t\t\t<\/div>\n\t\t\t\t\t<div class=\"edgtf-ig-image\">\n\t\t\t\t\t\t\t\t\t<a itemprop=\"image\" class=\"edgtf-ig-lightbox edgtf-block-drag-link\" href=\"https:\/\/wirtznv.com\/wp-content\/uploads\/2021\/04\/boxform-trees.jpg\" data-rel=\"prettyPhoto[image_gallery_pretty_photo-204]\" title=\"boxform-trees\">\n\t\t\t\t\t\t\t\t\t<img decoding=\"async\" width=\"900\" height=\"600\" data-src=\"https:\/\/wirtznv.com\/wp-content\/uploads\/2021\/04\/boxform-trees.jpg\" class=\"attachment-full size-full lazyload\" alt=\"\" data-srcset=\"https:\/\/wirtznv.com\/wp-content\/uploads\/2021\/04\/boxform-trees.jpg 900w, https:\/\/wirtznv.com\/wp-content\/uploads\/2021\/04\/boxform-trees-300x200.jpg 300w, https:\/\/wirtznv.com\/wp-content\/uploads\/2021\/04\/boxform-trees-768x512.jpg 768w\" data-sizes=\"(max-width: 900px) 100vw, 900px\" src=\"data:image\/svg+xml;base64,PHN2ZyB3aWR0aD0iMSIgaGVpZ2h0PSIxIiB4bWxucz0iaHR0cDovL3d3dy53My5vcmcvMjAwMC9zdmciPjwvc3ZnPg==\" style=\"--smush-placeholder-width: 900px; --smush-placeholder-aspect-ratio: 900\/600;\" \/>\t\t\t\t\t\t\t\t\t<\/a>\n\t\t\t\t\t\t\t<\/div>\n\t\t\t\t\t<div class=\"edgtf-ig-image\">\n\t\t\t\t\t\t\t\t\t<a itemprop=\"image\" class=\"edgtf-ig-lightbox edgtf-block-drag-link\" href=\"https:\/\/wirtznv.com\/wp-content\/uploads\/2021\/04\/bio-pool.jpg\" data-rel=\"prettyPhoto[image_gallery_pretty_photo-204]\" title=\"bio-pool\">\n\t\t\t\t\t\t\t\t\t<img decoding=\"async\" width=\"900\" height=\"600\" data-src=\"https:\/\/wirtznv.com\/wp-content\/uploads\/2021\/04\/bio-pool.jpg\" class=\"attachment-full size-full lazyload\" alt=\"\" data-srcset=\"https:\/\/wirtznv.com\/wp-content\/uploads\/2021\/04\/bio-pool.jpg 900w, https:\/\/wirtznv.com\/wp-content\/uploads\/2021\/04\/bio-pool-300x200.jpg 300w, https:\/\/wirtznv.com\/wp-content\/uploads\/2021\/04\/bio-pool-768x512.jpg 768w\" data-sizes=\"(max-width: 900px) 100vw, 900px\" src=\"data:image\/svg+xml;base64,PHN2ZyB3aWR0aD0iMSIgaGVpZ2h0PSIxIiB4bWxucz0iaHR0cDovL3d3dy53My5vcmcvMjAwMC9zdmciPjwvc3ZnPg==\" style=\"--smush-placeholder-width: 900px; --smush-placeholder-aspect-ratio: 900\/600;\" \/>\t\t\t\t\t\t\t\t\t<\/a>\n\t\t\t\t\t\t\t<\/div>\n\t\t\t<\/div>\n<\/div>[\/vc_column][\/vc_row]<\/p>\n<\/div>","protected":false},"excerpt":{"rendered":"<p>[vc_row css=&#8220;.vc_custom_1616406220785{padding-top: 50px !important;padding-bottom: 50px !important;}&#8220;][vc_column][vc_raw_html el_class=&#8220;breadcrumb&#8220;]JTVCd3BzZW9fYnJlYWRjcnVtYiU1RA==[\/vc_raw_html][\/vc_column][\/vc_row][vc_row gap=&#8220;35&#8243; equal_height=&#8220;yes&#8220;][vc_column width=&#8220;1\/12&#8243;][\/vc_column][vc_column width=&#8220;3\/12&#8243;][vc_column_text el_class=&#8220;seoh1&#8243;] Gartengestaltung [\/vc_column_text][\/vc_column][vc_column width=&#8220;7\/12&#8243; el_class=&#8220;lineleft&#8220;][vc_column_text]Von unserem Hauptsitz in Belgien aus hat sich der g\u00e4rtnerische Einfluss von Wirtz International auf die Gartengestaltung in Europa, Asien und die Vereinigten Staaten ausgewirkt. [&hellip;]<\/p>\n","protected":false},"author":1,"featured_media":0,"parent":0,"menu_order":3,"comment_status":"closed","ping_status":"closed","template":"","meta":{"_acf_changed":false,"footnotes":""},"categories":[],"tags":[],"class_list":["post-6071","page","type-page","status-publish","hentry"],"acf":[],"yoast_head":"<!-- This site is optimized with the Yoast SEO plugin v26.4 - https:\/\/yoast.com\/wordpress\/plugins\/seo\/ -->\n<title>Gartengestaltung | Wirtz International Landschaftsarchitekten<\/title>\n<meta name=\"description\" content=\"Wirtz ist eine internationale Autorit\u00e4t auf dem Gebiet der Gartengestaltung, mit einem Schwerpunkt auf ausgewogener Nachhaltigkeit.\" \/>\n<meta name=\"robots\" content=\"index, follow, max-snippet:-1, max-image-preview:large, max-video-preview:-1\" \/>\n<link rel=\"canonical\" href=\"https:\/\/wirtznv.com\/de\/design\/\" \/>\n<meta property=\"og:locale\" content=\"de_DE\" \/>\n<meta property=\"og:type\" content=\"article\" \/>\n<meta property=\"og:title\" content=\"Gartengestaltung | Wirtz International Landschaftsarchitekten\" \/>\n<meta property=\"og:description\" content=\"Wirtz ist eine internationale Autorit\u00e4t auf dem Gebiet der Gartengestaltung, mit einem Schwerpunkt auf ausgewogener Nachhaltigkeit.\" \/>\n<meta property=\"og:url\" content=\"https:\/\/wirtznv.com\/de\/design\/\" \/>\n<meta property=\"og:site_name\" content=\"Wirtz NV\" \/>\n<meta property=\"article:modified_time\" content=\"2023-06-07T12:48:14+00:00\" \/>\n<meta name=\"twitter:card\" content=\"summary_large_image\" \/>\n<meta name=\"twitter:label1\" content=\"Gesch\u00e4tzte Lesezeit\" \/>\n\t<meta name=\"twitter:data1\" content=\"2\u00a0Minuten\" \/>\n<script type=\"application\/ld+json\" class=\"yoast-schema-graph\">{\"@context\":\"https:\/\/schema.org\",\"@graph\":[{\"@type\":\"WebPage\",\"@id\":\"https:\/\/wirtznv.com\/de\/design\/\",\"url\":\"https:\/\/wirtznv.com\/de\/design\/\",\"name\":\"Gartengestaltung | Wirtz International Landschaftsarchitekten\",\"isPartOf\":{\"@id\":\"https:\/\/wirtznv.com\/de\/#website\"},\"datePublished\":\"2021-03-19T12:18:25+00:00\",\"dateModified\":\"2023-06-07T12:48:14+00:00\",\"description\":\"Wirtz ist eine internationale Autorit\u00e4t auf dem Gebiet der Gartengestaltung, mit einem Schwerpunkt auf ausgewogener Nachhaltigkeit.\",\"breadcrumb\":{\"@id\":\"https:\/\/wirtznv.com\/de\/design\/#breadcrumb\"},\"inLanguage\":\"de\",\"potentialAction\":[{\"@type\":\"ReadAction\",\"target\":[\"https:\/\/wirtznv.com\/de\/design\/\"]}]},{\"@type\":\"BreadcrumbList\",\"@id\":\"https:\/\/wirtznv.com\/de\/design\/#breadcrumb\",\"itemListElement\":[{\"@type\":\"ListItem\",\"position\":1,\"name\":\"Home\",\"item\":\"https:\/\/wirtznv.com\/de\/\"},{\"@type\":\"ListItem\",\"position\":2,\"name\":\"Design\"}]},{\"@type\":\"WebSite\",\"@id\":\"https:\/\/wirtznv.com\/de\/#website\",\"url\":\"https:\/\/wirtznv.com\/de\/\",\"name\":\"Wirtz NV\",\"description\":\"\",\"publisher\":{\"@id\":\"https:\/\/wirtznv.com\/de\/#organization\"},\"potentialAction\":[{\"@type\":\"SearchAction\",\"target\":{\"@type\":\"EntryPoint\",\"urlTemplate\":\"https:\/\/wirtznv.com\/de\/?s={search_term_string}\"},\"query-input\":{\"@type\":\"PropertyValueSpecification\",\"valueRequired\":true,\"valueName\":\"search_term_string\"}}],\"inLanguage\":\"de\"},{\"@type\":\"Organization\",\"@id\":\"https:\/\/wirtznv.com\/de\/#organization\",\"name\":\"Wirtz NV\",\"url\":\"https:\/\/wirtznv.com\/de\/\",\"logo\":{\"@type\":\"ImageObject\",\"inLanguage\":\"de\",\"@id\":\"https:\/\/wirtznv.com\/de\/#\/schema\/logo\/image\/\",\"url\":\"https:\/\/mk0wirtznvw3r6n59kw4.kinstacdn.com\/wp-content\/uploads\/2021\/03\/logo_header@2x-1.png\",\"contentUrl\":\"https:\/\/mk0wirtznvw3r6n59kw4.kinstacdn.com\/wp-content\/uploads\/2021\/03\/logo_header@2x-1.png\",\"width\":177,\"height\":161,\"caption\":\"Wirtz NV\"},\"image\":{\"@id\":\"https:\/\/wirtznv.com\/de\/#\/schema\/logo\/image\/\"}}]}<\/script>\n<!-- \/ Yoast SEO plugin. -->","yoast_head_json":{"title":"Gartengestaltung | Wirtz International Landschaftsarchitekten","description":"Wirtz ist eine internationale Autorit\u00e4t auf dem Gebiet der Gartengestaltung, mit einem Schwerpunkt auf ausgewogener Nachhaltigkeit.","robots":{"index":"index","follow":"follow","max-snippet":"max-snippet:-1","max-image-preview":"max-image-preview:large","max-video-preview":"max-video-preview:-1"},"canonical":"https:\/\/wirtznv.com\/de\/design\/","og_locale":"de_DE","og_type":"article","og_title":"Gartengestaltung | Wirtz International Landschaftsarchitekten","og_description":"Wirtz ist eine internationale Autorit\u00e4t auf dem Gebiet der Gartengestaltung, mit einem Schwerpunkt auf ausgewogener Nachhaltigkeit.","og_url":"https:\/\/wirtznv.com\/de\/design\/","og_site_name":"Wirtz NV","article_modified_time":"2023-06-07T12:48:14+00:00","twitter_card":"summary_large_image","twitter_misc":{"Gesch\u00e4tzte Lesezeit":"2\u00a0Minuten"},"schema":{"@context":"https:\/\/schema.org","@graph":[{"@type":"WebPage","@id":"https:\/\/wirtznv.com\/de\/design\/","url":"https:\/\/wirtznv.com\/de\/design\/","name":"Gartengestaltung | Wirtz International Landschaftsarchitekten","isPartOf":{"@id":"https:\/\/wirtznv.com\/de\/#website"},"datePublished":"2021-03-19T12:18:25+00:00","dateModified":"2023-06-07T12:48:14+00:00","description":"Wirtz ist eine internationale Autorit\u00e4t auf dem Gebiet der Gartengestaltung, mit einem Schwerpunkt auf ausgewogener Nachhaltigkeit.","breadcrumb":{"@id":"https:\/\/wirtznv.com\/de\/design\/#breadcrumb"},"inLanguage":"de","potentialAction":[{"@type":"ReadAction","target":["https:\/\/wirtznv.com\/de\/design\/"]}]},{"@type":"BreadcrumbList","@id":"https:\/\/wirtznv.com\/de\/design\/#breadcrumb","itemListElement":[{"@type":"ListItem","position":1,"name":"Home","item":"https:\/\/wirtznv.com\/de\/"},{"@type":"ListItem","position":2,"name":"Design"}]},{"@type":"WebSite","@id":"https:\/\/wirtznv.com\/de\/#website","url":"https:\/\/wirtznv.com\/de\/","name":"Wirtz NV","description":"","publisher":{"@id":"https:\/\/wirtznv.com\/de\/#organization"},"potentialAction":[{"@type":"SearchAction","target":{"@type":"EntryPoint","urlTemplate":"https:\/\/wirtznv.com\/de\/?s={search_term_string}"},"query-input":{"@type":"PropertyValueSpecification","valueRequired":true,"valueName":"search_term_string"}}],"inLanguage":"de"},{"@type":"Organization","@id":"https:\/\/wirtznv.com\/de\/#organization","name":"Wirtz NV","url":"https:\/\/wirtznv.com\/de\/","logo":{"@type":"ImageObject","inLanguage":"de","@id":"https:\/\/wirtznv.com\/de\/#\/schema\/logo\/image\/","url":"https:\/\/mk0wirtznvw3r6n59kw4.kinstacdn.com\/wp-content\/uploads\/2021\/03\/logo_header@2x-1.png","contentUrl":"https:\/\/mk0wirtznvw3r6n59kw4.kinstacdn.com\/wp-content\/uploads\/2021\/03\/logo_header@2x-1.png","width":177,"height":161,"caption":"Wirtz NV"},"image":{"@id":"https:\/\/wirtznv.com\/de\/#\/schema\/logo\/image\/"}}]}},"_links":{"self":[{"href":"https:\/\/wirtznv.com\/de\/wp-json\/wp\/v2\/pages\/6071","targetHints":{"allow":["GET"]}}],"collection":[{"href":"https:\/\/wirtznv.com\/de\/wp-json\/wp\/v2\/pages"}],"about":[{"href":"https:\/\/wirtznv.com\/de\/wp-json\/wp\/v2\/types\/page"}],"author":[{"embeddable":true,"href":"https:\/\/wirtznv.com\/de\/wp-json\/wp\/v2\/users\/1"}],"replies":[{"embeddable":true,"href":"https:\/\/wirtznv.com\/de\/wp-json\/wp\/v2\/comments?post=6071"}],"version-history":[{"count":0,"href":"https:\/\/wirtznv.com\/de\/wp-json\/wp\/v2\/pages\/6071\/revisions"}],"wp:attachment":[{"href":"https:\/\/wirtznv.com\/de\/wp-json\/wp\/v2\/media?parent=6071"}],"wp:term":[{"taxonomy":"category","embeddable":true,"href":"https:\/\/wirtznv.com\/de\/wp-json\/wp\/v2\/categories?post=6071"},{"taxonomy":"post_tag","embeddable":true,"href":"https:\/\/wirtznv.com\/de\/wp-json\/wp\/v2\/tags?post=6071"}],"curies":[{"name":"wp","href":"https:\/\/api.w.org\/{rel}","templated":true}]}}